{"id":13,"date":"2016-02-25T11:23:04","date_gmt":"2016-02-25T10:23:04","guid":{"rendered":"https:\/\/www.visitcampnou.com\/?page_id=13"},"modified":"2025-10-12T19:19:22","modified_gmt":"2025-10-12T17:19:22","slug":"hotels","status":"publish","type":"page","link":"https:\/\/www.visitcampnou.com\/de\/hotels\/","title":{"rendered":"Die 10 besten Hotels in der N\u00e4he des Camp Nou"},"content":{"rendered":"\n<p class=\"lead\">Wenn Sie Ihren ganzen Trip nach Barcelona nach einem Spiel ausgelegt haben oder der Chance, das Stadion zu erkunden, dann m\u00f6chten Sie sicher in einem der Hotels in der N\u00e4he des Camp Nou \u00fcbernachten.<\/p>\n\n\n\n<p>In der N\u00e4he des Stadions gibt es viele Angebote, exklusive Angebote mit Dachterrassenbars und Swimmingpools oder aber auch die bugdetfreundlicheren, die den Geldbeutel nicht zu sehr \u00fcberstrapazieren. Folgend sehen Sie die 10 besten Hotels in der N\u00e4he des des Camp Nou Stadions in Barcelona.<\/p>\n\n\n\n<h3 class=\"wp-block-heading\">1. NH Barcelona Stadium<\/h3>\n\n\n\n<p>Dieses Hotel wurde nach dem Stadion benannt, worauf sich gleich schlie\u00dfen l\u00e4sst, dass es auf das Fu\u00dfballliebhabenden Klientel ausgerichtet ist. Diese Unterkunft \u00fcberblickt quasi das Stadion und bietet zudem noch eine atemberaubende Dachterrasse mit Pool und einer tollen Aussicht auf die Stadt. Des Weiteren verf\u00fcgt es \u00fcber WiFi, ein Fitnessstudio, ein luxuri\u00f6ses Kissenmen\u00fc (Ja, ein Kissenmen\u00fc \u2013 Sie k\u00f6nnen sich ein Kissen Ihrer Wahl aussuchen) und eine Sonnenterrasse, die in Richtung der gr\u00fcnen H\u00fcgel des Montjuic gerichtet ist.<\/p>\n\n\n\n<h3 class=\"wp-block-heading\">2. Hotel Alguer Camp Nou<\/h3>\n\n\n\n<p>Dieses Hotel ist eine super Wahl, da es nur 550m vom Camp Nou entfernt liegt \u2013 mal ehrlich, geht es noch n\u00e4her? Es ist ein Familienbetriebenes Hotel mit gem\u00fctlicher Atmosph\u00e4re, das einfache, aber komfortable Zimmer f\u00fcr Fu\u00dfballfans anbietet und all denen, die die kulturellen Angebote rund um die Avenida Diagonal nutzen wollen. Die Zimmer erstrahlen im typisch spanischen Stil mit gefliesten B\u00f6den und gedeckten Farben.<\/p>\n\n\n\n<h3 class=\"wp-block-heading\">3. Hotel Catalonia Rigoletto<\/h3>\n\n\n\n<p>Die moderne und luxuri\u00f6se Einrichtung des Hotel Catalonia Rigoletto ist ideal f\u00fcr anspruchsvolle Reisende, die ein bisschen mehr erleben wollen, als nur die schreienden Mengen im Fu\u00dfball Stadion. 500m vom Stadion entfernt gelegen, bietet es einen luxuri\u00f6sen Au\u00dfenpool, freies WiFi sowie spektakul\u00e4re gro\u00dfe R\u00e4ume, verkleidet mit dunklem Holz, angenehmer Ambiente-Beleuchtung und warmen Farben. Das vor Ort gelegene La Traviata Restaurant zieht ebenfalls gro\u00dfe Mengen an mit seinem Fr\u00fchst\u00fccksbuffet und den Mediterranen Abendessen.<\/p>\n\n\n\n<h3 class=\"wp-block-heading\">4. Hotel Princesa Sofia<\/h3>\n\n\n\n<p>Die eleganten Zimmer dieses 4-Sterne Hotels sind die perfekte Entfernung zum Spielfeld. Ca. 8 Minuten zu Fu\u00df vom Stadion entfernt gelegen, ist dies der optimale Platz, um ein Spiel zu besuchen, aber um auch am gesch\u00e4ftigen Treiben der Stadt teilhaben zu k\u00f6nnen. Die R\u00e4ume sind in einem eleganten, aber einfachen Stil gehalten, komplementiert wird das ganze durch ein Kissenmen\u00fc und bewundernswert exklusive Badezimmer. Das Hoteleigene Restaurant bietet sowohl Buffets als auch \u201eA La Carte Men\u00fcs\u201c an, w\u00e4hrend der Bayerische Biergarten drau\u00dfen auf der Terrasse im Sommer eine Auswahl an deutschen Gerichten serviert.<\/p>\n\n\n\n<h3 class=\"wp-block-heading\">5. Senator Barcelona Spa Hotel<\/h3>\n\n\n\n<p>Ein anderes Hotel, ebenfalls 500m vom Camp Nou entfernt gelegen, ist das Senator Barcelona Spa Hotel. Ein 4-Sterne Hotel mit stylischen Zimmern und einem Dachterrassenpool, der die Stadt \u00fcberblickt. Im Hoteleigenen Spabereich gibt es zahlreiche Angebote wie ein T\u00fcrkisches Bad, R\u00f6misches Bad, Eish\u00f6hlen, Warmwasserbecken, eine Saune und eine Vielzahl an verschiedenen Massagen und Sch\u00f6nheitsbehandlungen. Auftanken k\u00f6nnen Sie am reichlichen Fr\u00fchst\u00fccksb\u00fcffet des Hotels, bevor Sie sich auf den Weg machen, das Camp Nou zu erkunden.<\/p>\n\n\n\n<h3 class=\"wp-block-heading\">6. Madanis Hotel<\/h3>\n\n\n\n<p>Dunkles Holz und gedeckte Farbe bezeichnen dieses relative neue Hotel. 2007 er\u00f6ffnet, legt das Hotel seinen Fokus auf innovatives und modernes Design und \u00fcberblickt das Spielfeld des Camp Nou. Das 4-Sterne Hotel, mit seinen neutralen Zimmern und dem schicken Caf\u00e9, bietet einen kleinen Erholungsort f\u00fcr Ihren Aufenthalt in Barcelona, in dem Sie einen Drink genie\u00dfen k\u00f6nnen w\u00e4hrend Sie \u00fcber die Stadt blicken.<\/p>\n\n\n\n<h3 class=\"wp-block-heading\">7. Hotel Rey Juan Carlos<\/h3>\n\n\n\n<p>Wenn Sie sich wirklich etwas g\u00f6nnen wollen, dann checken Sie ein im Hotel Rey Juan Carlos Business and City Resort, welches von 25 Hektar \u00fcppigen und gepflegten G\u00e4rten umgeben ist. 15 Gehminuten vom Camp Nou entfernt bekommen Sie hier das Beste aus beiden Welten, dank seines ausgezeichneten Spa Bereichs und der gro\u00dfen zeitgen\u00f6ssischen Zimmer. Auch ein Mediterranes Restaurant gibt es vor Ort und Sie k\u00f6nnen die Terrasse mit Pool genie\u00dfen, sowie die moderne Lobby Bar, in der regelm\u00e4\u00dfig Live-Bands spielen.<\/p>\n\n\n\n<h3 class=\"wp-block-heading\">8. Aparthotel Atenea Barcelona<\/h3>\n\n\n\n<p>Dieses einzigartige Aparthotel befindet sich direkt an der Avenida Diagonal und liegt somit nur 10 Gehminuten vom Stadion entfernt. Hier finden Sie toll eingerichtete Zimmer mit freiem WiFi und eigenem K\u00fcchenbereich, so dass Sie einen entspannten Abend genie\u00dfen k\u00f6nnen, nachdem Sie den Tag \u00fcber die Stadt erkundet haben. Wenn Sie keine Lust haben zu kochen, k\u00f6nnen Sie nat\u00fcrlich ins Hotel Restaurant gehen, welches im B\u00fcffet\u00e4hnlichen Stil gesunde, herzhafte Gerichte serviert.<\/p>\n\n\n\n<h3 class=\"wp-block-heading\">9. NH Collection Barcelona Constanza<\/h3>\n\n\n\n<p>Diese helle und anmutige Hotel bietet eine Dachterrasse mit Pool und stylischen gro\u00dfen R\u00e4umen, die spektakul\u00e4re Blicke \u00fcber die Stadt bieten. Es befindet sich in der N\u00e4he eines gro\u00dfen Shoppingcenters auf der Avenida Diagonal und nur 15 Minuten entfernt von Barcelonas zentraler Zughaltestelle \u201eSants\u201c. Es gibt einen Hoteleigenen Spa- und Fitnessbereich, sowie ein gesundes Fr\u00fchst\u00fccksb\u00fcffet (frische und antioxidantische Gerichte). Das italienische Restaurant wird vom preisgekr\u00f6nten \u201eChef\u201c, Andrea Tumbardeloo gef\u00fchrt, und die Diego Cabrerar Cocktail Bar serviert eine einzigartige Auswahl an k\u00f6stlichen Eigenkreationen.<\/p>\n\n\n\n<h3 class=\"wp-block-heading\">10. Hotel Upper Diagonal<\/h3>\n\n\n\n<p>Das Hotel Upper Diagonal bietet erstklassige Zimmer, die in gedeckten Farbt\u00f6nen gehalten sind und eine moderne und stylische Einrichtung haben. Gelegen an der Avenida Diagonal, ist es weniger als einen Kilometer vom Camp Nou entfernt. Mit seinem Fitnessstudio und der komfortablen Lounge Bar ist es optimal, um sich nach einem langen Erkundungstag zur\u00fcckzulehnen und zu entspannen.<\/p>\n\n\n\n<p>Rund um das Camp Nou ist eine Vielzahl an Hotels gelegen, wodurch Sie das Stadion entspannt zu Fu\u00df erreichen k\u00f6nnen, aber auch \u00fcber eine gute \u00f6ffentliche Verkehrsanbindung in das Herz der Stadt verf\u00fcgen.<\/p>\n","protected":false},"excerpt":{"rendered":"","protected":false},"author":2,"featured_media":0,"parent":0,"menu_order":7,"comment_status":"closed","ping_status":"closed","template":"","meta":{"_acf_changed":false,"footnotes":"","button_url":"https:\/\/www.tiqets.com\/de\/fc-barcelona-immersive-tour-museum-tickets-l224102\/?partner=visitcampnou","ms_product_id":"","ms_product_name":"","ms_price":"","ms_currency":"","ms_rating_value":"","ms_review_count":"","rank_math_title":"10 beste Hotels in der N\u00e4he des Camp Nou (mit Bildern)","rank_math_description":"Liste mit 10 Hotels in der N\u00e4he des Camp Nou in Barcelona, alle fu\u00dfl\u00e4ufig vom Stadion entfernt und mit guter Anbindung an das Stadtzentrum."},"post-style":[],"producer":[],"class_list":["post-13","page","type-page","status-publish","has-post-thumbnail"],"acf":[],"product_schema":{"ms_product_id":"","ms_product_name":"","ms_price":"","ms_currency":"","ms_rating_value":"","ms_review_count":""},"_links":{"self":[{"href":"https:\/\/www.visitcampnou.com\/de\/wp-json\/wp\/v2\/pages\/13","targetHints":{"allow":["GET"]}}],"collection":[{"href":"https:\/\/www.visitcampnou.com\/de\/wp-json\/wp\/v2\/pages"}],"about":[{"href":"https:\/\/www.visitcampnou.com\/de\/wp-json\/wp\/v2\/types\/page"}],"author":[{"embeddable":true,"href":"https:\/\/www.visitcampnou.com\/de\/wp-json\/wp\/v2\/users\/2"}],"replies":[{"embeddable":true,"href":"https:\/\/www.visitcampnou.com\/de\/wp-json\/wp\/v2\/comments?post=13"}],"version-history":[{"count":2,"href":"https:\/\/www.visitcampnou.com\/de\/wp-json\/wp\/v2\/pages\/13\/revisions"}],"predecessor-version":[{"id":884,"href":"https:\/\/www.visitcampnou.com\/de\/wp-json\/wp\/v2\/pages\/13\/revisions\/884"}],"wp:attachment":[{"href":"https:\/\/www.visitcampnou.com\/de\/wp-json\/wp\/v2\/media?parent=13"}],"wp:term":[{"taxonomy":"post-style","embeddable":true,"href":"https:\/\/www.visitcampnou.com\/de\/wp-json\/wp\/v2\/post-style?post=13"},{"taxonomy":"producer","embeddable":true,"href":"https:\/\/www.visitcampnou.com\/de\/wp-json\/wp\/v2\/producer?post=13"}],"curies":[{"name":"wp","href":"https:\/\/api.w.org\/{rel}","templated":true}]}}