{"id":16,"date":"2016-02-25T11:58:35","date_gmt":"2016-02-25T10:58:35","guid":{"rendered":"https:\/\/www.visitcampnou.com\/?page_id=16"},"modified":"2025-10-12T19:17:53","modified_gmt":"2025-10-12T17:17:53","slug":"adresse","status":"publish","type":"page","link":"https:\/\/www.visitcampnou.com\/de\/adresse\/","title":{"rendered":"Adresse und Karte des Camp Nou"},"content":{"rendered":"\n<h2 class=\"wp-block-heading\">Wo in Barcelona befindet sich das Camp Nou?<\/h2>\n\n\n\n<p>Das Camp Nou befindet sich ca. 5 Kilometer in \u00f6stlicher Richtung vom Stadtzentrum von Barcelona entfernt. Obwohl es nicht sehr zentral gelegen ist, ist es doch dank des effizienten \u00f6ffentlichen Nahverkehrsmittelnetzes der Stadt, relativ leicht zu erreichen. Es gibt mehrere M\u00f6glichkeiten um das Stadion zu erreichen. Weiter unten finden Sie mehr Informationen dazu.<\/p>\n\n\n\n<p>Das Stadion selber ist Teil des Sportkomplexes mit Barcelonas Mini \u201cEstadi\u201d.<\/p>\n\n\n\n<h2 class=\"wp-block-heading\">Camp Nou Karte und Adresse<\/h2>\n\n\n\n<address class=\"wp-block-ms-blocks-staticmap ms-mapblock ms-mb-block\"><h4>Spotify Camp Nou<\/h4><p class=\"ms-mb-0\"><img decoding=\"async\" class=\"ms-mapblock__map ms-rounded\" src=\"https:\/\/www.visitcampnou.com\/de\/wp-content\/uploads\/sites\/7\/maps\/staticmap_41.380896_2.1228198_14_600x400.png\" alt=\"Map of Spotify Camp Nou\"\/><\/p><p class=\"ms-text-sm ms-text-muted\">Les Corts, 08028 Barcelona, Spain \u00b7 <a rel=\"nofollow noopener\" target=\"_blank\" href=\"https:\/\/maps.google.com\/?q=41.380896,2.1228198\">Google Maps<\/a><\/p><\/address>\n\n\n\n<h2 class=\"wp-block-heading\">Camp Nou \u00d6ffnungszeiten<\/h2>\n\n\n<div class=\"ms-table\"><table><tr><th>Zeitraum<\/th><th>Tage<\/th><th>\u00d6ffnungszeiten<\/th><\/tr><tr><td>2. Jan \u2013 25. Feb<\/td><td>Montag \u2013 Sonntag<\/td><td>10:00 \u2013 18:00<\/td><\/tr><tr><td>26. Feb \u2013 27. M\u00e4r<\/td><td>Montag \u2013 Sonntag<\/td><td>10:00 \u2013 19:00<\/td><\/tr><tr><td>28. M\u00e4r \u2013 18. Okt<\/td><td>Montag \u2013 Sonntag<\/td><td>9:30 \u2013 19:00<\/td><\/tr><tr><td>19. Okt \u2013 31. Dez<\/td><td>Montag \u2013 Sonntag<\/td><td>10:00 \u2013 18:00<\/td><\/tr><tr><td>25. Dez &#038; 1. Jan<\/td><td><\/td><td>Geschlossen<\/td><\/tr><\/table><\/div>\n\n\n<h2 class=\"wp-block-heading\">Wie man zum Camp Nou gelangt<\/h2>\n\n\n\n<p>Spotify Camp Nou ist derzeit wegen Renovierungsarbeiten geschlossen. W\u00e4hrend das Stadion umgebaut wird, k\u00f6nnen Sie weiterhin die Bar\u00e7a Immersive Tour und das neue Bar\u00e7a-Museum besuchen, einschlie\u00dflich des Aussichtspunkts \u201eConstruction Viewpoint\u201c.<\/p>\n\n\n\n<h3 class=\"wp-block-heading\"><strong>\ud83d\ude87 Mit der Metro<\/strong><\/h3>\n\n\n\n<p>Die Metro ist die einfachste M\u00f6glichkeit, um zum Stadion zu gelangen. Es gibt mehrere Stationen in der N\u00e4he, die jeweils etwa 10 Gehminuten vom Camp Nou entfernt sind:<\/p>\n\n\n\n<ul class=\"wp-block-list\">\n<li><strong>Linie 3 (gr\u00fcne Linie):<\/strong> Palau Reial, Les Corts<\/li>\n\n\n\n<li><strong>Linie 5 (blaue Linie):<\/strong> Collblanc, Badal<\/li>\n<\/ul>\n\n\n\n<p><strong>Wegbeschreibung von den einzelnen Stationen:<\/strong><\/p>\n\n\n\n<ul class=\"wp-block-list\">\n<li><strong>Palau Reial:<\/strong> Verlassen Sie die Station, biegen Sie links ab und gehen Sie die Carrer de Mart\u00ed i Franqu\u00e8s entlang. Das Stadion befindet sich am Ende der Stra\u00dfe.<\/li>\n\n\n\n<li><strong>Les Corts:<\/strong> Verlassen Sie die Station, biegen Sie links ab und gehen Sie die Travessera de les Corts entlang. Das Stadion befindet sich auf der rechten Seite.<\/li>\n\n\n\n<li><strong>Collblanc:<\/strong> Verlassen Sie die Station, biegen Sie rechts ab und gehen Sie die Carrer de Sants entlang. Biegen Sie links in die Carrer de la Riera Blanca ein, die in die Carrer d\u2019Ar\u00edstides Maillol \u00fcbergeht.<\/li>\n\n\n\n<li><strong>Badal:<\/strong> Verlassen Sie die Station, biegen Sie links ab und gehen Sie die Carrer de Portbou entlang. Biegen Sie links in die Avenida de Madrid und dann rechts in die Carrer de Benavent ein. Das Stadion befindet sich am Ende der Stra\u00dfe.<\/li>\n<\/ul>\n\n\n\n<p><strong>Die n\u00e4chstgelegenen U-Bahn-Stationen zu den einzelnen Zugangstoren:<\/strong><\/p>\n\n\n\n<ul class=\"wp-block-list\">\n<li><strong>Zug\u00e4nge 1\u201310:<\/strong> Palau Reial<\/li>\n\n\n\n<li><strong>Zug\u00e4nge 11\u201316:<\/strong> Collblanc<\/li>\n\n\n\n<li><strong>Zug\u00e4nge 17 und 19:<\/strong> Badal<\/li>\n\n\n\n<li><strong>Zug\u00e4nge 19\u201321:<\/strong> Les Corts<\/li>\n<\/ul>\n\n\n\n<p>An Spieltagen f\u00e4hrt die U-Bahn an Wochentagen bis Mitternacht und samstags die ganze Nacht durch. Rechnen Sie w\u00e4hrend der Spiele mit erh\u00f6htem Verkehrsaufkommen.<\/p>\n\n\n\n<h3 class=\"wp-block-heading\"><strong>\ud83d\ude8c Mit dem Bus<\/strong><\/h3>\n\n\n\n<p>Mehrere Buslinien halten in der N\u00e4he des Stadions:<\/p>\n\n\n\n<ul class=\"wp-block-list\">\n<li><strong>Linien 7, 15, 33, 43, 56, 63, 67, 68, 70, 72, 74, 75, 78, 113, 153, 157, 158, 167<\/strong><\/li>\n<\/ul>\n\n\n\n<p>Die n\u00e4chstgelegenen Haltestellen:<\/p>\n\n\n\n<ul class=\"wp-block-list\">\n<li><strong>Linie 75:<\/strong> Steigen Sie an der Haltestelle \u201eEstadi del Futbol Club Barcelona\u201d aus.<\/li>\n\n\n\n<li><strong>Linie L12:<\/strong> Steigen Sie an der Haltestelle \u201eEstadi del Futbol Club Barcelona\u201d aus.<\/li>\n\n\n\n<li><strong>Linie H8:<\/strong> Steigen Sie an der Haltestelle \u201eLes Corts-Arizala\u201d aus.<\/li>\n<\/ul>\n\n\n\n<p>Viele Touristenbusse halten ebenfalls am Stadion, sodass Sie den ganzen Tag \u00fcber ein- und aussteigen k\u00f6nnen.<\/p>\n\n\n\n<h3 class=\"wp-block-heading\"><strong>\ud83d\ude8b Mit der Stra\u00dfenbahn<\/strong><\/h3>\n\n\n\n<p>Es gibt mehrere Stra\u00dfenbahnhaltestellen rund um das Camp Nou, die jeweils etwa 10 Gehminuten vom Stadion entfernt sind:<\/p>\n\n\n\n<ul class=\"wp-block-list\">\n<li><strong>Linien T1, T2, T3:<\/strong> Maria Cristina, Pius XII, Palau Reial, Universitaria, Avinguda de Xile, Sant Ramon<\/li>\n<\/ul>\n\n\n\n<h3 class=\"wp-block-heading\"><strong>\ud83d\ude97 Mit dem Auto<\/strong><\/h3>\n\n\n\n<p>Wenn Sie von der Ronda de Dalt (der Autobahn, die in die Stadt f\u00fchrt) kommen, nehmen Sie die Ausfahrt 11 entlang der Avenida Diagonal. Halten Sie sich rechts von den Stra\u00dfenbahnschienen, bevor Sie in die Calle de Sabino Arana einbiegen, die zum Stadion ausgeschildert ist. Folgen Sie der Stra\u00dfe nach links und biegen Sie dann rechts in die Gran Via de Carles III ein, bevor Sie erneut rechts in die Travessera de les Corts einbiegen. Das Stadion befindet sich kurz darauf auf der rechten Seite.<\/p>\n\n\n\n<h2 class=\"wp-block-heading\">Parken in der N\u00e4he des Stadions<\/h2>\n\n\n\n<p>Aufgrund von Bauarbeiten sind die Parkm\u00f6glichkeiten am Stadion begrenzt. W\u00e4hrend der \u00d6ffnungszeiten der Bar\u00e7a Immersive Tour k\u00f6nnen Sie kostenlos parken, indem Sie den Zugang 14 in der Carrer d&#8217;Ar\u00edstides Maillol nutzen. An Spieltagen ist der Parkplatz bis 4 Stunden vor Spielbeginn ge\u00f6ffnet.<\/p>\n\n\n\n<p>Alternativ k\u00f6nnen Sie auf der Avenida Diagonal in der N\u00e4he der Universit\u00e4t parken.<\/p>\n\n\n\n<h2 class=\"wp-block-heading\">Barrierefreiheit<\/h2>\n\n\n\n<p>Die Bar\u00e7a Immersive Tour ist f\u00fcr Menschen mit eingeschr\u00e4nkter Mobilit\u00e4t oder Rollstuhlfahrer vollst\u00e4ndig zug\u00e4nglich. Der Eingang ist eben und ohne Schwierigkeiten zug\u00e4nglich.<\/p>\n\n\n\n<p>Es gibt einen kostenlosen Verleihservice f\u00fcr Rollst\u00fchle, der am Informationsschalter am Eingang angefordert werden kann. Die behindertengerechten Toiletten sind ausschlie\u00dflich f\u00fcr Menschen mit eingeschr\u00e4nkter Mobilit\u00e4t vorgesehen.<\/p>\n","protected":false},"excerpt":{"rendered":"","protected":false},"author":2,"featured_media":0,"parent":0,"menu_order":8,"comment_status":"closed","ping_status":"closed","template":"","meta":{"_acf_changed":false,"footnotes":""},"post-style":[],"producer":[],"class_list":["post-16","page","type-page","status-publish"],"acf":[],"_links":{"self":[{"href":"https:\/\/www.visitcampnou.com\/de\/wp-json\/wp\/v2\/pages\/16","targetHints":{"allow":["GET"]}}],"collection":[{"href":"https:\/\/www.visitcampnou.com\/de\/wp-json\/wp\/v2\/pages"}],"about":[{"href":"https:\/\/www.visitcampnou.com\/de\/wp-json\/wp\/v2\/types\/page"}],"author":[{"embeddable":true,"href":"https:\/\/www.visitcampnou.com\/de\/wp-json\/wp\/v2\/users\/2"}],"replies":[{"embeddable":true,"href":"https:\/\/www.visitcampnou.com\/de\/wp-json\/wp\/v2\/comments?post=16"}],"version-history":[{"count":3,"href":"https:\/\/www.visitcampnou.com\/de\/wp-json\/wp\/v2\/pages\/16\/revisions"}],"predecessor-version":[{"id":883,"href":"https:\/\/www.visitcampnou.com\/de\/wp-json\/wp\/v2\/pages\/16\/revisions\/883"}],"wp:attachment":[{"href":"https:\/\/www.visitcampnou.com\/de\/wp-json\/wp\/v2\/media?parent=16"}],"wp:term":[{"taxonomy":"post-style","embeddable":true,"href":"https:\/\/www.visitcampnou.com\/de\/wp-json\/wp\/v2\/post-style?post=16"},{"taxonomy":"producer","embeddable":true,"href":"https:\/\/www.visitcampnou.com\/de\/wp-json\/wp\/v2\/producer?post=16"}],"curies":[{"name":"wp","href":"https:\/\/api.w.org\/{rel}","templated":true}]}}