{"id":614,"date":"2016-02-25T10:39:26","date_gmt":"2016-02-25T09:39:26","guid":{"rendered":"https:\/\/www.visitcampnou.com\/?page_id=11"},"modified":"2025-10-12T19:02:36","modified_gmt":"2025-10-12T17:02:36","slug":"shop","status":"publish","type":"page","link":"https:\/\/www.visitcampnou.com\/de\/shop\/","title":{"rendered":"FC Barcelona Shop im Camp Nou"},"content":{"rendered":"\n<p><a href=\"#visit\"><u>Planen Sie Ihren Besuch<\/u><\/a> \u2013 <a href=\"#buy\"><u>Was Sie kaufen k\u00f6nnen<\/u><\/a> \u2013 <a href=\"#personalize\"><u>Personalisieren Sie Ihren Einkauf<\/u><\/a><\/p>\n\n\n\n<hr class=\"wp-block-separator has-alpha-channel-opacity\"\/>\n\n\n\n<p class=\"lead\">Der FC Barcelona Shop ist einer der hei\u00df erwarteten Stopps der Camp Nou Tour, da er den Besuchern die M\u00f6glichkeit gibt, ihr eigenes Barcelona Outfit zu kreieren und einige Souvenirs mitzunehmen.<\/p>\n\n\n\n<figure><div class=\"ms-credits\">\n<img decoding=\"async\" class=\"gb-media-d1c515b4\" src=\"https:\/\/www.visitcampnou.com\/wp-content\/uploads\/fc-barcelona-shop-1744000961.jpg\" alt=\"FC Barcelona Shop at Camp Nou\" title=\"fc-barcelona-shop\"\/>\n<span class='ms-credits__info' id='media766'><svg xmlns=\"http:\/\/www.w3.org\/2000\/svg\" width=\"20\" height=\"22\" fill=\"#000000\" viewBox=\"0 0 256 256\"><path d=\"M128,24A104,104,0,1,0,232,128,104.11,104.11,0,0,0,128,24Zm0,192a88,88,0,1,1,88-88A88.1,88.1,0,0,1,128,216ZM96,128a32,32,0,0,0,57.6,19.2,8,8,0,0,1,12.8,9.61,48,48,0,1,1,0-57.62,8,8,0,0,1-12.8,9.61A32,32,0,0,0,96,128Z\"><\/path><\/svg>gerasimov\/<a href=https:\/\/depositphotos.com\/editorial\/fc-barcelona-official-megastore-in-camp-nou-studium-spain-178487898.html rel='nofollow' target='_blank'>Depositphotos<\/a><\/span><span class='ms-credits__btn' id='btn_media766' onclick='ms_credits_trigger(\"#media766\", this)'><svg xmlns=\"http:\/\/www.w3.org\/2000\/svg\" class=\"info_icon\" width=\"28\" height=\"28\" fill=\"#FFF\" viewBox=\"0 0 256 256\"><path d=\"M128,24A104,104,0,1,0,232,128,104.11,104.11,0,0,0,128,24Zm0,192a88,88,0,1,1,88-88A88.1,88.1,0,0,1,128,216Zm16-40a8,8,0,0,1-8,8,16,16,0,0,1-16-16V128a8,8,0,0,1,0-16,16,16,0,0,1,16,16v40A8,8,0,0,1,144,176ZM112,84a12,12,0,1,1,12,12A12,12,0,0,1,112,84Z\"><\/path><\/svg><svg xmlns=\"http:\/\/www.w3.org\/2000\/svg\" class=\"close_icon\" width=\"28\" height=\"28\" fill=\"#FFF\" viewBox=\"0 0 256 256\"><path d=\"M165.66,101.66,139.31,128l26.35,26.34a8,8,0,0,1-11.32,11.32L128,139.31l-26.34,26.35a8,8,0,0,1-11.32-11.32L116.69,128,90.34,101.66a8,8,0,0,1,11.32-11.32L128,116.69l26.34-26.35a8,8,0,0,1,11.32,11.32ZM232,128A104,104,0,1,1,128,24,104.11,104.11,0,0,1,232,128Zm-16,0a88,88,0,1,0-88,88A88.1,88.1,0,0,0,216,128Z\"><\/path><\/svg><\/span><\/div>\n\n\n<figcaption class=\"gb-text\">FC Barcelona Shop im Camp Nou<\/figcaption>\n<\/figure>\n\n\n\n<p>Der Shop, im Herzen des Stadiums gelegen, erstreckt sich \u00fcber drei Stockwerke, die mit farbenfrohen Trikots, Souvenirs und Geschenken f\u00fcr die Familie ausgestattet sind. Ein Erlebnis, das kein Fan verpassen darf. Obwohl es einige Franchise Shops in der Stadt gibt, ist der FC Barcelona Shop im Stadium bei Weitem der gr\u00f6\u00dfte und Beste, bietet er doch eine gro\u00dfe Auswahl an personalisierten Services an, die ihre Freunde zu Hause vor Neid erblassen werden lassen.<\/p>\n\n\n\n<p>Vom Shop aus kann man ganz leicht das Museum, das direkt vor Ort ist, erreichen und dieser Shop ist der Traum eines jeden Sportliebhabers mit seiner sorgf\u00e4ltigen Auswahl an Trikots, Accessoires und Geschenken. Sie k\u00f6nnen sowohl die Heim- und Ausw\u00e4rtstrikots des FC Barcelona kaufen, wie auch Ausstattungen anderer lokaler Sportarten und eine gro\u00dfe Auswahl an hei\u00df begehrten Nike Produkten bewundern.<\/p>\n\n\n\n<p>Vielleicht das Beste an diesem Shop ist sein interaktiver Charakter, der Fans und Besucher f\u00fcr Stunden in seinen Bann schl\u00e4gt. Das innovative Design birgt tausende von kleinen Eigenheiten und exklusiven Angeboten, die diese Erfahrung f\u00fcr jeden Einzelnen ganz speziell machen. Egal ob Sie ihre Nike Produkte individualisieren lassen wollen, ihren Namen auf ein Barcelona Trikot drucken lassen oder ihr neues Paar Schuhe mit verr\u00fcckten Schn\u00fcrsenkeln aufpeppen, der Shop bietet Ihnen alles.<\/p>\n\n\n\n<p>Aber es geht nicht nur um Ausr\u00fcstung und Bekleidung. In der Tat, wenn Sie Fu\u00dfballer sind, geht dieser Shop sogar noch einen Schritt weiter und zwar als der Fu\u00dfballtrainingsmittelpunkt in Barcelona und als Heimat einer Handvoll von Experten, die nur darauf warten Ihnen Tipps zu geben, um Ihre Fu\u00dfballk\u00fcnste zu verfeinern, egal welchen Alters Sie sind oder welch erfahrener Fu\u00dfballer.<\/p>\n\n\n\n<h2 class=\"wp-block-heading\" id=\"visit\"><strong>Planen Sie Ihren Besuch<\/strong><\/h2>\n\n\n\n<h2 class=\"wp-block-heading\" id=\"times\">\u00d6ffnungszeiten<\/h2>\n\n\n<div class=\"ms-table\"><table><tr><th>Tage<\/th><th>\u00d6ffnungszeiten<\/th><\/tr><tr><td>Montag &#8211; Sonntag<\/td><td>10:00 \u2013 19:00<\/td><\/tr><\/table><\/div>\n\n\n<h2 class=\"wp-block-heading\"><strong>Karte &amp; Adresse<\/strong><\/h2>\n\n\n\n<address class=\"wp-block-ms-blocks-staticmap ms-mapblock ms-mb-block\"><h4>Spotify Camp Nou Store<\/h4><p class=\"ms-mb-0\"><img decoding=\"async\" class=\"ms-mapblock__map ms-rounded\" src=\"https:\/\/www.visitcampnou.com\/de\/wp-content\/uploads\/sites\/7\/maps\/staticmap_41.3811048_2.1201984_14_600x400.png\" alt=\"Map of Spotify Camp Nou Store\"\/><\/p><p class=\"ms-text-sm ms-text-muted\">Av. de Joan XXIII, s\/n, Les Corts, 08028 Barcelona, Spain \u00b7 <a rel=\"nofollow noopener\" target=\"_blank\" href=\"https:\/\/maps.google.com\/?q=41.3811048,2.1201984\">Google Maps<\/a><\/p><\/address>\n\n\n\n<h2 class=\"wp-block-heading\" id=\"buy\">Was es zu kaufen gibt<\/h2>\n\n\n\n<p>Jeder Teil im Camp Nou Shop beinhaltet eine neue Auswahl an tollen Produkten und verspricht somit eine absolut faszinierende Erfahrung f\u00fcr jegliche Art von Besucher.<\/p>\n\n\n\n<p>Im Erdgeschoss finden Sie eine gro\u00dfe Auswahl an Trikots, inklusive der momentanen Heim- und Ausw\u00e4rtstrikots der Mannschaft. Auch ehemalige Barcelona Trikots und Ausstattungen anderer Sportarten werden Sie hier finden.<\/p>\n\n\n\n<p>Im n\u00e4chsten Stockwerk finden Sie gro\u00dfe Anzahl an Souvenirs, von Uhren im Fu\u00dfballdesign und Notebooks, bis hin zu Tassen und Kuscheltieren. Hier finden Sie jegliche Art von Geschenk f\u00fcr Freunde und Familie und k\u00f6nnen manchen sogar einen pers\u00f6nlichen Touch verleihen.<\/p>\n\n\n\n<p>Der Teil, der die Nike Fu\u00dfballschuhe verkauft, ist der Himmel eines jeden Sportliebhabers. Die gro\u00dfe Auswahl zeigt die neuesten Trends, sowie Werkzeuge und Maschinen, um jedes Teil einzigartig und individuell zu gestalten \u2013 wie w\u00e4re es mit Neonfarbenen Schn\u00fcrsenkeln? Das bekommen Sie dort. Oder Ihren Namen auf Ihre Schuhe gen\u00e4ht? Betrachten Sie es als erledigt.<\/p>\n\n\n\n<p>Allerdings w\u00e4re der Shop ohne seine Druckabteilung nicht vollst\u00e4ndig. Hier k\u00f6nnen Sie Ihren Namen und Nummern auf jegliches T-Shirt Ihrer Wahl gedruckt bekommen \u2013 und es muss kein Trikot sein!<\/p>\n\n\n\n<p>Es gibt auch ein Spa\u00df und \u201cShow Time Area\u201d, wo sie ihr lachendes Gesicht auf einem Bild, \u00fcberlagert bekommen von Fotos mit ber\u00fchmten Spielern. Sie k\u00f6nnen sich einfach Treiben lassen und entscheiden was Ihnen am besten gef\u00e4llt: stellen Sie sich neben einen der gr\u00f6\u00dften Fu\u00dfballer Ihrer Zeit oder Sie kaufen Erinnerungsst\u00fccke, die Sie mit nach Hause nehmen k\u00f6nnen.<\/p>\n\n\n\n<p>Den letzten Schliff erh\u00e4lt der Shop mit seiner \u201cMuseums Ecke\u201d, in der Regale mit Kopien der Museumsst\u00fccke, inklusive alter Fu\u00dfb\u00e4lle und Fotoabz\u00fcge von Miros\u2018 Lithograf zu finden sind.<\/p>\n\n\n\n<h2 class=\"wp-block-heading\" id=\"personalize\">Personalisieren Sie Ihren Einkauf<\/h2>\n\n\n\n<p>Der FC Barcelona Shop ist f\u00fcr seinen interaktiven Charakter bekannt, wo Sie, je nach Ihren Interessen, Ihr eigenes Erlebnis erschaffen k\u00f6nnen.<\/p>\n\n\n\n<h3 class=\"wp-block-heading\">Personalisieren Sie Ihre Ausr\u00fcstung<\/h3>\n\n\n\n<p>In der \u201cMake it Barca\u201d Abteilung k\u00f6nnen Sie ihre Nike Produkte mit Schn\u00fcrsenkeln oder Kn\u00f6pfen personalisieren. Sie k\u00f6nnen sogar das Klub Wappen auf Ihren Schuhen anbringen und Ihren Namen einn\u00e4hen lassen, um Ihnen den letzten Schliff zu verpassen. Wenn Sie Ihre eigenen Schuhe designet haben, k\u00f6nnen Sie diese auf der \u201eSocial Wall\u201c neben anderen teilen, um Ihr Werk im richtigen Licht zu betrachten.<\/p>\n\n\n\n<h3 class=\"wp-block-heading\">Drucklabor<\/h3>\n\n\n\n<p>\u201cThe Print Lab\u201d \u2013 hier k\u00f6nnen Sie Ihren Namen und ihre Nummer auf jegliches Trikot oder T-Shirt drucken lassen. Um das zu tun, m\u00fcssen Sie einfach die Details in den herumstehenden Touchscreen Bildschirmen eingeben und auf \u201eSenden\u201c dr\u00fccken \u2013 Ihr T-Shirt wird sofort an den \u201eShirt Printing Workshop\u201c gesendet und Sie k\u00f6nnen somit lange Warteschlangen vermeiden und Ihr T-Shirt so bald wie m\u00f6glich mit nach Hause nehmen.<\/p>\n\n\n\n<h3 class=\"wp-block-heading\">Nike \u201eMust-haves\u201c<\/h3>\n\n\n\n<p>Der Camp Nou Shop ist mit hunderten von Nike Produkten best\u00fcckt, inklusive der neuesten Fashiontrends, Schuhe und Accessoires, sowie die neuesten und innovativsten Erscheinungen der Marke.<\/p>\n\n\n\n<h3 class=\"wp-block-heading\">Nicht nur Fu\u00dfball<\/h3>\n\n\n\n<p>Es sind nicht nur Fu\u00dfballprodukte, die die Menge in den Shop zeiht. Der Megastore f\u00fchrt auch hunderte von Ausstattungen und dazugeh\u00f6rige Produkte anderer beliebter Sportarten, wie zum Beispiel Hallenfu\u00dfball, Hockey, Basketball und Handball. Auch diese Produkte k\u00f6nnen Sie alle mit Ihrem Namen und Ihrer Nummer versehen lassen.<\/p>\n\n\n\n<h3 class=\"wp-block-heading\">Neue Technologien<\/h3>\n\n\n\n<p>Ein neuartiger 16m LED Leinwand projiziert Bilder auf die Stufen, optisch denen des Stadions nachgebaut, die im Shop zu finden sind. Diese Stufen verleihen dem Shop seine einzigartige Atmosph\u00e4re \u2013 nicht ungleich der Atmosph\u00e4re, wie tats\u00e4chlich bei einem Spiel dabei zu sein. Obendrein gibt es noch auch einen markanten Kronleuchter zu bewundern.<\/p>\n","protected":false},"excerpt":{"rendered":"","protected":false},"author":2,"featured_media":766,"parent":0,"menu_order":6,"comment_status":"closed","ping_status":"closed","template":"","meta":{"_acf_changed":false,"footnotes":""},"post-style":[],"producer":[],"class_list":["post-614","page","type-page","status-publish","has-post-thumbnail"],"acf":[],"_links":{"self":[{"href":"https:\/\/www.visitcampnou.com\/de\/wp-json\/wp\/v2\/pages\/614","targetHints":{"allow":["GET"]}}],"collection":[{"href":"https:\/\/www.visitcampnou.com\/de\/wp-json\/wp\/v2\/pages"}],"about":[{"href":"https:\/\/www.visitcampnou.com\/de\/wp-json\/wp\/v2\/types\/page"}],"author":[{"embeddable":true,"href":"https:\/\/www.visitcampnou.com\/de\/wp-json\/wp\/v2\/users\/2"}],"replies":[{"embeddable":true,"href":"https:\/\/www.visitcampnou.com\/de\/wp-json\/wp\/v2\/comments?post=614"}],"version-history":[{"count":3,"href":"https:\/\/www.visitcampnou.com\/de\/wp-json\/wp\/v2\/pages\/614\/revisions"}],"predecessor-version":[{"id":882,"href":"https:\/\/www.visitcampnou.com\/de\/wp-json\/wp\/v2\/pages\/614\/revisions\/882"}],"wp:featuredmedia":[{"embeddable":true,"href":"https:\/\/www.visitcampnou.com\/de\/wp-json\/wp\/v2\/media\/766"}],"wp:attachment":[{"href":"https:\/\/www.visitcampnou.com\/de\/wp-json\/wp\/v2\/media?parent=614"}],"wp:term":[{"taxonomy":"post-style","embeddable":true,"href":"https:\/\/www.visitcampnou.com\/de\/wp-json\/wp\/v2\/post-style?post=614"},{"taxonomy":"producer","embeddable":true,"href":"https:\/\/www.visitcampnou.com\/de\/wp-json\/wp\/v2\/producer?post=614"}],"curies":[{"name":"wp","href":"https:\/\/api.w.org\/{rel}","templated":true}]}}