{"id":781,"date":"2025-04-16T07:49:04","date_gmt":"2025-04-16T05:49:04","guid":{"rendered":"https:\/\/www.visitcampnou.com\/de\/?page_id=781"},"modified":"2025-10-11T00:21:58","modified_gmt":"2025-10-10T22:21:58","slug":"camp-nou-renovierung","status":"publish","type":"page","link":"https:\/\/www.visitcampnou.com\/de\/camp-nou-renovierung\/","title":{"rendered":"Camp Nou Renovierung"},"content":{"rendered":"\n<p>Wenn du nach Barcelona reist und hoffst, das legend\u00e4re Camp Nou zu besuchen, hier ist alles, was du wissen musst. Das Stadion befindet sich derzeit in Renovierung, aber es gibt immer noch viele Dinge, die Bar\u00e7a-Fans in der Zwischenzeit genie\u00dfen k\u00f6nnen.<\/p>\n\n\n\n<figure><div class=\"ms-credits\">\n<img decoding=\"async\" class=\"gb-media-330593e9\" src=\"https:\/\/www.visitcampnou.com\/wp-content\/uploads\/capm-nou-construction-1745997452.jpg\" alt=\"Camp Nou redevelopment works\" title=\"capm-nou-construction-1745997452\"\/>\n<span class='ms-credits__info' id='media789'><svg xmlns=\"http:\/\/www.w3.org\/2000\/svg\" width=\"20\" height=\"22\" fill=\"#000000\" viewBox=\"0 0 256 256\"><path d=\"M128,24A104,104,0,1,0,232,128,104.11,104.11,0,0,0,128,24Zm0,192a88,88,0,1,1,88-88A88.1,88.1,0,0,1,128,216ZM96,128a32,32,0,0,0,57.6,19.2,8,8,0,0,1,12.8,9.61,48,48,0,1,1,0-57.62,8,8,0,0,1-12.8,9.61A32,32,0,0,0,96,128Z\"><\/path><\/svg>footpicshd\/<a href=https:\/\/www.flickr.com\/photos\/footpicshd\/53253715474\/in\/photolist-2o8VBFg-2oULnze-2p8Rdhb-2oUNuZ4-2oUNXZp-2oUHtmG-2oUMqEP-2p8R9hY-2p8QNzF-2p8Pium-2oUMqFa-2oUMqJg-2p8PixC-2px3yA7-2px3yB4-2p8Pizg-2oi1Min-2p8R9iK-2oULnyc-2oUNXXW-2oUNv1w-2oUNXYx-2oULnzE-2oULnzQ-2oUNuZE-2oUNuYC-2oUHtoa-2oUHtkj-2oUHto5 rel='nofollow' target='_blank'>Flickr<\/a><\/span><span class='ms-credits__btn' id='btn_media789' onclick='ms_credits_trigger(\"#media789\", this)'><svg xmlns=\"http:\/\/www.w3.org\/2000\/svg\" class=\"info_icon\" width=\"28\" height=\"28\" fill=\"#FFF\" viewBox=\"0 0 256 256\"><path d=\"M128,24A104,104,0,1,0,232,128,104.11,104.11,0,0,0,128,24Zm0,192a88,88,0,1,1,88-88A88.1,88.1,0,0,1,128,216Zm16-40a8,8,0,0,1-8,8,16,16,0,0,1-16-16V128a8,8,0,0,1,0-16,16,16,0,0,1,16,16v40A8,8,0,0,1,144,176ZM112,84a12,12,0,1,1,12,12A12,12,0,0,1,112,84Z\"><\/path><\/svg><svg xmlns=\"http:\/\/www.w3.org\/2000\/svg\" class=\"close_icon\" width=\"28\" height=\"28\" fill=\"#FFF\" viewBox=\"0 0 256 256\"><path d=\"M165.66,101.66,139.31,128l26.35,26.34a8,8,0,0,1-11.32,11.32L128,139.31l-26.34,26.35a8,8,0,0,1-11.32-11.32L116.69,128,90.34,101.66a8,8,0,0,1,11.32-11.32L128,116.69l26.34-26.35a8,8,0,0,1,11.32,11.32ZM232,128A104,104,0,1,1,128,24,104.11,104.11,0,0,1,232,128Zm-16,0a88,88,0,1,0-88,88A88.1,88.1,0,0,0,216,128Z\"><\/path><\/svg><\/span><\/div>\n\n\n<figcaption class=\"gb-text\">Sanierungsarbeiten am Camp Nou<\/figcaption>\n<\/figure>\n\n\n\n<div class=\"ms-rounded ms-mb-last-child-0 ms-mb-block ms-tfs--contrast ms-p ms-tfs\">\n<h3 class=\"gb-text\">\ud83c\udfd7\ufe0f Das Camp Nou ist geschlossen, aber Barcelona hat noch viel zu bieten<\/h3>\n\n\n\n<p>W\u00e4hrend das Camp Nou renoviert wird, gibt es in Barcelona noch viele Dinge f\u00fcr FC Barcelona-Fans und Besucher der Stadt zu entdecken.<\/p>\n\n\n\n<p>Hier ist, was du noch tun kannst:<\/p>\n\n\n\n<p class=\"ms-link-unstyled\">\ud83c\udfc6<strong>Besuche das <a href=\"https:\/\/www.visitcampnou.com\/de\/museum\/\" target=\"_blank\" rel=\"noreferrer noopener\">FC Barcelona Museum<\/a>:<\/strong> entdecke die Geschichte des Clubs, seine Troph\u00e4en und unvergessliche Momente.<\/p>\n\n\n\n<p class=\"ms-link-unstyled\">\ud83d\udecd\ufe0f<strong>Shoppe im <a href=\"https:\/\/www.visitcampnou.com\/de\/shop\/\" target=\"_blank\" rel=\"noreferrer noopener\">Offiziellen FC Barcelona Shop<\/a>:<\/strong> hole dir offizielle Trikots, Schals und Geschenke f\u00fcr Fans jeden Alters.<\/p>\n\n\n\n<p class=\"ms-link-unstyled\">\ud83d\ude8c <a href=\"https:\/\/www.tiqets.com\/de\/barcelona-attractions-c66342\/tickets-for-hop-on-hop-off-bus-barcelona-p974325\/?partner=visitcampnou\" rel=\"nofollow noopener\"><strong>Hop-On Hop-Off Bus Tour<\/strong><\/a>: der einfachste Weg, um alle wichtigsten Sehensw\u00fcrdigkeiten Barcelonas zu sehen.<\/p>\n\n\n\n<p class=\"ms-link-unstyled\">\ud83c\udf9f\ufe0f <a href=\"https:\/\/www.tiqets.com\/de\/barcelona-attractions-c66342\/tickets-for-barcelona-card-72-hour-96-hour-120-hour-p975758\/?partner=visitcampnou\" rel=\"nofollow noopener\"><strong>Barcelona Card<\/strong><\/a>: kostenloser \u00f6ffentlicher Nahverkehr und Rabatte auf beliebte Sehensw\u00fcrdigkeiten.<\/p>\n\n\n\n<p class=\"ms-link-unstyled\">\ud83c\udf1f<strong>Top-Sehensw\u00fcrdigkeiten:<\/strong> verpasse nicht die Beststeller wie <strong>La Sagrada Fam\u00edlia<\/strong>, <strong>Casa Batll\u00f3<\/strong> und <strong>Park G\u00fcell<\/strong>.<\/p>\n\n\n\n<div class=\"ms-cta-button-options ms-mb-block ms-cta\">\n<a class=\"gb-text ms-btn ms-btn--primary ms-shadow\" href=\"https:\/\/www.tiqets.com\/de\/barcelona-attractions-c66342\/tickets-for-barcelona-card-72-Hour-96-Hour-120-Hour-p975758\/?partner=visitcampnou\" rel=\"nofollow noopener\">Barcelona Card<\/a>\n\n\n\n<a class=\"gb-text ms-btn ms-btn--outline-primary ms-shadow\" href=\"https:\/\/www.tiqets.com\/de\/city-passes-barcelona-l199949\/?partner=visitcampnou\" rel=\"nofollow noopener\">Alle Ticketoptionen<\/a>\n<\/div>\n<\/div>\n\n\n\n<h2 class=\"wp-block-heading\">Was passiert im Camp Nou?<\/h2>\n\n\n\n<p>Das Camp Nou befindet sich mitten in einem gro\u00dfen Renovierungsprojekt. Ziel ist es, es zu einem der fortschrittlichsten und beeindruckendsten Stadien der Welt zu machen. Alles wird aufger\u00fcstet, ein Dach wird hinzugef\u00fcgt, die Kapazit\u00e4t auf 105.000 Pl\u00e4tze erh\u00f6ht und die gesamte Struktur modernisiert. Es ist Teil des gr\u00f6\u00dferen Espai Bar\u00e7a-Umstrukturierungsplans.<\/p>\n\n\n\n<p>Das ist aufregend f\u00fcr die Fans, aber es bedeutet, dass das Stadion vorerst f\u00fcr Besucher geschlossen ist.<\/p>\n\n\n\n<h2 class=\"wp-block-heading\">Wann wird das Camp Nou wiederer\u00f6ffnet?<\/h2>\n\n\n\n<p>Die urspr\u00fcngliche Wiederer\u00f6ffnung war f\u00fcr November 2024 geplant, aber aufgrund von Verz\u00f6gerungen wird das Stadion voraussichtlich nicht vor Oktober 2025 wieder ge\u00f6ffnet. Das neue Dach und die vollst\u00e4ndige Renovierung sollen bis Sommer 2026 abgeschlossen sein.<\/p>\n\n\n\n<p>Also keine Besuche an Spieltagen im Camp Nou f\u00fcr den Moment, aber es gibt immer noch viel f\u00fcr Bar\u00e7a-Fans zu genie\u00dfen!<\/p>\n\n\n\n<h2 class=\"wp-block-heading\">Was kannst du stattdessen besuchen?<\/h2>\n\n\n\n<p>Auch wenn das Stadion geschlossen ist, kannst du noch zwei gro\u00dfartige Orte in der N\u00e4he besuchen:<\/p>\n\n\n\n<ul class=\"wp-block-list\">\n<li>FC Barcelona Museum<\/li>\n\n\n\n<li>FC Barcelona Official Shop<\/li>\n<\/ul>\n\n\n\n<h2 class=\"wp-block-heading\">Weitere Aktivit\u00e4ten<\/h2>\n\n\n\n<p>Ob Sie nun Fu\u00dfballfan sind oder nicht, in Barcelona gibt es so viel zu erleben.<\/p>\n\n\n\n<ul class=\"wp-block-list\">\n<li>Besuchen Sie die <strong>Sagrada Fam\u00edlia<\/strong>, den <strong>Park G\u00fcell<\/strong> und andere Meisterwerke Gaud\u00eds<\/li>\n\n\n\n<li>Essen, Str\u00e4nde, lokale Kultur und atemberaubende Ausblicke<\/li>\n\n\n\n<li>Besuchen Sie Weltklasse-Museen wie das <strong>Picasso-Museum<\/strong> und das <strong>MNAC<\/strong><\/li>\n\n\n\n<li>Genie\u00dfen Sie den Panoramablick vom <strong>Montju\u00efc-H\u00fcgel<\/strong> und seiner Seilbahn<\/li>\n\n\n\n<li>Genie\u00dfen Sie Tapas und katalanische K\u00fcche in lokalen Restaurants und bei Food-Touren<\/li>\n<\/ul>\n\n\n\n<p><a href=\"https:\/\/www.barcelonacard.org\/de\/tickets\/\" target=\"_blank\" rel=\"noreferrer noopener\"><u>Planen Sie Ihren Besuch und sehen Sie sich hier die Ticketoptionen an \u00bb<\/u><\/a><\/p>\n\n\n\n<p><\/p>\n","protected":false},"excerpt":{"rendered":"","protected":false},"author":4,"featured_media":789,"parent":0,"menu_order":0,"comment_status":"closed","ping_status":"closed","template":"","meta":{"_acf_changed":false,"footnotes":"","button_url":"https:\/\/www.tiqets.com\/de\/fc-barcelona-immersive-tour-museum-tickets-l224102\/?partner=visitcampnou","ms_product_id":"","ms_product_name":"","ms_price":"","ms_currency":"","ms_rating_value":"","ms_review_count":"","rank_math_title":"Informationen zur Renovierung des Camp Nou f\u00fcr Besucher","rank_math_description":"Erfahren Sie das aktuelle Datum f\u00fcr die Fertigstellung der Renovierungsarbeiten im Camp Nou und entdecken Sie die besten Aktivit\u00e4ten f\u00fcr FC Barcelona-Fans in Barcelona w\u00e4hrend der Renovierungsphase."},"post-style":[],"producer":[],"class_list":["post-781","page","type-page","status-publish","has-post-thumbnail"],"acf":[],"product_schema":{"ms_product_id":"","ms_product_name":"","ms_price":"","ms_currency":"","ms_rating_value":"","ms_review_count":""},"_links":{"self":[{"href":"https:\/\/www.visitcampnou.com\/de\/wp-json\/wp\/v2\/pages\/781","targetHints":{"allow":["GET"]}}],"collection":[{"href":"https:\/\/www.visitcampnou.com\/de\/wp-json\/wp\/v2\/pages"}],"about":[{"href":"https:\/\/www.visitcampnou.com\/de\/wp-json\/wp\/v2\/types\/page"}],"author":[{"embeddable":true,"href":"https:\/\/www.visitcampnou.com\/de\/wp-json\/wp\/v2\/users\/4"}],"replies":[{"embeddable":true,"href":"https:\/\/www.visitcampnou.com\/de\/wp-json\/wp\/v2\/comments?post=781"}],"version-history":[{"count":3,"href":"https:\/\/www.visitcampnou.com\/de\/wp-json\/wp\/v2\/pages\/781\/revisions"}],"predecessor-version":[{"id":869,"href":"https:\/\/www.visitcampnou.com\/de\/wp-json\/wp\/v2\/pages\/781\/revisions\/869"}],"wp:featuredmedia":[{"embeddable":true,"href":"https:\/\/www.visitcampnou.com\/de\/wp-json\/wp\/v2\/media\/789"}],"wp:attachment":[{"href":"https:\/\/www.visitcampnou.com\/de\/wp-json\/wp\/v2\/media?parent=781"}],"wp:term":[{"taxonomy":"post-style","embeddable":true,"href":"https:\/\/www.visitcampnou.com\/de\/wp-json\/wp\/v2\/post-style?post=781"},{"taxonomy":"producer","embeddable":true,"href":"https:\/\/www.visitcampnou.com\/de\/wp-json\/wp\/v2\/producer?post=781"}],"curies":[{"name":"wp","href":"https:\/\/api.w.org\/{rel}","templated":true}]}}