{"id":9,"date":"2016-02-25T10:19:03","date_gmt":"2016-02-25T09:19:03","guid":{"rendered":"https:\/\/www.visitcampnou.com\/?page_id=9"},"modified":"2026-03-26T09:47:27","modified_gmt":"2026-03-26T08:47:27","slug":"museum","status":"publish","type":"page","link":"https:\/\/www.visitcampnou.com\/de\/museum\/","title":{"rendered":"FC Barcelona Museum im Camp Nou"},"content":{"rendered":"\n<p><a href=\"#tickets\"><u>Tickets &amp; Preise<\/u><\/a> \u2013 <a href=\"#opening-times\"><u>\u00d6ffnungszeiten<\/u><\/a> \u2013 <a href=\"#see\"><u>Sehensw\u00fcrdigkeiten &amp; Aktivit\u00e4ten<\/u><\/a> \u2013 <a href=\"#history\"><u>Geschichte<\/u><\/a> \u2013 <a href=\"#faq\"><u>H\u00e4ufig gestellte Fragen<\/u><\/a><\/p>\n\n\n\n<hr class=\"wp-block-separator has-alpha-channel-opacity\"\/>\n\n\n\n<p class=\"lead\">Das FC Barcelona Museum im Camp Nou ist das am zweitmeisten besuchte Museum in Barcelona. Nur das Picasso Museum wird noch mehr frequentiert.<\/p>\n\n\n\n<p>Das stellt eindrucksvoll dar, was der Fu\u00dfball dieser Stadt bedeutet und wie viele Menschen zur Anlage str\u00f6men, um mehr \u00fcber diese legend\u00e4re Mannschaft zu erfahren.<\/p>\n\n\n\n<p>Das Camp Nou Erlebnis kombiniert einige Stopps im Stadion (ein Blick auf das Spielfeld werfen, den Spielertunnel und die Umkleidekabine der Gastmannschaft). Der faszinierendste Teil allerdings ist das Museum.<\/p>\n\n\n\n<p>Innerhalb dieses \u201cBildungsschiffes\u201d gibt es hunderte von interaktiven Bildschirmen die die Geschichte des Clubs darstellen, inklusiver Erfolge einzelner Spieler, Troph\u00e4en und Geschichten aus vergangenen Zeiten. Wenn Sie die Mannschaft aus einer anderen Perspektive, als nur aus der der jubelnden Fans und ausverkauften Spiele kennenlernen wollen, ist das Museum genau das richtige f\u00fcr Sie.<\/p>\n\n\n\n<p>Einen Abstecher in das Barcelona Fu\u00dfballmuseum geht einher mit dem Camp Nou Erlebnis und das Museum kann somit leider nur in Kombination mit den anderen Stadionattraktionen besichtigt werden. Dies ist allerdings kein Nachteil, denn bereits das Museum allein, ist die Investition wert.<\/p>\n\n\n\n<h2 class=\"wp-block-heading\" id=\"tickets\">Tickets &amp; Preise<\/h2>\n\n\n\n<p>Planen Sie einen Besuch im FC Barcelona Museum im Spotify Camp Nou? Hier finden Sie einen hilfreichen Leitfaden, der Ihnen dabei hilft, die perfekten Tickets f\u00fcr das FC Barcelona Museum auszuw\u00e4hlen.<\/p>\n\n\n\n<ul class=\"wp-block-list\">\n<li><strong><a href=\"https:\/\/www.tiqets.com\/de\/barcelona-sehenswuerdigkeiten-c66342\/tickets-fur-fc-barcelona-museum-eintrittskarte-p1058220\/?partner=visitcampnou\" data-type=\"link\" data-id=\"https:\/\/www.tiqets.com\/de\/barcelona-sehenswuerdigkeiten-c66342\/tickets-fur-fc-barcelona-museum-eintrittskarte-p1058220\/?partner=visitcampnou\" rel=\"nofollow noopener\">Flexibler Eintritt:<\/a><\/strong> Erkunden Sie das Museum in Ihrem eigenen Tempo, von den Troph\u00e4enr\u00e4umen bis hin zum immersiven Spotify Camp Nou Live-Erlebnis. Perfekt, wenn Ihr Zeitplan flexibel ist.<\/li>\n<\/ul>\n\n\n\n<ul class=\"wp-block-list\">\n<li><strong><a href=\"https:\/\/www.tiqets.com\/de\/barcelona-sehenswuerdigkeiten-c66342\/tickets-fur-fc-barcelona-museum-erfahrung-insgesamt-p1084615\/?partner=visitcampnou\" rel=\"nofollow noopener\">Gesamterlebnis:<\/a><\/strong> Tauchen Sie ein in interaktive Ausstellungen, Virtual-Reality-Zonen, die Robokeeper-Challenge und ein personalisiertes Foto-Souvenir.<\/li>\n<\/ul>\n\n\n\n<ul class=\"wp-block-list\">\n<li><strong><a href=\"https:\/\/www.getyourguide.de\/barcelona-l45\/fans-des-fc-barcelona-erleben-fuhrung-und-brunch-t128025\/?partner_id=FENKESD&amp;utm_medium=online_publisher\" data-type=\"link\" data-id=\"https:\/\/www.getyourguide.com\/barcelona-l45\/fc-barcelona-fans-experience-guided-visit-and-brunch-t128025\/?partner_id=FENKESD&amp;utm_medium=online_publisher\" rel=\"nofollow noopener\">F\u00fchrung:<\/a><\/strong> Begleiten Sie einen zweisprachigen Guide, um die Highlights zu sehen, darunter die immersiven R\u00e4ume und Aussichtspunkte des Stadions.<\/li>\n<\/ul>\n\n\n\n<ul class=\"wp-block-list\">\n<li><strong><a href=\"https:\/\/www.tiqets.com\/de\/barcelona-aquarium-flexi-ticket-fc-barcelona-museum-flexible-ticket-b44909\/?partner=visitcampnou\" rel=\"nofollow noopener\">Kombi-Pakete:<\/a><\/strong> Kombinieren Sie Ihren Museumsbesuch mit anderen Top-Attraktionen in Barcelona f\u00fcr einen ganzen Tag voller Spa\u00df.<\/li>\n<\/ul>\n\n\n\n<div class=\"ms-p ms-rounded ms-mb-last-child-0 ms-mb-children-condensed ms-alert--contrast ms-mb-block\">\n<h4 class=\"gb-text-26a71c5b\"><span class=\"gb-shape\"><svg viewBox=\"0 0 256 256\" fill=\"#000000\" height=\"32\" width=\"32\" xmlns=\"http:\/\/www.w3.org\/2000\/svg\"><path d=\"M108,84a16,16,0,1,1,16,16A16,16,0,0,1,108,84Zm128,44A108,108,0,1,1,128,20,108.12,108.12,0,0,1,236,128Zm-24,0a84,84,0,1,0-84,84A84.09,84.09,0,0,0,212,128Zm-72,36.68V132a20,20,0,0,0-20-20,12,12,0,0,0-4,23.32V168a20,20,0,0,0,20,20,12,12,0,0,0,4-23.32Z\"><\/path><\/svg><\/span><span class=\"gb-text\">Gemeinsam buchen und bis zu 5 % sparen!<\/span><\/h4>\n\n\n\n<p class=\"gb-text\">Kombinieren Sie Ihre Eintrittskarten f\u00fcr das FC Barcelona Museum mit zus\u00e4tzlichen Erlebnissen an der Kasse und genie\u00dfen Sie noch mehr Attraktionen und Aktivit\u00e4ten in Barcelona. Begrenzte Verf\u00fcgbarkeit.<\/p>\n\n\n\n<p class=\"gb-text\"><a href=\"https:\/\/www.tiqets.com\/de\/checkout\/tickets-for-fc-barcelona-museum-flexible-entry-ticket-p1085636\/booking_details\/?partner=visitcampnou\" rel=\"nofollow noopener\">Verf\u00fcgbarkeit pr\u00fcfen \u00bb<\/a><\/p>\n<\/div>\n\n\n\n<h2 class=\"wp-block-heading\" id=\"opening-times\">\u00d6ffnungszeiten<\/h2>\n\n\n\n<p>Die Bar\u00e7a Immersive Tour empf\u00e4ngt Besucher an jedem Tag der Woche.<\/p>\n\n\n<div class=\"ms-table\"><table><tr><th>Zeitraum<\/th><th>Tage<\/th><th>\u00d6ffnungszeiten<\/th><\/tr><tr><td>2. Jan \u2013 25. Feb<\/td><td>Montag \u2013 Sonntag<\/td><td>10:00 \u2013 18:00<\/td><\/tr><tr><td>26. Feb \u2013 27. M\u00e4r<\/td><td>Montag \u2013 Sonntag<\/td><td>10:00 \u2013 19:00<\/td><\/tr><tr><td>28. M\u00e4r \u2013 18. Okt<\/td><td>Montag \u2013 Sonntag<\/td><td>9:30 \u2013 19:00<\/td><\/tr><tr><td>19. Okt \u2013 31. Dez<\/td><td>Montag \u2013 Sonntag<\/td><td>10:00 \u2013 18:00<\/td><\/tr><tr><td>25. Dez &#038; 1. Jan<\/td><td><\/td><td>Geschlossen<\/td><\/tr><\/table><\/div>\n\n\n<p>Letzter Einlass ist 45 Minuten vor Schlie\u00dfung. Der Besuch dauert etwa 1 Stunde.<\/p>\n\n\n\n<p><strong>Hinweis:<\/strong> <\/p>\n\n\n\n<ul class=\"wp-block-list\">\n<li>Am 2. April ist die Tour aufgrund einer Vereinsveranstaltung den ganzen Tag geschlossen.<\/li>\n\n\n\n<li>Jeden Samstag von 15:00 bis 17:00 Uhr gelten ruhigere Zeiten, au\u00dfer an Spieltagen der Herren-Erstligamannschaft und vom 28. April bis zum 1. September.<\/li>\n\n\n\n<li>Derzeit befindet sich das Spotify Camp Nou im Umbau. Alle Tickets (au\u00dfer Bar\u00e7aBus) beinhalten den Besuch des FC Barcelona Museums, ohne das Stadion zu betreten.<\/li>\n<\/ul>\n\n\n\n<h2 class=\"wp-block-heading\" id=\"see\">Was es zu entdecken gibt<\/h2>\n\n\n\n<h3 class=\"wp-block-heading\">Der geschichtliche Teil<\/h3>\n\n\n\n<p>Dieser Teil, der aus einem langen Gang mit an der Wand chronologisch angeordneten Ereignissen besteht, macht den Gr\u00f6\u00dften des Museum aus. Hier erfahren Sie alles \u00fcber das Wachstum des Klubs seit seiner Gr\u00fcndung im Jahr 1899, einschlie\u00dflich der ber\u00fchmtesten Siege, gr\u00f6\u00dften Verluste und eine Sammlung der beliebtesten Spieler.<\/p>\n\n\n\n<p>Die Ausstellung setzt sich aus einem Mischmasch an gedruckter Information, Videos und Dokumenten zusammen, die zusammen das gro\u00dfe Ganze bilden. Ideal, wenn Sie ein Fan von Geschichte sind und perfekt, wenn Sie Ihr Wissen \u00fcber die Mannschaft erweitern oder auffrischen wollen.<\/p>\n\n\n\n<h3 class=\"wp-block-heading\">Troph\u00e4envitrinen<\/h3>\n\n\n<figure>\n                    <div class=\"ms-credits\"><img decoding=\"async\" class=\"gb-image gb-image-dc8e7f86\" src=\"https:\/\/www.visitcampnou.com\/wp-content\/uploads\/fc-barcelona-museum-1744000506.jpg\" alt=\"Trophy collection inside the FC Barcelona museum\" title=\"fc-barcelona-museum\"><span class='ms-credits__info' id='media767'><svg xmlns=\"http:\/\/www.w3.org\/2000\/svg\" width=\"20\" height=\"22\" fill=\"#000000\" viewBox=\"0 0 256 256\"><path d=\"M128,24A104,104,0,1,0,232,128,104.11,104.11,0,0,0,128,24Zm0,192a88,88,0,1,1,88-88A88.1,88.1,0,0,1,128,216ZM96,128a32,32,0,0,0,57.6,19.2,8,8,0,0,1,12.8,9.61,48,48,0,1,1,0-57.62,8,8,0,0,1-12.8,9.61A32,32,0,0,0,96,128Z\"><\/path><\/svg>resulmuslu\/<a href=https:\/\/depositphotos.com\/editorial\/barcelona-spain-may-2016-barcelona-museum-camp-nou-studium-museum-378145918.html rel='nofollow' target='_blank'>Depositphotos<\/a><\/span><span class='ms-credits__btn' id='btn_media767' onclick='ms_credits_trigger(\"#media767\", this)'><svg xmlns=\"http:\/\/www.w3.org\/2000\/svg\" class=\"info_icon\" width=\"28\" height=\"28\" fill=\"#FFF\" viewBox=\"0 0 256 256\"><path d=\"M128,24A104,104,0,1,0,232,128,104.11,104.11,0,0,0,128,24Zm0,192a88,88,0,1,1,88-88A88.1,88.1,0,0,1,128,216Zm16-40a8,8,0,0,1-8,8,16,16,0,0,1-16-16V128a8,8,0,0,1,0-16,16,16,0,0,1,16,16v40A8,8,0,0,1,144,176ZM112,84a12,12,0,1,1,12,12A12,12,0,0,1,112,84Z\"><\/path><\/svg><svg xmlns=\"http:\/\/www.w3.org\/2000\/svg\" class=\"close_icon\" width=\"28\" height=\"28\" fill=\"#FFF\" viewBox=\"0 0 256 256\"><path d=\"M165.66,101.66,139.31,128l26.35,26.34a8,8,0,0,1-11.32,11.32L128,139.31l-26.34,26.35a8,8,0,0,1-11.32-11.32L116.69,128,90.34,101.66a8,8,0,0,1,11.32-11.32L128,116.69l26.34-26.35a8,8,0,0,1,11.32,11.32ZM232,128A104,104,0,1,1,128,24,104.11,104.11,0,0,1,232,128Zm-16,0a88,88,0,1,0-88,88A88.1,88.1,0,0,0,216,128Z\"><\/path><\/svg><\/span><\/div><figcaption class=\"gb-headline gb-headline-bce86e4a gb-headline-text\"><small>Troph\u00e4ensammlung im FC Barcelona Museum<\/small><\/figcaption><\/figure>\n\n\n<p>Die von Wand zu Wand reichenden Troph\u00e4envitrinen sind vielleicht der gr\u00f6\u00dfte Eye-Catcher des Museums. Die Regale sind voll mit gl\u00e4nzenden Troph\u00e4en und Medaillen aus mehreren Jahrzehnten.<\/p>\n\n\n\n<p>Sie k\u00f6nnen einen Blick auf den Championsleague Pokal werfen und sogar einen Schnappschuss mit diesem machen (Allerdings kostet Sie das Bild 13\u20ac).<\/p>\n\n\n\n<p>Auch wenn Sie nicht so der gro\u00dfe Fan von gl\u00e4nzenden Troph\u00e4en sind, so ist doch die gro\u00dfe Sammlung an dieser Troph\u00e4en jeglicher Form und Gr\u00f6\u00dfe einen Blick wert.<\/p>\n\n\n\n<h3 class=\"wp-block-heading\">Die \u2018Futbol Art\u2019 Sammlung<\/h3>\n\n\n\n<p>Ein kompletter Teil ist jeglichen Erinnerungsst\u00fccken gewidmet, die in irgendeiner Art und Weise mit Fu\u00dfball zu tun haben. Zugeben, manche haben im Endeffekt eigentlich doch gar nichts mit Fu\u00dfball zu tun. Entdecken Sie alte Tischkicker, Troph\u00e4en anderer lokaler Sportarten und eine Sammlung an Kunstwerken, die dem Museum und der Mannschaft gewidmet worden sind (Legen Sie Ihr Augenmerk auf Werke von: Dal\u00ed, Miro und Tapies \u2013 deren St\u00fccke wurden extra f\u00fcr das Team angefertigt).<\/p>\n\n\n\n<p>In diesem Teil kommen Sie auch an den legend\u00e4ren Fu\u00dfballschuhen von Ronald Koeman vorbei, mit denen er das entscheidende Siegtor im Finale des Europacups 1992 geschossen hat. Dieses Tor fiel in der 111. Minute (21. Minute der Verl\u00e4ngerung) und bescherte Barcelona ihre erste europ\u00e4ische Siegtroph\u00e4e.<\/p>\n\n\n\n<h3 class=\"wp-block-heading\">Zeitweise Ausstellung<\/h3>\n\n\n\n<p>Der letzte Teil des Museum beinhaltet st\u00e4ndig wechselnde Ausstellungen. Hier finden Sie Ausstellungen zu Geschichten Einzelner (zum Beispiel Joan Gamper \u2013 der Mann, der den FC Barcelona gegr\u00fcndet hat) und Kunstausstellungen, die dem Fu\u00dfball und der Mannschaft selbst gewidmet sind. Man wei\u00df allerdings nie was man hier zu sehen bekommen kann, deshalb informieren Sie sich vorher online, welche Ausstellung momentan l\u00e4uft.<\/p>\n\n\n\n<h2 class=\"wp-block-heading\" id=\"history\">Geschichte<\/h2>\n\n\n\n<p>Entdecken Sie, wie das FC Barcelona Museum zu einem der beliebtesten Sportmuseen der Welt wurde. Von einer kleinen Idee bis zum heutigen immersiven Erlebnis \u2013 hier erfahren Sie, wie alles begann:<\/p>\n\n\n\n<div class=\"ms-timeline-list ms-mb-block\">\n<div class=\"ms-timeline-item\">\n<p class=\"gb-text ms-timeline-item__time\">1928<\/p>\n\n\n\n<p class=\"gb-text\">Die Idee f\u00fcr ein Bar\u00e7a-Museum war geboren, ein Ort, an dem die Troph\u00e4en und die Geschichte des Vereins gezeigt werden sollten.<\/p>\n<\/div>\n\n\n\n<div class=\"ms-timeline-item\">\n<p class=\"gb-text ms-timeline-item__time\">1984<\/p>\n\n\n\n<p class=\"gb-text\">Das Museum wurde schlie\u00dflich im Spotify Camp Nou er\u00f6ffnet und ist voller Troph\u00e4en, Fotos und Erinnerungen an die gr\u00f6\u00dften Momente des Vereins.<\/p>\n<\/div>\n\n\n\n<div class=\"ms-timeline-item\">\n<p class=\"gb-text ms-timeline-item__time\">1990er Jahre<\/p>\n\n\n\n<p class=\"gb-text\">Der Raum wurde mehrmals erweitert, wobei neue Ausstellungen, Kunstwerke und Multimedia-Displays hinzukamen.<\/p>\n<\/div>\n\n\n\n<div class=\"ms-timeline-item\">\n<p class=\"gb-text ms-timeline-item__time\">2010<\/p>\n\n\n\n<p class=\"gb-text\">Eine umfassende Neugestaltung verwandelte es in die Camp Nou Experience mit interaktiven Bildschirmen und Videos, die die Geschichte des FC Barcelona zum Leben erweckten.<\/p>\n<\/div>\n\n\n\n<div class=\"ms-timeline-item\">\n<p class=\"gb-text ms-timeline-item__time\">2023<\/p>\n\n\n\n<p class=\"gb-text\">W\u00e4hrend der Renovierung des Spotify Camp Nou zog das Museum in ein provisorisches Zuhause neben dem Palau Blaugrana um, das heute als FC Barcelona Museum &amp; Immersive Tour (Bar\u00e7a Immersive Tour) bekannt ist.<\/p>\n<\/div>\n<\/div>\n\n\n\n<h2 class=\"wp-block-heading\" id=\"faq\">H\u00e4ufig gestellte Fragen<\/h2>\n\n\n<div id=\"rank-math-faq\" class=\"rank-math-block ms-rankmath-accordion\">\n<div class=\"rank-math-list \">\n<div id=\"faq-question-1717062476605\" class=\"rank-math-list-item\">\n<h3 class=\"rank-math-question \">Ist der Preis unterschiedlich, wenn ich online oder am Ticketschalter kaufe?<\/h3>\n<div class=\"rank-math-answer \">\n\n<p>Ja! <a href=\"https:\/\/www.tiqets.com\/de\/fc-barcelona-immersive-tour-museum-tickets-l224102\/?partner=visitcampnou\" rel=\"nofollow noopener\">Online-Tickets<\/a> sind immer am g\u00fcnstigsten. An der Kasse m\u00fcssen Sie mit langen Warteschlangen, zus\u00e4tzlichen Geb\u00fchren und m\u00f6glichen Verz\u00f6gerungen je nach Verf\u00fcgbarkeit der Vorstellungen rechnen.<\/p>\n\n<\/div>\n<\/div>\n<div id=\"faq-question-1717062505033\" class=\"rank-math-list-item\">\n<h3 class=\"rank-math-question \">Ist eine Voranmeldung erforderlich?<\/h3>\n<div class=\"rank-math-answer \">\n\n<p>Es ist am besten, Tickets fr\u00fchzeitig online zu kaufen. Das Museum begrenzt die Besucherzahl, um einen angenehmen Aufenthalt zu gew\u00e4hrleisten, und einige Tickets oder F\u00fchrungen sind schnell ausverkauft.<\/p>\n\n<\/div>\n<\/div>\n<div id=\"faq-question-1717062519392\" class=\"rank-math-list-item\">\n<h3 class=\"rank-math-question \">Kann ich ein Ticket stornieren?<\/h3>\n<div class=\"rank-math-answer \">\n\n<p>Nein, Sie k\u00f6nnen das Ticket nach Abschluss des Kaufs nicht mehr stornieren.<\/p>\n\n<\/div>\n<\/div>\n<div id=\"faq-question-1760039492256\" class=\"rank-math-list-item\">\n<h3 class=\"rank-math-question \">Wie lange dauert der Besuch?<\/h3>\n<div class=\"rank-math-answer \">\n\n<p>Bei der Bar\u00e7a Immersive Tour k\u00f6nnen Sie so viel Zeit verbringen, wie Sie m\u00f6chten. Freie Besichtigungen dauern durchschnittlich 1 Stunde, w\u00e4hrend gef\u00fchrte Touren und die Palau Players Tour 45 Minuten mit einem Guide dauern, gefolgt von einer freien Erkundung.<\/p>\n\n<\/div>\n<\/div>\n<\/div>\n<\/div>","protected":false},"excerpt":{"rendered":"","protected":false},"author":2,"featured_media":767,"parent":0,"menu_order":5,"comment_status":"closed","ping_status":"closed","template":"","meta":{"_acf_changed":false,"footnotes":"","button_url":"https:\/\/www.tiqets.com\/de\/fc-barcelona-immersive-tour-museum-tickets-l224102\/?partner=visitcampnou","ms_product_id":"","ms_product_name":"","ms_price":"","ms_currency":"","ms_rating_value":"","ms_review_count":"","rank_math_title":"FC Barcelona Museum im Camp Nou (Info + Tickets)","rank_math_description":"Entdecke das FC Barcelona Museum im Camp Nou. Erhalte Details zu den Highlights, \u00d6ffnungszeiten und wie du Tickets f\u00fcr das Camp Nou Museum kaufen kannst."},"post-style":[],"producer":[],"class_list":["post-9","page","type-page","status-publish","has-post-thumbnail"],"acf":[],"product_schema":{"ms_product_id":"","ms_product_name":"","ms_price":"","ms_currency":"","ms_rating_value":"","ms_review_count":""},"_links":{"self":[{"href":"https:\/\/www.visitcampnou.com\/de\/wp-json\/wp\/v2\/pages\/9","targetHints":{"allow":["GET"]}}],"collection":[{"href":"https:\/\/www.visitcampnou.com\/de\/wp-json\/wp\/v2\/pages"}],"about":[{"href":"https:\/\/www.visitcampnou.com\/de\/wp-json\/wp\/v2\/types\/page"}],"author":[{"embeddable":true,"href":"https:\/\/www.visitcampnou.com\/de\/wp-json\/wp\/v2\/users\/2"}],"replies":[{"embeddable":true,"href":"https:\/\/www.visitcampnou.com\/de\/wp-json\/wp\/v2\/comments?post=9"}],"version-history":[{"count":3,"href":"https:\/\/www.visitcampnou.com\/de\/wp-json\/wp\/v2\/pages\/9\/revisions"}],"predecessor-version":[{"id":917,"href":"https:\/\/www.visitcampnou.com\/de\/wp-json\/wp\/v2\/pages\/9\/revisions\/917"}],"wp:featuredmedia":[{"embeddable":true,"href":"https:\/\/www.visitcampnou.com\/de\/wp-json\/wp\/v2\/media\/767"}],"wp:attachment":[{"href":"https:\/\/www.visitcampnou.com\/de\/wp-json\/wp\/v2\/media?parent=9"}],"wp:term":[{"taxonomy":"post-style","embeddable":true,"href":"https:\/\/www.visitcampnou.com\/de\/wp-json\/wp\/v2\/post-style?post=9"},{"taxonomy":"producer","embeddable":true,"href":"https:\/\/www.visitcampnou.com\/de\/wp-json\/wp\/v2\/producer?post=9"}],"curies":[{"name":"wp","href":"https:\/\/api.w.org\/{rel}","templated":true}]}}