{"id":13,"date":"2016-02-25T11:23:04","date_gmt":"2016-02-25T10:23:04","guid":{"rendered":"https:\/\/www.visitcampnou.com\/?page_id=13"},"modified":"2025-10-08T23:09:39","modified_gmt":"2025-10-08T21:09:39","slug":"hoteles","status":"publish","type":"page","link":"https:\/\/www.visitcampnou.com\/es\/hoteles\/","title":{"rendered":"Los 10 Mejores Hoteles en la zona de Camp Nou"},"content":{"rendered":"\n<p class=\"lead\">Si ha programado todo su viaje a Barcelona alrededor de un partifdo o la oportunidad de visitar el estadio, tendr\u00e1 que permanecer en uno de los hoteles cerca de Camp Nou.<\/p>\n\n\n\n<p>Hay un mont\u00f3n de ellos alrededor, incluyendo ofertas a buen precio. Aqu\u00ed tiene nuestra selecci\u00f3n de 10 de los mejores hoteles cerca del estadio Camp Nou en Barcelona.<\/p>\n\n\n\n<h3 class=\"wp-block-heading\">1. NH Barcelona Stadium<\/h3>\n\n\n\n<p>Este hotel lleva el nombre del estadio para que sepa que le clientela est\u00e1 centrada en el f\u00fatbol. Este establecimiento, con vistas al estadio se completa con una grande piscina en la azotea con impresionantes vistas sobre la ciudad. Tambi\u00e9n ofrece Wi-Fi gratuito, un gimnasio, un men\u00fa de almohadas de lujo (s\u00ed, es cierto, puede elegir entre una selecci\u00f3n de almohadas) y terraza con vistas sobre las alturas verdes de la monta\u00f1a de Montjuic.<\/p>\n\n\n\n<h3 class=\"wp-block-heading\">2. Hotel Alguer Camp Nou<\/h3>\n\n\n\n<p>Este hotel es otra gran opci\u00f3n que se encuentra a s\u00f3lo unos 500 metros del estadio Camp Nou &#8211; En serio, \u00bfpodr\u00eda estar m\u00e1s cerca? Es un hotel \u00edntimo de gesti\u00f3n familiar que ofrece habitaciones b\u00e1sicas pero c\u00f3modas para los aficionados al f\u00fatbol y los que deseen explorar la oferta cultural alrededor de la Avenida Diagonal. Las habitaciones cuentan con un estilo espa\u00f1ol distintivo, con suelos de baldosas y colores c\u00e1lidos.<\/p>\n\n\n\n<h3 class=\"wp-block-heading\">3. Hotel Catalonia Rigoletto<\/h3>\n\n\n\n<p>Suntuoso y moderno, el hotel Catalonia Rigoletto es ideal para el viajero de lujo que quiere un poco m\u00e1s de empuje a su viaje a la multitud gritando de un estadio de f\u00fatbol. A s\u00f3lo unos 500 metros del estadio, es el hogar de una lujosa piscina al aire libre, Wi-Fi gratuito, y espectaculares y amplias habitaciones, decoradas con madera oscura, iluminaci\u00f3n ambiental, y ricos colores. El restaurante La Traviata atrae una gran multitud, con sus desayunos y cenas mediterr\u00e1neas.<\/p>\n\n\n\n<h3 class=\"wp-block-heading\">4. Hotel Princesa Sofia<\/h3>\n\n\n\n<p>Las elegantes habitaciones de este hotel de cuatro estrellas est\u00e1 perfecta distancia del campo de juego. Situado a unos 8 minutos a pie del Camp Nou, es el lugar ideal para ver el partido mientras tambi\u00e9n forma parte de la acci\u00f3n animada de Barcelona. Las habitaciones est\u00e1n decoradas en un estilo elegante, simple, con una carta de almohadas y ba\u00f1os de m\u00e1rmol de lujo. El restaurante del hotel ofrece tanto buffet y men\u00fas a la carta, mientras que el jard\u00edn de la cerveza b\u00e1vara adosado sirve una selecci\u00f3n de platos alemanes en verano.<\/p>\n\n\n\n<h3 class=\"wp-block-heading\">5. Senator Barcelona Spa Hotel<\/h3>\n\n\n\n<p>Otro hotel a escasos 500 metros de distancia del Camp Nou. El Senator Barcelona Spa Hotel tambi\u00e9n es de cuatro estrellas con habitaciones sencillas y elegantes y una piscina en la azotea con vistas a la ciudad. En el spa del hotel, hay una gran variedad de instalaciones, que incluyen ba\u00f1os turcos, ba\u00f1os romanos, cuevas de hielo, ba\u00f1eras de hidromasaje, una sauna, y un mont\u00f3n de diferentes tratamientos de masaje y belleza. Se puede alimentar con abundante desayuno buffet del hotel antes de dirigirse al recinto del Camp Nou para explorar.<\/p>\n\n\n\n<h3 class=\"wp-block-heading\">6. Madanis Hotel<\/h3>\n\n\n\n<p>Madera oscura y una paleta de colores c\u00e1lidos definen a este hotel bastante nuevo. Inaugurado en 2007, el Madanis se centra en la innovaci\u00f3n y el dise\u00f1o moderno, con vistas al campo de juego en el Camp Nou. La propiedad de cuatro estrellas ofrece un poco de relajaci\u00f3n para una estancia en Barcelona, con sus habitaciones neutras y elegante cafeter\u00eda, donde podr\u00e1 disfrutar de una copa mientras aprecia las vistas sobre la ciudad.<\/p>\n\n\n\n<h3 class=\"wp-block-heading\">7. Hotel Rey Juan Carlos<\/h3>\n\n\n\n<p>Si realmente quiere tirar la casa por la ventana, vaya al Hotel Rey Juan Carlos. Este hotel de negocios est\u00e1 rodeado por 25 hect\u00e1reas de exuberantes jardines. A tan s\u00f3lo 15 minutos a pie del Camp Nou, se obtiene lo mejor de ambos mundos aqu\u00ed, gracias a su galardonado spa y habitaciones amplias y contempor\u00e1neas. Tambi\u00e9n hay un restaurante de cocina mediterr\u00e1nea en una terraza junto a la piscina as\u00ed como un moderno bar en el vest\u00edbulo que regularmente tiene bandas performando en vivo.<\/p>\n\n\n\n<h3 class=\"wp-block-heading\">8. Aparthotel Atenea Barcelona<\/h3>\n\n\n\n<p>Este exclusivo aparthotel se encuentra junto a la Avenida Diagonal a unos 10 minutos a pie del estadio Camp Nou. Aqu\u00ed, usted encontrar\u00e1 habitaciones bien decoradas con Wi-Fi gratuito y cocinas personales, para que pueda tener una noche relajante despu\u00e9s de un d\u00eda de turismo. Si no le apetece cocinar, sin embargo, siempre se puede ir al restaurante del hotel, un estilo de buffet que sirve comidas abundantes y sanas.<\/p>\n\n\n\n<h3 class=\"wp-block-heading\">9. NH Collection Barcelona Constanza<\/h3>\n\n\n\n<p>Este luminoso y amplio hotel dispone de una terraza en la azotea con piscina y habitaciones modernas y amplias con incre\u00edbles vistas de la ciudad. Est\u00e1 situado cerca de un gran centro comercial en la avenida Diagonal, a s\u00f3lo 15 minutos de la estaci\u00f3n central de trenes de Sants de Barcelona. Hay un spa y un gimnasio para los hu\u00e9spedes, as\u00ed como un saludable desayuno buffet con platos frescos y antioxidantes. Un restaurante italiano est\u00e1 dirigido por el galardonado chef, Andrea Tumbardello, mientras que el Cocktail Bar de Diego Cabrerar sirve una selecci\u00f3n \u00fanica de bebidas de la firma.<\/p>\n\n\n\n<h3 class=\"wp-block-heading\">10. Hotel Upper Diagonal<\/h3>\n\n\n\n<p>El Hotel Upper Diagonal tiene una selecci\u00f3n de habitaciones con clase decoradas en tonos c\u00e1lidos y con excelentes instalaciones modernas y elegantes. Situado en la Avenida Diagonal,a menos de 2 km del Camp Nou. Con un gimnasio y un c\u00f3modo bar sal\u00f3n ideales para relajarse y descansar despu\u00e9s de un largo d\u00eda explorando.<\/p>\n\n\n\n<p>Hay un mont\u00f3n de hoteles cerca del Camp Nou para disfrutar, situado a poca distancia del estadio y con buenas conexiones de transporte con el centro de la ciudad.<\/p>\n","protected":false},"excerpt":{"rendered":"","protected":false},"author":2,"featured_media":0,"parent":0,"menu_order":6,"comment_status":"closed","ping_status":"closed","template":"","meta":{"_acf_changed":false,"footnotes":""},"post-style":[],"producer":[],"class_list":["post-13","page","type-page","status-publish"],"acf":[],"_links":{"self":[{"href":"https:\/\/www.visitcampnou.com\/es\/wp-json\/wp\/v2\/pages\/13","targetHints":{"allow":["GET"]}}],"collection":[{"href":"https:\/\/www.visitcampnou.com\/es\/wp-json\/wp\/v2\/pages"}],"about":[{"href":"https:\/\/www.visitcampnou.com\/es\/wp-json\/wp\/v2\/types\/page"}],"author":[{"embeddable":true,"href":"https:\/\/www.visitcampnou.com\/es\/wp-json\/wp\/v2\/users\/2"}],"replies":[{"embeddable":true,"href":"https:\/\/www.visitcampnou.com\/es\/wp-json\/wp\/v2\/comments?post=13"}],"version-history":[{"count":3,"href":"https:\/\/www.visitcampnou.com\/es\/wp-json\/wp\/v2\/pages\/13\/revisions"}],"predecessor-version":[{"id":879,"href":"https:\/\/www.visitcampnou.com\/es\/wp-json\/wp\/v2\/pages\/13\/revisions\/879"}],"wp:attachment":[{"href":"https:\/\/www.visitcampnou.com\/es\/wp-json\/wp\/v2\/media?parent=13"}],"wp:term":[{"taxonomy":"post-style","embeddable":true,"href":"https:\/\/www.visitcampnou.com\/es\/wp-json\/wp\/v2\/post-style?post=13"},{"taxonomy":"producer","embeddable":true,"href":"https:\/\/www.visitcampnou.com\/es\/wp-json\/wp\/v2\/producer?post=13"}],"curies":[{"name":"wp","href":"https:\/\/api.w.org\/{rel}","templated":true}]}}