{"id":16,"date":"2016-02-25T11:58:35","date_gmt":"2016-02-25T10:58:35","guid":{"rendered":"https:\/\/www.visitcampnou.com\/?page_id=16"},"modified":"2025-10-12T21:26:51","modified_gmt":"2025-10-12T19:26:51","slug":"mapa","status":"publish","type":"page","link":"https:\/\/www.visitcampnou.com\/es\/mapa\/","title":{"rendered":"Direcci\u00f3n, mapa e informaci\u00f3n de Spotify Camp Nou"},"content":{"rendered":"\n<h2 class=\"wp-block-heading\">\u00bfD\u00f3nde est\u00e1 Camp Nou en Barcelona?<\/h2>\n\n\n\n<p>El Camp Nou est\u00e1 situado a unos 5 kil\u00f3metros del centro de Barcelona, en el camino de salida de la ciudad hacia el este. A pesar de su ubicaci\u00f3n relativamente c\u00e9ntrica, es muy f\u00e1cil de alcanzar gracias al eficiente sistema de transporte de la ciudad. Hay una variedad de maneras de llegar all\u00ed desde toda la ciudad.<\/p>\n\n\n\n<p>El estadio en s\u00ed forma parte de un complejo deportivo con el Mini Estadi de Barcelona.<\/p>\n\n\n\n<h2 class=\"wp-block-heading\">Mapa y Direcci\u00f3n<\/h2>\n\n\n\n<address class=\"wp-block-ms-blocks-staticmap ms-mapblock ms-mb-block\"><h4>Spotify Camp Nou<\/h4><p class=\"ms-mb-0\"><img decoding=\"async\" class=\"ms-mapblock__map ms-rounded\" src=\"https:\/\/www.visitcampnou.com\/es\/wp-content\/uploads\/sites\/2\/maps\/staticmap_41.380896_2.1228198_14_600x400.png\" alt=\"Map of Spotify Camp Nou\"\/><\/p><p class=\"ms-text-sm ms-text-muted\">Les Corts, 08028 Barcelona, Spain \u00b7 <a rel=\"nofollow noopener\" target=\"_blank\" href=\"https:\/\/maps.google.com\/?q=41.380896,2.1228198\">Google Maps<\/a><\/p><\/address>\n\n\n\n<h2 class=\"wp-block-heading\">Horario de Apertura<\/h2>\n\n\n<div class=\"ms-table\"><table><tr><th>D\u00edas<\/th><th>Horario<\/th><\/tr><tr><td>Lunes &#8211; Domingo<\/td><td>10:00 \u2013 19:00<\/td><\/tr><\/table><\/div>\n\n\n<p><strong>Nota:<\/strong><\/p>\n\n\n\n<ul class=\"wp-block-list\">\n<li>\u00daltimo acceso 45 minutos antes del cierre.<\/li>\n\n\n\n<li>Las taquillas abren 15 minutos antes del inicio del Bar\u00e7a Inmersive Tour y cierran 45 minutos antes de su finalizaci\u00f3n.<\/li>\n<\/ul>\n\n\n\n<h2 class=\"wp-block-heading\">C\u00f3mo llegar<\/h2>\n\n\n\n<p>Spotify Camp Nou est\u00e1 cerrado actualmente por reformas. Mientras se transforma el estadio, puedes visitar el Bar\u00e7a Immersive Tour y el nuevo Museo del Bar\u00e7a, incluido el mirador de la construcci\u00f3n.<\/p>\n\n\n\n<h3 class=\"wp-block-heading\"><strong>\ud83d\ude87 En metro<\/strong><\/h3>\n\n\n\n<p>El metro es la forma m\u00e1s f\u00e1cil de llegar al estadio. Hay varias estaciones cercanas, cada una a unos 10 minutos a pie del Camp Nou:<\/p>\n\n\n\n<ul class=\"wp-block-list\">\n<li><strong>L\u00ednea 3 (l\u00ednea verde):<\/strong> Palau Reial, Les Corts<\/li>\n\n\n\n<li><strong>L\u00ednea 5 (l\u00ednea azul):<\/strong> Collblanc, Badal<\/li>\n<\/ul>\n\n\n\n<p><strong>Indicaciones para llegar a pie desde cada estaci\u00f3n:<\/strong><\/p>\n\n\n\n<ul class=\"wp-block-list\">\n<li><strong>Palau Reial:<\/strong> Sal de la estaci\u00f3n, gira a la izquierda y camina por la calle Mart\u00ed i Franqu\u00e8s. El estadio se encuentra al final de la calle.<\/li>\n\n\n\n<li><strong>Les Corts:<\/strong> Sal de la estaci\u00f3n, gira a la izquierda y camina por la Travessera de les Corts. Ver\u00e1s el estadio a tu derecha.<\/li>\n\n\n\n<li><strong>Collblanc:<\/strong> Salga de la estaci\u00f3n, gire a la derecha y camine por la calle de Sants. Gire a la izquierda por la calle de la Riera Blanca, que se convierte en la calle de Ar\u00edstides Maillol.<\/li>\n\n\n\n<li><strong>Badal:<\/strong> Salga de la estaci\u00f3n, gire a la izquierda y camine por la calle de Portbou. Gire a la izquierda por la avenida de Madrid y luego a la derecha por la calle de Benavent. El estadio se encuentra al final de la calle.<\/li>\n<\/ul>\n\n\n\n<p><strong>Estaciones de metro m\u00e1s cercanas a cada puerta de acceso:<\/strong><\/p>\n\n\n\n<ul class=\"wp-block-list\">\n<li><strong>Accesos 1-10:<\/strong> Palau Reial<\/li>\n\n\n\n<li><strong>Accesos 11-16:<\/strong> Collblanc<\/li>\n\n\n\n<li><strong>Accesos 17 y 19:<\/strong> Badal<\/li>\n\n\n\n<li><strong>Accesos 19-21:<\/strong> Les Corts<\/li>\n<\/ul>\n\n\n\n<p>Los d\u00edas de partido, el metro funciona hasta medianoche los d\u00edas laborables y durante toda la noche los s\u00e1bados. Es de esperar que haya m\u00e1s tr\u00e1fico durante los partidos.<\/p>\n\n\n\n<h3 class=\"wp-block-heading\"><strong>\ud83d\ude8c En autob\u00fas<\/strong><\/h3>\n\n\n\n<p>Varias l\u00edneas de autob\u00fas paran cerca del estadio:<\/p>\n\n\n\n<ul class=\"wp-block-list\">\n<li><strong>L\u00edneas 7, 15, 33, 43, 56, 63, 67, 68, 70, 72, 74, 75, 78, 113, 153, 157, 158, 167<\/strong><\/li>\n<\/ul>\n\n\n\n<p>Las paradas m\u00e1s cercanas son:<\/p>\n\n\n\n<ul class=\"wp-block-list\">\n<li><strong>L\u00ednea 75:<\/strong> B\u00e1jese en \u00abEstadi del Futbol Club Barcelona\u00bb<\/li>\n\n\n\n<li><strong>L\u00ednea L12:<\/strong> B\u00e1jese en \u00abEstadi del Futbol Club Barcelona\u00bb<\/li>\n\n\n\n<li><strong>L\u00ednea H8:<\/strong> B\u00e1jese en \u00abLes Corts-Arizala\u00bb<\/li>\n<\/ul>\n\n\n\n<p>Muchos autobuses tur\u00edsticos tambi\u00e9n paran en el estadio, lo que le permite subir y bajar a lo largo del d\u00eda.<\/p>\n\n\n\n<h3 class=\"wp-block-heading\"><strong>\ud83d\ude8b En tranv\u00eda<\/strong><\/h3>\n\n\n\n<p>Hay varias paradas de tranv\u00eda alrededor del Camp Nou, cada una a unos 10 minutos a pie del estadio:<\/p>\n\n\n\n<ul class=\"wp-block-list\">\n<li><strong>L\u00edneas T1, T2, T3:<\/strong> Maria Cristina, Pius XII, Palau Reial, Universitaria, Avinguda de Xile, Sant Ramon<\/li>\n<\/ul>\n\n\n\n<h3 class=\"wp-block-heading\"><strong>\ud83d\ude97 En coche<\/strong><\/h3>\n\n\n\n<p>Si vienes desde la Ronda de Dalt (la autopista que entra en la ciudad), toma la salida 11 por la Avenida Diagonal. Mantente a la derecha de las v\u00edas del tranv\u00eda antes de girar por la calle de Sabino Arana, que est\u00e1 se\u00f1alizada hacia el estadio. Siga la carretera hacia la izquierda y luego gire a la derecha por la Gran Via de Carles III antes de girar otra vez a la derecha por la Travessera de les Corts. El estadio aparecer\u00e1 pronto a su derecha.<\/p>\n\n\n\n<h2 class=\"wp-block-heading\">Aparcamiento cerca de Camp Nou<\/h2>\n\n\n\n<p>Debido a las obras en curso, el aparcamiento del estadio es limitado. Se puede aparcar gratis durante el horario de apertura del Bar\u00e7a Immersive Tour entrando por el acceso 14 de la calle Ar\u00edstides Maillol. Los d\u00edas de partido, el aparcamiento est\u00e1 abierto hasta 4 horas antes del inicio del partido.<\/p>\n\n\n\n<p>Tambi\u00e9n se puede aparcar en la avenida Diagonal, cerca de la Universidad.<\/p>\n\n\n\n<h2 class=\"wp-block-heading\">Accesibilidad<\/h2>\n\n\n\n<p>El Bar\u00e7a Immersive Tour es totalmente accesible para personas con movilidad reducida o usuarios de sillas de ruedas. La entrada es llana, sin dificultades de acceso.<\/p>\n\n\n\n<p>Hay un servicio gratuito de pr\u00e9stamo de sillas de ruedas, que se puede solicitar en el mostrador de informaci\u00f3n de la entrada. Los aseos adaptados son de uso exclusivo para personas con movilidad reducida.<\/p>\n","protected":false},"excerpt":{"rendered":"","protected":false},"author":2,"featured_media":0,"parent":0,"menu_order":7,"comment_status":"closed","ping_status":"closed","template":"","meta":{"_acf_changed":false,"footnotes":"","button_url":"https:\/\/www.tiqets.com\/es\/fc-barcelona-immersive-tour-museum-tickets-l224102\/?partner=visitcampnou","ms_product_id":"","ms_product_name":"","ms_price":"","ms_currency":"","ms_rating_value":"","ms_review_count":"","rank_math_title":"Direcci\u00f3n, mapa e informaci\u00f3n de Spotify Camp Nou","rank_math_description":"Obt\u00e9n toda la informaci\u00f3n que necesitas para llegar al Camp Nou, incluyendo indicaciones, mapa, horarios de apertura y mucho m\u00e1s."},"post-style":[],"producer":[],"class_list":["post-16","page","type-page","status-publish","has-post-thumbnail"],"acf":[],"product_schema":{"ms_product_id":"","ms_product_name":"","ms_price":"","ms_currency":"","ms_rating_value":"","ms_review_count":""},"_links":{"self":[{"href":"https:\/\/www.visitcampnou.com\/es\/wp-json\/wp\/v2\/pages\/16","targetHints":{"allow":["GET"]}}],"collection":[{"href":"https:\/\/www.visitcampnou.com\/es\/wp-json\/wp\/v2\/pages"}],"about":[{"href":"https:\/\/www.visitcampnou.com\/es\/wp-json\/wp\/v2\/types\/page"}],"author":[{"embeddable":true,"href":"https:\/\/www.visitcampnou.com\/es\/wp-json\/wp\/v2\/users\/2"}],"replies":[{"embeddable":true,"href":"https:\/\/www.visitcampnou.com\/es\/wp-json\/wp\/v2\/comments?post=16"}],"version-history":[{"count":3,"href":"https:\/\/www.visitcampnou.com\/es\/wp-json\/wp\/v2\/pages\/16\/revisions"}],"predecessor-version":[{"id":901,"href":"https:\/\/www.visitcampnou.com\/es\/wp-json\/wp\/v2\/pages\/16\/revisions\/901"}],"wp:attachment":[{"href":"https:\/\/www.visitcampnou.com\/es\/wp-json\/wp\/v2\/media?parent=16"}],"wp:term":[{"taxonomy":"post-style","embeddable":true,"href":"https:\/\/www.visitcampnou.com\/es\/wp-json\/wp\/v2\/post-style?post=16"},{"taxonomy":"producer","embeddable":true,"href":"https:\/\/www.visitcampnou.com\/es\/wp-json\/wp\/v2\/producer?post=16"}],"curies":[{"name":"wp","href":"https:\/\/api.w.org\/{rel}","templated":true}]}}