{"id":613,"date":"2016-02-22T15:31:13","date_gmt":"2016-02-22T14:31:13","guid":{"rendered":"https:\/\/www.visitcampnou.com\/?page_id=4"},"modified":"2025-10-09T22:38:07","modified_gmt":"2025-10-09T20:38:07","slug":"camp-nou-el-estadio-del-fc-barcelona","status":"publish","type":"page","link":"https:\/\/www.visitcampnou.com\/es\/","title":{"rendered":"Spotify Camp Nou &#8211; El Estadio del FC Barcelona"},"content":{"rendered":"<figure>\n                    <div class=\"ms-credits\"><img decoding=\"async\" class=\"gb-image gb-image-b3b3f66e\" src=\"https:\/\/www.visitcampnou.com\/wp-content\/uploads\/camp-nou-stadium-barcelona-1743999096.jpg\" alt=\"Camp Nou Stadium in Barcelona\" title=\"camp-nou-stadium-barcelona\"><span class='ms-credits__info' id='media715'><svg xmlns=\"http:\/\/www.w3.org\/2000\/svg\" width=\"20\" height=\"22\" fill=\"#000000\" viewBox=\"0 0 256 256\"><path d=\"M128,24A104,104,0,1,0,232,128,104.11,104.11,0,0,0,128,24Zm0,192a88,88,0,1,1,88-88A88.1,88.1,0,0,1,128,216ZM96,128a32,32,0,0,0,57.6,19.2,8,8,0,0,1,12.8,9.61,48,48,0,1,1,0-57.62,8,8,0,0,1-12.8,9.61A32,32,0,0,0,96,128Z\"><\/path><\/svg>RealityImages\/<a href=https:\/\/depositphotos.com\/editorial\/camp-nou-barcelona-spain-397175858.html rel='nofollow' target='_blank'>Depositphotos<\/a><\/span><span class='ms-credits__btn' id='btn_media715' onclick='ms_credits_trigger(\"#media715\", this)'><svg xmlns=\"http:\/\/www.w3.org\/2000\/svg\" class=\"info_icon\" width=\"28\" height=\"28\" fill=\"#FFF\" viewBox=\"0 0 256 256\"><path d=\"M128,24A104,104,0,1,0,232,128,104.11,104.11,0,0,0,128,24Zm0,192a88,88,0,1,1,88-88A88.1,88.1,0,0,1,128,216Zm16-40a8,8,0,0,1-8,8,16,16,0,0,1-16-16V128a8,8,0,0,1,0-16,16,16,0,0,1,16,16v40A8,8,0,0,1,144,176ZM112,84a12,12,0,1,1,12,12A12,12,0,0,1,112,84Z\"><\/path><\/svg><svg xmlns=\"http:\/\/www.w3.org\/2000\/svg\" class=\"close_icon\" width=\"28\" height=\"28\" fill=\"#FFF\" viewBox=\"0 0 256 256\"><path d=\"M165.66,101.66,139.31,128l26.35,26.34a8,8,0,0,1-11.32,11.32L128,139.31l-26.34,26.35a8,8,0,0,1-11.32-11.32L116.69,128,90.34,101.66a8,8,0,0,1,11.32-11.32L128,116.69l26.34-26.35a8,8,0,0,1,11.32,11.32ZM232,128A104,104,0,1,1,128,24,104.11,104.11,0,0,1,232,128Zm-16,0a88,88,0,1,0-88,88A88.1,88.1,0,0,0,216,128Z\"><\/path><\/svg><\/span><\/div><\/figure>\n\n\n<h1 class=\"wp-block-heading\">Spotify Camp Nou &#8211; El Estadio del FC Barcelona<\/h1>\n\n\n\n<p><a href=\"#tour\">Camp Nou Tour<\/a> &#8211; <a href=\"#museum\">Museo del FC Barcelona<\/a> &#8211; <a href=\"#shop\">Tienda del FC Barcelona<\/a> &#8211; <a href=\"#location\">Informaci\u00f3n para Visitantes<\/a><\/p>\n\n\n\n<hr class=\"wp-block-separator has-alpha-channel-opacity\"\/>\n\n\n\n<p class=\"lead\">Desde el 1957, el Camp Nou es el estadio del FC Barcelona y ha crecido en paralelo al m\u00edtico equipo de f\u00fatbol de la ciudad.<\/p>\n\n\n\n<p>Los d\u00edas de partido en Barcelona son bastante espectaculares. Lo locales y turistas con sus kits azul y granate, los aficionados animando a palmadas y la alegr\u00eda general en las calles convierten estos d\u00edas en momentos especiales. Esta buena vibra circula en todo el estadio del Camp Nou, alma y coraz\u00f3n de las escena del f\u00fatbol en Barcelona.<\/p>\n\n\n\n<p>Aqu\u00ed encontrar\u00e1 todo lo que necesita saber sobre el Camp Nou, desde sus actividades a como se puede llegar y todo lo dem\u00e1s.<\/p>\n\n\n\n<h2 class=\"wp-block-heading\" id=\"tour\">Camp Nou Tour<\/h2>\n\n\n\n<p>El tour del Camp Nou es la segunda raz\u00f3n m\u00e1s popular por la que la gente visita el estadio (la primera siendo, por supuesto, de ver el equipo en toda su gloria). Abarcando todo el estadio, el tour le lleva al Museo del FC barcelona, a las vitrinas llenas de trofeos, las pantallas interactivas y los recordatorios hist\u00f3ricos de los antiguos jugadores, la sala de prensa, los vestuarios y evidentemente, el propio terreno de juego.<\/p>\n\n\n\n<p>Tambi\u00e9n incluye un paseo por el t\u00fanel de los jugadores, un vistazo a la cabina de los comentaristas, y una hojeado al espacio de Messi &#8211; y s\u00ed, hay un espacio completamente dedicado a la estrella argentina.<\/p>\n\n\n\n<p>En esta secci\u00f3n de la p\u00e1gina web le damos una visi\u00f3n general de la visita. Descubra cu\u00e1ndo y c\u00f3mo puede ir al estadio, y aprenda m\u00e1s acerca de lo que se ofrece en este pack bastante impresionante.<\/p>\n\n\n\n<p><a href=\"\/es\/tour\/\">Lea m\u00e1s sobre el <b>Camp Nou Tour<\/b> \u00bb<\/a><\/p>\n\n\n\n<h2 class=\"wp-block-heading\" id=\"museum\">Museo del FC Barcelona<\/h2>\n\n\n\n<p>El Museo constituye una de las paradas del tour del Camp Nou y le da la oportunidad de ver realmente lo lejos que ha llegado el FC Barcelona.<\/p>\n\n\n\n<p>Junto a las vitrinas llen\u00edsimas de trofeos brillantes, podr\u00e1 explorar gracias a pantallas interactivas la historia del equipo, del estadio, de los jugadores del pasado y de los grandes \u00e9xitos que han llevado al equipo a d\u00f3nde est\u00e1n hoy.<\/p>\n\n\n\n<p>Se lo diremos todo sobre las pantallas en el museo, qu\u00e9 trofeos podr\u00e1 ver, cu\u00e1nto puede esperarse a pagar para entrar en el museo, y cu\u00e1nto tiempo podr\u00e1 pasar por el paseo de la memoria.<\/p>\n\n\n\n<p><a href=\"\/es\/museo\/\">Lea m\u00e1s sobre el <b>Museo del FC Barcelona<\/b> \u00bb<\/a><\/p>\n\n\n\n<h2 class=\"wp-block-heading\" id=\"shop\">Tienda del FC Barcelona<\/h2>\n\n\n\n<p>Adictos a las compras cuidado &#8211; la tienda del FC Barcelona es insuperable. Situada dentro del Camp Nou, la tienda es una muestra de todas las cosas relacionadas con el Bar\u00e7a.<\/p>\n\n\n\n<p>Ocupa tres plantas enteras llenas de material de futbol, productos oficiales, camisetas, pelotas de f\u00fatbol, e incluso material de otros deportes, \u00a1Seguro que no vas a querer salir con las manos vac\u00edas!<\/p>\n\n\n\n<p>Si lo desea, tambi\u00e9n puede personalizar su propio material con el servicio casero Make it Bar\u00e7a y su laboratorio de impresi\u00f3n.<\/p>\n\n\n\n<p>Si quiere saber m\u00e1s sobre la tienda, lo cubrimos. Le informaremos de qu\u00e9 tipo de cosas puede comprar, qu\u00e9 hay que tener en cuenta, y qu\u00e9 horarios tienen.<\/p>\n\n\n\n<p><a href=\"\/es\/tienda\/\">Lea m\u00e1s sobre la <b>Tienda del FC Barcelona<\/b> \u00bb<\/a><\/p>\n\n\n\n<h2 class=\"wp-block-heading\" id=\"location\">Informaci\u00f3n para Visitantes<\/h2>\n\n\n\n<p>No tiene sentido compartir toda esta informaci\u00f3n sobre el Camp Nou con vosotros si no sabe c\u00f3mo llegar a \u00e9l.<\/p>\n\n\n\n<p>Le diremos c\u00f3mo puede llegar al estadio desde diferentes puntos de la ciudad utilizando diferentes m\u00e9todos de transporte, de manera a encontrar una manera de llegar all\u00ed adaptada a usted y su presupuesto. Esta es la parte en la que tambi\u00e9n destacaremos la accesibilidad y los horarios de apertura. &#8211; b\u00e1sicamente todo lo que necesita saber para visitar el Camp Nou.<\/p>\n\n\n\n<p><a href=\"\/es\/mapa\/\">Ver la <strong>Informaci\u00f3n para Visitantes<\/strong> \u00bb<\/a><\/p>\n","protected":false},"excerpt":{"rendered":"","protected":false},"author":2,"featured_media":715,"parent":0,"menu_order":2,"comment_status":"closed","ping_status":"closed","template":"","meta":{"_acf_changed":false,"footnotes":"","button_url":"https:\/\/www.tiqets.com\/es\/fc-barcelona-immersive-tour-museum-tickets-l224102\/?partner=visitcampnou","ms_product_id":"","ms_product_name":"","ms_price":"","ms_currency":"","ms_rating_value":"","ms_review_count":"","rank_math_title":"Spotify Camp Nou | Visita el estadio del FC Barcelona en %currentyear%","rank_math_description":"Visita el Spotify Camp Nou, el ic\u00f3nico estadio del FC Barcelona. Informaci\u00f3n sobre qu\u00e9 hacer y ver, incluyendo la mundialmente famosa experiencia del Tour del Camp Nou."},"post-style":[],"producer":[],"class_list":["post-613","page","type-page","status-publish","has-post-thumbnail"],"acf":[],"product_schema":{"ms_product_id":"","ms_product_name":"","ms_price":"","ms_currency":"","ms_rating_value":"","ms_review_count":""},"_links":{"self":[{"href":"https:\/\/www.visitcampnou.com\/es\/wp-json\/wp\/v2\/pages\/613","targetHints":{"allow":["GET"]}}],"collection":[{"href":"https:\/\/www.visitcampnou.com\/es\/wp-json\/wp\/v2\/pages"}],"about":[{"href":"https:\/\/www.visitcampnou.com\/es\/wp-json\/wp\/v2\/types\/page"}],"author":[{"embeddable":true,"href":"https:\/\/www.visitcampnou.com\/es\/wp-json\/wp\/v2\/users\/2"}],"replies":[{"embeddable":true,"href":"https:\/\/www.visitcampnou.com\/es\/wp-json\/wp\/v2\/comments?post=613"}],"version-history":[{"count":3,"href":"https:\/\/www.visitcampnou.com\/es\/wp-json\/wp\/v2\/pages\/613\/revisions"}],"predecessor-version":[{"id":885,"href":"https:\/\/www.visitcampnou.com\/es\/wp-json\/wp\/v2\/pages\/613\/revisions\/885"}],"wp:featuredmedia":[{"embeddable":true,"href":"https:\/\/www.visitcampnou.com\/es\/wp-json\/wp\/v2\/media\/715"}],"wp:attachment":[{"href":"https:\/\/www.visitcampnou.com\/es\/wp-json\/wp\/v2\/media?parent=613"}],"wp:term":[{"taxonomy":"post-style","embeddable":true,"href":"https:\/\/www.visitcampnou.com\/es\/wp-json\/wp\/v2\/post-style?post=613"},{"taxonomy":"producer","embeddable":true,"href":"https:\/\/www.visitcampnou.com\/es\/wp-json\/wp\/v2\/producer?post=613"}],"curies":[{"name":"wp","href":"https:\/\/api.w.org\/{rel}","templated":true}]}}