{"id":614,"date":"2016-02-25T10:39:26","date_gmt":"2016-02-25T09:39:26","guid":{"rendered":"https:\/\/www.visitcampnou.com\/?page_id=11"},"modified":"2025-10-12T21:24:50","modified_gmt":"2025-10-12T19:24:50","slug":"tienda","status":"publish","type":"page","link":"https:\/\/www.visitcampnou.com\/es\/tienda\/","title":{"rendered":"Tienda del FC Barcelona en el Camp Nou"},"content":{"rendered":"\n<p><a href=\"#visit\"><u>Planifique su visita<\/u><\/a> \u2013 <a href=\"#buy\"><u>Qu\u00e9 comprar<\/u><\/a> \u2013 <a href=\"#personalize\"><u>Personalice su compra<\/u><\/a><\/p>\n\n\n\n<hr class=\"wp-block-separator has-alpha-channel-opacity\"\/>\n\n\n\n<p class=\"lead\">La tienda del FC Barcelona es una de las paradas m\u00e1s esperadas en la visita del Camp Nou, ya que permite a los visitantes la oportunidad de comprarse su propio material del Bar\u00e7a y recoger un par de recuerdos en el camino.<\/p>\n\n\n<figure>\n                    <div class=\"ms-credits\"><img decoding=\"async\" class=\"gb-image gb-image-32869252\" src=\"https:\/\/www.visitcampnou.com\/wp-content\/uploads\/fc-barcelona-shop-1744000961.jpg\" alt=\"FC Barcelona Shop at Camp Nou\" title=\"fc-barcelona-shop\"><span class='ms-credits__info' id='media713'><svg xmlns=\"http:\/\/www.w3.org\/2000\/svg\" width=\"20\" height=\"22\" fill=\"#000000\" viewBox=\"0 0 256 256\"><path d=\"M128,24A104,104,0,1,0,232,128,104.11,104.11,0,0,0,128,24Zm0,192a88,88,0,1,1,88-88A88.1,88.1,0,0,1,128,216ZM96,128a32,32,0,0,0,57.6,19.2,8,8,0,0,1,12.8,9.61,48,48,0,1,1,0-57.62,8,8,0,0,1-12.8,9.61A32,32,0,0,0,96,128Z\"><\/path><\/svg>gerasimov\/<a href=https:\/\/depositphotos.com\/editorial\/fc-barcelona-official-megastore-in-camp-nou-studium-spain-178487898.html rel='nofollow' target='_blank'>Depositphotos<\/a><\/span><span class='ms-credits__btn' id='btn_media713' onclick='ms_credits_trigger(\"#media713\", this)'><svg xmlns=\"http:\/\/www.w3.org\/2000\/svg\" class=\"info_icon\" width=\"28\" height=\"28\" fill=\"#FFF\" viewBox=\"0 0 256 256\"><path d=\"M128,24A104,104,0,1,0,232,128,104.11,104.11,0,0,0,128,24Zm0,192a88,88,0,1,1,88-88A88.1,88.1,0,0,1,128,216Zm16-40a8,8,0,0,1-8,8,16,16,0,0,1-16-16V128a8,8,0,0,1,0-16,16,16,0,0,1,16,16v40A8,8,0,0,1,144,176ZM112,84a12,12,0,1,1,12,12A12,12,0,0,1,112,84Z\"><\/path><\/svg><svg xmlns=\"http:\/\/www.w3.org\/2000\/svg\" class=\"close_icon\" width=\"28\" height=\"28\" fill=\"#FFF\" viewBox=\"0 0 256 256\"><path d=\"M165.66,101.66,139.31,128l26.35,26.34a8,8,0,0,1-11.32,11.32L128,139.31l-26.34,26.35a8,8,0,0,1-11.32-11.32L116.69,128,90.34,101.66a8,8,0,0,1,11.32-11.32L128,116.69l26.34-26.35a8,8,0,0,1,11.32,11.32ZM232,128A104,104,0,1,1,128,24,104.11,104.11,0,0,1,232,128Zm-16,0a88,88,0,1,0-88,88A88.1,88.1,0,0,0,216,128Z\"><\/path><\/svg><\/span><\/div><figcaption class=\"gb-headline gb-headline-9deecb10 gb-headline-text\"><small>Tienda del FC Barcelona en el Camp Nou<\/small><\/figcaption><\/figure>\n\n\n<p>Situado en el coraz\u00f3n del estadio, la tienda del Camp Nou cubre tres plantas est\u00e1n llenas hasta el borde de coloridos kits, objetos y extravagantes regalos para toda la familia. Es una experiencia que sin duda no deber\u00eda perderse. Aunque hay varias tiendas de franquicias repartidas por toda la ciudad, la tienda del FC Barcelona en el estadio es de lejos la m\u00e1s grande y mejor, ofreciendo una gama de servicios personalizados que se les dar\u00e1 envidia a sus amigos una vez en casa.<\/p>\n\n\n\n<p>La tienda del estadio de Barcelona abarca tres pisos completos con f\u00e1cil acceso al museo, y es un sue\u00f1o para los amantes del deporte, con su ecl\u00e9ctica selecci\u00f3n de kits, accesorios y regalos. Tambi\u00e9n puede navegar por la selecci\u00f3n de kits de otros deportes locales, y maravillarse con la enorme colecci\u00f3n de productos de Nike.<\/p>\n\n\n\n<p>Tal vez la mejor parte de la tienda de FC Barcelona es su car\u00e1cter interactivo, que mantiene a los fans y visitantes ocupados durante horas. El dise\u00f1o innovador tiene toneladas de toques extravagantes y servicios exclusivos que hacen que la experiencia sea especial para cada persona. Ya sea para personalizar sus productos de Nike, conseguir su nombre impreso en un kit de Barcelona, o personalizar su nuevo par de zapatos con cordones extravagantes, la megatienda tienda lo cubre todo.<\/p>\n\n\n\n<p>Pero no son s\u00f3lo los kits y ropa que la tienda vende. Si usted es futbolista va a estar encantado, ya que la megatienda se duplica como el punto de entrenamiento de f\u00fatbol en Barcelona. Es el hogar de un pu\u00f1ado de expertos que est\u00e1n listos y esperando para ofrecerle consejos para perfeccionar sus habilidades, independientemente de su edad y experiencia.<\/p>\n\n\n\n<h2 class=\"wp-block-heading\" id=\"visit\">Planifique su visita<\/h2>\n\n\n\n<h3 class=\"wp-block-heading\" id=\"times\">Horarios de apertura<\/h3>\n\n\n<div class=\"ms-table\"><table><tr><th>D\u00edas<\/th><th>Horario<\/th><\/tr><tr><td>Lunes &#8211; Domingo<\/td><td>10:00 \u2013 19:00<\/td><\/tr><\/table><\/div>\n\n\n<h3 class=\"wp-block-heading\"><strong>Mapa y direcci\u00f3n<\/strong><\/h3>\n\n\n\n<address class=\"wp-block-ms-blocks-staticmap ms-mapblock ms-mb-block\"><h4>Spotify Camp Nou Store<\/h4><p class=\"ms-mb-0\"><img decoding=\"async\" class=\"ms-mapblock__map ms-rounded\" src=\"https:\/\/www.visitcampnou.com\/es\/wp-content\/uploads\/sites\/2\/maps\/staticmap_41.3811048_2.1201984_14_600x400.png\" alt=\"Map of Spotify Camp Nou Store\"\/><\/p><p class=\"ms-text-sm ms-text-muted\">Av. de Joan XXIII, s\/n, Les Corts, 08028 Barcelona, Spain \u00b7 <a rel=\"nofollow noopener\" target=\"_blank\" href=\"https:\/\/maps.google.com\/?q=41.3811048,2.1201984\">Google Maps<\/a><\/p><\/address>\n\n\n\n<h2 class=\"wp-block-heading\" id=\"buy\">Qu\u00e9 comprar<\/h2>\n\n\n\n<p>Cada secci\u00f3n en la tienda del Camp Nou es el hogar de una nueva gama de delicias, prometiendo una experiencia fascinante para todo tipo de visitantes.<\/p>\n\n\n\n<p>En la planta baja encontrar\u00e1 una gran variedad de ropa de f\u00fatbol, incluidas la del equipo y la de otros equipos. Adem\u00e1s de esto, tambi\u00e9n est\u00e1n los antiguos conjuntos del FC Barcelona y kits de otros deportes.<\/p>\n\n\n\n<p>En otra secci\u00f3n, hay una gran variedad de souvenirs, desde relojes y ordenadores port\u00e1tiles de tem\u00e1tica futbol\u00edstica, a vasos, tazas, y mu\u00f1ecos de peluche. Aqu\u00ed, usted encontrar\u00e1 todo tipo de regalo, e incluso algunos de ellos pueden ser personalizados para amigos y\/o familiares.<\/p>\n\n\n\n<p>En otra parte, hay una secci\u00f3n de venta de calzados de f\u00fatbol Nike: el para\u00edso para los amantes del deporte. La selecci\u00f3n amplia cuenta con todas las \u00faltimas tendencias de dise\u00f1o, as\u00ed como herramientas de personalizaci\u00f3n para hacer que cada pieza a su propio gusto &#8211; \u00bfcordones de colores brillantes? Lo tiene. \u00bfSu nombre cosido en el lado? \u00a1Consid\u00e9relo hecho!<\/p>\n\n\n\n<p>La tienda no estar\u00eda completa sin la secci\u00f3n de impresi\u00f3n, donde se puede obtener el nombre y el n\u00famero impreso en cualquier camisa de su elecci\u00f3n &#8211; \u00a1no tiene porqu\u00e9 ser una camiseta de f\u00fatbol!<\/p>\n\n\n\n<p>Tambi\u00e9n hay una zona de diversi\u00f3n &#8216;Show Time&#8217;, donde se podr\u00e1 obtener su cara sonriente superpuesta a las fotograf\u00edas de los jugadores famosos. Simplemente puede jugar alrededor y ver lo que le parecer\u00eda estar junto a algunos de los m\u00e1s grandes futbolistas de nuestro tiempo.<\/p>\n\n\n\n<p>La tienda se completa con una secci\u00f3n llamada &#8216;Museo Corner&#8217;, donde hay estantes de las r\u00e9plicas de los objetos del museo, incluyendo viejos balones de cuero y grabados de la litograf\u00eda de Mir\u00f3.<\/p>\n\n\n\n<h2 class=\"wp-block-heading\" id=\"personalize\">Personalice su compra<\/h2>\n\n\n\n<p>La tienda del FC Barcelona es conocida por su car\u00e1cter interactivo, donde puede crear su propia experiencia en funci\u00f3n de sus intereses.<\/p>\n\n\n\n<h3 class=\"wp-block-heading\">Personalice su kit<\/h3>\n\n\n\n<p>En la expansiva secci\u00f3n \u00abMake it Bar\u00e7a\u00bb, puede transformar sus productos Nike y personalizarlos con cordones y botones. Incluso puede agregar el blas\u00f3n del club a sus zapatos o conseguir su nombre cosido en ellos para darle el toque final. Cuando usted haya dise\u00f1ado sus zapatos, los podr\u00e1 compartir en la pared Social junto a otros para ver su obra.<\/p>\n\n\n\n<h3 class=\"wp-block-heading\">El Laboratorio de impresi\u00f3n<\/h3>\n\n\n\n<p>El Laboratorio de impresi\u00f3n es donde se puede obtener su nombre y n\u00famero impresos en cualquier kit que le guste. Para ello, s\u00f3lo tiene que introducir sus datos en las pantallas t\u00e1ctiles que salpican y luego pulsar enviar &#8211; la camisa ser\u00e1 enviada inmediatamente al laboratorio de impresi\u00f3n para que pueda evitar las colas y llev\u00e1rselo a casa con usted tan pronto como sea posible.<\/p>\n\n\n\n<h3 class=\"wp-block-heading\">Nike extras<\/h3>\n\n\n\n<p>La tienda del Camp Nou est\u00e1 inundada con cientos de productos de Nike, incluyendo la \u00faltima moda de calzado y accesorios, as\u00ed como los m\u00e1s innovadores nuevos lanzamientos de la marca.<\/p>\n\n\n\n<h3 class=\"wp-block-heading\">No s\u00f3lo f\u00fatbol<\/h3>\n\n\n\n<p>No es s\u00f3lo equipos de f\u00fatbol que atraen a las multitudes aqu\u00ed. La megatienda tambi\u00e9n las poblaciones de cientos de kits, de una variedad de otros deportes populares, como el f\u00fatbol sala, hockey, baloncesto, balonmano y. Usted puede obtener todos estos requisitos particulares con su nombre y n\u00famero, tambi\u00e9n.<\/p>\n\n\n\n<h3 class=\"wp-block-heading\">Nuevas tecnolog\u00edas<\/h3>\n\n\n\n<p>Una innovadora pantalla LED de 16m proyecta im\u00e1genes sobre las escaleras que recorren la tienda, imitando la apariencia del estadio y d\u00e1ndole un ambiente \u00fanico no muy diferente al estar en un partido en tiempo real.<\/p>\n","protected":false},"excerpt":{"rendered":"","protected":false},"author":2,"featured_media":713,"parent":0,"menu_order":5,"comment_status":"closed","ping_status":"closed","template":"","meta":{"_acf_changed":false,"footnotes":"","button_url":"https:\/\/www.tiqets.com\/es\/fc-barcelona-immersive-tour-museum-tickets-l224102\/?partner=visitcampnou","ms_product_id":"","ms_product_name":"","ms_price":"","ms_currency":"","ms_rating_value":"","ms_review_count":"","rank_math_title":"Tienda del FC Barcelona: Visita el Camp Nou y compra productos oficiales","rank_math_description":"Encuentra toda la informaci\u00f3n sobre la tienda del FC Barcelona en el Camp Nou: ubicaci\u00f3n, horarios de apertura y consejos \u00fatiles para tu visita."},"post-style":[],"producer":[],"class_list":["post-614","page","type-page","status-publish","has-post-thumbnail"],"acf":[],"product_schema":{"ms_product_id":"","ms_product_name":"","ms_price":"","ms_currency":"","ms_rating_value":"","ms_review_count":""},"_links":{"self":[{"href":"https:\/\/www.visitcampnou.com\/es\/wp-json\/wp\/v2\/pages\/614","targetHints":{"allow":["GET"]}}],"collection":[{"href":"https:\/\/www.visitcampnou.com\/es\/wp-json\/wp\/v2\/pages"}],"about":[{"href":"https:\/\/www.visitcampnou.com\/es\/wp-json\/wp\/v2\/types\/page"}],"author":[{"embeddable":true,"href":"https:\/\/www.visitcampnou.com\/es\/wp-json\/wp\/v2\/users\/2"}],"replies":[{"embeddable":true,"href":"https:\/\/www.visitcampnou.com\/es\/wp-json\/wp\/v2\/comments?post=614"}],"version-history":[{"count":3,"href":"https:\/\/www.visitcampnou.com\/es\/wp-json\/wp\/v2\/pages\/614\/revisions"}],"predecessor-version":[{"id":900,"href":"https:\/\/www.visitcampnou.com\/es\/wp-json\/wp\/v2\/pages\/614\/revisions\/900"}],"wp:featuredmedia":[{"embeddable":true,"href":"https:\/\/www.visitcampnou.com\/es\/wp-json\/wp\/v2\/media\/713"}],"wp:attachment":[{"href":"https:\/\/www.visitcampnou.com\/es\/wp-json\/wp\/v2\/media?parent=614"}],"wp:term":[{"taxonomy":"post-style","embeddable":true,"href":"https:\/\/www.visitcampnou.com\/es\/wp-json\/wp\/v2\/post-style?post=614"},{"taxonomy":"producer","embeddable":true,"href":"https:\/\/www.visitcampnou.com\/es\/wp-json\/wp\/v2\/producer?post=614"}],"curies":[{"name":"wp","href":"https:\/\/api.w.org\/{rel}","templated":true}]}}