{"id":9,"date":"2016-02-25T10:19:03","date_gmt":"2016-02-25T09:19:03","guid":{"rendered":"https:\/\/www.visitcampnou.com\/?page_id=9"},"modified":"2026-03-26T09:48:38","modified_gmt":"2026-03-26T08:48:38","slug":"museo","status":"publish","type":"page","link":"https:\/\/www.visitcampnou.com\/es\/museo\/","title":{"rendered":"Museo del FC Barcelona en el Camp Nou"},"content":{"rendered":"\n<p><a href=\"#tickets\"><u>Entradas<\/u><\/a> \u2013 <a href=\"#opening-times\"><u>Horario de apertura<\/u><\/a> \u2013 <a href=\"#see\"><u>Qu\u00e9 ver y hacer<\/u><\/a> \u2013 <a href=\"#history\"><u>Historia<\/u><\/a> \u2013 <a href=\"#faq\">FAQs<\/a><\/p>\n\n\n\n<hr class=\"wp-block-separator has-alpha-channel-opacity\"\/>\n\n\n\n<p class=\"lead\">El Museo del FC Barcelona es el segundo museo m\u00e1s visitado de Barcelona, s\u00f3lo superado por el Museo Picasso.<\/p>\n\n\n\n<p>Eso demuestra lo importante que es el f\u00fatbol para la ciudad, y el n\u00famero de personas que se aventuran al recinto para descubrir m\u00e1s acerca de este legendario equipo.<br>El Camp Nou Experience combina una colecci\u00f3n de paradas en todo el estadio, incluyendo una vista del terreno de juego, del t\u00fanel de los jugadores y los vestuarios de los equipos visitantes. Pero la parte m\u00e1s fascinante de la visita es el museo del Camp Nou.<\/p>\n\n\n\n<p>Dentro de este recinto educativo, hay cientos de pantallas interactivas que muestran la historia del club, incluyendo los \u00e9xitos de los jugadores, trofeos, e historias de tiempos pasados. Si desea conocer el equipo de f\u00fatbol Barcelona, a un nivel que va m\u00e1s all\u00e1 de los aficionados, es posible que desee echarle un vistazo.<\/p>\n\n\n\n<p>Una visita al museo de f\u00fatbol de Barcelona va de la mano con la Camp Nou Experience, que por desgracia no se puede visitar de una vez &#8211; usted tiene que comprar un tiquet para todas las atracciones del estadio. Esto en realidad no importa, ya que el museo vale la pena la inversi\u00f3n por s\u00ed solo.<\/p>\n\n\n\n<h2 class=\"wp-block-heading\" id=\"tickets\">Entradas y Precios<\/h2>\n\n\n\n<p>\u00bfEst\u00e1s planeando una visita al Museo del FC Barcelona en el Camp Nou? Aqu\u00ed tienes una gu\u00eda amigable para ayudarte a elegir la entrada perfecta para tu experiencia.<\/p>\n\n\n\n<ul class=\"wp-block-list\">\n<li><a href=\"https:\/\/www.tiqets.com\/es\/atracciones-barcelona-c66342\/entradas-para-museo-del-fc-barcelona-entrada-p1058220\/?partner=visitcampnou\" data-type=\"link\" data-id=\"https:\/\/www.tiqets.com\/es\/atracciones-barcelona-c66342\/entradas-para-museo-del-fc-barcelona-entrada-p1058220\/?partner=visitcampnou\" rel=\"nofollow noopener\"><strong>Entrada flexible<\/strong>:<\/a> explora el museo a tu propio ritmo, desde las salas de trofeos hasta la experiencia inmersiva Spotify Camp Nou Live. Perfecto si tu horario es flexible.<\/li>\n<\/ul>\n\n\n\n<ul class=\"wp-block-list\">\n<li><a href=\"https:\/\/www.tiqets.com\/es\/atracciones-barcelona-c66342\/entradas-para-museo-del-fc-barcelona-experiencia-total-p1084615\/?partner=visitcampnou\" data-type=\"link\" data-id=\"https:\/\/www.tiqets.com\/es\/atracciones-barcelona-c66342\/entradas-para-museo-del-fc-barcelona-experiencia-total-p1084615\/?partner=visitcampnou\" rel=\"nofollow noopener\"><strong>Experiencia total<\/strong>:<\/a> Disfruta al m\u00e1ximo con exposiciones interactivas, zonas de realidad virtual, el desaf\u00edo Robokeeper y un recuerdo fotogr\u00e1fico personalizado.<\/li>\n<\/ul>\n\n\n\n<ul class=\"wp-block-list\">\n<li><a href=\"https:\/\/www.getyourguide.es\/barcelona-l45\/visita-guiada-y-brunch-para-aficionados-del-fc-barcelona-t128025\/?partner_id=FENKESD&amp;utm_medium=online_publisher\" data-type=\"link\" data-id=\"https:\/\/www.getyourguide.com\/barcelona-l45\/fc-barcelona-fans-experience-guided-visit-and-brunch-t128025\/?partner_id=FENKESD&amp;utm_medium=online_publisher\" rel=\"nofollow noopener\"><strong>Visita guiada<\/strong>:<\/a> \u00danete a un gu\u00eda biling\u00fce para ver lo m\u00e1s destacado, incluidas las salas inmersivas y los miradores del estadio.<\/li>\n<\/ul>\n\n\n\n<ul class=\"wp-block-list\">\n<li><a href=\"https:\/\/www.tiqets.com\/es\/barcelona-aquarium-flexi-ticket-fc-barcelona-museum-flexible-ticket-b44909\/?partner=visitcampnou\" data-type=\"link\" data-id=\"https:\/\/www.tiqets.com\/barcelona-aquarium-flexi-ticket-fc-barcelona-museum-flexible-ticket-b44909\/?partner=visitcampnou\" rel=\"nofollow noopener\"><strong>Paquetes combinados<\/strong>:<\/a> Combina tu visita al museo con otras atracciones destacadas de Barcelona para disfrutar de un d\u00eda completo de diversi\u00f3n.<\/li>\n<\/ul>\n\n\n\n<h2 class=\"wp-block-heading\" id=\"opening-times\">Horarios de apertura<\/h2>\n\n\n\n<p>El Bar\u00e7a Immersive Tour recibe visitantes todos los d\u00edas de la semana.<\/p>\n\n\n<div class=\"ms-table\"><table><tr><th>Periodo<\/th><th>D\u00edas<\/th><th>Horario<\/th><\/tr><tr><td>2 ene \u2013 25 feb<\/td><td>Lunes \u2013 domingo<\/td><td>10:00 \u2013 18:00<\/td><\/tr><tr><td>26 feb \u2013 27 mar<\/td><td>Lunes \u2013 domingo<\/td><td>10:00 \u2013 19:00<\/td><\/tr><tr><td>28 mar \u2013 18 oct<\/td><td>Lunes \u2013 domingo<\/td><td>9:30 \u2013 19:00<\/td><\/tr><tr><td>19 oct \u2013 31 dic<\/td><td>Lunes \u2013 domingo<\/td><td>10:00 \u2013 18:00<\/td><\/tr><tr><td>25 dic y 1 ene<\/td><td><\/td><td>Cerrado<\/td><\/tr><\/table><\/div>\n\n\n<p>La \u00faltima entrada es 45 minutos antes del cierre. La visita dura aproximadamente 1 hora.<\/p>\n\n\n\n<p><strong>Nota:<\/strong><\/p>\n\n\n\n<ul class=\"wp-block-list\">\n<li>El recorrido permanecer\u00e1 cerrado todo el d\u00eda el 2 de abril debido a un evento del Club.<\/li>\n\n\n\n<li>Los s\u00e1bados, de 15:00 a 17:00, hay un horario de menor afluencia, excepto los d\u00edas de partido del primer equipo masculino y del 28 de abril al 1 de septiembre.<\/li>\n\n\n\n<li>Actualmente, el Spotify Camp Nou est\u00e1 en obras. Todas las entradas (excepto Bar\u00e7aBus) incluyen el Museo del FC Barcelona sin entrar en el estadio.<\/li>\n<\/ul>\n\n\n\n<h2 class=\"wp-block-heading\" id=\"see\">Cosas a ver<\/h2>\n\n\n\n<h3 class=\"wp-block-heading\">La Secci\u00f3n Hist\u00f3rica<\/h3>\n\n\n\n<p>Esta es la mayor parte del museo y ofrece un paseo cronol\u00f3gico por el camino de la memoria. Aqu\u00ed, podr\u00e1 aprenderlo todo sobre el crecimiento del club desde su nacimiento en 1899, incluyendo sus m\u00e1s famosas victorias, sus mayores fracasos, y la colecci\u00f3n de jugadores muy queridos.<\/p>\n\n\n\n<p>La pantalla cuenta con una mezcla de informaci\u00f3n, videos y documentos impresos que se unen para crear el cuadro grande. Ideal si es un poco aficionado a la historia, y perfecto si est\u00e1 esperando para mejorar su conocimiento sobre el equipo.<\/p>\n\n\n\n<h3 class=\"wp-block-heading\">Galer\u00eda de los Trofeos<\/h3>\n\n\n<figure>\n                    <div class=\"ms-credits\"><img decoding=\"async\" class=\"gb-image gb-image-32869252\" src=\"https:\/\/www.visitcampnou.com\/wp-content\/uploads\/fc-barcelona-museum-1744000506.jpg\" alt=\"Trophy collection inside the FC Barcelona museum\" title=\"fc-barcelona-museum\"><span class='ms-credits__info' id='media714'><svg xmlns=\"http:\/\/www.w3.org\/2000\/svg\" width=\"20\" height=\"22\" fill=\"#000000\" viewBox=\"0 0 256 256\"><path d=\"M128,24A104,104,0,1,0,232,128,104.11,104.11,0,0,0,128,24Zm0,192a88,88,0,1,1,88-88A88.1,88.1,0,0,1,128,216ZM96,128a32,32,0,0,0,57.6,19.2,8,8,0,0,1,12.8,9.61,48,48,0,1,1,0-57.62,8,8,0,0,1-12.8,9.61A32,32,0,0,0,96,128Z\"><\/path><\/svg>resulmuslu\/<a href=https:\/\/depositphotos.com\/editorial\/barcelona-spain-may-2016-barcelona-museum-camp-nou-studium-museum-378145918.html rel='nofollow' target='_blank'>Depositphotos<\/a><\/span><span class='ms-credits__btn' id='btn_media714' onclick='ms_credits_trigger(\"#media714\", this)'><svg xmlns=\"http:\/\/www.w3.org\/2000\/svg\" class=\"info_icon\" width=\"28\" height=\"28\" fill=\"#FFF\" viewBox=\"0 0 256 256\"><path d=\"M128,24A104,104,0,1,0,232,128,104.11,104.11,0,0,0,128,24Zm0,192a88,88,0,1,1,88-88A88.1,88.1,0,0,1,128,216Zm16-40a8,8,0,0,1-8,8,16,16,0,0,1-16-16V128a8,8,0,0,1,0-16,16,16,0,0,1,16,16v40A8,8,0,0,1,144,176ZM112,84a12,12,0,1,1,12,12A12,12,0,0,1,112,84Z\"><\/path><\/svg><svg xmlns=\"http:\/\/www.w3.org\/2000\/svg\" class=\"close_icon\" width=\"28\" height=\"28\" fill=\"#FFF\" viewBox=\"0 0 256 256\"><path d=\"M165.66,101.66,139.31,128l26.35,26.34a8,8,0,0,1-11.32,11.32L128,139.31l-26.34,26.35a8,8,0,0,1-11.32-11.32L116.69,128,90.34,101.66a8,8,0,0,1,11.32-11.32L128,116.69l26.34-26.35a8,8,0,0,1,11.32,11.32ZM232,128A104,104,0,1,1,128,24,104.11,104.11,0,0,1,232,128Zm-16,0a88,88,0,1,0-88,88A88.1,88.1,0,0,0,216,128Z\"><\/path><\/svg><\/span><\/div><figcaption class=\"gb-headline gb-headline-9deecb10 gb-headline-text\"><small>Colecci\u00f3n de trofeos dentro del museo del FC Barcelona<\/small><\/figcaption><\/figure>\n\n\n<p>Tal vez lo m\u00e1s llamativo sobre el museo son sus paredes llenas de vitrinas llenas de trofeos y medallas brillantes que abarcan d\u00e9cadas.<\/p>\n\n\n\n<p>Puede echarle un vistazo a la Copa de la Champions League, e incluso conseguir una foto con ella (aunque esto le costar\u00e1 \u20ac 13 si desea comprar la foto al final).<\/p>\n\n\n\n<p>Pero si incluso no es un entusiasta de objetos brillantes, la enorme colecci\u00f3n de trofeos en todas las formas y tama\u00f1os es suficiente para levantar sus ojos.<\/p>\n\n\n\n<h3 class=\"wp-block-heading\">La colecci\u00f3n &#8216;Futbol Art&#8217;<\/h3>\n\n\n\n<p>Hay una secci\u00f3n entera dedicada a todo tipo de recuerdos y material ef\u00edmero relacionado con el f\u00fatbol. De hecho, algunos de ellos ni siquiera est\u00e1n relacionados con el f\u00fatbol en absoluto. Esp\u00e9rese a ver cosas como los viejos juegos de futbol\u00edn, trofeos de otros deportes locales, y una colecci\u00f3n de grabados y obras dedicadas al museo y al equipo de f\u00fatbol (obras de Dal\u00ed, Mir\u00f3 y Tapies, que fueron creadas especialmente para el equipo).<\/p>\n\n\n\n<p>En esta secci\u00f3n tambi\u00e9n vendr\u00e1 a trav\u00e9s de las mismas botas que llevaba Ronald Koeman para marcar el gol de la victoria en la final de la Copa de Europa en 1992. Esto no era cualquier gol. Este gol se marc\u00f3 en el minuto 111 e hizo ganar a Barcelona su primer trofeo europeo.<\/p>\n\n\n\n<h3 class=\"wp-block-heading\">Exposici\u00f3n temporal<\/h3>\n\n\n\n<p>La \u00faltima etapa del museo es una exposici\u00f3n temporal en constante cambio. A continuaci\u00f3n, encontrar\u00e1 pantallas que exponen historias de individuales (como Joan Gamper &#8211; el hombre que fund\u00f3 el FC Barcelona), y obras de arte dedicadas al f\u00fatbol y el equipo local. Lo que pasa en esta sala de exposiciones va a suerte, as\u00ed que mejor comprobar antes en la p\u00e1gina web y saber a qu\u00e9 se puede esperar<\/p>\n\n\n\n<h2 class=\"wp-block-heading\" id=\"history\">Historia<\/h2>\n\n\n\n<p>Descubre c\u00f3mo el Museo del FC Barcelona se convirti\u00f3 en uno de los museos deportivos m\u00e1s populares del mundo. Desde una peque\u00f1a idea hasta la experiencia inmersiva actual, as\u00ed es como empez\u00f3 todo:<\/p>\n\n\n\n<div class=\"ms-timeline-list ms-mb-block\">\n<div class=\"ms-timeline-item\">\n<p class=\"gb-text ms-timeline-item__time\">1928<\/p>\n\n\n\n<p class=\"gb-text\">Surgi\u00f3 la idea de crear un museo del Bar\u00e7a, un lugar donde exhibir los trofeos y la historia del club.<\/p>\n<\/div>\n\n\n\n<div class=\"ms-timeline-item\">\n<p class=\"gb-text ms-timeline-item__time\">1984<\/p>\n\n\n\n<p class=\"gb-text\">El museo finalmente abri\u00f3 sus puertas dentro del Spotify Camp Nou, repleto de trofeos, fotos y recuerdos de los mejores momentos del club.<\/p>\n<\/div>\n\n\n\n<div class=\"ms-timeline-item\">\n<p class=\"gb-text ms-timeline-item__time\">A\u00f1os 90<\/p>\n\n\n\n<p class=\"gb-text\">El espacio se ampli\u00f3 varias veces, a\u00f1adiendo nuevas exposiciones, obras de arte y pantallas multimedia.<\/p>\n<\/div>\n\n\n\n<div class=\"ms-timeline-item\">\n<p class=\"gb-text ms-timeline-item__time\">2010<\/p>\n\n\n\n<p class=\"gb-text\">Una gran remodelaci\u00f3n lo convirti\u00f3 en el Camp Nou Experience, con pantallas interactivas y v\u00eddeos que daban vida a la historia del Bar\u00e7a.<\/p>\n<\/div>\n\n\n\n<div class=\"ms-timeline-item\">\n<p class=\"gb-text ms-timeline-item__time\">2023<\/p>\n\n\n\n<p class=\"gb-text\">El museo se traslad\u00f3 a una sede temporal junto al Palau Blaugrana durante la renovaci\u00f3n del Spotify Camp Nou, ahora conocido como el Museo del FC Barcelona y Tour Inmersivo (Bar\u00e7a Immersive Tour).<\/p>\n<\/div>\n<\/div>\n\n\n\n<h2 class=\"wp-block-heading\" id=\"faq\">Preguntas frecuentes<\/h2>\n\n\n<div id=\"rank-math-faq\" class=\"rank-math-block ms-rankmath-accordion\">\n<div class=\"rank-math-list \">\n<div id=\"faq-question-1717062476605\" class=\"rank-math-list-item\">\n<h3 class=\"rank-math-question \">\u00bfEl precio es diferente si compro online o en taquilla?<\/h3>\n<div class=\"rank-math-answer \">\n\n<p>\u00a1S\u00ed! <a href=\"https:\/\/www.tiqets.com\/es\/fc-barcelona-immersive-tour-museum-tickets-l224102\/?partner=visitcampnou\" rel=\"nofollow noopener\">Las entradas online<\/a> siempre son m\u00e1s baratas. En taquilla, te encontrar\u00e1s con largas colas, tasas adicionales y posibles retrasos dependiendo de la disponibilidad de sesiones.<\/p>\n\n<\/div>\n<\/div>\n<div id=\"faq-question-1717062505033\" class=\"rank-math-list-item\">\n<h3 class=\"rank-math-question \">\u00bfEs necesario reservar con antelaci\u00f3n?<\/h3>\n<div class=\"rank-math-answer \">\n\n<p>Es mejor comprar las entradas por Internet con antelaci\u00f3n. El museo limita el n\u00famero de visitantes para garantizar la comodidad, y algunas entradas o sesiones se agotan r\u00e1pidamente.<\/p>\n\n<\/div>\n<\/div>\n<div id=\"faq-question-1717062519392\" class=\"rank-math-list-item\">\n<h3 class=\"rank-math-question \">\u00bfPuedo cancelar un billete?<\/h3>\n<div class=\"rank-math-answer \">\n\n<p>No, no se puede cancelar el billete una vez completada la compra.<\/p>\n\n<\/div>\n<\/div>\n<div id=\"faq-question-1760039492256\" class=\"rank-math-list-item\">\n<h3 class=\"rank-math-question \">\u00bfCu\u00e1nto dura la visita?<\/h3>\n<div class=\"rank-math-answer \">\n\n<p>En el Bar\u00e7a Immersive Tour, puedes pasar todo el tiempo que quieras. Las visitas libres duran una media de 1 hora, mientras que las visitas guiadas y el Palau Players Tour duran 45 minutos con un gu\u00eda, seguidos de una exploraci\u00f3n libre.<\/p>\n\n<\/div>\n<\/div>\n<\/div>\n<\/div>","protected":false},"excerpt":{"rendered":"","protected":false},"author":2,"featured_media":714,"parent":0,"menu_order":4,"comment_status":"closed","ping_status":"closed","template":"","meta":{"_acf_changed":false,"footnotes":"","button_url":"https:\/\/www.tiqets.com\/es\/fc-barcelona-immersive-tour-museum-tickets-l224102\/?partner=visitcampnou","ms_product_id":"","ms_product_name":"","ms_price":"","ms_currency":"","ms_rating_value":"","ms_review_count":"","rank_math_title":"Museo del FC Barcelona en el Camp Nou (Informaci\u00f3n + Entradas)","rank_math_description":"Descubre el Museo del FC Barcelona en el Camp Nou. Obt\u00e9n detalles sobre qu\u00e9 ver, horarios de apertura y c\u00f3mo comprar entradas para el Museo del Camp Nou."},"post-style":[],"producer":[],"class_list":["post-9","page","type-page","status-publish","has-post-thumbnail"],"acf":[],"product_schema":{"ms_product_id":"","ms_product_name":"","ms_price":"","ms_currency":"","ms_rating_value":"","ms_review_count":""},"_links":{"self":[{"href":"https:\/\/www.visitcampnou.com\/es\/wp-json\/wp\/v2\/pages\/9","targetHints":{"allow":["GET"]}}],"collection":[{"href":"https:\/\/www.visitcampnou.com\/es\/wp-json\/wp\/v2\/pages"}],"about":[{"href":"https:\/\/www.visitcampnou.com\/es\/wp-json\/wp\/v2\/types\/page"}],"author":[{"embeddable":true,"href":"https:\/\/www.visitcampnou.com\/es\/wp-json\/wp\/v2\/users\/2"}],"replies":[{"embeddable":true,"href":"https:\/\/www.visitcampnou.com\/es\/wp-json\/wp\/v2\/comments?post=9"}],"version-history":[{"count":3,"href":"https:\/\/www.visitcampnou.com\/es\/wp-json\/wp\/v2\/pages\/9\/revisions"}],"predecessor-version":[{"id":936,"href":"https:\/\/www.visitcampnou.com\/es\/wp-json\/wp\/v2\/pages\/9\/revisions\/936"}],"wp:featuredmedia":[{"embeddable":true,"href":"https:\/\/www.visitcampnou.com\/es\/wp-json\/wp\/v2\/media\/714"}],"wp:attachment":[{"href":"https:\/\/www.visitcampnou.com\/es\/wp-json\/wp\/v2\/media?parent=9"}],"wp:term":[{"taxonomy":"post-style","embeddable":true,"href":"https:\/\/www.visitcampnou.com\/es\/wp-json\/wp\/v2\/post-style?post=9"},{"taxonomy":"producer","embeddable":true,"href":"https:\/\/www.visitcampnou.com\/es\/wp-json\/wp\/v2\/producer?post=9"}],"curies":[{"name":"wp","href":"https:\/\/api.w.org\/{rel}","templated":true}]}}