{"id":13,"date":"2016-02-25T11:23:04","date_gmt":"2016-02-25T10:23:04","guid":{"rendered":"https:\/\/www.visitcampnou.com\/?page_id=13"},"modified":"2025-10-09T02:00:09","modified_gmt":"2025-10-09T00:00:09","slug":"hotels","status":"publish","type":"page","link":"https:\/\/www.visitcampnou.com\/fr\/hotels\/","title":{"rendered":"10 Meilleurs H\u00f4tels pr\u00e8s du Camp Nou"},"content":{"rendered":"<p class=\"lead\">Si vous avez programm\u00e9 tout votre voyage \u00e0 Barcelone autour d\u2019un match ou la chance d\u2019explorer le stade, vous voudrez rester \u00e0 l\u2019un des h\u00f4tels situ\u00e9s pr\u00e8s du Camp Nou.<\/p>\n<p>Il y en a beaucoup, y compris des luxueux avec des bars en terrasse et des piscines, \u00e0 des budgets plus raisonnables. Voici notre s\u00e9lection des 10 meilleurs h\u00f4tels pr\u00e8s du stade Camp Nou \u00e0 Barcelone.<\/p>\n<h3>1. NH Barcelona Stadium<\/h3>\n<p>Le nom de cet h\u00f4tel se r\u00e9f\u00e8re au stade, vous saurez donc qu\u2019il r\u00e9pond plut\u00f4t aux besoins des clients int\u00e9ress\u00e9s par le football. Cet endroit donne litt\u00e9ralement sur le stade et est am\u00e9nag\u00e9 d\u2019une superbe piscine sur le toit avec des vues imprenables sur la ville. Ainsi que du WiFi, d\u2019une salle de gym, d\u2019un menu \u2018coussin\u2019 raffin\u00e9 (oui c\u2019est exact, vous pouvez choisir parmi une s\u00e9lection de coussins), sa terrasse ensoleill\u00e9e donne sur les sommets verts de la Montagne Montjuic.<\/p>\n<h3>2. Hotel Alguer Camp Nou<\/h3>\n<p>Cet h\u00f4tel est une autre bonne option situ\u00e9e \u00e0 seulement 550 m\u00e8tres du stade Camp Nou \u2013 s\u00e9rieusement, pourriez-vous \u00eatre plus pr\u00e8s ?! C\u2019est un h\u00f4tel intime et familial qui offre des lits de base mais confortables pour les fans de football et ceux qui cherchent \u00e0 explorer les offres culturelles autour de Avenida Diagonal. Les chambres poss\u00e8dent un style espagnol distinct, avec du carrelage et des couleurs sourdes.<\/p>\n<h3>3. Hotel Catalonia Rigoletto<\/h3>\n<p>L\u2019int\u00e9rieur somptueux et moderne de l\u2019h\u00f4tel Catalonia Rigoletto est id\u00e9al pour les voyageurs haut de gamme qui cherchent un peu plus de dynamisme pour leur s\u00e9jour que les hurlements de la foule d\u2019un stade de foot. Situ\u00e9 \u00e0 550 m\u00e8tres du stade, il poss\u00e8de une piscine ext\u00e9rieure de luxe, le WiFi gratuit, ainsi que des chambres magnifiques et spacieuses d\u00e9cor\u00e9es avec du bois sombre, de la lumi\u00e8re ambiante et des couleurs riches. Le restaurant sur place La Traviata peut faire taire une foule avec son petit-d\u00e9jeuner buffet et ses plats M\u00e9diterran\u00e9ens.<\/p>\n<h3>4. Hotel Princesa Sofia<\/h3>\n<p>Les chambres \u00e9l\u00e9gantes de cet h\u00f4tel quatre \u00e9toiles sont un parfait arr\u00eat loin du terrain de jeu. Situ\u00e9 \u00e0 environ 8 minutes de marche du Camp Nou, c\u2019est l\u2019endroit id\u00e9al pour regarder le match tout en prenant part \u00e0 l\u2019animation de Barcelone. Les chambres sont par\u00e9es d\u2019un style simple et \u00e9l\u00e9gant, compl\u00e9t\u00e9es par un menu \u2018coussin\u2019 et des salles de bain haut de gamme en marbre. Le restaurant int\u00e9rieur offre des menus buffet et \u00e0 la carte, pendant que la brasserie en terrasse Bavarian sert une s\u00e9lection de plats allemands en \u00e9t\u00e9.<\/p>\n<h3>5. Senator Barcelona Spa Hotel<\/h3>\n<p>Un autre hotel se trouve \u00e0 550 m\u00e8tres du Camp Nou. Senator Barcelona Spa est un h\u00f4tel d\u2019affaires quatre \u00e9toiles avec des chambres simples et \u00e9l\u00e9gantes, et une piscine sur le toit qui donne sur la ville. Au spa int\u00e9rieur, il y a une gamme d\u2019installations, y compris des bains turcs et romains, des grottes de glace, des jacuzzis, un sauna, et de nombreux massages et soins de beaut\u00e9. Vous pouvez faire le plein avec le petit-d\u00e9jeuner buffet complet de l\u2019h\u00f4tel avant d\u2019aller explorer les terrains du Camp Nou.<\/p>\n<h3>6. Madanis Hotel<\/h3>\n<p>Le bois sombre et la palette de couleurs sourdes d\u00e9finissent ce nouveau bel h\u00f4tel. Ouvert en 2007, le Madanis met l\u2019accent sur l\u2019innovation et le design moderne, et donne sur le terrain du Camp Nou. La propri\u00e9t\u00e9 quatre \u00e9toiles offre un peu de relaxation lors d\u2019un s\u00e9jour \u00e0 Barcelone, avec ses chambres neutres et son caf\u00e9 chic, o\u00f9 vous pouvez profiter d\u2019un verre tout en admirant la ville.<\/p>\n<h3>7. Hotel Rey Juan Carlos<\/h3>\n<p>Si vous voulez vraiment marquer votre esprit, essayez l\u2019h\u00f4tel Rey Juan Carlos, complexe touristique et d\u2019affaires entour\u00e9 par 25 hectares de luxuriants jardins taill\u00e9s. A seulement 15 minutes de marche du Camp Nou, vous aurez ici le meilleur des deux mondes, gr\u00e2ce \u00e0 son spa r\u00e9compens\u00e9, et ses chambres spacieuses et contemporaines. Il y a \u00e9galement un restaurant M\u00e9diterran\u00e9en int\u00e9rieur et une terrasse pr\u00e8s de la piscine \u00e0 appr\u00e9cier, ainsi qu\u2019un lobby bar qui a r\u00e9guli\u00e8rement des performances d\u2019artistes en direct.<\/p>\n<h3>8. Aparthotel Atenea Barcelona<\/h3>\n<p>Cet Aparthotel unique se trouve juste \u00e0 l\u2019Avenida Diagonal et \u00e0 environ 10 minutes \u00e0 pied du stade Camp Nou. Ici, vous trouverez des chambres joliment d\u00e9cor\u00e9es avec le WiFi gratuit et des cuisines personnelles, afin d\u2019avoir une soir\u00e9e relaxante apr\u00e8s une journ\u00e9e de d\u00e9couverte. Si vous n\u2019aimez pas cuisiner, vous pouvez toujours vous rendre au restaurant de l\u2019h\u00f4tel, qui est un buffet style affaire servant des repas sains et copieux.<\/p>\n<h3>9. NH Collection Barcelona Constanza<\/h3>\n<p>Cet h\u00f4tel lumineux et a\u00e9r\u00e9 poss\u00e8de une terrasse sur le toit avec une piscine et des chambres spacieuses et \u00e9l\u00e9gantes avec une vue imprenable sur la ville. Il se situe pr\u00e8s d\u2019un grand centre commercial sur Avenida Diagonal et \u00e0 seulement 15 minutes de marche de la gare centrale Sants de Barcelone. Il y a un spa et une salle de gym int\u00e9rieurs pour les clients, ainsi qu\u2019un petit-d\u00e9jeuner buffet sain avec des plats frais et antioxydants. Un restaurant italien est g\u00e9r\u00e9 par un chef \u00e9toil\u00e9, Andrea Tumbardello, pendant que le bar Diego Cabrerar Cocktail sert une s\u00e9lection unique de boissons de pr\u00e9dilection.<\/p>\n<h3>10. Hotel Upper Diagonal<\/h3>\n<p>L\u2019h\u00f4tel Upper Diagonal poss\u00e8de un choix de chambres raffin\u00e9es, d\u00e9cor\u00e9es de couleurs sourdes et d\u2019\u00e9quipements modernes et \u00e9l\u00e9gants. Situ\u00e9 sur Avenida Diagonal, il est \u00e0 moins d\u20191,6km du Camp Nou. Avec une salle de fitness et un lounge bar confortable, il est id\u00e9al pour se reposer et se relaxer apr\u00e8s une longue journ\u00e9e de d\u00e9couverte.<\/p>\n<p>Il existe de nombreux h\u00f4tels \u00e0 appr\u00e9cier pr\u00e8s du Camp Nou, qui vous placent \u00e0 une distance de marche du stade et avec des liaisons vers le c\u0153ur de la ville.<\/p>\n","protected":false},"excerpt":{"rendered":"","protected":false},"author":2,"featured_media":0,"parent":0,"menu_order":6,"comment_status":"closed","ping_status":"closed","template":"","meta":{"_acf_changed":false,"footnotes":"","button_url":"https:\/\/www.tiqets.com\/fr\/fc-barcelona-immersive-tour-museum-tickets-l224102\/?partner=visitcampnou","ms_product_id":"","ms_product_name":"","ms_price":"","ms_currency":"","ms_rating_value":"","ms_review_count":"","rank_math_title":"10 meilleurs h\u00f4tels pr\u00e8s du Camp Nou (avec images)","rank_math_description":"Liste de 10 h\u00f4tels pr\u00e8s du Camp Nou \u00e0 Barcelone, tous situ\u00e9s \u00e0 quelques pas du stade et offrant un acc\u00e8s facile au centre-ville."},"post-style":[],"producer":[],"class_list":["post-13","page","type-page","status-publish","has-post-thumbnail"],"acf":[],"product_schema":{"ms_product_id":"","ms_product_name":"","ms_price":"","ms_currency":"","ms_rating_value":"","ms_review_count":""},"_links":{"self":[{"href":"https:\/\/www.visitcampnou.com\/fr\/wp-json\/wp\/v2\/pages\/13","targetHints":{"allow":["GET"]}}],"collection":[{"href":"https:\/\/www.visitcampnou.com\/fr\/wp-json\/wp\/v2\/pages"}],"about":[{"href":"https:\/\/www.visitcampnou.com\/fr\/wp-json\/wp\/v2\/types\/page"}],"author":[{"embeddable":true,"href":"https:\/\/www.visitcampnou.com\/fr\/wp-json\/wp\/v2\/users\/2"}],"replies":[{"embeddable":true,"href":"https:\/\/www.visitcampnou.com\/fr\/wp-json\/wp\/v2\/comments?post=13"}],"version-history":[{"count":2,"href":"https:\/\/www.visitcampnou.com\/fr\/wp-json\/wp\/v2\/pages\/13\/revisions"}],"predecessor-version":[{"id":875,"href":"https:\/\/www.visitcampnou.com\/fr\/wp-json\/wp\/v2\/pages\/13\/revisions\/875"}],"wp:attachment":[{"href":"https:\/\/www.visitcampnou.com\/fr\/wp-json\/wp\/v2\/media?parent=13"}],"wp:term":[{"taxonomy":"post-style","embeddable":true,"href":"https:\/\/www.visitcampnou.com\/fr\/wp-json\/wp\/v2\/post-style?post=13"},{"taxonomy":"producer","embeddable":true,"href":"https:\/\/www.visitcampnou.com\/fr\/wp-json\/wp\/v2\/producer?post=13"}],"curies":[{"name":"wp","href":"https:\/\/api.w.org\/{rel}","templated":true}]}}