{"id":16,"date":"2016-02-25T11:58:35","date_gmt":"2016-02-25T10:58:35","guid":{"rendered":"https:\/\/www.visitcampnou.com\/?page_id=16"},"modified":"2025-10-12T21:42:46","modified_gmt":"2025-10-12T19:42:46","slug":"adresse","status":"publish","type":"page","link":"https:\/\/www.visitcampnou.com\/fr\/adresse\/","title":{"rendered":"Adresse, carte et informations sur Spotify Camp Nou"},"content":{"rendered":"\n<h2 class=\"wp-block-heading\">O\u00f9 se situe le Camp Nou \u00e0 Barcelone ?<\/h2>\n\n\n\n<p>Le Camp Nou se trouve \u00e0 environ 5 kilom\u00e8tres du centre de Barcelone \u00e0 la sortie de la ville vers l\u2019est. Malgr\u00e9 son emplacement pas tr\u00e8s au centre, il est facilement accessible gr\u00e2ce au syst\u00e8me de transport efficace de la ville. Il existe plusieurs fa\u00e7ons d\u2019y arriver depuis toute la ville, que vous pouvez consulter ci-dessous.<\/p>\n\n\n\n<p>Le stade lui-m\u00eame fait partie d\u2019un complexe sportif avec le Mini Estadi de Barcelone.<\/p>\n\n\n\n<h2 class=\"wp-block-heading\">Carte et Adresse<\/h2>\n\n\n\n<address class=\"wp-block-ms-blocks-staticmap ms-mapblock ms-mb-block\"><h4>Spotify Camp Nou<\/h4><p class=\"ms-mb-0\"><img decoding=\"async\" class=\"ms-mapblock__map ms-rounded\" src=\"https:\/\/www.visitcampnou.com\/fr\/wp-content\/uploads\/sites\/5\/maps\/staticmap_41.380896_2.1228198_14_600x400.png\" alt=\"Map of Spotify Camp Nou\"\/><\/p><p class=\"ms-text-sm ms-text-muted\">Les Corts, 08028 Barcelona, Spain \u00b7 <a rel=\"nofollow noopener\" target=\"_blank\" href=\"https:\/\/maps.google.com\/?q=41.380896,2.1228198\">Google Maps<\/a><\/p><\/address>\n\n\n\n<h2 class=\"wp-block-heading\">Horaires <\/h2>\n\n\n<div class=\"ms-table\"><table><tr><th>P\u00e9riode<\/th><th>Jours<\/th><th>Horaires<\/th><\/tr><tr><td>2 janv. \u2013 25 f\u00e9vr.<\/td><td>Lundi \u2013 dimanche<\/td><td>10:00 \u2013 18:00<\/td><\/tr><tr><td>26 f\u00e9vr. \u2013 27 mars<\/td><td>Lundi \u2013 dimanche<\/td><td>10:00 \u2013 19:00<\/td><\/tr><tr><td>28 mars \u2013 18 oct.<\/td><td>Lundi \u2013 dimanche<\/td><td>9:30 \u2013 19:00<\/td><\/tr><tr><td>19 oct. \u2013 31 d\u00e9c.<\/td><td>Lundi \u2013 dimanche<\/td><td>10:00 \u2013 18:00<\/td><\/tr><tr><td>25 d\u00e9c. &#038; 1 janv.<\/td><td><\/td><td>Ferm\u00e9<\/td><\/tr><\/table><\/div>\n\n\n<p><strong>Remarque :<\/strong><\/p>\n\n\n\n<ul class=\"wp-block-list\">\n<li>Derni\u00e8re entr\u00e9e 45 minutes avant la fermeture.<\/li>\n\n\n\n<li>Les guichets ouvrent 15 minutes avant le d\u00e9but du Bar\u00e7a Inmersive Tour et ferment 45 minutes avant la fin de la visite.<\/li>\n<\/ul>\n\n\n\n<h2 class=\"wp-block-heading\"><strong>Comment s&rsquo;y rendre<\/strong><\/h2>\n\n\n\n<p>Spotify Camp Nou est actuellement ferm\u00e9 pour r\u00e9novation. Pendant la transformation du stade, vous pouvez toujours visiter le Bar\u00e7a Immersive Tour et le nouveau mus\u00e9e du Bar\u00e7a, y compris le point de vue sur la construction.<\/p>\n\n\n\n<h3 class=\"wp-block-heading\"><strong>\ud83d\ude87 En m\u00e9tro<\/strong><\/h3>\n\n\n\n<p>Le m\u00e9tro est le moyen le plus simple pour se rendre au stade. Il y a plusieurs stations \u00e0 proximit\u00e9, chacune \u00e0 environ 10 minutes \u00e0 pied du Camp Nou :<\/p>\n\n\n\n<ul class=\"wp-block-list\">\n<li><strong>Ligne 3 (ligne verte) :<\/strong> Palau Reial, Les Corts<\/li>\n\n\n\n<li><strong>Ligne 5 (ligne bleue) :<\/strong> Collblanc, Badal<\/li>\n<\/ul>\n\n\n\n<p><strong>Itin\u00e9raire \u00e0 pied depuis chaque station :<\/strong><\/p>\n\n\n\n<ul class=\"wp-block-list\">\n<li><strong>Palau Reial :<\/strong> Sortez de la station, tournez \u00e0 gauche et longez la Carrer de Mart\u00ed i Franqu\u00e8s. Le stade se trouve au bout de la rue.<\/li>\n\n\n\n<li><strong>Les Corts :<\/strong> Sortez de la station, tournez \u00e0 gauche et descendez la Travessera de les Corts. Vous verrez le stade sur votre droite.<\/li>\n\n\n\n<li><strong>Collblanc :<\/strong> sortez de la station, tournez \u00e0 droite et longez la rue Carrer de Sants. Tournez \u00e0 gauche dans la rue Carrer de la Riera Blanca, qui devient la rue Carrer d&rsquo;Ar\u00edstides Maillol.<\/li>\n\n\n\n<li><strong>Badal :<\/strong> sortez de la station, tournez \u00e0 gauche et longez la rue Carrer de Portbou. Tournez \u00e0 gauche dans l&rsquo;avenue Avenida de Madrid, puis \u00e0 droite dans la rue Carrer de Benavent. Le stade se trouve au bout de la rue.<\/li>\n<\/ul>\n\n\n\n<p><strong>Stations de m\u00e9tro les plus proches de chaque porte d&rsquo;acc\u00e8s :<\/strong><\/p>\n\n\n\n<ul class=\"wp-block-list\">\n<li><strong>Acc\u00e8s 1 \u00e0 10 :<\/strong> Palau Reial<\/li>\n\n\n\n<li><strong>Acc\u00e8s 11 \u00e0 16 :<\/strong> Collblanc<\/li>\n\n\n\n<li><strong>Acc\u00e8s 17 et 19 :<\/strong> Badal<\/li>\n\n\n\n<li><strong>Acc\u00e8s 19 \u00e0 21 :<\/strong> Les Corts<\/li>\n<\/ul>\n\n\n\n<p>Les jours de match, le m\u00e9tro fonctionne jusqu&rsquo;\u00e0 minuit en semaine et toute la nuit le samedi. Attendez-vous \u00e0 une affluence plus importante pendant les matchs.<\/p>\n\n\n\n<h3 class=\"wp-block-heading\"><strong>\ud83d\ude8c En bus<\/strong><\/h3>\n\n\n\n<p>Plusieurs lignes de bus s&rsquo;arr\u00eatent \u00e0 proximit\u00e9 du stade :<\/p>\n\n\n\n<ul class=\"wp-block-list\">\n<li><strong>Lignes 7, 15, 33, 43, 56, 63, 67, 68, 70, 72, 74, 75, 78, 113, 153, 157, 158, 167<\/strong><\/li>\n<\/ul>\n\n\n\n<p>Pour les arr\u00eats les plus proches :<\/p>\n\n\n\n<ul class=\"wp-block-list\">\n<li><strong>Ligne 75 :<\/strong> descendez \u00e0 \u00ab Estadi del Futbol Club Barcelona \u00bb<\/li>\n\n\n\n<li><strong>Ligne L12 :<\/strong> descendez \u00e0 \u00ab Estadi del Futbol Club Barcelona \u00bb<\/li>\n\n\n\n<li><strong>Ligne H8 :<\/strong> descendez \u00e0 \u00ab Les Corts-Arizala \u00bb<\/li>\n<\/ul>\n\n\n\n<p>De nombreux bus touristiques s&rsquo;arr\u00eatent \u00e9galement au stade, vous permettant de monter et descendre tout au long de la journ\u00e9e.<\/p>\n\n\n\n<h3 class=\"wp-block-heading\"><strong>\ud83d\ude8b En tramway<\/strong><\/h3>\n\n\n\n<p>Il y a plusieurs arr\u00eats de tramway autour du Camp Nou, chacun \u00e0 environ 10 minutes \u00e0 pied du stade :<\/p>\n\n\n\n<ul class=\"wp-block-list\">\n<li><strong>Lignes T1, T2, T3 :<\/strong> Maria Cristina, Pius XII, Palau Reial, Universitaria, Avinguda de Xile, Sant Ramon<\/li>\n<\/ul>\n\n\n\n<h3 class=\"wp-block-heading\"><strong>\ud83d\ude97 En voiture<\/strong><\/h3>\n\n\n\n<p>Si vous venez de la Ronda de Dalt (l&rsquo;autoroute qui m\u00e8ne \u00e0 la ville), prenez la sortie 11 le long de l&rsquo;Avenida Diagonal. Restez \u00e0 droite des voies du tramway avant de tourner dans la Calle de Sabino Arana, qui est indiqu\u00e9e vers le stade. Suivez la route vers la gauche, puis tournez \u00e0 droite sur Gran Via de Carles III avant de tourner \u00e0 nouveau \u00e0 droite sur Travessera de les Corts. Le stade appara\u00eetra bient\u00f4t sur votre droite.<\/p>\n\n\n\n<h2 class=\"wp-block-heading\">Parking pr\u00e8s du Camp Nou<\/h2>\n\n\n\n<p>En raison des travaux en cours, les places de stationnement au stade sont limit\u00e9es. Vous pouvez vous garer gratuitement pendant les heures d&rsquo;ouverture du Bar\u00e7a Immersive Tour en entrant par l&rsquo;acc\u00e8s 14 sur la Carrer d&rsquo;Ar\u00edstides Maillol. Les jours de match, le parking est ouvert jusqu&rsquo;\u00e0 4 heures avant le coup d&rsquo;envoi.<\/p>\n\n\n\n<p>Vous pouvez \u00e9galement vous garer sur l&rsquo;Avenida Diagonal, pr\u00e8s de l&rsquo;universit\u00e9.<\/p>\n\n\n\n<h2 class=\"wp-block-heading\">Accessibilit\u00e9<\/h2>\n\n\n\n<p>Le Bar\u00e7a Immersive Tour est enti\u00e8rement accessible aux personnes \u00e0 mobilit\u00e9 r\u00e9duite ou en fauteuil roulant. L&rsquo;entr\u00e9e est plate, sans aucune difficult\u00e9 d&rsquo;acc\u00e8s.<\/p>\n\n\n\n<p>Un service de pr\u00eat gratuit de fauteuils roulants est disponible, sur simple demande au bureau d&rsquo;information situ\u00e9 \u00e0 l&rsquo;entr\u00e9e. Des toilettes adapt\u00e9es sont r\u00e9serv\u00e9es exclusivement aux personnes \u00e0 mobilit\u00e9 r\u00e9duite.<\/p>\n","protected":false},"excerpt":{"rendered":"","protected":false},"author":2,"featured_media":0,"parent":0,"menu_order":7,"comment_status":"closed","ping_status":"closed","template":"","meta":{"_acf_changed":false,"footnotes":"","button_url":"https:\/\/www.tiqets.com\/fr\/fc-barcelona-immersive-tour-museum-tickets-l224102\/?partner=visitcampnou","ms_product_id":"","ms_product_name":"","ms_price":"","ms_currency":"","ms_rating_value":"","ms_review_count":"","rank_math_title":"%title% %sep% %sitename%","rank_math_description":"Obtenez toutes les informations n\u00e9cessaires pour vous rendre au Camp Nou, y compris les itin\u00e9raires, la carte, les horaires d'ouverture et bien plus encore."},"post-style":[],"producer":[],"class_list":["post-16","page","type-page","status-publish","has-post-thumbnail"],"acf":[],"product_schema":{"ms_product_id":"","ms_product_name":"","ms_price":"","ms_currency":"","ms_rating_value":"","ms_review_count":""},"_links":{"self":[{"href":"https:\/\/www.visitcampnou.com\/fr\/wp-json\/wp\/v2\/pages\/16","targetHints":{"allow":["GET"]}}],"collection":[{"href":"https:\/\/www.visitcampnou.com\/fr\/wp-json\/wp\/v2\/pages"}],"about":[{"href":"https:\/\/www.visitcampnou.com\/fr\/wp-json\/wp\/v2\/types\/page"}],"author":[{"embeddable":true,"href":"https:\/\/www.visitcampnou.com\/fr\/wp-json\/wp\/v2\/users\/2"}],"replies":[{"embeddable":true,"href":"https:\/\/www.visitcampnou.com\/fr\/wp-json\/wp\/v2\/comments?post=16"}],"version-history":[{"count":3,"href":"https:\/\/www.visitcampnou.com\/fr\/wp-json\/wp\/v2\/pages\/16\/revisions"}],"predecessor-version":[{"id":887,"href":"https:\/\/www.visitcampnou.com\/fr\/wp-json\/wp\/v2\/pages\/16\/revisions\/887"}],"wp:attachment":[{"href":"https:\/\/www.visitcampnou.com\/fr\/wp-json\/wp\/v2\/media?parent=16"}],"wp:term":[{"taxonomy":"post-style","embeddable":true,"href":"https:\/\/www.visitcampnou.com\/fr\/wp-json\/wp\/v2\/post-style?post=16"},{"taxonomy":"producer","embeddable":true,"href":"https:\/\/www.visitcampnou.com\/fr\/wp-json\/wp\/v2\/producer?post=16"}],"curies":[{"name":"wp","href":"https:\/\/api.w.org\/{rel}","templated":true}]}}