{"id":613,"date":"2016-02-22T15:31:13","date_gmt":"2016-02-22T14:31:13","guid":{"rendered":"https:\/\/www.visitcampnou.com\/?page_id=4"},"modified":"2025-10-10T19:25:30","modified_gmt":"2025-10-10T17:25:30","slug":"camp-nou-le-stade-du-fc-barcelone","status":"publish","type":"page","link":"https:\/\/www.visitcampnou.com\/fr\/","title":{"rendered":"Spotify Camp Nou \u2013 Le stade du FC Barcelone"},"content":{"rendered":"<figure>\n                    <div class=\"ms-credits\"><img decoding=\"async\" class=\"gb-image gb-image-4c6d5753\" src=\"https:\/\/www.visitcampnou.com\/wp-content\/uploads\/camp-nou-stadium-barcelona-1743999096.jpg\" alt=\"Camp Nou Stadium in Barcelona\" title=\"camp-nou-stadium-barcelona\"><span class='ms-credits__info' id='media768'><svg xmlns=\"http:\/\/www.w3.org\/2000\/svg\" width=\"20\" height=\"22\" fill=\"#000000\" viewBox=\"0 0 256 256\"><path d=\"M128,24A104,104,0,1,0,232,128,104.11,104.11,0,0,0,128,24Zm0,192a88,88,0,1,1,88-88A88.1,88.1,0,0,1,128,216ZM96,128a32,32,0,0,0,57.6,19.2,8,8,0,0,1,12.8,9.61,48,48,0,1,1,0-57.62,8,8,0,0,1-12.8,9.61A32,32,0,0,0,96,128Z\"><\/path><\/svg>RealityImages\/<a href=https:\/\/depositphotos.com\/editorial\/camp-nou-barcelona-spain-397175858.html rel='nofollow' target='_blank'>Depositphotos<\/a><\/span><span class='ms-credits__btn' id='btn_media768' onclick='ms_credits_trigger(\"#media768\", this)'><svg xmlns=\"http:\/\/www.w3.org\/2000\/svg\" class=\"info_icon\" width=\"28\" height=\"28\" fill=\"#FFF\" viewBox=\"0 0 256 256\"><path d=\"M128,24A104,104,0,1,0,232,128,104.11,104.11,0,0,0,128,24Zm0,192a88,88,0,1,1,88-88A88.1,88.1,0,0,1,128,216Zm16-40a8,8,0,0,1-8,8,16,16,0,0,1-16-16V128a8,8,0,0,1,0-16,16,16,0,0,1,16,16v40A8,8,0,0,1,144,176ZM112,84a12,12,0,1,1,12,12A12,12,0,0,1,112,84Z\"><\/path><\/svg><svg xmlns=\"http:\/\/www.w3.org\/2000\/svg\" class=\"close_icon\" width=\"28\" height=\"28\" fill=\"#FFF\" viewBox=\"0 0 256 256\"><path d=\"M165.66,101.66,139.31,128l26.35,26.34a8,8,0,0,1-11.32,11.32L128,139.31l-26.34,26.35a8,8,0,0,1-11.32-11.32L116.69,128,90.34,101.66a8,8,0,0,1,11.32-11.32L128,116.69l26.34-26.35a8,8,0,0,1,11.32,11.32ZM232,128A104,104,0,1,1,128,24,104.11,104.11,0,0,1,232,128Zm-16,0a88,88,0,1,0-88,88A88.1,88.1,0,0,0,216,128Z\"><\/path><\/svg><\/span><\/div><\/figure>\n\n\n<h1 class=\"wp-block-heading\">Spotify Camp Nou \u2013 Le stade du FC Barcelone<\/h1>\n\n\n\n<p><a href=\"#tour\">Visite du Camp Nou<\/a> &#8211; <a href=\"#museum\">Mus\u00e9e du FC Barcelone<\/a> &#8211; <a href=\"#shop\">Boutique du FC Barcelone<\/a> &#8211; <a href=\"#location\">Informations Visiteurs <\/a><\/p>\n\n\n\n<hr class=\"wp-block-separator has-alpha-channel-opacity\"\/>\n\n\n\n<p class=\"lead\">Depuis 1957, le Camp Nou a \u00e9t\u00e9 le stade de Barcelone et a accueilli l&rsquo;\u00e9quipe de football de la ville qui n\u2019a cess\u00e9 de monter en puissance.<\/p>\n\n\n\n<p>Les jours de match \u00e0 Barcelone sont assez spectaculaires. Les habitants et les touristes portent les couleurs de l\u2019\u00e9quipe, les bars d\u00e9bordent de parieurs et de fans en furie, et une ambiance g\u00e9n\u00e9rale unique parcours les rues. Cette ambiance joviale est amen\u00e9 jusqu\u2019\u00e0 dans le stade Camp Nou, avec le c\u0153ur battant et les \u00e2mes pleine d\u2019espoir sur cette magnifique pelouse du stade de Barcelone.<\/p>\n\n\n\n<p>Ici vous trouverez tout ce que vous devez savoir sur Camp Nou, sur place vous aurez toutes les informations sur ce stade et ce qu\u2019il se fait aux alentours.<\/p>\n\n\n\n<h2 class=\"wp-block-heading\" id=\"tour\">Visite du Camp Nou<\/h2>\n\n\n\n<p>La visite de Camp Nou est la seconde raison pour laquelle les gens viennent visiter le stade (la premi\u00e8re raison est bien \u00e9videmment pour voir un match du FC Barcelone). Faisant le tour entier du stade, la visite passe \u00e9galement par le mus\u00e9e du FC Barcelone, avec tous ses troph\u00e9es, des expositions interactives, et aussi les faits historiques des joueurs d\u2019antan, la salle de presse, le vestiaire et bien \u00e9videmment le terrain foul\u00e9 par les plus grands joueurs de la plan\u00e8te.<\/p>\n\n\n\n<p>Les autres moments forts de cette visite seront la travers\u00e9 du tunnel des joueurs, vous jetterez \u00e9galement un \u0153il sur le box des commentateurs, mais \u00e9galement l\u2019espace qui est d\u00e9di\u00e9 \u00e0 Messi et oui un espace entier est r\u00e9serv\u00e9 \u00e0 la superstar argentine.<\/p>\n\n\n\n<p>A pr\u00e9sent dans cette section du site, vous aurez une vue d\u2019ensemble de la visite que vous effectuerez, d\u00e9couvrir quand et comment vous rendre au stade, et en apprendre un peu plus sur l\u2019offre incroyable qui vous est propos\u00e9e.<\/p>\n\n\n\n<p><a href=\"\/fr\/tour\/\">En savoir plus sur la Visite du Camp Nou \u00bb<\/a><\/p>\n\n\n\n<h2 class=\"wp-block-heading\" id=\"museum\">Mus\u00e9e du FC Barcelone<\/h2>\n\n\n\n<p>Le mus\u00e9e constitue l&rsquo;un des arr\u00eats de la tourn\u00e9e Camp Nou et vous permet de faire un retour dans le temps pour voir dans quelle mesure le FC Barcelone a progress\u00e9 et d\u2019o\u00f9 cette \u00e9quipe est partie pour en arriver aussi loin et pourquoi cette \u00e9quipe est bien plus qu\u2019une simple \u00e9quipe (indice: Bien bien plus).<\/p>\n\n\n\n<p>A c\u00f4t\u00e9 des armoires en verre d\u00e9bordants de troph\u00e9es flamboyants de cette \u00e9quipe, vous pourrez explorer interactivement, avec des \u00e9crans multim\u00e9dias qui mettent en valeur l&rsquo;histoire de l&rsquo;\u00e9quipe et le stade, les joueurs du pass\u00e9, et les grands succ\u00e8s qui ont amen\u00e9 l&rsquo;\u00e9quipe o\u00f9 elle est aujourd&rsquo;hui.<\/p>\n\n\n\n<p>Nous vous expliquerons tout ce que vous devez savoir sur ce que vous allez trouver dans le mus\u00e9e, les troph\u00e9es que vous pourrez d\u00e9couvrir et admirer, combien vous devrez payer pour entrer au mus\u00e9e et \u00e0 quelle heure vous pourrez faire une promenade dans le chemin des souvenirs.<\/p>\n\n\n\n<p><a href=\"\/fr\/musee\/\">En savoir plus sur le <b>mus\u00e9e du FC Barcelone<\/b> \u00bb<\/a><\/p>\n\n\n\n<h2 class=\"wp-block-heading\" id=\"shop\">Boutique du FC Barcelone<\/h2>\n\n\n\n<p>Adeptes du shopping soyez attentif \u2013 La boutique du FC Barcelone est incomparable. Situ\u00e9 dans le parc du Camp Nou, la boutique arbore tous les objets relatifs au FC Barcelone (vous pourrez emporter chez vous un superbe souvenir de cette visite et de ce stade mythique)<\/p>\n\n\n\n<p>Ouvert sur trois \u00e9tages, les \u00e9tag\u00e8res sont remplies de kits football, de produits officiels, de maillots, de ballons de football, et de bien d\u2019autres souvenirs, vous ne voudrez surement pas repartir les mains vides.<\/p>\n\n\n\n<p>Si vous le souhaitez, vous pourrez m\u00eame customiser votre propre kit et maillot avec le service mis \u00e0 votre disposition pour les impressions, ils font d\u2019ailleurs un tr\u00e8s bon travail.<\/p>\n\n\n\n<p>Si vous souhaitez plus de renseignements sur la boutique, nous sommes \u00e0 votre \u00e9coute. Nous vous montrerons tout ce que vous pouvez acheter et \u00e0 quelle heure vous rendre \u00e0 cette boutique.<\/p>\n\n\n\n<p><a href=\"\/fr\/boutique\/\">En savoir plus sur la <b>boutique du FC Barcelone<\/b> \u00bb<\/a><\/p>\n\n\n\n<h2 class=\"wp-block-heading\" id=\"location\">Carte &amp; Adresses<\/h2>\n\n\n\n<p>TA quoi bon vous parler de ce magnifique stade de Camp Nou si vous ne savez pas comment vous y rendre. C\u2019est pourquoi:<\/p>\n\n\n\n<p>Nous allons vous expliquer comment vous rendre au stade le plus facilement possible o\u00f9 que vous soyez en ville, que ce soit en transport en commun, \u00e0 pied ou en v\u00e9lo, et ainsi vous y rendre de la mani\u00e8re que vous souhaitez. C\u2019est donc dans cette partie que nous allons mettre en \u00e9vidence comment y acc\u00e9der et quelle sont les heures d\u2019ouvertures, en gros tout ce que vous devez savoir pour visiter le stade Camp Nou d\u00e8s aujourd\u2019hui.<\/p>\n\n\n\n<p><a href=\"\/fr\/adresse\/\">Consultez les <strong>Informations Destin\u00e9es aux Visiteurs<\/strong> \u00bb<\/a><\/p>\n","protected":false},"excerpt":{"rendered":"","protected":false},"author":2,"featured_media":768,"parent":0,"menu_order":2,"comment_status":"closed","ping_status":"closed","template":"","meta":{"_acf_changed":false,"footnotes":"","button_url":"https:\/\/www.tiqets.com\/fr\/fc-barcelona-immersive-tour-museum-tickets-l224102\/?partner=visitcampnou","ms_product_id":"","ms_product_name":"","ms_price":"","ms_currency":"","ms_rating_value":"","ms_review_count":"","rank_math_title":"Spotify Camp Nou | Visitez le stade du FC Barcelone en %currentyear%","rank_math_description":"Visitez le Spotify Camp Nou, le stade embl\u00e9matique du FC Barcelone. Informations sur ce qu'il faut faire et voir, y compris l'exp\u00e9rience mondialement c\u00e9l\u00e8bre du Tour du Camp Nou."},"post-style":[],"producer":[],"class_list":["post-613","page","type-page","status-publish","has-post-thumbnail"],"acf":[],"product_schema":{"ms_product_id":"","ms_product_name":"","ms_price":"","ms_currency":"","ms_rating_value":"","ms_review_count":""},"_links":{"self":[{"href":"https:\/\/www.visitcampnou.com\/fr\/wp-json\/wp\/v2\/pages\/613","targetHints":{"allow":["GET"]}}],"collection":[{"href":"https:\/\/www.visitcampnou.com\/fr\/wp-json\/wp\/v2\/pages"}],"about":[{"href":"https:\/\/www.visitcampnou.com\/fr\/wp-json\/wp\/v2\/types\/page"}],"author":[{"embeddable":true,"href":"https:\/\/www.visitcampnou.com\/fr\/wp-json\/wp\/v2\/users\/2"}],"replies":[{"embeddable":true,"href":"https:\/\/www.visitcampnou.com\/fr\/wp-json\/wp\/v2\/comments?post=613"}],"version-history":[{"count":3,"href":"https:\/\/www.visitcampnou.com\/fr\/wp-json\/wp\/v2\/pages\/613\/revisions"}],"predecessor-version":[{"id":877,"href":"https:\/\/www.visitcampnou.com\/fr\/wp-json\/wp\/v2\/pages\/613\/revisions\/877"}],"wp:featuredmedia":[{"embeddable":true,"href":"https:\/\/www.visitcampnou.com\/fr\/wp-json\/wp\/v2\/media\/768"}],"wp:attachment":[{"href":"https:\/\/www.visitcampnou.com\/fr\/wp-json\/wp\/v2\/media?parent=613"}],"wp:term":[{"taxonomy":"post-style","embeddable":true,"href":"https:\/\/www.visitcampnou.com\/fr\/wp-json\/wp\/v2\/post-style?post=613"},{"taxonomy":"producer","embeddable":true,"href":"https:\/\/www.visitcampnou.com\/fr\/wp-json\/wp\/v2\/producer?post=613"}],"curies":[{"name":"wp","href":"https:\/\/api.w.org\/{rel}","templated":true}]}}