{"id":614,"date":"2016-02-25T10:39:26","date_gmt":"2016-02-25T09:39:26","guid":{"rendered":"https:\/\/www.visitcampnou.com\/?page_id=11"},"modified":"2025-10-12T21:41:26","modified_gmt":"2025-10-12T19:41:26","slug":"boutique","status":"publish","type":"page","link":"https:\/\/www.visitcampnou.com\/fr\/boutique\/","title":{"rendered":"Boutique du FC Barcelone au Spotify Camp Nou"},"content":{"rendered":"\n<p><a href=\"#visit\"><u>Planifiez votre visite<\/u><\/a> \u2013 <a href=\"#buy\"><u>Que acheter<\/u><\/a> \u2013 <a href=\"#personalize\"><u>Personnalisez votre achat<\/u><\/a><\/p>\n\n\n\n<hr class=\"wp-block-separator has-alpha-channel-opacity\"\/>\n\n\n\n<p class=\"lead\">La boutique FC Barcelone est l\u2019arr\u00eat le plus attendu de la visite du Camp Nou, parce qu\u2019elle permet aux visiteurs d\u2019avoir la chance de s\u2019\u00e9quiper de leur propre tenue du Barca et de recueillir quelques souvenirs par la m\u00eame occasion.<\/p>\n\n\n\n<figure><div class=\"ms-credits\">\n<img decoding=\"async\" class=\"gb-media-f02105f3\" src=\"https:\/\/www.visitcampnou.com\/wp-content\/uploads\/fc-barcelona-shop-1744000961.jpg\" alt=\"FC Barcelona Shop at Camp Nou\" title=\"fc-barcelona-shop\"\/>\n<span class='ms-credits__info' id='media766'><svg xmlns=\"http:\/\/www.w3.org\/2000\/svg\" width=\"20\" height=\"22\" fill=\"#000000\" viewBox=\"0 0 256 256\"><path d=\"M128,24A104,104,0,1,0,232,128,104.11,104.11,0,0,0,128,24Zm0,192a88,88,0,1,1,88-88A88.1,88.1,0,0,1,128,216ZM96,128a32,32,0,0,0,57.6,19.2,8,8,0,0,1,12.8,9.61,48,48,0,1,1,0-57.62,8,8,0,0,1-12.8,9.61A32,32,0,0,0,96,128Z\"><\/path><\/svg>gerasimov\/<a href=https:\/\/depositphotos.com\/editorial\/fc-barcelona-official-megastore-in-camp-nou-studium-spain-178487898.html rel='nofollow' target='_blank'>Depositphotos<\/a><\/span><span class='ms-credits__btn' id='btn_media766' onclick='ms_credits_trigger(\"#media766\", this)'><svg xmlns=\"http:\/\/www.w3.org\/2000\/svg\" class=\"info_icon\" width=\"28\" height=\"28\" fill=\"#FFF\" viewBox=\"0 0 256 256\"><path d=\"M128,24A104,104,0,1,0,232,128,104.11,104.11,0,0,0,128,24Zm0,192a88,88,0,1,1,88-88A88.1,88.1,0,0,1,128,216Zm16-40a8,8,0,0,1-8,8,16,16,0,0,1-16-16V128a8,8,0,0,1,0-16,16,16,0,0,1,16,16v40A8,8,0,0,1,144,176ZM112,84a12,12,0,1,1,12,12A12,12,0,0,1,112,84Z\"><\/path><\/svg><svg xmlns=\"http:\/\/www.w3.org\/2000\/svg\" class=\"close_icon\" width=\"28\" height=\"28\" fill=\"#FFF\" viewBox=\"0 0 256 256\"><path d=\"M165.66,101.66,139.31,128l26.35,26.34a8,8,0,0,1-11.32,11.32L128,139.31l-26.34,26.35a8,8,0,0,1-11.32-11.32L116.69,128,90.34,101.66a8,8,0,0,1,11.32-11.32L128,116.69l26.34-26.35a8,8,0,0,1,11.32,11.32ZM232,128A104,104,0,1,1,128,24,104.11,104.11,0,0,1,232,128Zm-16,0a88,88,0,1,0-88,88A88.1,88.1,0,0,0,216,128Z\"><\/path><\/svg><\/span><\/div>\n\n\n<figcaption class=\"gb-text\">Boutique du FC Barcelone au Camp Nou<\/figcaption>\n<\/figure>\n\n\n\n<p>Situ\u00e9e au c\u0153ur du stade, la boutique du Camp Nou recouvre trois \u00e9talages remplis \u00e0 ras bord d\u2019\u00e9quipements color\u00e9s, souvenirs, et cadeaux originaux pour toute la famille. C\u2019est une exp\u00e9rience qu\u2019aucun fan ne devrait manquer. Bien qu\u2019il existe plusieurs boutiques franchis\u00e9es autour de la ville, celle du stade est de loin la plus grande et la meilleure, offrant une gamme de services personnalis\u00e9s qui feront envie \u00e0 vos amis une fois chez vous.<\/p>\n\n\n\n<p>La boutique du stade du FC Barcelone couvre trois \u00e9tages entiers avec un acc\u00e8s facile au mus\u00e9e, et c\u2019est un r\u00eave des amoureux du sport avec sa s\u00e9lection \u00e9clectique d\u2019ensembles, accessoires, et cadeaux. En plus des tenues des matchs \u00e0 domicile et ext\u00e9rieurs de l\u2019\u00e9quipe de Barcelone, vous pourrez trouver une s\u00e9lection d\u2019\u00e9quipements d\u2019autres sports locaux, et vous \u00e9merveiller devant l\u2019\u00e9norme collection de produits Nike tant convoit\u00e9s.<\/p>\n\n\n\n<p>La meilleure partie de la boutique du FC Barcelone est peut-\u00eatre son espace interactif, qui garde les fans et visiteurs occup\u00e9s pendant des heures. Le design innovant poss\u00e8de des tonnes d\u2019aspects originaux et services exclusifs qui rendent l\u2019exp\u00e9rience sp\u00e9ciale pour chacun des visiteurs. Que vous vouliez personnaliser vos produits Nike pr\u00e9f\u00e9r\u00e9s en ayant votre nom sur votre ensemble Barcelone, ou personnaliser votre nouvelle paire de chaussures avec des lacets farfelus, la boutique a ce que vous cherchez.<\/p>\n\n\n\n<p>Mais ce ne sont pas seulement des \u00e9quipements et des v\u00eatements que vend la boutique. En effet, si vous \u00eates un footballeur, la boutique va encore plus loin. Elle sert \u00e9galement de centre de formation de football \u00e0 Barcelone, et poss\u00e8de une poign\u00e9e d\u2019experts pr\u00eats \u00e0 vous conseiller pour renforcer vos aptitudes au foot, peu importe votre \u00e2ge ou exp\u00e9rience.<\/p>\n\n\n\n<h2 class=\"wp-block-heading\" id=\"visit\"><strong>Planifiez votre visite<\/strong><\/h2>\n\n\n\n<h3 class=\"wp-block-heading\" id=\"times\">Horaires d\u2019Ouverture<\/h3>\n\n\n<div class=\"ms-table\"><table><tr><th>Jours<\/th><th>Horaires<\/th><\/tr><tr><td>Lundi &#8211; Dimanche<\/td><td>10:00 \u2013 19:00<\/td><\/tr><\/table><\/div>\n\n\n<h3 class=\"wp-block-heading\"><strong>Carte et adresse<\/strong><\/h3>\n\n\n\n<address class=\"wp-block-ms-blocks-staticmap ms-mapblock ms-mb-block\"><h4>Spotify Camp Nou Store<\/h4><p class=\"ms-mb-0\"><img decoding=\"async\" class=\"ms-mapblock__map ms-rounded\" src=\"https:\/\/www.visitcampnou.com\/fr\/wp-content\/uploads\/sites\/5\/maps\/staticmap_41.3811048_2.1201984_14_600x400.png\" alt=\"Map of Spotify Camp Nou Store\"\/><\/p><p class=\"ms-text-sm ms-text-muted\">Av. de Joan XXIII, s\/n, Les Corts, 08028 Barcelona, Spain \u00b7 <a rel=\"nofollow noopener\" target=\"_blank\" href=\"https:\/\/maps.google.com\/?q=41.3811048,2.1201984\">Google Maps<\/a><\/p><\/address>\n\n\n\n<h2 class=\"wp-block-heading\" id=\"buy\">Quoi acheter<\/h2>\n\n\n\n<p>Chaque section de la boutique du Camp Nou abrite une nouvelle gamme de plaisirs, promettant une exp\u00e9rience fascinante pour tout type de visiteurs.<\/p>\n\n\n\n<p>Au rez-de-chauss\u00e9e, vous trouverez une grande vari\u00e9t\u00e9 de tenues, y compris les tenues actuelles des matchs aller-retour de l\u2019\u00e9quipe. En plus de cela, on y trouve aussi les anciennes tenues et anciens \u00e9quipements d\u2019autres sports.<\/p>\n\n\n\n<p>Dans une autre section, il y a tout un tas de souvenirs, en passant par les carnets et montres sur le th\u00e8me du foot, les chopes, les tasses et les peluches. Ici, vous trouverez toute sorte de cadeaux, et vous pouvez m\u00eame en avoir certains personnalis\u00e9s pour les amis et la famille.<\/p>\n\n\n\n<p>Ailleurs, une section qui vend des crampons Nike est le paradis pour les amoureux du sport. La vaste gamme pr\u00e9sente toutes les derni\u00e8res tendances, ainsi que des outils de personnalisation pour faire de chaque \u00e9l\u00e9ment le v\u00f4tre \u2013 des lacets aux couleurs vives ? Vous les avez. Votre nom cousu sur le c\u00f4t\u00e9 ? C\u2019est comme si c\u2019\u00e9tait fait !<\/p>\n\n\n\n<p>La boutique ne serait pas compl\u00e8te sans sa section imprimerie, o\u00f9 vous pouvez avoir votre nom et num\u00e9ro imprim\u00e9s sur n\u2019importe quel maillot de votre choix \u2013 et pas forc\u00e9ment un maillot de foot !<\/p>\n\n\n\n<p>Il y a \u00e9galement un espace amusant appel\u00e9 \u00ab Show Time \u00bb o\u00f9 vous pouvez voir votre visage souriant superpos\u00e9 sur une photo avec des joueurs c\u00e9l\u00e8bres. Vous pouvez simplement vous amuser et voir \u00e0 quoi vous ressembleriez \u00e0 c\u00f4t\u00e9 des c\u00e9l\u00e8bres footballeurs de notre temps, ou vous pouvez m\u00eame en acheter pour les ramener chez vous.<\/p>\n\n\n\n<p>La boutique se termine par une section appel\u00e9e \u00ab Museum Corner \u00bb, o\u00f9 on trouve des \u00e9tag\u00e8res de r\u00e9pliques d\u2019articles du mus\u00e9e, y compris des anciens ballons de foot en cuir et des impressions de la lithographie de Miro.<\/p>\n\n\n\n<h2 class=\"wp-block-heading\" id=\"personalize\">Personnalisez votre achat<\/h2>\n\n\n\n<p>La boutique FC Barcelone est r\u00e9put\u00e9e pour son espace interactif, o\u00f9 vous pouvez cr\u00e9er votre propre exp\u00e9rience bas\u00e9e sur vos int\u00e9r\u00eats.<\/p>\n\n\n\n<h3 class=\"wp-block-heading\">Personnalisez votre ensemble<\/h3>\n\n\n\n<p>Dans la vaste section \u00ab Make it Barca \u00bb, vous pouvez transformer vos articles Nike en les personnalisant avec des lacets ou boutons customis\u00e9s. Vous pouvez m\u00eame ajouter le blason du club sur vos chaussures ou avoir votre nom cousu dessus pour la touche finale. Lorsque vous aurez con\u00e7u vos chaussures, vous pouvez les partager sur le \u2018Social Wall\u2019 \u00e0 c\u00f4t\u00e9 des autres pour admirer votre cr\u00e9ation \u00e0 la lumi\u00e8re.<\/p>\n\n\n\n<h3 class=\"wp-block-heading\">Le Labo d\u2019imprimerie<\/h3>\n\n\n\n<p>Le Labo d\u2019imprimerie est l\u2019endroit o\u00f9 vous pouvez avoir votre nom et num\u00e9ro imprim\u00e9s sur n\u2019importe quelle tenue que vous souhaitez. Pour ce faire, vous devez simplement saisir vos coordonn\u00e9es sur l\u2019\u00e9cran tactile situ\u00e9 autour et appuyer sur envoyer \u2013 votre maillot sera directement envoy\u00e9 \u00e0 l\u2019Imprimerie de Maillots afin que vous \u00e9vitiez la queue et que vous puissiez la ramener chez vous d\u00e8s que possible.<\/p>\n\n\n\n<h3 class=\"wp-block-heading\">Goodies Nike<\/h3>\n\n\n\n<p>La boutique du Camp Nou est inond\u00e9e de produits Nike, y compris des derni\u00e8res tendances, chaussures, et accessoires, ainsi que des nouvelles sorties les plus innovantes de la marque.<\/p>\n\n\n\n<h3 class=\"wp-block-heading\">Pas seulement le football<\/h3>\n\n\n\n<p>Il n\u2019y a pas seulement des \u00e9quipements de football qui attirent les foules ici. La boutique stocke \u00e9galement des centaines de tenues d\u2019une vari\u00e9t\u00e9 d\u2019autres sports populaires, y compris le football en salle, le hockey, le basketball et le handball. Vous pouvez aussi les personnaliser avec votre nom et num\u00e9ro.<\/p>\n\n\n\n<h3 class=\"wp-block-heading\">Nouvelles Technologies<\/h3>\n\n\n\n<p>AUn nouvel \u00e9cran LED de 16 m\u00e9gapixels projette des images des marches du stade qui traversent la boutique, lui donnant une atmosph\u00e8re unique comme si vous \u00e9tiez \u00e0 un vrai match. Il y a \u00e9galement un lustre \u00e9tonnant pour une atmosph\u00e8re vraiment compl\u00e8te.<\/p>\n","protected":false},"excerpt":{"rendered":"","protected":false},"author":2,"featured_media":766,"parent":0,"menu_order":5,"comment_status":"closed","ping_status":"closed","template":"","meta":{"_acf_changed":false,"footnotes":""},"post-style":[],"producer":[],"class_list":["post-614","page","type-page","status-publish","has-post-thumbnail"],"acf":[],"_links":{"self":[{"href":"https:\/\/www.visitcampnou.com\/fr\/wp-json\/wp\/v2\/pages\/614","targetHints":{"allow":["GET"]}}],"collection":[{"href":"https:\/\/www.visitcampnou.com\/fr\/wp-json\/wp\/v2\/pages"}],"about":[{"href":"https:\/\/www.visitcampnou.com\/fr\/wp-json\/wp\/v2\/types\/page"}],"author":[{"embeddable":true,"href":"https:\/\/www.visitcampnou.com\/fr\/wp-json\/wp\/v2\/users\/2"}],"replies":[{"embeddable":true,"href":"https:\/\/www.visitcampnou.com\/fr\/wp-json\/wp\/v2\/comments?post=614"}],"version-history":[{"count":3,"href":"https:\/\/www.visitcampnou.com\/fr\/wp-json\/wp\/v2\/pages\/614\/revisions"}],"predecessor-version":[{"id":886,"href":"https:\/\/www.visitcampnou.com\/fr\/wp-json\/wp\/v2\/pages\/614\/revisions\/886"}],"wp:featuredmedia":[{"embeddable":true,"href":"https:\/\/www.visitcampnou.com\/fr\/wp-json\/wp\/v2\/media\/766"}],"wp:attachment":[{"href":"https:\/\/www.visitcampnou.com\/fr\/wp-json\/wp\/v2\/media?parent=614"}],"wp:term":[{"taxonomy":"post-style","embeddable":true,"href":"https:\/\/www.visitcampnou.com\/fr\/wp-json\/wp\/v2\/post-style?post=614"},{"taxonomy":"producer","embeddable":true,"href":"https:\/\/www.visitcampnou.com\/fr\/wp-json\/wp\/v2\/producer?post=614"}],"curies":[{"name":"wp","href":"https:\/\/api.w.org\/{rel}","templated":true}]}}