{"id":789,"date":"2025-04-16T06:29:10","date_gmt":"2025-04-16T04:29:10","guid":{"rendered":"https:\/\/www.visitcampnou.com\/fr\/?page_id=789"},"modified":"2025-10-09T01:37:15","modified_gmt":"2025-10-08T23:37:15","slug":"renovation-du-camp-nou","status":"publish","type":"page","link":"https:\/\/www.visitcampnou.com\/fr\/renovation-du-camp-nou\/","title":{"rendered":"R\u00e9novation du Camp Nou"},"content":{"rendered":"\n<p>Si vous partez \u00e0 Barcelone et esp\u00e9rez visiter le l\u00e9gendaire Camp Nou, voici tout ce qu\u2019il faut savoir. Le stade est actuellement en r\u00e9novation, mais il y a encore beaucoup \u00e0 faire pour les fans du Bar\u00e7a.<\/p>\n\n\n\n<figure><div class=\"ms-credits\">\n<img decoding=\"async\" class=\"gb-media-9df3d5d2\" src=\"https:\/\/www.visitcampnou.com\/wp-content\/uploads\/capm-nou-construction-1745997452.jpg\" alt=\"Camp Nou redevelopment works\" title=\"capm-nou-construction-1745997452\"\/>\n<span class='ms-credits__info' id='media796'><svg xmlns=\"http:\/\/www.w3.org\/2000\/svg\" width=\"20\" height=\"22\" fill=\"#000000\" viewBox=\"0 0 256 256\"><path d=\"M128,24A104,104,0,1,0,232,128,104.11,104.11,0,0,0,128,24Zm0,192a88,88,0,1,1,88-88A88.1,88.1,0,0,1,128,216ZM96,128a32,32,0,0,0,57.6,19.2,8,8,0,0,1,12.8,9.61,48,48,0,1,1,0-57.62,8,8,0,0,1-12.8,9.61A32,32,0,0,0,96,128Z\"><\/path><\/svg>footpicshd\/<a href=https:\/\/www.flickr.com\/photos\/footpicshd\/53253715474\/in\/photolist-2o8VBFg-2oULnze-2p8Rdhb-2oUNuZ4-2oUNXZp-2oUHtmG-2oUMqEP-2p8R9hY-2p8QNzF-2p8Pium-2oUMqFa-2oUMqJg-2p8PixC-2px3yA7-2px3yB4-2p8Pizg-2oi1Min-2p8R9iK-2oULnyc-2oUNXXW-2oUNv1w-2oUNXYx-2oULnzE-2oULnzQ-2oUNuZE-2oUNuYC-2oUHtoa-2oUHtkj-2oUHto5 rel='nofollow' target='_blank'>Flickr<\/a><\/span><span class='ms-credits__btn' id='btn_media796' onclick='ms_credits_trigger(\"#media796\", this)'><svg xmlns=\"http:\/\/www.w3.org\/2000\/svg\" class=\"info_icon\" width=\"28\" height=\"28\" fill=\"#FFF\" viewBox=\"0 0 256 256\"><path d=\"M128,24A104,104,0,1,0,232,128,104.11,104.11,0,0,0,128,24Zm0,192a88,88,0,1,1,88-88A88.1,88.1,0,0,1,128,216Zm16-40a8,8,0,0,1-8,8,16,16,0,0,1-16-16V128a8,8,0,0,1,0-16,16,16,0,0,1,16,16v40A8,8,0,0,1,144,176ZM112,84a12,12,0,1,1,12,12A12,12,0,0,1,112,84Z\"><\/path><\/svg><svg xmlns=\"http:\/\/www.w3.org\/2000\/svg\" class=\"close_icon\" width=\"28\" height=\"28\" fill=\"#FFF\" viewBox=\"0 0 256 256\"><path d=\"M165.66,101.66,139.31,128l26.35,26.34a8,8,0,0,1-11.32,11.32L128,139.31l-26.34,26.35a8,8,0,0,1-11.32-11.32L116.69,128,90.34,101.66a8,8,0,0,1,11.32-11.32L128,116.69l26.34-26.35a8,8,0,0,1,11.32,11.32ZM232,128A104,104,0,1,1,128,24,104.11,104.11,0,0,1,232,128Zm-16,0a88,88,0,1,0-88,88A88.1,88.1,0,0,0,216,128Z\"><\/path><\/svg><\/span><\/div>\n\n\n<figcaption class=\"gb-text\">Travaux de r\u00e9am\u00e9nagement du Camp Nou<\/figcaption>\n<\/figure>\n\n\n\n<div class=\"ms-rounded ms-mb-last-child-0 ms-mb-block ms-tfs--contrast ms-p ms-tfs\">\n<h3 class=\"gb-text\">\ud83c\udfd7\ufe0f Le Camp Nou est ferm\u00e9, mais Barcelone regorge de choses \u00e0 faire<\/h3>\n\n\n\n<p>Alors que le <strong>Camp Nou<\/strong> est en r\u00e9novation, il y a encore beaucoup \u00e0 explorer \u00e0 Barcelone pour les fans du FC Barcelona et les visiteurs de la ville.<\/p>\n\n\n\n<p>Voici ce que vous pouvez encore faire :<\/p>\n\n\n\n<p class=\"ms-link-unstyled\">\ud83c\udfc6<strong>Visitez le <a href=\"https:\/\/www.visitcampnou.com\/fr\/musee\/\" target=\"_blank\" rel=\"noreferrer noopener\">Mus\u00e9e du FC Barcelona<\/a>:<\/strong> explorez l&rsquo;histoire du club, ses troph\u00e9es et ses moments inoubliables.<\/p>\n\n\n\n<p class=\"ms-link-unstyled\">\ud83d\udecd\ufe0f<strong>Faites du shopping \u00e0 la <a href=\"https:\/\/www.visitcampnou.com\/fr\/boutique\/\" target=\"_blank\" rel=\"noreferrer noopener\">Boutique officielle du FC Barcelona<\/a>:<\/strong> obtenez des maillots officiels, des \u00e9charpes et des cadeaux pour les fans de tous \u00e2ges.<\/p>\n\n\n\n<p class=\"ms-link-unstyled\">\ud83d\ude8c <strong><a href=\"https:\/\/www.tiqets.com\/fr\/barcelona-attractions-c66342\/tickets-for-hop-on-hop-off-bus-barcelona-p974325\/?partner=visitcampnou\" rel=\"nofollow noopener\">Tour Hop-On Hop-Off<\/a>:<\/strong> le moyen le plus simple de voir toutes les principales attractions de Barcelone.<\/p>\n\n\n\n<p class=\"ms-link-unstyled\">\ud83c\udf9f\ufe0f <a href=\"https:\/\/www.tiqets.com\/fr\/barcelona-attractions-c66342\/tickets-for-barcelona-card-72-Hour-96-Hour-120-Hour-p975758\/?partner=visitcampnou\" rel=\"nofollow noopener\"><strong>Barcelona Card<\/strong><\/a>: transport en commun gratuit et r\u00e9ductions sur les attractions populaires.<\/p>\n\n\n\n<p class=\"ms-link-unstyled\">\ud83c\udf1f<strong>Principales attractions:<\/strong> ne manquez pas les incontournables comme <strong>La Sagrada Fam\u00edlia<\/strong>, <strong>Casa Batll\u00f3<\/strong> et <strong>Parc G\u00fcell<\/strong>.<\/p>\n\n\n\n<div class=\"ms-cta-button-options ms-mb-block ms-cta\">\n<a class=\"gb-text ms-btn ms-btn--primary ms-shadow\" href=\"https:\/\/www.tiqets.com\/fr\/barcelona-attractions-c66342\/tickets-for-barcelona-card-72-Hour-96-Hour-120-Hour-p975758\/?partner=visitcampnou\" rel=\"nofollow noopener\">Barcelona Card<\/a>\n\n\n\n<a class=\"gb-text ms-btn ms-btn--outline-primary ms-shadow\" href=\"https:\/\/www.tiqets.com\/fr\/city-passes-barcelona-l199949\/?partner=visitcampnou\" rel=\"nofollow noopener\">Tous les billets<\/a>\n<\/div>\n<\/div>\n\n\n\n<h2 class=\"wp-block-heading\">Que se passe-t-il au Camp Nou ?<\/h2>\n\n\n\n<p>Le Camp Nou fait l\u2019objet d\u2019un vaste projet de r\u00e9novation. L\u2019objectif est d\u2019en faire l\u2019un des stades les plus modernes et impressionnants au monde. Tout est en cours de modernisation : un toit sera ajout\u00e9, la capacit\u00e9 passera \u00e0 105 000 places et toute la structure sera remise \u00e0 neuf. Cela fait partie du projet de r\u00e9am\u00e9nagement Espai Bar\u00e7a.<\/p>\n\n\n\n<p>C\u2019est une bonne nouvelle pour les fans, mais cela signifie que le stade est actuellement ferm\u00e9 aux visiteurs.<\/p>\n\n\n\n<h2 class=\"wp-block-heading\">Quand le Camp Nou rouvrira-t-il ?<\/h2>\n\n\n\n<p>La r\u00e9ouverture \u00e9tait pr\u00e9vue pour novembre 2024, mais en raison de retards, elle ne devrait pas avoir lieu avant octobre 2025. Le nouveau toit et la r\u00e9novation compl\u00e8te devraient \u00eatre termin\u00e9s \u00e0 l\u2019\u00e9t\u00e9 2026.<\/p>\n\n\n\n<p>Donc, pas de visite les jours de match pour le moment, mais il y a encore beaucoup \u00e0 faire pour les fans du Bar\u00e7a !<\/p>\n\n\n\n<h2 class=\"wp-block-heading\">Que peut-on visiter \u00e0 la place ?<\/h2>\n\n\n\n<p>M\u00eame si le stade est ferm\u00e9, deux lieux incontournables \u00e0 proximit\u00e9 sont toujours ouverts :<\/p>\n\n\n\n<ul class=\"wp-block-list\">\n<li>Mus\u00e9e du FC Barcelone<\/li>\n\n\n\n<li>Boutique Officielle du FC Barcelone<\/li>\n<\/ul>\n\n\n\n<h2 class=\"wp-block-heading\">Autres choses \u00e0 faire<\/h2>\n\n\n\n<p>Que vous soyez fan de football ou non, Barcelone regorge d\u2019activit\u00e9s.<\/p>\n\n\n\n<ul class=\"wp-block-list\">\n<li>Visitez la <strong>Sagrada Fam\u00edlia<\/strong>, le <strong>Parc G\u00fcell<\/strong> et d&rsquo;autres chefs-d&rsquo;\u0153uvre de Gaud\u00ed<\/li>\n\n\n\n<li>Gastronomie, plages, culture locale et vues imprenables<\/li>\n\n\n\n<li>Visitez des mus\u00e9es de renomm\u00e9e mondiale tels que le <strong>Mus\u00e9e Picasso<\/strong> et le <strong>MNAC<\/strong><\/li>\n\n\n\n<li>Admirez la vue panoramique depuis la <strong>colline de Montju\u00efc<\/strong> et son t\u00e9l\u00e9ph\u00e9rique<\/li>\n\n\n\n<li>D\u00e9gustez des tapas et la cuisine catalane dans les restaurants locaux et lors de visites gastronomiques<\/li>\n<\/ul>\n\n\n\n<p><a href=\"https:\/\/www.barcelonacard.org\/fr\/billets\/\" target=\"_blank\" rel=\"noreferrer noopener\"><u>Planifiez votre visite et consultez les options de billets ici \u00bb<\/u><\/a><\/p>\n\n\n\n<p><\/p>\n","protected":false},"excerpt":{"rendered":"","protected":false},"author":4,"featured_media":796,"parent":0,"menu_order":0,"comment_status":"closed","ping_status":"closed","template":"","meta":{"_acf_changed":false,"footnotes":"","button_url":"https:\/\/www.tiqets.com\/fr\/fc-barcelona-immersive-tour-museum-tickets-l224102\/?partner=visitcampnou","ms_product_id":"","ms_product_name":"","ms_price":"","ms_currency":"","ms_rating_value":"","ms_review_count":"","rank_math_title":"Informations sur la r\u00e9novation du Camp Nou pour les visiteurs","rank_math_description":"D\u00e9couvrez la date d'ach\u00e8vement des travaux de r\u00e9novation du Camp Nou et les meilleures activit\u00e9s \u00e0 faire \u00e0 Barcelone pour les fans du FC Barcelone pendant la r\u00e9novation."},"post-style":[],"producer":[],"class_list":["post-789","page","type-page","status-publish","has-post-thumbnail"],"acf":[],"product_schema":{"ms_product_id":"","ms_product_name":"","ms_price":"","ms_currency":"","ms_rating_value":"","ms_review_count":""},"_links":{"self":[{"href":"https:\/\/www.visitcampnou.com\/fr\/wp-json\/wp\/v2\/pages\/789","targetHints":{"allow":["GET"]}}],"collection":[{"href":"https:\/\/www.visitcampnou.com\/fr\/wp-json\/wp\/v2\/pages"}],"about":[{"href":"https:\/\/www.visitcampnou.com\/fr\/wp-json\/wp\/v2\/types\/page"}],"author":[{"embeddable":true,"href":"https:\/\/www.visitcampnou.com\/fr\/wp-json\/wp\/v2\/users\/4"}],"replies":[{"embeddable":true,"href":"https:\/\/www.visitcampnou.com\/fr\/wp-json\/wp\/v2\/comments?post=789"}],"version-history":[{"count":3,"href":"https:\/\/www.visitcampnou.com\/fr\/wp-json\/wp\/v2\/pages\/789\/revisions"}],"predecessor-version":[{"id":865,"href":"https:\/\/www.visitcampnou.com\/fr\/wp-json\/wp\/v2\/pages\/789\/revisions\/865"}],"wp:featuredmedia":[{"embeddable":true,"href":"https:\/\/www.visitcampnou.com\/fr\/wp-json\/wp\/v2\/media\/796"}],"wp:attachment":[{"href":"https:\/\/www.visitcampnou.com\/fr\/wp-json\/wp\/v2\/media?parent=789"}],"wp:term":[{"taxonomy":"post-style","embeddable":true,"href":"https:\/\/www.visitcampnou.com\/fr\/wp-json\/wp\/v2\/post-style?post=789"},{"taxonomy":"producer","embeddable":true,"href":"https:\/\/www.visitcampnou.com\/fr\/wp-json\/wp\/v2\/producer?post=789"}],"curies":[{"name":"wp","href":"https:\/\/api.w.org\/{rel}","templated":true}]}}