{"id":13,"date":"2016-02-25T11:23:04","date_gmt":"2016-02-25T10:23:04","guid":{"rendered":"https:\/\/www.visitcampnou.com\/?page_id=13"},"modified":"2025-10-08T23:49:22","modified_gmt":"2025-10-08T21:49:22","slug":"hotel","status":"publish","type":"page","link":"https:\/\/www.visitcampnou.com\/it\/hotel\/","title":{"rendered":"I 10 Migliori Alberghi Vicino al Camp Nou"},"content":{"rendered":"\n<p class=\"lead\">Se avete programmato un viaggio a Barcellona sulla base di una partita del FC Barcellona o comunque sulla possibilit\u00e0 di esplorare lo stadio, vi consigliamo di soggiornare in uno degli hotel pi\u00f9 vicini al Camp Nou.<\/p>\n\n\n\n<p>Ce ne sono parecchi nei dintorni dello stadio e si pu\u00f2 scegliere tra differenti hotel con diverse offerte, dal bar sulla terrazza alla piscina. Insomma ottime scelte a seconda anche del portafoglio a disposizione. Qui troverete la nostra selezione dei 10 migliori hotel vicino allo stadio del Camp Nou di Barcellona.<\/p>\n\n\n\n<h3 class=\"wp-block-heading\">1. NH Barcellona Stadium<\/h3>\n\n\n\n<p>Questo hotel prende il nome dallo stadio, il che fa capire che vuole andare incontro alle esigenze di un cliente calcio-dipendente. Questo alloggio si affaccia letteralmente sullo stadio ed dispone di una piscina panoramica impressionante, con vista mozzafiato sulla citt\u00e0. Include Wi-Fi gratuito, una palestra, un men\u00f9 di cuscini di lusso (s\u00ec esatto, \u00e8 possibile scegliere tra una selezione di cuscini) e la sua terrazza si affaccia sulla collina del Montjuic.<\/p>\n\n\n\n<h3 class=\"wp-block-heading\">2. Hotel Alguer Camp Nou<\/h3>\n\n\n\n<p>Questo hotel \u00e8 un\u2019altra ottima scelta che si trova a qualche metro dallo stadio Camp Nou &#8211; sul serio, non potreste essere pi\u00f9 vicini di cos\u00ec! Si tratta di un accogliente hotel a conduzione familiare che offre camere essenziali, ma confortevoli per i tifosi e coloro che desiderano esplorare le offerte culturali di tutta l\u2019area dell\u2019Avenida Diagonal. Le camere vantano un distinto stile spagnolo, con pavimenti in cotto e colori tenui.<\/p>\n\n\n\n<h3 class=\"wp-block-heading\">3. Hotel Catalonia Rigoletto<\/h3>\n\n\n\n<p>Sontuoso con interni moderni, l&#8217;Hotel Catalonia Rigoletto \u00e8 ideale per il viaggiatore di lusso che vuole un po&#8217; di grinta durante il suo viaggio. Situato a pochi metri dallo stadio, dispone di una lussuosa piscina all&#8217;aperto, WiFi gratuito e camere spettacolari, spaziose e arredate in legno scuro, illuminazione accogliente e colori ricchi. Il suo ristorante La Traviata attira parecchie persone, anche grazie alle sue colazioni a buffet e alle cene mediterranee.<\/p>\n\n\n\n<h3 class=\"wp-block-heading\">4. Hotel Princesa Sofia<\/h3>\n\n\n\n<p>Le camere eleganti di questo hotel a quattro stelle, rendono la sosta perfetta non lontano dal campo da calcio. Situato a circa 8 minuti a piedi dal Camp Nou, \u00e8 il luogo ideale per vedere le partite. Le camere sono decorate in un semplice e elegante stile, con un men\u00f9 di cuscini e bagni di lusso in marmo. Il ristorante offre sia buffet che menu alla carta, mentre la terrazza col \u201cgiardino della birra bavarese\u201d serve una selezione di piatti tedeschi durante l\u2019estate.<\/p>\n\n\n\n<h3 class=\"wp-block-heading\">5. Senator Barcellona Spa Hotel<\/h3>\n\n\n\n<p>Un altro albergo situato a pochi metri dal Camp Nou, il Senator Barcellona Spa Hotel \u00e8 un albergo a quattro stelle con camere semplici, ma eleganti e una piscina panoramica che si affaccia sulla citt\u00e0. Offre anche un centro benessere che include: bagno turco, bagno romano, grotte di ghiaccio, vasche idromassaggio, una sauna e diversi massaggi e trattamenti di bellezza. \u00c8 facile ricaricarsi grazie alla ricca colazione a buffet prima di esplorare il Camp Nou.<\/p>\n\n\n\n<h3 class=\"wp-block-heading\">6. Madanis Hotel<\/h3>\n\n\n\n<p>Legno scuro e una tavolozza di colori tenui definiscono questo hotel. Inaugurato nel 2007, il Madanis si concentra sull\u2019innovazione e sul design moderno, e si affaccia anch\u2019esso sul Camp Nou. La struttura a quattro stelle offre un po&#8217; di relax per un soggiorno a Barcellona, con le sue camere neutri e il caff\u00e8 chic, dove potrete gustare un drink mentre ammirerete la citt\u00e0.<\/p>\n\n\n\n<h3 class=\"wp-block-heading\">7. Hotel Rey Juan Carlos<\/h3>\n\n\n\n<p>Se davvero si vuole esagerare, vi consigliamo l\u2019Hotel Rey Juan Carlos, circondato da 25 ettari di giardini lussureggianti ben curati. A soli 15 minuti a piedi dal Camp Nou, si ottiene il meglio dei due mondi, grazie al suo premiato centro benessere e alle sue camere spaziose e contemporanee. L\u2019hotel dispone anche un ristorante mediterraneo, una terrazza a bordo piscina e un bar moderno che ospita regolarmente gruppi dal vivo.<\/p>\n\n\n\n<h3 class=\"wp-block-heading\">8. Aparthotel Atenea Barcellona<\/h3>\n\n\n\n<p>Questo unico aparthotel si trova appena fuori Avenida Diagonal, a circa 10 minuti a piedi dallo stadio Camp Nou. Qui, troverete camere dotate di Wi-Fi gratuito e di cucine personali ben decorare, perfetto per chi desidera una serata rilassante dopo una giornata trascorsa a visitare la citt\u00e0. Se non avete voglia di cucinare, si pu\u00f2 sempre andare al ristorante dell&#8217;hotel, dove troverete un buffet di pasti sani e abbondanti.<\/p>\n\n\n\n<h3 class=\"wp-block-heading\">9. NH Collection Barcellona Constanza<\/h3>\n\n\n\n<p>Questo luminoso e arioso hotel vanta di una terrazza panoramica con piscina e camere spaziose con un\u2019incredibile vista sulla citt\u00e0. Si trova nei pressi di un grande centro commerciale in Avenida Diagonal, a soli 15 minuti dalla stazione ferroviaria Sants di Barcellona. Offre una spa e la palestra ad uso esclusivo degli ospiti, cos\u00ec come una sana colazione a buffet con piatti freschi e antiossidanti. Il ristorante italiano \u00e8 gestito dal pluripremiato chef Andrea Tumbardello, mentre Diego Cabrerar Cocktail Bar serve una selezione unica di cocktails.<\/p>\n\n\n\n<h3 class=\"wp-block-heading\">10. Hotel Upper Diagonal<\/h3>\n\n\n\n<p>L&#8217;Hotel Upper Diagonal dispone di diverse camere eleganti, decorate con colori tenui e dotate di moderni ed eleganti comfort. Situato in Avenida Diagonal, a meno di un miglio al Camp Nou. Con un centro fitness e una confortevole lounge bar, \u00e8 il luogo ideale per rilassarsi dopo una lunga giornata in giro per la citt\u00e0.<\/p>\n\n\n\n<p>Ci sono molti hotel vicino al Camp Nou, a pochi passi dallo stadio e con un ottimo collegamento con il cuore della citt\u00e0.<\/p>\n","protected":false},"excerpt":{"rendered":"","protected":false},"author":2,"featured_media":0,"parent":0,"menu_order":6,"comment_status":"closed","ping_status":"closed","template":"","meta":{"_acf_changed":false,"footnotes":"","button_url":"https:\/\/www.tiqets.com\/it\/fc-barcelona-immersive-tour-museum-tickets-l224102\/?partner=visitcampnou","ms_product_id":"","ms_product_name":"","ms_price":"","ms_currency":"","ms_rating_value":"","ms_review_count":"","rank_math_title":"10 migliori hotel vicino al Camp Nou (con immagini)","rank_math_description":"Elenco di 10 hotel vicino al Camp Nou a Barcellona, tutti a pochi passi dallo stadio e con facile accesso al centro citt\u00e0."},"post-style":[],"producer":[],"class_list":["post-13","page","type-page","status-publish","has-post-thumbnail"],"acf":[],"product_schema":{"ms_product_id":"","ms_product_name":"","ms_price":"","ms_currency":"","ms_rating_value":"","ms_review_count":""},"_links":{"self":[{"href":"https:\/\/www.visitcampnou.com\/it\/wp-json\/wp\/v2\/pages\/13","targetHints":{"allow":["GET"]}}],"collection":[{"href":"https:\/\/www.visitcampnou.com\/it\/wp-json\/wp\/v2\/pages"}],"about":[{"href":"https:\/\/www.visitcampnou.com\/it\/wp-json\/wp\/v2\/types\/page"}],"author":[{"embeddable":true,"href":"https:\/\/www.visitcampnou.com\/it\/wp-json\/wp\/v2\/users\/2"}],"replies":[{"embeddable":true,"href":"https:\/\/www.visitcampnou.com\/it\/wp-json\/wp\/v2\/comments?post=13"}],"version-history":[{"count":2,"href":"https:\/\/www.visitcampnou.com\/it\/wp-json\/wp\/v2\/pages\/13\/revisions"}],"predecessor-version":[{"id":875,"href":"https:\/\/www.visitcampnou.com\/it\/wp-json\/wp\/v2\/pages\/13\/revisions\/875"}],"wp:attachment":[{"href":"https:\/\/www.visitcampnou.com\/it\/wp-json\/wp\/v2\/media?parent=13"}],"wp:term":[{"taxonomy":"post-style","embeddable":true,"href":"https:\/\/www.visitcampnou.com\/it\/wp-json\/wp\/v2\/post-style?post=13"},{"taxonomy":"producer","embeddable":true,"href":"https:\/\/www.visitcampnou.com\/it\/wp-json\/wp\/v2\/producer?post=13"}],"curies":[{"name":"wp","href":"https:\/\/api.w.org\/{rel}","templated":true}]}}