{"id":16,"date":"2016-02-25T11:58:35","date_gmt":"2016-02-25T10:58:35","guid":{"rendered":"https:\/\/www.visitcampnou.com\/?page_id=16"},"modified":"2025-10-12T21:33:53","modified_gmt":"2025-10-12T19:33:53","slug":"mappa","status":"publish","type":"page","link":"https:\/\/www.visitcampnou.com\/it\/mappa\/","title":{"rendered":"Spotify Camp Nou Indirizzo, mappa e informazioni"},"content":{"rendered":"\n<h2 class=\"wp-block-heading\">Dove si trova il Camp Nou a Barcellona?<\/h2>\n\n\n\n<p>Camp Nou si trova a circa 5 chilometri dal centro di Barcellona, lungo la via d&#8217;uscita dalla citt\u00e0, a est. Nonostante la sua posizione relativamente non-centrale, \u00e8 davvero facile da raggiungere grazie all\u2019efficiente servizio di trasporto pubblico della citt\u00e0. Da tutte le parti della citt\u00e0 ci sono modi differenti per arrivarci, potete trovare tutte le informazioni qui sotto.<\/p>\n\n\n\n<p>Lo stadio fa parte del complesso sportivo con Mini Estadi di Barcellona.<\/p>\n\n\n\n<h2 class=\"wp-block-heading\">Mappa e indirizzo<\/h2>\n\n\n\n<address class=\"wp-block-ms-blocks-staticmap ms-mapblock ms-mb-block\"><h4>Spotify Camp Nou<\/h4><p class=\"ms-mb-0\"><img decoding=\"async\" class=\"ms-mapblock__map ms-rounded\" src=\"https:\/\/www.visitcampnou.com\/it\/wp-content\/uploads\/sites\/3\/maps\/staticmap_41.380896_2.1228198_14_600x400.png\" alt=\"Map of Spotify Camp Nou\"\/><\/p><p class=\"ms-text-sm ms-text-muted\">Les Corts, 08028 Barcelona, Spain \u00b7 <a rel=\"nofollow noopener\" target=\"_blank\" href=\"https:\/\/maps.google.com\/?q=41.380896,2.1228198\">Google Maps<\/a><\/p><\/address>\n\n\n\n<h2 class=\"wp-block-heading\">Orari di apertura<\/h2>\n\n\n<div class=\"ms-table\"><table><tr><th>Periodo<\/th><th>Giorni<\/th><th>Orari di apertura<\/th><\/tr><tr><td>2 gen \u2013 25 feb<\/td><td>Luned\u00ec \u2013 domenica<\/td><td>10:00 \u2013 18:00<\/td><\/tr><tr><td>26 feb \u2013 27 mar<\/td><td>Luned\u00ec \u2013 domenica<\/td><td>10:00 \u2013 19:00<\/td><\/tr><tr><td>28 mar \u2013 18 ott<\/td><td>Luned\u00ec \u2013 domenica<\/td><td>9:30 \u2013 19:00<\/td><\/tr><tr><td>19 ott \u2013 31 dic<\/td><td>Luned\u00ec \u2013 domenica<\/td><td>10:00 \u2013 18:00<\/td><\/tr><tr><td>25 dic e 1 gen<\/td><td><\/td><td>Chiuso<\/td><\/tr><\/table><\/div>\n\n\n<p><strong>Nota:<\/strong><\/p>\n\n\n\n<ul class=\"wp-block-list\">\n<li>Ultimo accesso 45 minuti prima della chiusura.<\/li>\n\n\n\n<li>Le biglietterie aprono 15 minuti prima dell&#8217;inizio del Bar\u00e7a Inmersive Tour e chiudono 45 minuti prima della sua conclusione.<\/li>\n<\/ul>\n\n\n\n<h2 class=\"wp-block-heading\">Come arrivare<\/h2>\n\n\n\n<p>Spotify Camp Nou \u00e8 attualmente chiuso per lavori di ristrutturazione. Mentre lo stadio \u00e8 in fase di trasformazione, \u00e8 comunque possibile visitare il Bar\u00e7a Immersive Tour e il nuovo Bar\u00e7a Museum, compreso il Construction Viewpoint.<\/p>\n\n\n\n<h3 class=\"wp-block-heading\"><strong>\ud83d\ude87 In metropolitana<\/strong><\/h3>\n\n\n\n<p>La metropolitana \u00e8 il modo pi\u00f9 semplice per raggiungere lo stadio. Ci sono diverse stazioni nelle vicinanze, ciascuna a circa 10 minuti a piedi dal Camp Nou:<\/p>\n\n\n\n<ul class=\"wp-block-list\">\n<li><strong>Linea 3 (linea verde):<\/strong> Palau Reial, Les Corts<\/li>\n\n\n\n<li><strong>Linea 5 (linea blu):<\/strong> Collblanc, Badal<\/li>\n<\/ul>\n\n\n\n<p><strong>Indicazioni a piedi da ciascuna stazione:<\/strong><\/p>\n\n\n\n<ul class=\"wp-block-list\">\n<li><strong>Palau Reial:<\/strong> uscire dalla stazione, girare a sinistra e percorrere Carrer de Mart\u00ed i Franqu\u00e8s. Lo stadio si trova alla fine della strada.<\/li>\n\n\n\n<li><strong>Les Corts:<\/strong> uscire dalla stazione, girare a sinistra e percorrere Travessera de les Corts. Lo stadio si trova sulla destra.<\/li>\n\n\n\n<li><strong>Collblanc:<\/strong> uscire dalla stazione, girare a destra e percorrere Carrer de Sants. Girare a sinistra su Carrer de la Riera Blanca, che diventa Carrer d&#8217;Ar\u00edstides Maillol.<\/li>\n\n\n\n<li><strong>Badal:<\/strong> uscire dalla stazione, girare a sinistra e percorrere Carrer de Portbou. Girare a sinistra su Avenida de Madrid, poi a destra su Carrer de Benavent. Lo stadio si trova alla fine della strada.<\/li>\n<\/ul>\n\n\n\n<p><strong>Stazioni della metropolitana pi\u00f9 vicine a ciascun ingresso:<\/strong><\/p>\n\n\n\n<ul class=\"wp-block-list\">\n<li><strong>Ingressi 1-10:<\/strong> Palau Reial<\/li>\n\n\n\n<li><strong>Ingressi 11-16:<\/strong> Collblanc<\/li>\n\n\n\n<li><strong>Ingressi 17 e 19:<\/strong> Badal<\/li>\n\n\n\n<li><strong>Ingressi 19-21:<\/strong> Les Corts<\/li>\n<\/ul>\n\n\n\n<p>Nei giorni delle partite, la metropolitana \u00e8 in servizio fino a mezzanotte nei giorni feriali e tutta la notte il sabato. Durante le partite \u00e8 previsto un aumento del traffico.<\/p>\n\n\n\n<h3 class=\"wp-block-heading\"><strong>\ud83d\ude8c In autobus<\/strong><\/h3>\n\n\n\n<p>Diverse linee di autobus fermano vicino allo stadio:<\/p>\n\n\n\n<ul class=\"wp-block-list\">\n<li><strong>Linee 7, 15, 33, 43, 56, 63, 67, 68, 70, 72, 74, 75, 78, 113, 153, 157, 158, 167<\/strong><\/li>\n<\/ul>\n\n\n\n<p>Per le fermate pi\u00f9 vicine:<\/p>\n\n\n\n<ul class=\"wp-block-list\">\n<li><strong>Linea 75:<\/strong> scendere a \u201cEstadi del Futbol Club Barcelona\u201d<\/li>\n\n\n\n<li><strong>Linea L12:<\/strong> scendere a \u201cEstadi del Futbol Club Barcelona\u201d<\/li>\n\n\n\n<li><strong>Linea H8:<\/strong> scendere a \u201cLes Corts-Arizala\u201d<\/li>\n<\/ul>\n\n\n\n<p>Molti autobus turistici fermano anche allo stadio, consentendo di salire e scendere durante tutta la giornata.<\/p>\n\n\n\n<h3 class=\"wp-block-heading\"><strong>\ud83d\ude8b In tram<\/strong><\/h3>\n\n\n\n<p>Ci sono diverse fermate del tram nei dintorni del Camp Nou, ciascuna a circa 10 minuti a piedi dallo stadio:<\/p>\n\n\n\n<ul class=\"wp-block-list\">\n<li><strong>Linee T1, T2, T3:<\/strong> Maria Cristina, Pius XII, Palau Reial, Universitaria, Avinguda de Xile, Sant Ramon<\/li>\n<\/ul>\n\n\n\n<h3 class=\"wp-block-heading\"><strong>\ud83d\ude97 In auto<\/strong><\/h3>\n\n\n\n<p>Se arrivate dalla Ronda de Dalt (l&#8217;autostrada che porta in citt\u00e0), prendete l&#8217;uscita 11 lungo Avenida Diagonal. Tenetevi sulla destra dei binari del tram prima di svoltare in Calle de Sabino Arana, che \u00e8 segnalata per lo stadio. Seguite la strada che gira a sinistra, poi girate a destra sulla Gran Via de Carles III e poi ancora a destra sulla Travessera de les Corts. Lo stadio apparir\u00e0 presto sulla vostra destra.<\/p>\n\n\n\n<h2 class=\"wp-block-heading\">Parcheggio vicino allo Spotify Camp Nou<\/h2>\n\n\n\n<p>A causa dei lavori in corso, i parcheggi presso lo stadio sono limitati. \u00c8 possibile parcheggiare gratuitamente durante l&#8217;orario di apertura del Bar\u00e7a Immersive Tour entrando dall&#8217;accesso 14 in Carrer d&#8217;Ar\u00edstides Maillol. Nei giorni delle partite, il parcheggio \u00e8 aperto fino a 4 ore prima del calcio d&#8217;inizio.<\/p>\n\n\n\n<p>In alternativa, \u00e8 possibile parcheggiare in Avenida Diagonal, vicino all&#8217;Universit\u00e0.<\/p>\n\n\n\n<h2 class=\"wp-block-heading\">Accessibilit\u00e0<\/h2>\n\n\n\n<p>Il Bar\u00e7a Immersive Tour \u00e8 completamente accessibile alle persone con mobilit\u00e0 ridotta o agli utenti su sedia a rotelle. L&#8217;ingresso \u00e8 pianeggiante, senza alcuna difficolt\u00e0 di accesso.<\/p>\n\n\n\n<p>\u00c8 disponibile un servizio gratuito di prestito di sedie a rotelle, che pu\u00f2 essere richiesto al banco informazioni all&#8217;ingresso. I servizi igienici adattati sono riservati esclusivamente alle persone con mobilit\u00e0 ridotta.<\/p>\n","protected":false},"excerpt":{"rendered":"","protected":false},"author":2,"featured_media":0,"parent":0,"menu_order":7,"comment_status":"closed","ping_status":"closed","template":"","meta":{"_acf_changed":false,"footnotes":"","button_url":"https:\/\/www.tiqets.com\/it\/fc-barcelona-immersive-tour-museum-tickets-l224102\/?partner=visitcampnou","ms_product_id":"","ms_product_name":"","ms_price":"","ms_currency":"","ms_rating_value":"","ms_review_count":"","rank_math_title":"Spotify Camp Nou Indirizzo, mappa e informazioni","rank_math_description":"Ottieni tutte le informazioni necessarie per raggiungere il Camp Nou, comprese indicazioni stradali, mappa, orari di apertura e altro ancora."},"post-style":[],"producer":[],"class_list":["post-16","page","type-page","status-publish","has-post-thumbnail"],"acf":[],"product_schema":{"ms_product_id":"","ms_product_name":"","ms_price":"","ms_currency":"","ms_rating_value":"","ms_review_count":""},"_links":{"self":[{"href":"https:\/\/www.visitcampnou.com\/it\/wp-json\/wp\/v2\/pages\/16","targetHints":{"allow":["GET"]}}],"collection":[{"href":"https:\/\/www.visitcampnou.com\/it\/wp-json\/wp\/v2\/pages"}],"about":[{"href":"https:\/\/www.visitcampnou.com\/it\/wp-json\/wp\/v2\/types\/page"}],"author":[{"embeddable":true,"href":"https:\/\/www.visitcampnou.com\/it\/wp-json\/wp\/v2\/users\/2"}],"replies":[{"embeddable":true,"href":"https:\/\/www.visitcampnou.com\/it\/wp-json\/wp\/v2\/comments?post=16"}],"version-history":[{"count":3,"href":"https:\/\/www.visitcampnou.com\/it\/wp-json\/wp\/v2\/pages\/16\/revisions"}],"predecessor-version":[{"id":899,"href":"https:\/\/www.visitcampnou.com\/it\/wp-json\/wp\/v2\/pages\/16\/revisions\/899"}],"wp:attachment":[{"href":"https:\/\/www.visitcampnou.com\/it\/wp-json\/wp\/v2\/media?parent=16"}],"wp:term":[{"taxonomy":"post-style","embeddable":true,"href":"https:\/\/www.visitcampnou.com\/it\/wp-json\/wp\/v2\/post-style?post=16"},{"taxonomy":"producer","embeddable":true,"href":"https:\/\/www.visitcampnou.com\/it\/wp-json\/wp\/v2\/producer?post=16"}],"curies":[{"name":"wp","href":"https:\/\/api.w.org\/{rel}","templated":true}]}}