{"id":5,"date":"2016-02-23T15:59:53","date_gmt":"2016-02-23T14:59:53","guid":{"rendered":"https:\/\/www.visitcampnou.com\/?page_id=5"},"modified":"2026-03-26T10:36:57","modified_gmt":"2026-03-26T09:36:57","slug":"camp-nou-tour","status":"publish","type":"page","link":"https:\/\/www.visitcampnou.com\/it\/camp-nou-tour\/","title":{"rendered":"Tour del Camp Nou"},"content":{"rendered":"<div class=\"gb-container gb-container-7d45ff9c ms-p ms-rounded ms-mb-last-child-0 ms-mb-children-condensed ms-alert--contrast ms-mb-block\">\n\n<h4 class=\"gb-headline gb-headline-50127ae1\"><span class=\"gb-icon\"><svg viewBox=\"0 0 256 256\" fill=\"#000000\" height=\"32\" width=\"32\" xmlns=\"http:\/\/www.w3.org\/2000\/svg\"><path d=\"M128,20A108,108,0,1,0,236,128,108.12,108.12,0,0,0,128,20Zm0,192a84,84,0,1,1,84-84A84.09,84.09,0,0,1,128,212Zm-12-80V80a12,12,0,0,1,24,0v52a12,12,0,0,1-24,0Zm28,40a16,16,0,1,1-16-16A16,16,0,0,1,144,172Z\"><\/path><\/svg><\/span><span class=\"gb-headline-text\"><strong>Avviso: Spotify Camp Nou chiuso per lavori di ristrutturazione<\/strong><\/span><\/h4>\n\n\n\n<p>Attenzione! Spotify Camp Nou \u00e8 attualmente chiuso per lavori di ristrutturazione, ma potete comunque immergervi nella ricca storia e nei successi dell&#8217;FC Barcelona con il <a href=\"https:\/\/www.tiqets.com\/it\/barcelona-attractions-c66342\/tickets-for-fc-barcelona-immersive-tour-and-museum-flexible-ticket-p1085636\/?partner=visitcampnou\" rel=\"nofollow noopener\">FC Barcelona Immersive Tour &amp; Museum<\/a>. \u00c8 un ottimo modo per esplorare l&#8217;eredit\u00e0 del club e vivere la magia del Bar\u00e7a in un modo completamente nuovo.<\/p>\n\n<\/div>\n\n\n<p><a href=\"#tickets\"><u>Biglietti e prezzi<\/u><\/a> \u2013 <a href=\"#times\"><u>Orari di apertura<\/u><\/a> \u2013 <a href=\"#tour\"><u>Cosa vedere e fare<\/u><\/a><\/p>\n\n\n\n<hr class=\"wp-block-separator has-alpha-channel-opacity\"\/>\n\n\n\n<p class=\"lead\">Hai mai sognato di sentirti un calciatore per un giorno? Il tour del Camp Nou ti permette di andare dietro le quinte e vivere lo stadio dalla prospettiva di un giocatore. Potrai vedere da vicino tutti i punti salienti, come gli spogliatoi, il tunnel dei giocatori e calpestare l&#8217;iconico campo da gioco. Inoltre, il tour include il Museo dell&#8217;FC Barcelona, dove potrai immergerti nella leggendaria storia del club.<\/p>\n\n\n\n<p>Il tour \u00e8 autoguidato, quindi potrai prenderti tutto il tempo necessario per esplorare le biografie dei giocatori, seguire le orme delle superstar del calcio e immergerti nell&#8217;atmosfera dello stadio. Barriere giallo brillante ti guideranno lungo il percorso e, se avrai bisogno di aiuto, troverai personale cordiale a tua disposizione.<\/p>\n\n\n\n<p class=\"lead\">Lungo il percorso troverai molte informazioni sui pannelli informativi, ma se desideri approfondire ulteriormente la tua conoscenza, puoi partecipare a una visita guidata (consulta la sezione biglietti per i dettagli).<\/p>\n\n\n\n<h2 class=\"wp-block-heading\">Punti salienti<\/h2>\n\n\n\n<ul class=\"ms-icon-list ms-mb-block\">\n<li class=\"ms-icon-list__item\"><span class=\"gb-shape\"><svg viewBox=\"0 0 256 256\" fill=\"#000000\" height=\"32\" width=\"32\" xmlns=\"http:\/\/www.w3.org\/2000\/svg\"><path d=\"M232.49,80.49l-128,128a12,12,0,0,1-17,0l-56-56a12,12,0,1,1,17-17L96,183,215.51,63.51a12,12,0,0,1,17,17Z\"><\/path><\/svg><\/span><span class=\"gb-text\">Entra nella storia del calcio ed esplora lo stadio dove si sono svolti i momenti pi\u00f9 importanti dell&#8217;FC Barcelona. Dagli spogliatoi alla sala dei trofei, prova l&#8217;emozione di uno degli stadi di calcio pi\u00f9 famosi al mondo.<\/span><\/li>\n\n\n\n<li class=\"ms-icon-list__item\"><span class=\"gb-shape\"><svg viewBox=\"0 0 256 256\" fill=\"#000000\" height=\"32\" width=\"32\" xmlns=\"http:\/\/www.w3.org\/2000\/svg\"><path d=\"M232.49,80.49l-128,128a12,12,0,0,1-17,0l-56-56a12,12,0,1,1,17-17L96,183,215.51,63.51a12,12,0,0,1,17,17Z\"><\/path><\/svg><\/span><span class=\"gb-text\">Scopri le parti del Camp Nou che la maggior parte dei visitatori non vede: il tunnel, la sala stampa e le aree VIP. Perfetto per scattare foto e vivere un&#8217;esperienza indimenticabile da tifoso.<\/span><\/li>\n\n\n\n<li class=\"ms-icon-list__item\"><span class=\"gb-shape\"><svg viewBox=\"0 0 256 256\" fill=\"#000000\" height=\"32\" width=\"32\" xmlns=\"http:\/\/www.w3.org\/2000\/svg\"><path d=\"M232.49,80.49l-128,128a12,12,0,0,1-17,0l-56-56a12,12,0,1,1,17-17L96,183,215.51,63.51a12,12,0,0,1,17,17Z\"><\/path><\/svg><\/span><span class=\"gb-text\">Salta la fila con i biglietti online. Prenota i tuoi biglietti in anticipo per risparmiare tempo e garantirti l&#8217;ingresso.<\/span><\/li>\n<\/ul>\n\n\n\n<h2 class=\"wp-block-heading\" id=\"tickets\">Biglietti e prezzi<\/h2>\n\n\n\n<p>Ci sono quattro tipi di biglietti per il Spotify Camp Nou Tour: biglietti standard per adulti, biglietti per anziani\/pensionati, studenti e bambini. I bambini di et\u00e0 inferiore ai 6 anni entrano gratis, ma \u00e8 necessario prenotare il loro posto.<\/p>\n\n\n\n<p>Il modo pi\u00f9 semplice per acquistare i biglietti \u00e8 online, perch\u00e9 cos\u00ec si evitano le code allo stadio. Una volta effettuata la prenotazione, \u00e8 necessario stampare la conferma e consegnarla all&#8217;ingresso dello stadio. Sar\u00e0 necessario esibire un documento d&#8217;identit\u00e0 con foto per dimostrare di essere la persona che ha acquistato i biglietti. Non \u00e8 necessario prenotare un orario o un giorno al momento della prenotazione.<\/p>\n\n\n\n<div class=\"ms-p ms-rounded ms-mb-last-child-0 ms-mb-children-condensed ms-alert--contrast ms-mb-block\">\n<h4 class=\"gb-text-26a71c5b\"><span class=\"gb-shape\"><svg viewBox=\"0 0 256 256\" fill=\"#000000\" height=\"32\" width=\"32\" xmlns=\"http:\/\/www.w3.org\/2000\/svg\"><path d=\"M108,84a16,16,0,1,1,16,16A16,16,0,0,1,108,84Zm128,44A108,108,0,1,1,128,20,108.12,108.12,0,0,1,236,128Zm-24,0a84,84,0,1,0-84,84A84.09,84.09,0,0,0,212,128Zm-72,36.68V132a20,20,0,0,0-20-20,12,12,0,0,0-4,23.32V168a20,20,0,0,0,20,20,12,12,0,0,0,4-23.32Z\"><\/path><\/svg><\/span><span class=\"gb-text\">Esperienza calcistica completa a Barcellona<\/span><\/h4>\n\n\n\n<p class=\"gb-text\">Mentre il Camp Nou \u00e8 chiuso, scopri la storia completa del calcio di Barcellona con un tour guidato che visita sia il <strong>Museo dell&#8217;FC Barcelona<\/strong> che lo <strong>stadio RCDE (Espanyol)<\/strong>.<\/p>\n\n\n\n<p>Potrai andare dietro le quinte di due importanti stadi, esplorare le squadre di calcio locali e conoscere le intense rivalit\u00e0 calcistiche della citt\u00e0. Include trasporto privato, guida dal vivo e bevande.<\/p>\n\n\n\n<div class=\"ms-cta-button ms-p gb-element-e7d2b437 ms-cta\">\n<a class=\"gb-text ms-btn ms-shadow ms-btn--contrast gb-text-482ba572\" href=\"https:\/\/www.tiqets.com\/it\/barcelona-attractions-c66342\/tickets-for-barcelona-guided-football-tour-with-4-clubs-2-museums-p1128977\/?partner=visitcampnou\" rel=\"nofollow noopener\">Prenota il tuo posto<\/a>\n<\/div>\n<\/div>\n\n\n\n<h2 class=\"wp-block-heading\" id=\"times\">Organizza la tua visita<\/h2>\n\n\n\n<h3 class=\"wp-block-heading\" id=\"times\">Orari di apertura<\/h3>\n\n\n\n<p>Lo stadio \u00e8 aperto tutto l&#8217;anno tranne il 1\u00b0 gennaio e il 25 dicembre.<\/p>\n\n\n\n<p>\u00c8 possibile effettuare una visita guidata dalle 10:00 alle 18:30, con ultimo ingresso alle 17:45.<\/p>\n\n\n\n<p>Nei giorni delle partite, solo il museo \u00e8 aperto al pubblico, compresa la sala dei trofei e lo spazio Messi, ma \u00e8 anche possibile godere di una vista panoramica del campo fino a 3 ore prima del calcio d&#8217;inizio.<\/p>\n\n\n\n<p><strong>Nota:<\/strong> prima di recarsi allo stadio, \u00e8 consigliabile verificare online se sar\u00e0 possibile accedere a tutte le aree, poich\u00e9 spesso si verificano cambiamenti imprevisti al programma durante la stagione di allenamento e in occasione di eventi vari.<\/p>\n\n\n\n<h3 class=\"wp-block-heading\">Audioguide<\/h3>\n\n\n\n<p>All&#8217;inizio del tour \u00e8 possibile ritirare un&#8217;audioguida che fornir\u00e0 ulteriori informazioni rispetto a quelle riportate sui pannelli informativi lungo il percorso. Le audioguide sono disponibili in diverse lingue e consentono di seguire il tour al proprio ritmo.<\/p>\n\n\n\n<p>Prezzo dell&#8217;audioguida: 5 \u20ac.<\/p>\n\n\n\n<p><strong>Nota: <\/strong>al momento del ritiro dell&#8217;audioguida vi verr\u00e0 richiesto un documento d&#8217;identit\u00e0 come deposito, quindi \u00e8 consigliabile portare con s\u00e9 la patente di guida o una carta di credito per non dover consegnare il passaporto.<\/p>\n\n\n\n<h3 class=\"wp-block-heading\">Servizio di guida di lusso<\/h3>\n\n\n\n<p>Se volete davvero fare le cose in grande, potete assumere una guida esperta che vi accompagni in giro per lo stadio e vi racconti aneddoti di vita vissuta. Le guide possono effettuare tour in diverse lingue e richiedono la prenotazione e il pagamento anticipato. Prezzo indicativo della guida: 170 \u20ac (escluso il costo dei biglietti d&#8217;ingresso).<\/p>\n\n\n\n<p>In alternativa, puoi acquistare i biglietti allo stadio presso i distributori automatici o le biglietterie in loco. Spesso ci sono code, quindi preparati ad aspettare.<\/p>\n\n\n\n<h2 class=\"wp-block-heading\" id=\"tour\">Cosa vedere e fare<\/h2>\n\n\n\n<p>Il tour dell&#8217;FC Barcelona \u00e8 molto ricco, quindi preparati a trascorrere tra 1 e 2 ore alla scoperta del passato e del presente della squadra. Lungo il percorso, potrai ricostruire la storia della squadra di Barcellona e scoprire di pi\u00f9 sui suoi giocatori, sui suoi successi e su com&#8217;\u00e8 la vita allo stadio per la squadra.<\/p>\n\n\n\n<h3 class=\"wp-block-heading\">Esperienza virtuale<\/h3>\n\n\n\n<p>All&#8217;inizio del tour potrai assistere a uno spettacolo 3D di 10 minuti che ti metter\u00e0, in quanto visitatore, nella posizione tanto ambita di giocatore.<\/p>\n\n\n\n<p>L&#8217;esperienza ha lo scopo di dare un&#8217;idea di cosa provino i giocatori quando sono in campo, con replay di partite famose e colonne sonore di accompagnamento per rendere l&#8217;atmosfera ancora pi\u00f9 realistica.<\/p>\n\n\n\n<h3 class=\"wp-block-heading\">FC Cappella<\/h3>\n\n\n\n<figure class=\"gb-block-image gb-block-image-72a60e2c\"><img decoding=\"async\" class=\"gb-image gb-image-72a60e2c\" src=\"https:\/\/www.visitcampnou.com\/wp-content\/uploads\/fc-chapel-1744002531.jpg\" alt=\"Chapel inside football stadium Camp Nou in Barcelona\" title=\"fc-chapel\"\/>\n<figcaption class=\"gb-headline gb-headline-7f2db135 gb-headline-text\">Cappella all&#8217;interno dello stadio di calcio Camp Nou a Barcellona<\/figcaption>\n<\/figure>\n\n\n\n<p>Una delle tappe degne di nota \u00e8 la cappella interna, inaugurata nel 1958 e benedetta da Papa Giovanni Paolo II nei primi anni &#8217;80. Da allora, offre ai giocatori un luogo sicuro dove rivolgere le ultime preghiere prima di scendere in campo.<\/p>\n\n\n\n<h3 class=\"wp-block-heading\">Museo dell&#8217;FC Barcelona<\/h3>\n\n\n\n<figure class=\"gb-block-image gb-block-image-592315a4\"><img decoding=\"async\" class=\"gb-image gb-image-592315a4\" src=\"https:\/\/www.visitcampnou.com\/wp-content\/uploads\/fc-barcelona-tour-1744001967.jpg\" alt=\"FC Barcelona Museum at Camp Nou\" title=\"fc-barcelona-tour\"\/>\n<figcaption class=\"gb-headline gb-headline-fd07e822 gb-headline-text\">Museo dell&#8217;FC Barcelona al Camp Nou<\/figcaption>\n<\/figure>\n\n\n\n<p>Forse l&#8217;elemento pi\u00f9 interessante del tour \u00e8 il museo, che ospita vetrine piene di trofei, biografie dei giocatori e foto storiche dei successi della squadra. Qui \u00e8 possibile approfondire la storia dell&#8217;FC Barcelona attraverso una collezione di esposizioni divertenti e interattive e accattivanti esposizioni murali.<\/p>\n\n\n\n<h3 class=\"wp-block-heading\">Spazio Messi<\/h3>\n\n\n\n<figure class=\"gb-block-image gb-block-image-c81da551\"><img decoding=\"async\" class=\"gb-image gb-image-c81da551\" src=\"https:\/\/www.visitcampnou.com\/wp-content\/uploads\/messi-space-1744002729.jpg\" alt=\"Messi space of the FC Barcelona museum\" title=\"messi-space\"\/>\n<figcaption class=\"gb-headline gb-headline-c625b4c6 gb-headline-text\">Spazio Messi del museo dell&#8217;FC Barcelona<\/figcaption>\n<\/figure>\n\n\n\n<p>S\u00ec, c&#8217;\u00e8 un intero spazio dedicato alla superstar argentina. Potrete ammirare (o guardare con stupore) i 5 Palloni d&#8217;Oro e le 3 Scarpa d&#8217;Oro di Leo Messi mentre guardate un montaggio dei suoi migliori gol proiettato sulle pareti.<\/p>\n\n\n\n<h3 class=\"wp-block-heading\">Non solo calcio<\/h3>\n\n\n\n<figure class=\"gb-block-image gb-block-image-f7cec8c7\"><img decoding=\"async\" class=\"gb-image gb-image-f7cec8c7\" src=\"https:\/\/www.visitcampnou.com\/wp-content\/uploads\/champions-league-cups-1744097033.jpg\" alt=\"Champions League Cups in the Museum of FC Barcelona\" title=\"champions-league -cups\"\/>\n<figcaption class=\"gb-headline gb-headline-310f0e37 gb-headline-text\">Coppe della Champions League nel museo dell&#8217;FC Barcelona<\/figcaption>\n<\/figure>\n\n\n\n<p>Nonostante l&#8217;atmosfera innegabilmente incentrata sul calcio, lo stadio ospita anche una collezione di trofei di altre squadre sportive di Barcellona: un modo divertente per avere una panoramica dell&#8217;intero panorama sportivo della citt\u00e0.<\/p>\n\n\n\n<h3 class=\"wp-block-heading\">La sala stampa<\/h3>\n\n\n\n<figure class=\"gb-block-image gb-block-image-41752f11\"><img decoding=\"async\" class=\"gb-image gb-image-41752f11\" src=\"https:\/\/www.visitcampnou.com\/wp-content\/uploads\/camp-nou-pressroom-1744097323.jpg\" alt=\"Press Room FC Barcelona\" title=\"camp-nou-pressroom\"\/>\n<figcaption class=\"gb-headline gb-headline-b916ed7a gb-headline-text\">Sala stampa FC Barcelona<\/figcaption>\n<\/figure>\n\n\n\n<p>Molte confessioni sono state fatte e molte domande sono state eluse nella sala stampa dello stadio. \u00c8 qui che si svolge gran parte dell&#8217;attivit\u00e0 post-partita, con i giocatori che giustificano i loro fallimenti ed esaltano i loro successi. Puoi sederti sugli stessi posti dei giocatori pi\u00f9 amati al mondo o osservare la scena dalla prospettiva della stampa.<\/p>\n\n\n\n<h3 class=\"wp-block-heading\">Spogliatoio visitatori<\/h3>\n\n\n\n<figure class=\"gb-block-image gb-block-image-c410ead8\"><img decoding=\"async\" class=\"gb-image gb-image-c410ead8\" src=\"https:\/\/www.visitcampnou.com\/wp-content\/uploads\/visitors-dressing-room-1744097560.jpg\" alt=\"The visitors'dressing room\" title=\"visitors-dressing-room\"\/>\n<figcaption class=\"gb-headline gb-headline-e058f4f8 gb-headline-text\">Spogliatoio visitatori<\/figcaption>\n<\/figure>\n\n\n\n<p>Purtroppo non \u00e8 possibile visitare lo spogliatoio dell&#8217;FC Barcelona, perch\u00e9 \u00e8 costantemente utilizzato dai giocatori che vi lasciano regolarmente le loro cose. \u00c8 davvero un peccato, perch\u00e9 a quanto pare \u00e8 dotato di spa, sala trattamenti e farmacia. Dovrete invece accontentarvi di visitare lo spogliatoio degli ospiti, che ha visto passare centinaia di squadre provenienti da tutto il mondo.<\/p>\n\n\n\n<h3 class=\"wp-block-heading\">Il tunnel dei giocatori<\/h3>\n\n\n\n<figure class=\"gb-block-image gb-block-image-be820b66\"><img decoding=\"async\" class=\"gb-image gb-image-be820b66\" src=\"https:\/\/www.visitcampnou.com\/wp-content\/uploads\/fc-barcelona-tunnel-1744002323.jpg\" alt=\"The Players\u2019 Tunnel\" title=\"fc-barcelona-tunnel\"\/>\n<figcaption class=\"gb-headline gb-headline-04398469 gb-headline-text\">Il tunnel dei giocatori<\/figcaption>\n<\/figure>\n\n\n\n<p>\u00c8 qui che le cose iniziano davvero a diventare interessanti. Se chiudi gli occhi (o li tieni aperti e usi la tua immaginazione), puoi quasi fingere di stare per entrare in campo per giocare con una delle squadre pi\u00f9 amate al mondo.<\/p>\n\n\n\n<h3 class=\"wp-block-heading\">Il potente campo da gioco<\/h3>\n\n\n\n<figure class=\"gb-block-image gb-block-image-7b1ae248\"><img decoding=\"async\" class=\"gb-image gb-image-7b1ae248\" src=\"https:\/\/www.visitcampnou.com\/wp-content\/uploads\/playing-field-1744098489.jpg\" alt=\"Soccer stadium Camp Nou in Barcelona\" title=\"playing-field\"\/>\n<figcaption class=\"gb-headline gb-headline-988d8611 gb-headline-text\">Stadio di calcio Camp Nou a Barcellona<\/figcaption>\n<\/figure>\n\n\n\n<p>Il tunnel conduce inevitabilmente al campo, che da vicino \u00e8 davvero impressionante. Da qui \u00e8 possibile ammirare il campo da gioco di 105 m per 68 m e alzare lo sguardo verso le tribune alte 48 m (se si strizzano bene gli occhi, si possono quasi vedere i 100.000 tifosi appassionati che applaudono e fischiano). Qui si trovano le panchine (o l&#8217;area \u201cDug Out\u201d), dove \u00e8 possibile sedersi sugli stessi posti occupati dagli allenatori.<\/p>\n\n\n\n<h3 class=\"wp-block-heading\">Caselle dei commenti<\/h3>\n\n\n\n<figure class=\"gb-block-image gb-block-image-2da04827\"><img decoding=\"async\" class=\"gb-image gb-image-2da04827\" src=\"https:\/\/www.visitcampnou.com\/wp-content\/uploads\/commentary-boxes-1744098791.jpg\" alt=\"Commentary Boxes at Camp Nou\" title=\"commentary-boxes\"\/>\n<figcaption class=\"gb-headline gb-headline-19e04ebc gb-headline-text\">Caselle dei commenti<\/figcaption>\n<\/figure>\n\n\n\n<p>Lascia il tuo commento in queste cabine rialzate che hanno visto centinaia di star della TV e della radio esercitare la loro magia con le parole.<\/p>\n\n\n\n<p>Mentre passeggi, non dimenticare di cercare la litografia di Mir\u00f3, realizzata appositamente per la squadra di calcio del Barcellona, e la targa a 5 stelle assegnata allo stadio nel 1999.<\/p>\n","protected":false},"excerpt":{"rendered":"","protected":false},"author":2,"featured_media":759,"parent":0,"menu_order":3,"comment_status":"closed","ping_status":"closed","template":"","meta":{"_acf_changed":false,"footnotes":""},"post-style":[],"producer":[],"class_list":["post-5","page","type-page","status-publish","has-post-thumbnail"],"acf":[],"_links":{"self":[{"href":"https:\/\/www.visitcampnou.com\/it\/wp-json\/wp\/v2\/pages\/5","targetHints":{"allow":["GET"]}}],"collection":[{"href":"https:\/\/www.visitcampnou.com\/it\/wp-json\/wp\/v2\/pages"}],"about":[{"href":"https:\/\/www.visitcampnou.com\/it\/wp-json\/wp\/v2\/types\/page"}],"author":[{"embeddable":true,"href":"https:\/\/www.visitcampnou.com\/it\/wp-json\/wp\/v2\/users\/2"}],"replies":[{"embeddable":true,"href":"https:\/\/www.visitcampnou.com\/it\/wp-json\/wp\/v2\/comments?post=5"}],"version-history":[{"count":3,"href":"https:\/\/www.visitcampnou.com\/it\/wp-json\/wp\/v2\/pages\/5\/revisions"}],"predecessor-version":[{"id":939,"href":"https:\/\/www.visitcampnou.com\/it\/wp-json\/wp\/v2\/pages\/5\/revisions\/939"}],"wp:featuredmedia":[{"embeddable":true,"href":"https:\/\/www.visitcampnou.com\/it\/wp-json\/wp\/v2\/media\/759"}],"wp:attachment":[{"href":"https:\/\/www.visitcampnou.com\/it\/wp-json\/wp\/v2\/media?parent=5"}],"wp:term":[{"taxonomy":"post-style","embeddable":true,"href":"https:\/\/www.visitcampnou.com\/it\/wp-json\/wp\/v2\/post-style?post=5"},{"taxonomy":"producer","embeddable":true,"href":"https:\/\/www.visitcampnou.com\/it\/wp-json\/wp\/v2\/producer?post=5"}],"curies":[{"name":"wp","href":"https:\/\/api.w.org\/{rel}","templated":true}]}}