{"id":613,"date":"2016-02-22T15:31:13","date_gmt":"2016-02-22T14:31:13","guid":{"rendered":"https:\/\/www.visitcampnou.com\/?page_id=4"},"modified":"2025-10-09T23:10:17","modified_gmt":"2025-10-09T21:10:17","slug":"camp-nou-lo-stadio-del-fc-barcellona","status":"publish","type":"page","link":"https:\/\/www.visitcampnou.com\/it\/","title":{"rendered":"Spotify Camp Nou &#8211; Lo Stadio del FC Barcellona"},"content":{"rendered":"<figure>\n                    <div class=\"ms-credits\"><img decoding=\"async\" class=\"gb-image gb-image-c2077f57\" src=\"https:\/\/www.visitcampnou.com\/wp-content\/uploads\/camp-nou-stadium-barcelona-1743999096.jpg\" alt=\"Camp Nou Stadium in Barcelona\" title=\"camp-nou-stadium-barcelona\"><span class='ms-credits__info' id='media772'><svg xmlns=\"http:\/\/www.w3.org\/2000\/svg\" width=\"20\" height=\"22\" fill=\"#000000\" viewBox=\"0 0 256 256\"><path d=\"M128,24A104,104,0,1,0,232,128,104.11,104.11,0,0,0,128,24Zm0,192a88,88,0,1,1,88-88A88.1,88.1,0,0,1,128,216ZM96,128a32,32,0,0,0,57.6,19.2,8,8,0,0,1,12.8,9.61,48,48,0,1,1,0-57.62,8,8,0,0,1-12.8,9.61A32,32,0,0,0,96,128Z\"><\/path><\/svg>RealityImages\/<a href=https:\/\/depositphotos.com\/editorial\/camp-nou-barcelona-spain-397175858.html rel='nofollow' target='_blank'>Depositphotos<\/a><\/span><span class='ms-credits__btn' id='btn_media772' onclick='ms_credits_trigger(\"#media772\", this)'><svg xmlns=\"http:\/\/www.w3.org\/2000\/svg\" class=\"info_icon\" width=\"28\" height=\"28\" fill=\"#FFF\" viewBox=\"0 0 256 256\"><path d=\"M128,24A104,104,0,1,0,232,128,104.11,104.11,0,0,0,128,24Zm0,192a88,88,0,1,1,88-88A88.1,88.1,0,0,1,128,216Zm16-40a8,8,0,0,1-8,8,16,16,0,0,1-16-16V128a8,8,0,0,1,0-16,16,16,0,0,1,16,16v40A8,8,0,0,1,144,176ZM112,84a12,12,0,1,1,12,12A12,12,0,0,1,112,84Z\"><\/path><\/svg><svg xmlns=\"http:\/\/www.w3.org\/2000\/svg\" class=\"close_icon\" width=\"28\" height=\"28\" fill=\"#FFF\" viewBox=\"0 0 256 256\"><path d=\"M165.66,101.66,139.31,128l26.35,26.34a8,8,0,0,1-11.32,11.32L128,139.31l-26.34,26.35a8,8,0,0,1-11.32-11.32L116.69,128,90.34,101.66a8,8,0,0,1,11.32-11.32L128,116.69l26.34-26.35a8,8,0,0,1,11.32,11.32ZM232,128A104,104,0,1,1,128,24,104.11,104.11,0,0,1,232,128Zm-16,0a88,88,0,1,0-88,88A88.1,88.1,0,0,0,216,128Z\"><\/path><\/svg><\/span><\/div><\/figure>\n\n\n<h1 class=\"wp-block-heading\">Spotify Camp Nou &#8211; Lo Stadio del FC Barcellona<\/h1>\n\n\n\n<p><a href=\"#tour\">Tour del Camp Nou<\/a> &#8211; <a href=\"#museum\">Museo del FC Barcellona<\/a> &#8211; <a href=\"#shop\">Negozio del FC Barcellona<\/a> &#8211; <a href=\"#location\">Informazioni per i Visitatori<\/a><\/p>\n\n\n\n<hr class=\"wp-block-separator has-alpha-channel-opacity\"\/>\n\n\n\n<p class=\"lead\">Dal 1957 il Camp Nou \u00e8 lo stadio del FC Barcellona, la squadra di calcio della citt\u00e0 che anno dopo anno si \u00e8 dimostrata sempre pi\u00f9 forte.<\/p>\n\n\n\n<p>Le partite di calcio a Barcellona sono veramente spettacolari. Cittadini e turisti vestiti di righe viola e rosse, bar straboccanti di scommettitori e fan scatenati e l&#8217;allegria generale rimbomba per le strade. Questa atmosfera gioviale si vive anche e soprattutto nello stadio del Camp Nou, il cuore pulsante e l&#8217;anima della squadra del Barcellona.<\/p>\n\n\n\n<p>Qui troverete tutto quello che c&#8217;\u00e8 da sapere sul Camp Nou di Barcellona, dalle sue attrazioni a come arrivarci, insomma tutto quello che c\u2019\u00e8 da sapere.<\/p>\n\n\n\n<h2 class=\"wp-block-heading\" id=\"tour\">Il Tour del Campo Nou<\/h2>\n\n\n\n<p>Il tour del Camp Nou \u00e8 la seconda ragione pi\u00f9 popolare per la quale le persone visitano lo stadio (la prima \u00e8, ovviamente, assistere alle partite in tutto il loro splendore). Si visita tutto lo stadio, partendo dal Museo del FC Barcellona, con la sua parete piena di trofei, display interattivi, il memoriale dei grandi giocatori storici di una volta, la sala stampa, spogliatoi e il campo stesso.<\/p>\n\n\n\n<p>Altri pezzi forti del tour sono la passeggiata attraverso il tunnel del giocatore, una sbirciatina nei box dei commentatori e curiosare nell\u2019area Messi &#8211; s\u00ec, \u00e8 un intera area dedicata alla superstar argentina.<\/p>\n\n\n\n<p>In questa sezione del sito \u00e8 possibile ottenere una panoramica del tour, scoprire quando e come si pu\u00f2 entrare nello stadio e capire di pi\u00f9 su ci\u00f2 che \u00e8 incluso in questo pacchetto davvero unico.<\/p>\n\n\n\n<p><a href=\"\/it\/tour\/\">Scoprite di pi\u00f9 sul <b>Tour del Camp Nou<\/b> \u00bb<\/a><\/p>\n\n\n\n<h2 class=\"wp-block-heading\" id=\"museum\">Museo del FC Barcellona<\/h2>\n\n\n\n<p>Il Museo \u00e8 una di quelle tappe del tour del Camp Nou che vi proietta indietro nel passato per capire quanto \u00e8 lunga la storia del FC Barcellona (suggerimento: \u00e8 davvero lunga e incredibile).<\/p>\n\n\n\n<p>Accanto a vetrine piene fino all&#8217;orlo di trofei, \u00e8 possibile esplorare display multimediali e interattivi che mettono in risalto la storia della squadra, lo stadio, i giocatori del passato e i migliori successi che hanno portato la squadra a essere quella che \u00e8 oggi.<\/p>\n\n\n\n<p>Vi spiegheremo tutto sui display nel museo, quali trofei si possono vedere, quanto bisogna pagare per entrare nel museo, e in quale orario potrete fare la passeggiata del memoriale dei grandi giocatori.<\/p>\n\n\n\n<p><a href=\"\/it\/museo\/\">Scoprite di pi\u00f9 sul <b>museo FC Barcellona<\/b> \u00bb<\/a><\/p>\n\n\n\n<h2 class=\"wp-block-heading\" id=\"shop\">Negozio del FC Barcellona<\/h2>\n\n\n\n<p>Attenzione amanti dello shopping \u2013 il negozio del FC Barcellona non \u00e8 secondo a nessuno. Situato al Camp Nou, il negozio \u00e8 un paradiso di prodotti firmati Barca.<\/p>\n\n\n\n<p>Tre piani talmente pieni di kit da calcio, prodotti ufficiali, maglie, palloni e kit anche per altri sport che non vorrete lasciare il negozio a mani vuote.<\/p>\n\n\n\n<p>Personalizza il tuo kit con il servizio istantaneo \u201cMake it Barca\u201d grazie al laboratorio di stampa &#8211; S\u00ec, \u00e8 tutto vero.<\/p>\n\n\n\n<p>Se desiderate saperne di pi\u00f9 sul negozio vi mostreremo quali prodotti sono in vendita, cosa cercare e gli orari nei quali il negozio \u00e8 aperto.<\/p>\n\n\n\n<p><a href=\"\/it\/negozio\/\">Scoprite di pi\u00f9 sul <b>negozio del FC Barcellona<\/b> \u00bb<\/a><\/p>\n\n\n\n<h2 class=\"wp-block-heading\" id=\"location\"><strong>Informazioni per i Visitatori<\/strong><\/h2>\n\n\n\n<p>Non ha senso condividere tutte queste informazioni sul Camp Nou se poi non sapete come arrivarci!<\/p>\n\n\n\n<p>Vi suggeriremo come arrivare allo stadio da differenti parti della citt\u00e0 utilizzando diversi mezzi di trasporto, in maniera tale da trovare il modo migliore per raggiungere lo stadio che si addica al vostro budget. Questa \u00e8 la sezione del sito dove evidenziamo anche l\u2019orario d&#8217;apertura &#8211; praticamente tutto quello che c\u2019\u00e8 da sapere su come e quando visitare il Camp Nou.<\/p>\n\n\n\n<p><a href=\"\/it\/mappa\/\">Visualizza le <strong>Informazioni per i Visitatori<\/strong> \u00bb<\/a><\/p>\n","protected":false},"excerpt":{"rendered":"","protected":false},"author":2,"featured_media":772,"parent":0,"menu_order":2,"comment_status":"closed","ping_status":"closed","template":"","meta":{"_acf_changed":false,"footnotes":"","button_url":"https:\/\/www.tiqets.com\/it\/fc-barcelona-immersive-tour-museum-tickets-l224102\/?partner=visitcampnou","ms_product_id":"","ms_product_name":"","ms_price":"","ms_currency":"","ms_rating_value":"","ms_review_count":"","rank_math_title":"Spotify Camp Nou | Visita lo stadio del FC Barcelona nel %currentyear%","rank_math_description":"Visita il Spotify Camp Nou, l'iconico stadio del FC Barcelona. Informazioni su cosa fare e vedere, inclusa la famosissima esperienza del Tour del Camp Nou."},"post-style":[],"producer":[],"class_list":["post-613","page","type-page","status-publish","has-post-thumbnail"],"acf":[],"product_schema":{"ms_product_id":"","ms_product_name":"","ms_price":"","ms_currency":"","ms_rating_value":"","ms_review_count":""},"_links":{"self":[{"href":"https:\/\/www.visitcampnou.com\/it\/wp-json\/wp\/v2\/pages\/613","targetHints":{"allow":["GET"]}}],"collection":[{"href":"https:\/\/www.visitcampnou.com\/it\/wp-json\/wp\/v2\/pages"}],"about":[{"href":"https:\/\/www.visitcampnou.com\/it\/wp-json\/wp\/v2\/types\/page"}],"author":[{"embeddable":true,"href":"https:\/\/www.visitcampnou.com\/it\/wp-json\/wp\/v2\/users\/2"}],"replies":[{"embeddable":true,"href":"https:\/\/www.visitcampnou.com\/it\/wp-json\/wp\/v2\/comments?post=613"}],"version-history":[{"count":3,"href":"https:\/\/www.visitcampnou.com\/it\/wp-json\/wp\/v2\/pages\/613\/revisions"}],"predecessor-version":[{"id":888,"href":"https:\/\/www.visitcampnou.com\/it\/wp-json\/wp\/v2\/pages\/613\/revisions\/888"}],"wp:featuredmedia":[{"embeddable":true,"href":"https:\/\/www.visitcampnou.com\/it\/wp-json\/wp\/v2\/media\/772"}],"wp:attachment":[{"href":"https:\/\/www.visitcampnou.com\/it\/wp-json\/wp\/v2\/media?parent=613"}],"wp:term":[{"taxonomy":"post-style","embeddable":true,"href":"https:\/\/www.visitcampnou.com\/it\/wp-json\/wp\/v2\/post-style?post=613"},{"taxonomy":"producer","embeddable":true,"href":"https:\/\/www.visitcampnou.com\/it\/wp-json\/wp\/v2\/producer?post=613"}],"curies":[{"name":"wp","href":"https:\/\/api.w.org\/{rel}","templated":true}]}}