{"id":614,"date":"2016-02-25T10:39:26","date_gmt":"2016-02-25T09:39:26","guid":{"rendered":"https:\/\/www.visitcampnou.com\/?page_id=11"},"modified":"2025-10-14T00:02:17","modified_gmt":"2025-10-13T22:02:17","slug":"negozio","status":"publish","type":"page","link":"https:\/\/www.visitcampnou.com\/it\/negozio\/","title":{"rendered":"Negozio del FC Barcelona al Camp Nou"},"content":{"rendered":"\n<p><a href=\"#visit\"><u>Organizza la tua visita<\/u><\/a> \u2013 <a href=\"#buy\"><u>Cosa acquistare<\/u><\/a> \u2013 <a href=\"#personalize\"><u>Personalizza il tuo acquisto<\/u><\/a><\/p>\n\n\n\n<hr class=\"wp-block-separator has-alpha-channel-opacity\"\/>\n\n\n\n<p class=\"lead\">Il negozio del FC Barcelona (Barcellona Shop) \u00e8 una delle tappe pi\u00f9 attese del tour Camp Nou, perch\u00e9 permette ai visitatori di personalizzare gli indumenti con le strisce del Barca e comprare souvenir.<\/p>\n\n\n<figure>\n                    <div class=\"ms-credits\"><img decoding=\"async\" class=\"gb-image gb-image-53296cf5\" src=\"https:\/\/www.visitcampnou.com\/wp-content\/uploads\/fc-barcelona-shop-1744000961.jpg\" alt=\"FC Barcelona Shop at Camp Nou\" title=\"fc-barcelona-shop\"><span class='ms-credits__info' id='media770'><svg xmlns=\"http:\/\/www.w3.org\/2000\/svg\" width=\"20\" height=\"22\" fill=\"#000000\" viewBox=\"0 0 256 256\"><path d=\"M128,24A104,104,0,1,0,232,128,104.11,104.11,0,0,0,128,24Zm0,192a88,88,0,1,1,88-88A88.1,88.1,0,0,1,128,216ZM96,128a32,32,0,0,0,57.6,19.2,8,8,0,0,1,12.8,9.61,48,48,0,1,1,0-57.62,8,8,0,0,1-12.8,9.61A32,32,0,0,0,96,128Z\"><\/path><\/svg>gerasimov\/<a href=https:\/\/depositphotos.com\/editorial\/fc-barcelona-official-megastore-in-camp-nou-studium-spain-178487898.html rel='nofollow' target='_blank'>Depositphotos<\/a><\/span><span class='ms-credits__btn' id='btn_media770' onclick='ms_credits_trigger(\"#media770\", this)'><svg xmlns=\"http:\/\/www.w3.org\/2000\/svg\" class=\"info_icon\" width=\"28\" height=\"28\" fill=\"#FFF\" viewBox=\"0 0 256 256\"><path d=\"M128,24A104,104,0,1,0,232,128,104.11,104.11,0,0,0,128,24Zm0,192a88,88,0,1,1,88-88A88.1,88.1,0,0,1,128,216Zm16-40a8,8,0,0,1-8,8,16,16,0,0,1-16-16V128a8,8,0,0,1,0-16,16,16,0,0,1,16,16v40A8,8,0,0,1,144,176ZM112,84a12,12,0,1,1,12,12A12,12,0,0,1,112,84Z\"><\/path><\/svg><svg xmlns=\"http:\/\/www.w3.org\/2000\/svg\" class=\"close_icon\" width=\"28\" height=\"28\" fill=\"#FFF\" viewBox=\"0 0 256 256\"><path d=\"M165.66,101.66,139.31,128l26.35,26.34a8,8,0,0,1-11.32,11.32L128,139.31l-26.34,26.35a8,8,0,0,1-11.32-11.32L116.69,128,90.34,101.66a8,8,0,0,1,11.32-11.32L128,116.69l26.34-26.35a8,8,0,0,1,11.32,11.32ZM232,128A104,104,0,1,1,128,24,104.11,104.11,0,0,1,232,128Zm-16,0a88,88,0,1,0-88,88A88.1,88.1,0,0,0,216,128Z\"><\/path><\/svg><\/span><\/div><figcaption class=\"gb-headline gb-headline-b8e7db96 gb-headline-text\"><small>Negozio dell&#8217;FC Barcelona al Camp Nou<\/small><\/figcaption><\/figure>\n\n\n<p>Situato nel cuore dello stadio, il negozio del Camp Nou si estende su tre piani pieni fino all&#8217;orlo di kit colorati, souvenir e regali stravaganti per tutta la famiglia e amici. \u00c8 un&#8217;esperienza che nessun fan dovrebbe perdersi. Anche se ci sono diversi negozi in franchising sparsi per la citt\u00e0, il negozio del FC Barcelona dello stadio \u00e8 di gran lunga il migliore e il pi\u00f9 grande.<\/p>\n\n\n\n<p>Offre una vasta gamma di servizi personalizzati che susciteranno l&#8217;invidia dei vostri amici a casa. Il negozio del FC Barcellona si estende su tre piani interi, con facile accesso al museo. \u00c8 il sogno degli amanti dello sport, grazie alla sua selezione eclettica di kit, accessori e regali. Nel negozio \u00e8 anche possibile trovare una selezione di kit utili per altri sport ed ammirare la vasta collezione dei prodotti Nike tanto ambita.<\/p>\n\n\n\n<p>Forse la parte migliore del negozio del FC Barcelona \u00e8 la sua natura interattiva, che intrattiene fan ed visitatori per ore. Il design innovativo, tonnellate di tocchi eccentrici e servizi esclusivi rendono l&#8217;esperienza davvero speciale per chiunque. Che vogliate personalizzare prodotti Nike col vostro nome stampato su una vero e proprio Kit del Barcellona, o personalizzare il vostro nuovo paio di scarpe con i lacci strambi, il negozio \u00e8 attrezzato per fare tutto ci\u00f2 che desiderate.<\/p>\n\n\n\n<p>Ma il negozio non vende solo kit e vestiti, infatti dipone di una serie di commessi esperti in attesa di offrire una consulenza per affinare la vostra competenza su tutto ci\u00f2 che riguarda il calcio, indipendentemente dalla vostra et\u00e0 ed esperienza.<\/p>\n\n\n\n<h2 class=\"wp-block-heading\" id=\"visit\"><strong>Organizza la tua visita<\/strong><\/h2>\n\n\n\n<h3 class=\"wp-block-heading\" id=\"times\">Orari di apertura<\/h3>\n\n\n<div class=\"ms-table\"><table><tr><th>Giorni<\/th><th>Orario<\/th><\/tr><tr><td>Luned\u00ec \u2013 Domenica<\/td><td>10:00 \u2013 19:00<\/td><\/tr><\/table><\/div>\n\n\n<h3 class=\"wp-block-heading\"><strong>Mappa e indirizzo<\/strong><\/h3>\n\n\n\n<address class=\"wp-block-ms-blocks-staticmap ms-mapblock ms-mb-block\"><h4>Spotify Camp Nou Store<\/h4><p class=\"ms-mb-0\"><img decoding=\"async\" class=\"ms-mapblock__map ms-rounded\" src=\"https:\/\/www.visitcampnou.com\/it\/wp-content\/uploads\/sites\/3\/maps\/staticmap_41.3811048_2.1201984_14_600x400.png\" alt=\"Map of Spotify Camp Nou Store\"\/><\/p><p class=\"ms-text-sm ms-text-muted\">Av. de Joan XXIII, s\/n, Les Corts, 08028 Barcelona, Spain \u00b7 <a rel=\"nofollow noopener\" target=\"_blank\" href=\"https:\/\/maps.google.com\/?q=41.3811048,2.1201984\">Google Maps<\/a><\/p><\/address>\n\n\n\n<h2 class=\"wp-block-heading\" id=\"buy\">Cosa comprare<\/h2>\n\n\n\n<p>In ogni area del negozio potrete trovare differenti gamme di prodotti, che promettono un\u2019affascinante esperienza per ogni tipo di visitatore.<\/p>\n\n\n\n<p>Al piano terra si trova una grande variet\u00e0 di magliette della squadra, sia quelle ufficiali sia quelle del passato e tanti kit per tutti gli sport.<\/p>\n\n\n\n<p>Un&#8217;altra area \u00e8 dedicata ai souvenir: orologi a tema, notebook, tazze, boccali, e peluche. Qui, potrete trovare ogni tipo di regalo e alcuni di loro si possono anche personalizzare per amici e parenti.<\/p>\n\n\n\n<p>In un\u2019altra area si vendono scarpe da calcio Nike, un paradiso per gli amanti dello sport. L&#8217;ampia area dispone di tutte le ultime tendenze, cos\u00ec come strumenti di personalizzabili \u2013 lacci colorati? Avete capito bene. Il vostro nome cucito sul lato? Consideratelo fatto!<\/p>\n\n\n\n<p>Il negozio non sarebbe completo senza l\u2019area del laboratorio di stampa, l\u00ec \u00e8 possibile stampare il vostro nome e numero su ogni tipo di maglia &#8211; non dev\u2019essere per forza una maglietta da calcio!<\/p>\n\n\n\n<p>C&#8217;\u00e8 anche un divertente spazio &#8216;Show Time&#8217;, dove \u00e8 possibile creare una foto con il vostro volto sorridente insieme a quello dei giocatori pi\u00f9 famosi.<\/p>\n\n\n\n<p>Il negozio finisce con un\u2019area chiamata &#8216;Museum Corner&#8217;, dove ci sono scaffali pieni di oggetti da museo, tra cui vecchi palloni di cuoio e le stampe di Miro.<\/p>\n\n\n\n<h2 class=\"wp-block-heading\" id=\"personalize\">Personalizza il tuo acquisto<\/h2>\n\n\n\n<p>Il negozio del FC Barcelona \u00e8 rinomato per la sua natura interattiva, in cui \u00e8 possibile creare la propria esperienza in base ai propri interessi.<\/p>\n\n\n\n<h3 class=\"wp-block-heading\">Personalizzate il vostro Kit<\/h3>\n\n\n\n<p>Nell\u2019area &#8220;Make it Barca&#8221;, \u00e8 possibile personalizzare i vostri prodotti Nike con lacci delle scarpe e bottoni. Potrete persino cucire il vostro nome sulle scarpe come tocco finale. Una volta progettate le vostre scarpe, \u00e8 possibile condividerle sul Social Wall accanto a quelle di altri, per far ammimare la vostra opera a tutti.<\/p>\n\n\n\n<h3 class=\"wp-block-heading\">Il laboratorio di stampa<\/h3>\n\n\n\n<p>Il laboratorio di stampa \u00e8 l\u2019area in cui \u00e8 possibile stampare il vostro nome e numero su qualsiasi kit che preferite. Per farlo bisogna semplicemente inserire i dati in uno dei touchscreen sparsi per il negozio e premere il bottone \u201cinvia\u201d &#8211; la maglietta verr\u00e0 immediatamente spedita al laboratorio di di stampa, in maniera tale da evitare code e portarvela subito a casa.<\/p>\n\n\n\n<h3 class=\"wp-block-heading\">Prodotti Nike<\/h3>\n\n\n\n<p>Il negozio Camp Nou \u00e8 fornito di centinaia di prodotti Nike, inclusi prodotti di ultima tendenza, calzature, accessori e le uscite pi\u00f9 innovative del marchio<\/p>\n\n\n\n<h3 class=\"wp-block-heading\">Non solo calcio<\/h3>\n\n\n\n<p>Non sono solo i kit di calcio ad attrarre le folle qui. Al megastore si possono trovare anche centinaia di kit di diversi altri sport popolari, tra cui calcetto, hockey, basket e pallamano. Inoltre \u00e8 possibile personalizzarli con il proprio nome e numero.<\/p>\n\n\n\n<h3 class=\"wp-block-heading\">Nuove tecnologie<\/h3>\n\n\n\n<p>Un ultramoderno schermo LCD 16m proietta immagini sui gradini dello stadio, creando un\u2019atmosfera unica, non dissimile dall\u2019essere all\u2019interno di in una partita vera e propria. C&#8217;\u00e8 anche un lampadario incredibile per le sue dimensioni.<\/p>\n","protected":false},"excerpt":{"rendered":"","protected":false},"author":2,"featured_media":770,"parent":0,"menu_order":5,"comment_status":"closed","ping_status":"closed","template":"","meta":{"_acf_changed":false,"footnotes":"","button_url":"https:\/\/www.tiqets.com\/it\/fc-barcelona-immersive-tour-museum-tickets-l224102\/?partner=visitcampnou","ms_product_id":"","ms_product_name":"","ms_price":"","ms_currency":"","ms_rating_value":"","ms_review_count":"","rank_math_title":"Negozio del FC Barcelona: Visita il Camp Nou e acquista merchandising ufficiale","rank_math_description":"Trova tutte le informazioni sul negozio del FC Barcelona al Camp Nou: posizione, orari di apertura e consigli utili per la tua visita."},"post-style":[],"producer":[],"class_list":["post-614","page","type-page","status-publish","has-post-thumbnail"],"acf":[],"product_schema":{"ms_product_id":"","ms_product_name":"","ms_price":"","ms_currency":"","ms_rating_value":"","ms_review_count":""},"_links":{"self":[{"href":"https:\/\/www.visitcampnou.com\/it\/wp-json\/wp\/v2\/pages\/614","targetHints":{"allow":["GET"]}}],"collection":[{"href":"https:\/\/www.visitcampnou.com\/it\/wp-json\/wp\/v2\/pages"}],"about":[{"href":"https:\/\/www.visitcampnou.com\/it\/wp-json\/wp\/v2\/types\/page"}],"author":[{"embeddable":true,"href":"https:\/\/www.visitcampnou.com\/it\/wp-json\/wp\/v2\/users\/2"}],"replies":[{"embeddable":true,"href":"https:\/\/www.visitcampnou.com\/it\/wp-json\/wp\/v2\/comments?post=614"}],"version-history":[{"count":3,"href":"https:\/\/www.visitcampnou.com\/it\/wp-json\/wp\/v2\/pages\/614\/revisions"}],"predecessor-version":[{"id":903,"href":"https:\/\/www.visitcampnou.com\/it\/wp-json\/wp\/v2\/pages\/614\/revisions\/903"}],"wp:featuredmedia":[{"embeddable":true,"href":"https:\/\/www.visitcampnou.com\/it\/wp-json\/wp\/v2\/media\/770"}],"wp:attachment":[{"href":"https:\/\/www.visitcampnou.com\/it\/wp-json\/wp\/v2\/media?parent=614"}],"wp:term":[{"taxonomy":"post-style","embeddable":true,"href":"https:\/\/www.visitcampnou.com\/it\/wp-json\/wp\/v2\/post-style?post=614"},{"taxonomy":"producer","embeddable":true,"href":"https:\/\/www.visitcampnou.com\/it\/wp-json\/wp\/v2\/producer?post=614"}],"curies":[{"name":"wp","href":"https:\/\/api.w.org\/{rel}","templated":true}]}}