{"id":784,"date":"2025-04-14T12:23:53","date_gmt":"2025-04-14T10:23:53","guid":{"rendered":"https:\/\/www.visitcampnou.com\/it\/?page_id=784"},"modified":"2025-10-14T00:04:53","modified_gmt":"2025-10-13T22:04:53","slug":"ristrutturazione-del-camp-nou","status":"publish","type":"page","link":"https:\/\/www.visitcampnou.com\/it\/ristrutturazione-del-camp-nou\/","title":{"rendered":"Camp Nou Ristrutturazione"},"content":{"rendered":"\n<p>Se stai andando a Barcellona e speri di visitare il leggendario Camp Nou, ecco tutto quello che devi sapere. I Camp Nou lavori di ristrutturazione sono in corso, ma nel frattempo c&#8217;\u00e8 ancora tanto da godersi per i tifosi del Bar\u00e7a.<\/p>\n\n\n\n<figure><div class=\"ms-credits\">\n<img decoding=\"async\" class=\"gb-media-444ef9cb\" src=\"https:\/\/www.visitcampnou.com\/wp-content\/uploads\/capm-nou-construction-1745997452.jpg\" alt=\"Camp Nou redevelopment works\" title=\"capm-nou-construction-1745997452\"\/>\n<span class='ms-credits__info' id='media797'><svg xmlns=\"http:\/\/www.w3.org\/2000\/svg\" width=\"20\" height=\"22\" fill=\"#000000\" viewBox=\"0 0 256 256\"><path d=\"M128,24A104,104,0,1,0,232,128,104.11,104.11,0,0,0,128,24Zm0,192a88,88,0,1,1,88-88A88.1,88.1,0,0,1,128,216ZM96,128a32,32,0,0,0,57.6,19.2,8,8,0,0,1,12.8,9.61,48,48,0,1,1,0-57.62,8,8,0,0,1-12.8,9.61A32,32,0,0,0,96,128Z\"><\/path><\/svg>footpicshd\/<a href=https:\/\/www.flickr.com\/photos\/footpicshd\/53253715474\/in\/photolist-2o8VBFg-2oULnze-2p8Rdhb-2oUNuZ4-2oUNXZp-2oUHtmG-2oUMqEP-2p8R9hY-2p8QNzF-2p8Pium-2oUMqFa-2oUMqJg-2p8PixC-2px3yA7-2px3yB4-2p8Pizg-2oi1Min-2p8R9iK-2oULnyc-2oUNXXW-2oUNv1w-2oUNXYx-2oULnzE-2oULnzQ-2oUNuZE-2oUNuYC-2oUHtoa-2oUHtkj-2oUHto5 rel='nofollow' target='_blank'>Flickr<\/a><\/span><span class='ms-credits__btn' id='btn_media797' onclick='ms_credits_trigger(\"#media797\", this)'><svg xmlns=\"http:\/\/www.w3.org\/2000\/svg\" class=\"info_icon\" width=\"28\" height=\"28\" fill=\"#FFF\" viewBox=\"0 0 256 256\"><path d=\"M128,24A104,104,0,1,0,232,128,104.11,104.11,0,0,0,128,24Zm0,192a88,88,0,1,1,88-88A88.1,88.1,0,0,1,128,216Zm16-40a8,8,0,0,1-8,8,16,16,0,0,1-16-16V128a8,8,0,0,1,0-16,16,16,0,0,1,16,16v40A8,8,0,0,1,144,176ZM112,84a12,12,0,1,1,12,12A12,12,0,0,1,112,84Z\"><\/path><\/svg><svg xmlns=\"http:\/\/www.w3.org\/2000\/svg\" class=\"close_icon\" width=\"28\" height=\"28\" fill=\"#FFF\" viewBox=\"0 0 256 256\"><path d=\"M165.66,101.66,139.31,128l26.35,26.34a8,8,0,0,1-11.32,11.32L128,139.31l-26.34,26.35a8,8,0,0,1-11.32-11.32L116.69,128,90.34,101.66a8,8,0,0,1,11.32-11.32L128,116.69l26.34-26.35a8,8,0,0,1,11.32,11.32ZM232,128A104,104,0,1,1,128,24,104.11,104.11,0,0,1,232,128Zm-16,0a88,88,0,1,0-88,88A88.1,88.1,0,0,0,216,128Z\"><\/path><\/svg><\/span><\/div>\n\n\n<figcaption class=\"gb-text\">Lavori di riqualificazione del Camp Nou<\/figcaption>\n<\/figure>\n\n\n\n<div class=\"ms-rounded ms-mb-last-child-0 ms-mb-block ms-tfs--contrast ms-p ms-tfs\">\n<h3 class=\"gb-text\">\ud83c\udfd7\ufe0f Il Camp Nou \u00e8 chiuso, ma Barcellona \u00e8 piena di cose da fare<\/h3>\n\n\n\n<p>Mentre <strong>Camp Nou<\/strong> \u00e8 in fase di ristrutturazione, c&#8217;\u00e8 ancora tanto da esplorare a Barcellona per i tifosi del FC Barcelona e i visitatori della citt\u00e0.<\/p>\n\n\n\n<p>Ecco cosa puoi fare ancora:<\/p>\n\n\n\n<p class=\"ms-link-unstyled\">\ud83c\udfc6<strong>Visita il <a href=\"https:\/\/www.visitcampnou.com\/it\/museo\/\" target=\"_blank\" rel=\"noreferrer noopener\">Museo del FC Barcelona<\/a>:<\/strong> esplora la storia del club, i trofei e i momenti indimenticabili.<\/p>\n\n\n\n<p class=\"ms-link-unstyled\">\ud83d\udecd\ufe0f<strong>Fai shopping al <a href=\"https:\/\/www.visitcampnou.com\/it\/negozio\/\" target=\"_blank\" rel=\"noreferrer noopener\">Negozio ufficiale del FC Barcelona<\/a>:<\/strong> acquista magliette ufficiali, sciarpe e regali per i tifosi di tutte le et\u00e0.<\/p>\n\n\n\n<p class=\"ms-link-unstyled\">\ud83d\ude8c <a href=\"https:\/\/www.tiqets.com\/it\/barcelona-attractions-c66342\/tickets-for-hop-on-hop-off-bus-barcelona-p974325\/?partner=visitcampnou\" rel=\"nofollow noopener\"><strong>Tour Hop-On Hop-Off<\/strong><\/a>: il modo pi\u00f9 facile per vedere tutte le principali attrazioni di Barcellona.<\/p>\n\n\n\n<p class=\"ms-link-unstyled\">\ud83c\udf9f\ufe0f <a href=\"https:\/\/www.tiqets.com\/it\/barcelona-attractions-c66342\/tickets-for-barcelona-card-72-Hour-96-Hour-120-Hour-p975758\/?partner=visitcampnou\" rel=\"nofollow noopener\"><strong>Barcelona Card<\/strong><\/a>: trasporto pubblico gratuito e sconti su attrazioni popolari.<\/p>\n\n\n\n<p class=\"ms-link-unstyled\">\ud83c\udf1f<strong>Attrazioni principali:<\/strong> non perdere i best-seller come <strong>La Sagrada Fam\u00edlia<\/strong>, <strong>Casa Batll\u00f3<\/strong> e <strong>Parc G\u00fcell<\/strong>.<\/p>\n\n\n\n<div class=\"ms-cta-button-options ms-mb-block ms-cta\">\n<a class=\"gb-text ms-btn ms-btn--primary ms-shadow\" href=\"https:\/\/www.tiqets.com\/it\/barcelona-attractions-c66342\/tickets-for-barcelona-card-72-Hour-96-Hour-120-Hour-p975758\/?partner=visitcampnou\" rel=\"nofollow noopener\">Barcelona Card<\/a>\n\n\n\n<a class=\"gb-text ms-btn ms-btn--outline-primary ms-shadow\" href=\"https:\/\/www.tiqets.com\/it\/city-passes-barcelona-l199949\/?partner=visitcampnou\" rel=\"nofollow noopener\">Biglietti<\/a>\n<\/div>\n<\/div>\n\n\n\n<h2 class=\"wp-block-heading\">Cosa sta succedendo al Camp Nou?<\/h2>\n\n\n\n<p>Il Camp Nou \u00e8 al centro di un grande progetto di rinnovamento. L&#8217;obiettivo \u00e8 trasformarlo in uno degli stadi pi\u00f9 avanzati e impressionanti al mondo. Verranno aggiornate tutte le strutture, aggiunto un tetto, aumentata la capacit\u00e0 a 105.000 posti e modernizzata l\u2019intera struttura. Fa parte del pi\u00f9 ampio progetto di riqualificazione Espai Bar\u00e7a.<\/p>\n\n\n\n<p>\u00c8 un momento entusiasmante per i tifosi, ma significa che lo stadio \u00e8 chiuso ai visitatori per ora.<\/p>\n\n\n\n<h2 class=\"wp-block-heading\">Quando riaprir\u00e0 il Camp Nou?<\/h2>\n\n\n\n<p>La riapertura era prevista per novembre 2024, ma a causa di ritardi lo stadio non riaprir\u00e0 prima di ottobre 2025. Il nuovo tetto e la ristrutturazione completa dovrebbero essere terminati entro l\u2019estate 2026.<\/p>\n\n\n\n<p>Quindi, niente visite nei giorni delle partite per ora, ma c&#8217;\u00e8 comunque tanto da fare per i fan del Bar\u00e7a!<\/p>\n\n\n\n<h2 class=\"wp-block-heading\">Cosa puoi visitare invece?<\/h2>\n\n\n\n<p>Anche se lo stadio \u00e8 chiuso, puoi comunque visitare due posti fantastici nelle vicinanze:<\/p>\n\n\n\n<ul class=\"wp-block-list\">\n<li>Museo del FC Barcelona<\/li>\n\n\n\n<li>Negozio ufficiale del FC Barcelona<\/li>\n<\/ul>\n\n\n\n<h2 class=\"wp-block-heading\">Altre cose da fare<\/h2>\n\n\n\n<p>Che tu sia appassionato di calcio o meno, Barcellona offre tantissime attivit\u00e0.<\/p>\n\n\n\n<ul class=\"wp-block-list\">\n<li>Visita la <strong>Sagrada Fam\u00edlia<\/strong>, il <strong>Parco G\u00fcell<\/strong> e altri capolavori di Gaud\u00ed<\/li>\n\n\n\n<li>Cibo, spiagge, cultura locale e panorami mozzafiato<\/li>\n\n\n\n<li>Visita musei di fama mondiale come il <strong>Museo Picasso<\/strong> e il <strong>MNAC<\/strong><\/li>\n\n\n\n<li>Ammira la vista panoramica dal <strong>monte Montju\u00efc<\/strong> e dalla sua funivia<\/li>\n\n\n\n<li>Gusta le tapas e la cucina catalana nei ristoranti locali e durante i tour gastronomici<\/li>\n<\/ul>\n\n\n\n<p><a href=\"https:\/\/www.barcelonacard.org\/it\/tickets\/\" target=\"_blank\" rel=\"noreferrer noopener\">Organizza la tua visita e scopri le opzioni di biglietti qui \u00bb<\/a><\/p>\n","protected":false},"excerpt":{"rendered":"","protected":false},"author":4,"featured_media":797,"parent":0,"menu_order":1,"comment_status":"closed","ping_status":"closed","template":"","meta":{"_acf_changed":false,"footnotes":"","button_url":"https:\/\/www.tiqets.com\/it\/fc-barcelona-immersive-tour-museum-tickets-l224102\/?partner=visitcampnou","ms_product_id":"","ms_product_name":"","ms_price":"","ms_currency":"","ms_rating_value":"","ms_review_count":"","rank_math_title":"Camp Nou Ristrutturazione: Guida completa per i visitatori","rank_math_description":"Guida aggiornata alla Camp Nou Ristrutturazione: informazioni utili per visitatori, curiosit\u00e0 e progetti futuri del nuovo Camp Nou."},"post-style":[],"producer":[],"class_list":["post-784","page","type-page","status-publish","has-post-thumbnail"],"acf":[],"product_schema":{"ms_product_id":"","ms_product_name":"","ms_price":"","ms_currency":"","ms_rating_value":"","ms_review_count":""},"_links":{"self":[{"href":"https:\/\/www.visitcampnou.com\/it\/wp-json\/wp\/v2\/pages\/784","targetHints":{"allow":["GET"]}}],"collection":[{"href":"https:\/\/www.visitcampnou.com\/it\/wp-json\/wp\/v2\/pages"}],"about":[{"href":"https:\/\/www.visitcampnou.com\/it\/wp-json\/wp\/v2\/types\/page"}],"author":[{"embeddable":true,"href":"https:\/\/www.visitcampnou.com\/it\/wp-json\/wp\/v2\/users\/4"}],"replies":[{"embeddable":true,"href":"https:\/\/www.visitcampnou.com\/it\/wp-json\/wp\/v2\/comments?post=784"}],"version-history":[{"count":3,"href":"https:\/\/www.visitcampnou.com\/it\/wp-json\/wp\/v2\/pages\/784\/revisions"}],"predecessor-version":[{"id":904,"href":"https:\/\/www.visitcampnou.com\/it\/wp-json\/wp\/v2\/pages\/784\/revisions\/904"}],"wp:featuredmedia":[{"embeddable":true,"href":"https:\/\/www.visitcampnou.com\/it\/wp-json\/wp\/v2\/media\/797"}],"wp:attachment":[{"href":"https:\/\/www.visitcampnou.com\/it\/wp-json\/wp\/v2\/media?parent=784"}],"wp:term":[{"taxonomy":"post-style","embeddable":true,"href":"https:\/\/www.visitcampnou.com\/it\/wp-json\/wp\/v2\/post-style?post=784"},{"taxonomy":"producer","embeddable":true,"href":"https:\/\/www.visitcampnou.com\/it\/wp-json\/wp\/v2\/producer?post=784"}],"curies":[{"name":"wp","href":"https:\/\/api.w.org\/{rel}","templated":true}]}}