{"id":9,"date":"2016-02-25T10:19:03","date_gmt":"2016-02-25T09:19:03","guid":{"rendered":"https:\/\/www.visitcampnou.com\/?page_id=9"},"modified":"2026-04-30T18:55:58","modified_gmt":"2026-04-30T16:55:58","slug":"museo","status":"publish","type":"page","link":"https:\/\/www.visitcampnou.com\/it\/museo\/","title":{"rendered":"Museo del FC Barcelona al Camp Nou"},"content":{"rendered":"\n<p><a href=\"#tickets\"><u>Biglietti e prezzi<\/u><\/a> \u2013 <a href=\"#opening-times\"><u>Orari di apertura<\/u><\/a> \u2013 <a href=\"#see\"><u>Cosa vedere e fare<\/u><\/a> \u2013 <a href=\"#history\"><u>Storia<\/u><\/a> \u2013 <a href=\"#faq\">FAQs<\/a><\/p>\n\n\n\n<hr class=\"wp-block-separator has-alpha-channel-opacity\"\/>\n\n\n\n<p class=\"lead\">Il Museo del FC Barcelona al Camp Nou \u00e8 il secondo museo pi\u00f9 visitato di Barcellona. \u00c8 secondo solo al Museo di Picasso.<\/p>\n\n\n\n<p>Ci\u00f2 dimostra quanto il calcio sia importante per la citt\u00e0 e quante persone visitano lo stadio per scoprire di pi\u00f9 su questa squadra leggendaria.<\/p>\n\n\n\n<p>L&#8217;esperienza al Camp Nou permette di visitare differenti aree in tutto lo stadio, tra cui la vista del campo stesso, il tunnel dei giocatori e gli spogliatoi dei visitatori, ma la parte pi\u00f9 affascinante del tour \u00e8 sicuramente il museo del Camp Nou.<\/p>\n\n\n\n<p>All&#8217;interno di questo spazio educativo, sono presenti centinaia di schermi interattivi che mostrano la storia del club, tra cui i successi dei giocatori, i trofei e le storie pi\u00f9 gloriose del passato. Se volete arrivare a conoscere la squadra di calcio di Barcellona meglio dei fan sfegatati, vienite a saperne di pi\u00f9.<\/p>\n\n\n\n<p>Un viaggio nel museo del FC Barcellona va di pari passo con l&#8217;esperienza al Camp Nou, che purtroppo non si pu\u00f2 visitare da solo &#8211; \u00e8 necessario acquistare un biglietto che includa tutte le attrazioni dello stadio. Questo non ha molta importanza, poich\u00e8 il museo vale da solo tutti i soldi investiti.<\/p>\n\n\n\n<h2 class=\"wp-block-heading\" id=\"tickets\">Biglietti e Prezzi<\/h2>\n\n\n\n<p>Hai in programma una visita al Museo del FC Barcelona al Camp Nou? Ecco una guida amichevole per aiutarti a scegliere il biglietto perfetto per la tua esperienza.<\/p>\n\n\n\n<ul class=\"wp-block-list\">\n<li><a href=\"https:\/\/www.tiqets.com\/it\/attrazioni-barcellona-c66342\/biglietti-per-museo-del-fc-barcelona-biglietto-d-ingresso-p1058220\/?partner=visitcampnou\" data-type=\"link\" data-id=\"https:\/\/www.tiqets.com\/es\/atracciones-barcelona-c66342\/entradas-para-museo-del-fc-barcelona-entrada-p1058220\/?partner=visitcampnou\" rel=\"nofollow noopener\"><strong>Ingresso flessibile<\/strong>:<\/a> esplora il museo al tuo ritmo, dalle sale dei trofei all&#8217;esperienza immersiva Spotify Camp Nou Live. Perfetto se hai un programma flessibile.<\/li>\n<\/ul>\n\n\n\n<ul class=\"wp-block-list\">\n<li><a href=\"https:\/\/www.tiqets.com\/it\/attrazioni-barcellona-c66342\/biglietti-per-museo-del-fc-barcelona-esperienza-totale-p1084615\/?partner=visitcampnou\" data-type=\"link\" data-id=\"https:\/\/www.tiqets.com\/it\/attrazioni-barcellona-c66342\/biglietti-per-museo-del-fc-barcelona-esperienza-totale-p1084615\/?partner=visitcampnou\" rel=\"nofollow noopener\"><strong>Esperienza totale<\/strong>:<\/a> divertiti con mostre interattive, zone di realt\u00e0 virtuale, la sfida Robokeeper e una foto ricordo personalizzata.<\/li>\n<\/ul>\n\n\n\n<ul class=\"wp-block-list\">\n<li><a href=\"https:\/\/www.getyourguide.it\/barcellona-l45\/visita-guidata-e-brunch-per-i-tifosi-del-barcellona-t128025\/?partner_id=FENKESD&amp;utm_medium=online_publisher\" data-type=\"link\" data-id=\"https:\/\/www.getyourguide.com\/barcelona-l45\/fc-barcelona-fans-experience-guided-visit-and-brunch-t128025\/?partner_id=FENKESD&amp;utm_medium=online_publisher\" rel=\"nofollow noopener\"><strong>Visita guidata<\/strong>:<\/a> unisciti a una guida bilingue per vedere i punti salienti, comprese le sale immersive e i punti panoramici dello stadio.<\/li>\n<\/ul>\n\n\n\n<ul class=\"wp-block-list\">\n<li><a href=\"https:\/\/www.tiqets.com\/it\/barcelona-aquarium-flexi-ticket-fc-barcelona-museum-flexible-ticket-b44909\/?partner=visitcampnou\" data-type=\"link\" data-id=\"https:\/\/www.tiqets.com\/es\/barcelona-aquarium-flexi-ticket-fc-barcelona-museum-flexible-ticket-b44909\/?partner=visitcampnou\" rel=\"nofollow noopener\"><strong>Pacchetti combinati<\/strong>:<\/a> abbina la visita al museo ad altre attrazioni principali di Barcellona per una giornata all&#8217;insegna del divertimento.<\/li>\n<\/ul>\n\n\n\n<div class=\"ms-p ms-rounded ms-mb-last-child-0 ms-mb-children-condensed ms-alert--contrast ms-mb-block\">\n<h4 class=\"gb-text-26a71c5b\"><span class=\"gb-shape\"><svg viewBox=\"0 0 256 256\" fill=\"#000000\" height=\"32\" width=\"32\" xmlns=\"http:\/\/www.w3.org\/2000\/svg\"><path d=\"M108,84a16,16,0,1,1,16,16A16,16,0,0,1,108,84Zm128,44A108,108,0,1,1,128,20,108.12,108.12,0,0,1,236,128Zm-24,0a84,84,0,1,0-84,84A84.09,84.09,0,0,0,212,128Zm-72,36.68V132a20,20,0,0,0-20-20,12,12,0,0,0-4,23.32V168a20,20,0,0,0,20,20,12,12,0,0,0,4-23.32Z\"><\/path><\/svg><\/span><span class=\"gb-text\">Prenota insieme e risparmia fino al 5%!<\/span><\/h4>\n\n\n\n<p class=\"gb-text\">Abbina i biglietti per il Museo dell&#8217;FC Barcelona con esperienze extra al momento del pagamento e goditi ancora pi\u00f9 attrazioni e attivit\u00e0 a Barcellona. Disponibilit\u00e0 limitata.<\/p>\n\n\n\n<p class=\"gb-text\"><a href=\"https:\/\/www.tiqets.com\/it\/checkout\/tickets-for-fc-barcelona-museum-flexible-entry-ticket-p1085636\/booking_details\/?partner=visitcampnou\" rel=\"nofollow noopener\">Verifica disponibilit\u00e0 \u00bb<\/a><\/p>\n<\/div>\n\n\n\n<h2 class=\"wp-block-heading\" id=\"opening-times\">Orari di apertura<\/h2>\n\n\n\n<p>Il Bar\u00e7a Immersive Tour accoglie i visitatori tutti i giorni della settimana.<\/p>\n\n\n<div class=\"ms-table\"><table><tr><th>Periodo<\/th><th>Giorni<\/th><th>Orari di apertura<\/th><\/tr><tr><td>2 gen \u2013 25 feb<\/td><td>Luned\u00ec \u2013 domenica<\/td><td>10:00 \u2013 18:00<\/td><\/tr><tr><td>26 feb \u2013 27 mar<\/td><td>Luned\u00ec \u2013 domenica<\/td><td>10:00 \u2013 19:00<\/td><\/tr><tr><td>28 mar \u2013 18 ott<\/td><td>Luned\u00ec \u2013 domenica<\/td><td>9:30 \u2013 19:00<\/td><\/tr><tr><td>19 ott \u2013 31 dic<\/td><td>Luned\u00ec \u2013 domenica<\/td><td>10:00 \u2013 18:00<\/td><\/tr><tr><td>25 dic e 1 gen<\/td><td><\/td><td>Chiuso<\/td><\/tr><\/table><\/div>\n\n\n<p>L&#8217;ultimo ingresso \u00e8 consentito 45 minuti prima della chiusura. La visita dura circa 1 ora.<\/p>\n\n\n\n<p><strong>Nota:<\/strong> <\/p>\n\n\n\n<ul class=\"wp-block-list\">\n<li>Ogni sabato, dalle 15:00 alle 17:00, sono previste ore di minor afflusso, tranne nei giorni delle partite della prima squadra maschile e dal 28 aprile al 1\u00b0 settembre.<\/li>\n\n\n\n<li>Attualmente lo Spotify Camp Nou \u00e8 in fase di costruzione. Tutti i biglietti (eccetto Bar\u00e7aBus) includono l&#8217;ingresso al Museo dell&#8217;FC Barcelona senza accesso allo stadio.<\/li>\n<\/ul>\n\n\n\n<h2 class=\"wp-block-heading\" id=\"see\">Cosa vedere e fare<\/h2>\n\n\n\n<h3 class=\"wp-block-heading\">La sezione storica<\/h3>\n\n\n\n<p>Questa \u00e8 la sezione pi\u00f9 grande del museo, che propone una passeggiata cronologica a ritroso nella memoria. Qui, si pu\u00f2 imparare tutto sulla vita del club fin dalla sua nascita nel 1899, incluse le sue pi\u00f9 celebri vittorie, i suoi pi\u00f9 grandi fallimenti e la raccolta dei giocatori pi\u00f9 amati della storia del FC Barcellona.<\/p>\n\n\n\n<p>Il display mostra informazioni, video e documentari che insieme creano il quadro generale della storia del FC Barcellona. Il museo \u00e8 ideale se siete appassionati di storia e perfetto se volete raffinare la vostra conoscenza sulla squadra.<\/p>\n\n\n\n<h3 class=\"wp-block-heading\">Area dei trofei<\/h3>\n\n\n<figure>\n                    <div class=\"ms-credits\"><img decoding=\"async\" class=\"gb-image gb-image-36c0da15\" src=\"https:\/\/www.visitcampnou.com\/wp-content\/uploads\/fc-barcelona-museum-1744000506.jpg\" alt=\"Trophy collection inside the FC Barcelona museum\" title=\"fc-barcelona-museum\"><span class='ms-credits__info' id='media771'><svg xmlns=\"http:\/\/www.w3.org\/2000\/svg\" width=\"20\" height=\"22\" fill=\"#000000\" viewBox=\"0 0 256 256\"><path d=\"M128,24A104,104,0,1,0,232,128,104.11,104.11,0,0,0,128,24Zm0,192a88,88,0,1,1,88-88A88.1,88.1,0,0,1,128,216ZM96,128a32,32,0,0,0,57.6,19.2,8,8,0,0,1,12.8,9.61,48,48,0,1,1,0-57.62,8,8,0,0,1-12.8,9.61A32,32,0,0,0,96,128Z\"><\/path><\/svg>resulmuslu\/<a href=https:\/\/depositphotos.com\/editorial\/barcelona-spain-may-2016-barcelona-museum-camp-nou-studium-museum-378145918.html rel='nofollow' target='_blank'>Depositphotos<\/a><\/span><span class='ms-credits__btn' id='btn_media771' onclick='ms_credits_trigger(\"#media771\", this)'><svg xmlns=\"http:\/\/www.w3.org\/2000\/svg\" class=\"info_icon\" width=\"28\" height=\"28\" fill=\"#FFF\" viewBox=\"0 0 256 256\"><path d=\"M128,24A104,104,0,1,0,232,128,104.11,104.11,0,0,0,128,24Zm0,192a88,88,0,1,1,88-88A88.1,88.1,0,0,1,128,216Zm16-40a8,8,0,0,1-8,8,16,16,0,0,1-16-16V128a8,8,0,0,1,0-16,16,16,0,0,1,16,16v40A8,8,0,0,1,144,176ZM112,84a12,12,0,1,1,12,12A12,12,0,0,1,112,84Z\"><\/path><\/svg><svg xmlns=\"http:\/\/www.w3.org\/2000\/svg\" class=\"close_icon\" width=\"28\" height=\"28\" fill=\"#FFF\" viewBox=\"0 0 256 256\"><path d=\"M165.66,101.66,139.31,128l26.35,26.34a8,8,0,0,1-11.32,11.32L128,139.31l-26.34,26.35a8,8,0,0,1-11.32-11.32L116.69,128,90.34,101.66a8,8,0,0,1,11.32-11.32L128,116.69l26.34-26.35a8,8,0,0,1,11.32,11.32ZM232,128A104,104,0,1,1,128,24,104.11,104.11,0,0,1,232,128Zm-16,0a88,88,0,1,0-88,88A88.1,88.1,0,0,0,216,128Z\"><\/path><\/svg><\/span><\/div><figcaption class=\"gb-headline gb-headline-e0b8799c gb-headline-text\"><small>Collezione di trofei all&#8217;interno del museo dell&#8217;FC Barcelona<\/small><\/figcaption><\/figure>\n\n\n<p>Forse la cosa pi\u00f9 accattivante di tutto il museo \u00e8 la sua parete dei trofei, ovviamente piena di essi e medaglie luccicanti che risalgono anche a decenni f\u00e0.<\/p>\n\n\n\n<p>In questa sezione \u00e8 possibile ammirare la Coppa della Champions League e scattare una foto con essa (anche se stamparla vi coster\u00e0 13 \u20ac).<\/p>\n\n\n\n<p>Ma anche se non siete appassionati di oggetti luccicanti, la vasta collezione di trofei in tutte le forme e dimensioni \u00e8 un\u2019esperienza che lascia tutti meravigliati.<\/p>\n\n\n\n<h3 class=\"wp-block-heading\">La collezione &#8216;Futbol Art&#8217;<\/h3>\n\n\n\n<p>C&#8217;\u00e8 un\u2019intera area dedicata ad ogni sorta di memoriali legati al calcio e non solo. Infatti, alcuni di essi non sono nemmeno legati al calcio. Aspettatevi di curiosare tra miriadi di oggetti, come vecchi giochi di calcio da tavolo, trofei di altri sport locali e una collezione di stampe e opere d&#8217;arte dedicate al museo e alla squadra di calcio (cercate le opere di Dal\u00ed, Mir\u00f3 e Tapies, che furono cdedicate alla squadra).<\/p>\n\n\n\n<p>In questa sezione potrete imbattervi anche nelle stesse scarpe indossate da Ronald Koeman durante il gol della vittoria nella finale della Coppa Europa nel 1992. Questo non \u00e8 stato un goal qualsiasi. Questo \u00e8 stato il gol segnato al 111\u00b0 minuto della partita (21\u00b0 dei supplementari) che ha fatto vincere al Barcellona il loro primo trofeo europeo.<\/p>\n\n\n\n<h3 class=\"wp-block-heading\">Esposizione temporanea<\/h3>\n\n\n\n<p>L&#8217;ultima tappa del museo \u00e8 una mostra temporanea in continua evoluzione. Qui, troverete esposizioni che mettono in risalto le storie dei personaggi pi\u00f9 importanti (come Joan Gamper &#8211; l&#8217;uomo che ha fondato l&#8217;FC Barcellona) e mostre d&#8217;arte dedicate al calcio e alla squadra locale. \u00c8 una scatola di tesori ci\u00f2 che c&#8217;\u00e8 in questa sala espositiva, quindi controllate sul sito web in anticipo cosa vi aspetta<\/p>\n\n\n\n<h2 class=\"wp-block-heading\" id=\"history\">Storia<\/h2>\n\n\n\n<p>Scopri come il Museo dell&#8217;FC Barcelona \u00e8 diventato uno dei musei sportivi pi\u00f9 popolari al mondo. Da una piccola idea all&#8217;esperienza coinvolgente di oggi, ecco come tutto \u00e8 iniziato:<\/p>\n\n\n\n<div class=\"ms-timeline-list ms-mb-block\">\n<div class=\"ms-timeline-item\">\n<p class=\"gb-text ms-timeline-item__time\">1928<\/p>\n\n\n\n<p class=\"gb-text\">Nasce l&#8217;idea di un museo del Bar\u00e7a, un luogo in cui esporre i trofei e la storia del club.<\/p>\n<\/div>\n\n\n\n<div class=\"ms-timeline-item\">\n<p class=\"gb-text ms-timeline-item__time\">1984<\/p>\n\n\n\n<p class=\"gb-text\">Il museo ha finalmente aperto i battenti all&#8217;interno dello Spotify Camp Nou, ricco di trofei, foto e ricordi dei momenti pi\u00f9 importanti del club.<\/p>\n<\/div>\n\n\n\n<div class=\"ms-timeline-item\">\n<p class=\"gb-text ms-timeline-item__time\">anni &#8217;90<\/p>\n\n\n\n<p class=\"gb-text\">Lo spazio \u00e8 stato ampliato pi\u00f9 volte, aggiungendo nuove mostre, opere d&#8217;arte e display multimediali.<\/p>\n<\/div>\n\n\n\n<div class=\"ms-timeline-item\">\n<p class=\"gb-text ms-timeline-item__time\">2010<\/p>\n\n\n\n<p class=\"gb-text\">Una grande ristrutturazione l&#8217;ha trasformato nella Camp Nou Experience, con schermi interattivi e video che hanno dato vita alla storia del Bar\u00e7a.<\/p>\n<\/div>\n\n\n\n<div class=\"ms-timeline-item\">\n<p class=\"gb-text ms-timeline-item__time\">2023<\/p>\n\n\n\n<p class=\"gb-text\">Il museo \u00e8 stato trasferito in una sede temporanea accanto al Palau Blaugrana durante i lavori di ristrutturazione dello Spotify Camp Nou, ora noto come FC Barcelona Museum &amp; Immersive Tour (Bar\u00e7a Immersive Tour).<\/p>\n<\/div>\n<\/div>\n\n\n\n<h2 class=\"wp-block-heading\" id=\"faq\">Domande frequenti<\/h2>\n\n\n<div id=\"rank-math-faq\" class=\"rank-math-block ms-rankmath-accordion\">\n<div class=\"rank-math-list \">\n<div id=\"faq-question-1717062476605\" class=\"rank-math-list-item\">\n<h3 class=\"rank-math-question \">Il prezzo \u00e8 diverso se acquisto online o alla biglietteria?<\/h3>\n<div class=\"rank-math-answer \">\n\n<p>S\u00ec! I <a href=\"https:\/\/www.tiqets.com\/it\/fc-barcelona-immersive-tour-museum-tickets-l224102\/?partner=visitcampnou\" rel=\"nofollow noopener\">biglietti online<\/a> sono sempre i pi\u00f9 economici. Alla biglietteria dovrai affrontare lunghe code, costi aggiuntivi e possibili ritardi a seconda della disponibilit\u00e0 delle sessioni.<\/p>\n\n<\/div>\n<\/div>\n<div id=\"faq-question-1717062505033\" class=\"rank-math-list-item\">\n<h3 class=\"rank-math-question \">\u00c8 necessario prenotare in anticipo?<\/h3>\n<div class=\"rank-math-answer \">\n\n<p>\u00c8 consigliabile acquistare i biglietti online con anticipo. Il museo limita l&#8217;ingresso per garantire il comfort dei visitatori e alcuni biglietti o sessioni vanno rapidamente esauriti.<\/p>\n\n<\/div>\n<\/div>\n<div id=\"faq-question-1717062519392\" class=\"rank-math-list-item\">\n<h3 class=\"rank-math-question \">Posso cancellare un biglietto?<\/h3>\n<div class=\"rank-math-answer \">\n\n<p>No, non \u00e8 possibile cancellare il biglietto una volta completato l&#8217;acquisto.<\/p>\n\n<\/div>\n<\/div>\n<div id=\"faq-question-1760039492256\" class=\"rank-math-list-item\">\n<h3 class=\"rank-math-question \">Quanto dura la visita?<\/h3>\n<div class=\"rank-math-answer \">\n\n<p>Al Bar\u00e7a Immersive Tour puoi trascorrere tutto il tempo che desideri. Le visite libere durano in media 1 ora, mentre le visite guidate e il Palau Players Tour durano 45 minuti con una guida, seguiti da un&#8217;esplorazione libera.<\/p>\n\n<\/div>\n<\/div>\n<\/div>\n<\/div>","protected":false},"excerpt":{"rendered":"","protected":false},"author":2,"featured_media":771,"parent":0,"menu_order":4,"comment_status":"closed","ping_status":"closed","template":"","meta":{"_acf_changed":false,"footnotes":"","button_url":"https:\/\/www.tiqets.com\/it\/fc-barcelona-immersive-tour-museum-tickets-l224102\/?partner=visitcampnou","ms_product_id":"","ms_product_name":"","ms_price":"","ms_currency":"","ms_rating_value":"","ms_review_count":"","rank_math_title":"Museo del FC Barcellona presso il Camp Nou (Info + Biglietti)","rank_math_description":"Scopri il Museo del FC Barcelona al Camp Nou. Ottieni dettagli su cosa vedere, orari di apertura e come acquistare i biglietti per il Museo del Camp Nou."},"post-style":[],"producer":[],"class_list":["post-9","page","type-page","status-publish","has-post-thumbnail"],"acf":[],"product_schema":{"ms_product_id":"","ms_product_name":"","ms_price":"","ms_currency":"","ms_rating_value":"","ms_review_count":""},"_links":{"self":[{"href":"https:\/\/www.visitcampnou.com\/it\/wp-json\/wp\/v2\/pages\/9","targetHints":{"allow":["GET"]}}],"collection":[{"href":"https:\/\/www.visitcampnou.com\/it\/wp-json\/wp\/v2\/pages"}],"about":[{"href":"https:\/\/www.visitcampnou.com\/it\/wp-json\/wp\/v2\/types\/page"}],"author":[{"embeddable":true,"href":"https:\/\/www.visitcampnou.com\/it\/wp-json\/wp\/v2\/users\/2"}],"replies":[{"embeddable":true,"href":"https:\/\/www.visitcampnou.com\/it\/wp-json\/wp\/v2\/comments?post=9"}],"version-history":[{"count":3,"href":"https:\/\/www.visitcampnou.com\/it\/wp-json\/wp\/v2\/pages\/9\/revisions"}],"predecessor-version":[{"id":946,"href":"https:\/\/www.visitcampnou.com\/it\/wp-json\/wp\/v2\/pages\/9\/revisions\/946"}],"wp:featuredmedia":[{"embeddable":true,"href":"https:\/\/www.visitcampnou.com\/it\/wp-json\/wp\/v2\/media\/771"}],"wp:attachment":[{"href":"https:\/\/www.visitcampnou.com\/it\/wp-json\/wp\/v2\/media?parent=9"}],"wp:term":[{"taxonomy":"post-style","embeddable":true,"href":"https:\/\/www.visitcampnou.com\/it\/wp-json\/wp\/v2\/post-style?post=9"},{"taxonomy":"producer","embeddable":true,"href":"https:\/\/www.visitcampnou.com\/it\/wp-json\/wp\/v2\/producer?post=9"}],"curies":[{"name":"wp","href":"https:\/\/api.w.org\/{rel}","templated":true}]}}