{"id":13,"date":"2016-02-25T11:23:04","date_gmt":"2016-02-25T10:23:04","guid":{"rendered":"https:\/\/www.visitcampnou.com\/?page_id=13"},"modified":"2025-10-11T00:14:37","modified_gmt":"2025-10-10T22:14:37","slug":"hoteli","status":"publish","type":"page","link":"https:\/\/www.visitcampnou.com\/pl\/hoteli\/","title":{"rendered":"10 Najlepszych Hoteli przy Camp Nou"},"content":{"rendered":"\n<p class=\"lead\">Je\u017celi planujesz swoj\u0105 wycieczk\u0119 do Barcelony w oparciu o mecz lub mo\u017cliwo\u015b\u0107 zwiedzenia stadionu, na pewno chcesz zatrzyma\u0107 si\u0119 w jednym z hoteli w pobli\u017cu Cap Nou.<\/p>\n\n\n\n<p>Znajdziesz wiele miejsc noclegowych w okolicy, w\u0142\u0105czaj\u0105c w to oferty z barami na dachu i basenami, a tak\u017ce bardziej bud\u017cetowe opcje, kt\u00f3re na pewno nie wp\u0142yn\u0105 tak \u017ale na stan Twojego portfela. Poni\u017cej przedstawiamy Ci list\u0119 10 najlepszych hoteli przy stadionie Camp Nou w Barcelonie.<\/p>\n\n\n\n<h3 class=\"wp-block-heading\">1. NH Barcelona Stadium<\/h3>\n\n\n\n<p>Nazwa tego hotelu natychmiast kojarzy si\u0119 ze stadionem, wi\u0119c mo\u017cesz oczekiwa\u0107 od niego skoncentrowania na pi\u0142ce no\u017cnej. To miejsce wygl\u0105da dos\u0142ownie jak stadion i oferuje \u015bwietny basen na dachu z zapieraj\u0105cym dech w piersiach widokiem na miasto. Jako go\u015b\u0107 mo\u017cesz skorzysta\u0107 z WiFi, si\u0142owni i luksusowego menu poduszek (tak, to prawda \u2013 mo\u017cesz wybra\u0107 swoj\u0105 ulubion\u0105 poduszk\u0119), a tak\u017ce s\u0142onecznego tarasu z widokiem na zielon\u0105 g\u00f3r\u0119 Montjuic.<\/p>\n\n\n\n<h3 class=\"wp-block-heading\">2. Hotel Alguer Camp Nou<\/h3>\n\n\n\n<p>Ten hotel to kolejna \u015bwietna opcja noclegowa, kt\u00f3ra znajduje si\u0119 zaledwie 500 metr\u00f3w od stadionu \u2013 czy da si\u0119 w og\u00f3le bli\u017cej? Jest to kameralny, rodzinny hotel, kt\u00f3ry oferuje podstawowe, lecz wygodne sypialnie dla kibic\u00f3w i os\u00f3b, kt\u00f3re pragn\u0105 zapozna\u0107 si\u0119 z propozycjami kulturalnymi w okolicy Avenida Diagonal. Pokoje wyr\u00f3\u017cniaj\u0105 si\u0119 charakterystycznym hiszpa\u0144skim stylem \u2013 maj\u0105 pod\u0142ogi wy\u0142o\u017cone kafelkami i s\u0105 w stonowanych kolorach.<\/p>\n\n\n\n<h3 class=\"wp-block-heading\">3. Hotel Catalonia Rigoletto<\/h3>\n\n\n\n<p>Hotel Catalonia Rigoletto oferuje nowoczesne, eleganckie i wystawne wn\u0119trza, kt\u00f3re s\u0105 idealne z punktu widzenia podr\u00f3\u017cnik\u00f3w zainteresowanych uzupe\u0142nieniem swojej wycieczki czym\u015b wi\u0119cej ni\u017c krzykami kibic\u00f3w z trybun stadionu. Hotel znajduje si\u0119 500 metr\u00f3w od stadionu i oferuje luksusowy basen na zewn\u0105trz, darmowe WiFi oraz wyj\u0105tkowe, przestrzenne pokoje udekorowane ciemnym drewnem, naturalnym \u015bwiat\u0142em i bogatymi kolorami. Znajduj\u0105ca si\u0119 w nim restauracja La Travita r\u00f3wnie\u017c skupia uwag\u0119 wielu os\u00f3b, oferuj\u0105 \u015bniadania w postaci bufetu i \u015br\u00f3dziemnomorskie kolacje.<\/p>\n\n\n\n<h3 class=\"wp-block-heading\">4. Hotel Princesa Sofia<\/h3>\n\n\n\n<p>Eleganckie pokoje w tym czterogwiazdkowym hotelu idealnie sprawdz\u0105 si\u0119 jako przystanek tu\u017c w pobli\u017cu stadionu. Hotel znajduje si\u0119 8 minut spacerem od Camp Nou i pozwala nie tylko szybko dotrze\u0107 na mecz, lecz tak\u017ce sta\u0107 si\u0119 cz\u0119\u015bci\u0105 ekscytuj\u0105cego \u017cycia Barcelony. Pokoje wyr\u00f3\u017cniaj\u0105 si\u0119 eleganckim i prostym stylem, a wraz z nimi id\u0105 w parze eleganckie, marmurowe \u0142azienki i menu z poduszkami. Znajduj\u0105ca si\u0119 w hotelu restauracja oferuje zar\u00f3wno bufet, jak i kart\u0119 da\u0144, a bawarski ogr\u00f3dek piwny serwuje latem prawdziwe dania kuchni niemieckiej.<\/p>\n\n\n\n<h3 class=\"wp-block-heading\">5. Senator Barcelona Spa Hotel<\/h3>\n\n\n\n<p>Jest to kolejny hotel po\u0142o\u017cony zaledwie 500 metr\u00f3w od Camp Nou. Senator Barcelona Spa Hotel to czterogwiazdkowy obiekt noclegowy z prostymi, lecz stylowymi pokojami i basenem na dachu, z kt\u00f3rego mo\u017cna podziwia\u0107 cudowny widok na miasto. Spa oferuje wiele ciekawych udogodnie\u0144, w tym \u0142a\u017anie turecki i rzymskie, jaskinie lodowe, jacuzzi i r\u00f3\u017cnego typu masa\u017ce oraz zabiegi kosmetyczne. Zanim wybierzesz si\u0119 na zwiedzanie stadionu Canm Nou mo\u017cesz te\u017c skorzysta\u0107 z obfitego bufetu \u015bniadaniowego.<\/p>\n\n\n\n<h3 class=\"wp-block-heading\">6. Madanis Hotel<\/h3>\n\n\n\n<p>Ten do\u015b\u0107 nowy hotel wyr\u00f3\u017cnia si\u0119 przede wszystkim ciemnym drewnem i wyciszon\u0105 palet\u0105 kolorystyczn\u0105. Madanis zosta\u0142 oddany do u\u017cytku w 2007 roku i skupia si\u0119 na innowacji i nowoczesnym designie, jednocze\u015bnie oferuj\u0105c widoki na boisko Camp Nou. Ten czterogwiazdkowy obiekt noclegowy zapewni Ci odrobin\u0119 relaksacji podczas Twojego pobytu w Barcelonie, a wszystko za spraw\u0105 neutralnych pokoj\u00f3w i szykownej kawiarni, w kt\u00f3rej mo\u017cesz wypi\u0107 drinka, jednocze\u015bnie rozkoszuj\u0105c si\u0119 widokiem na miasto.<\/p>\n\n\n\n<h3 class=\"wp-block-heading\">7. Hotel Rey Juan Carlos<\/h3>\n\n\n\n<p>Je\u017celi naprawd\u0119 chcesz zaszale\u0107, koniecznie zatrzymaj si\u0119 w Rey Juan Carlos. Jest to hotel biznesowy i miejski, kt\u00f3ry otacza 25 hektar\u00f3w bujnych i zadbanych ogrod\u00f3w. Znajduje si\u0119 on zaledwie 15 minut spacerem od Camp Nou, a do tego oferuje doznania na obu p\u0142aszczyznach. Wszystko za spraw\u0105 wielokrotnie nagradzanego Spa oraz przestrzennych i nowocze\u015bnie urz\u0105dzonych pokoj\u00f3w. Mo\u017cesz te\u017c zajrze\u0107 do \u015br\u00f3dziemnomorskiej restauracji i posiedzie\u0107 na tarasie z basenem, a tak\u017ce w nowoczesnym barze w holu, w kt\u00f3rym regularnie odbywaj\u0105 si\u0119 koncerty na \u017cywo.<\/p>\n\n\n\n<h3 class=\"wp-block-heading\">8. Aparthotel Atenea Barcelona<\/h3>\n\n\n\n<p>Ten wyj\u0105tkowy apartamento-hotel znajduje si\u0119 tu\u017c przy Avenida Diagonal i oko\u0142o 10 minut spacerem od stadionu Camp Nou. Oferuje swoim go\u015bciom dobrze udekorowane pokoje z darmowym WiFi i osobistymi kuchniami, dzi\u0119ki czemu mo\u017cesz zrelaksowa\u0107 si\u0119 po ca\u0142ym dniu zwiedzania. Je\u017celi nie masz ochoty gotowa\u0107, mo\u017cesz natomiast uda\u0107 si\u0119 do hotelowej restauracji w stylu bufetowym, kt\u00f3ra serwuje zdrowe i obfite posi\u0142ki.<\/p>\n\n\n\n<h3 class=\"wp-block-heading\">9. NH Collection Barcelona Constanza<\/h3>\n\n\n\n<p>Ten jasny i przestronny hotel dysponuje tarasem na dachu wraz z basenem i stylowymi, du\u017cymi pokojami z niesamowitymi widokami na miasto. Znajduje si\u0119 on w pobli\u017cu ogromnego centrum handlowego w obr\u0119bie Avenida Diagonal i jedynie 15 minut od centralnej stacji kolejowej w Barcelonie. Swoim go\u015bciom oferuje on Spa i si\u0142owni\u0119, a tak\u017ce bufet \u015bniadaniowy ze zdrowymi i bogatymi w antyoksydanty posi\u0142kami. W\u0142osk\u0105 restauracj\u0119 w hotelu prowadzi wielokrotnie nagradzany szef kuchni, Andrea Tumbardello, a Diego Cabrerar Contail bar oferuje unikalny wyb\u00f3r popisowych drink\u00f3w.<\/p>\n\n\n\n<h3 class=\"wp-block-heading\">10. Hotel Upper Diagonal<\/h3>\n\n\n\n<p>Jest to hotel z wieloma eleganckimi pokojami w stonowanych odcieniach kolorystycznych, a tak\u017ce z nowoczesnymi i stylowymi udogodnieniami. Znajduje si\u0119 on w obr\u0119bie Avenida Diagonal i oko\u0142o 1600 metr\u00f3w od Camp Nou. Dzi\u0119ki centrum fitness i wygodnemu barowi, jest on idealnym miejscem na relaks i odpoczynek po d\u0142ugim dniu zwiedzania.<\/p>\n\n\n\n<p>W pobli\u017cu Camp Nou znajduje si\u0119 wiele ciekawych hoteli. Z wszystkich z nich ju\u017c po kilku minutach spacerem dotrzesz do stadionu i wszystkie z nich s\u0105 dobrze po\u0142\u0105czone z centrum miasta.<\/p>\n","protected":false},"excerpt":{"rendered":"","protected":false},"author":2,"featured_media":0,"parent":0,"menu_order":6,"comment_status":"closed","ping_status":"closed","template":"","meta":{"_acf_changed":false,"footnotes":"","button_url":"https:\/\/www.tiqets.com\/pl\/fc-barcelona-immersive-tour-museum-tickets-l224102\/?partner=visitcampnou","ms_product_id":"","ms_product_name":"","ms_price":"","ms_currency":"","ms_rating_value":"","ms_review_count":"","rank_math_title":"10 najlepszych hoteli w pobli\u017cu Camp Nou (ze zdj\u0119ciami)","rank_math_description":"Lista 10 hoteli w pobli\u017cu Camp Nou w Barcelonie, wszystkie w odleg\u0142o\u015bci spaceru od stadionu i z \u0142atwym dost\u0119pem do centrum miasta."},"post-style":[],"producer":[],"class_list":["post-13","page","type-page","status-publish","has-post-thumbnail"],"acf":[],"product_schema":{"ms_product_id":"","ms_product_name":"","ms_price":"","ms_currency":"","ms_rating_value":"","ms_review_count":""},"_links":{"self":[{"href":"https:\/\/www.visitcampnou.com\/pl\/wp-json\/wp\/v2\/pages\/13","targetHints":{"allow":["GET"]}}],"collection":[{"href":"https:\/\/www.visitcampnou.com\/pl\/wp-json\/wp\/v2\/pages"}],"about":[{"href":"https:\/\/www.visitcampnou.com\/pl\/wp-json\/wp\/v2\/types\/page"}],"author":[{"embeddable":true,"href":"https:\/\/www.visitcampnou.com\/pl\/wp-json\/wp\/v2\/users\/2"}],"replies":[{"embeddable":true,"href":"https:\/\/www.visitcampnou.com\/pl\/wp-json\/wp\/v2\/comments?post=13"}],"version-history":[{"count":2,"href":"https:\/\/www.visitcampnou.com\/pl\/wp-json\/wp\/v2\/pages\/13\/revisions"}],"predecessor-version":[{"id":880,"href":"https:\/\/www.visitcampnou.com\/pl\/wp-json\/wp\/v2\/pages\/13\/revisions\/880"}],"wp:attachment":[{"href":"https:\/\/www.visitcampnou.com\/pl\/wp-json\/wp\/v2\/media?parent=13"}],"wp:term":[{"taxonomy":"post-style","embeddable":true,"href":"https:\/\/www.visitcampnou.com\/pl\/wp-json\/wp\/v2\/post-style?post=13"},{"taxonomy":"producer","embeddable":true,"href":"https:\/\/www.visitcampnou.com\/pl\/wp-json\/wp\/v2\/producer?post=13"}],"curies":[{"name":"wp","href":"https:\/\/api.w.org\/{rel}","templated":true}]}}