{"id":16,"date":"2016-02-25T11:58:35","date_gmt":"2016-02-25T10:58:35","guid":{"rendered":"https:\/\/www.visitcampnou.com\/?page_id=16"},"modified":"2025-10-12T21:47:19","modified_gmt":"2025-10-12T19:47:19","slug":"mapa","status":"publish","type":"page","link":"https:\/\/www.visitcampnou.com\/pl\/mapa\/","title":{"rendered":"Spotify Camp Nou \u2013 adres, mapa i informacje"},"content":{"rendered":"\n<h2 class=\"wp-block-heading\">Gdzie w Barcelonie znajduje si\u0119 Camp Nou?<\/h2>\n\n\n\n<p>Camp Nou znajduje on 5 km od centrum Barcelony, przy drodze z miasta na wsch\u00f3d. Pomimo ma\u0142o centralnej lokalizacji, \u0142atwo do niego trafi\u0107. Wszystko za spraw\u0105 dobrze rozwini\u0119tego transportu drogowego. Mo\u017cesz skorzysta\u0107 z kilku r\u00f3\u017cnych sposob\u00f3w, aby dosta\u0107 si\u0119 na stadion z wszystkich cz\u0119\u015bci miasta. Przedstawimy Ci je poni\u017cej.<\/p>\n\n\n\n<p>Sam stadion stanowi cz\u0119\u015b\u0107 kompleksu sportowego z barcelo\u0144skim Mini Estadi.<\/p>\n\n\n\n<h2 class=\"wp-block-heading\"><strong>Mapa i adres<\/strong><\/h2>\n\n\n\n<address class=\"wp-block-ms-blocks-staticmap ms-mapblock ms-mb-block\"><h4>Spotify Camp Nou<\/h4><p class=\"ms-mb-0\"><img decoding=\"async\" class=\"ms-mapblock__map ms-rounded\" src=\"https:\/\/www.visitcampnou.com\/pl\/wp-content\/uploads\/sites\/6\/maps\/staticmap_41.380896_2.1228198_14_600x400.png\" alt=\"Map of Spotify Camp Nou\"\/><\/p><p class=\"ms-text-sm ms-text-muted\">Les Corts, 08028 Barcelona, Spain \u00b7 <a rel=\"nofollow noopener\" target=\"_blank\" href=\"https:\/\/maps.google.com\/?q=41.380896,2.1228198\">Google Maps<\/a><\/p><\/address>\n\n\n\n<h2 class=\"wp-block-heading\">Camp Nou \u2013 godziny otwarcia<\/h2>\n\n\n<div class=\"ms-table\"><table><tr><th>Okres<\/th><th>Dni<\/th><th>Godziny otwarcia<\/th><\/tr><tr><td>2 sty \u2013 25 lut<\/td><td>Poniedzia\u0142ek \u2013 niedziela<\/td><td>10:00 \u2013 18:00<\/td><\/tr><tr><td>26 lut \u2013 27 mar<\/td><td>Poniedzia\u0142ek \u2013 niedziela<\/td><td>10:00 \u2013 19:00<\/td><\/tr><tr><td>28 mar \u2013 18 pa\u017a<\/td><td>Poniedzia\u0142ek \u2013 niedziela<\/td><td>9:30 \u2013 19:00<\/td><\/tr><tr><td>19 pa\u017a \u2013 31 gru<\/td><td>Poniedzia\u0142ek \u2013 niedziela<\/td><td>10:00 \u2013 18:00<\/td><\/tr><tr><td>25 gru i 1 sty<\/td><td><\/td><td>Zamkni\u0119te<\/td><\/tr><\/table><\/div>\n\n\n<p><strong>Uwaga:<\/strong><\/p>\n\n\n\n<ul class=\"wp-block-list\">\n<li>Ostatni wst\u0119p 45 minut przed zamkni\u0119ciem.<\/li>\n\n\n\n<li>Kasy biletowe otwieraj\u0105 si\u0119 15 minut przed rozpocz\u0119ciem wycieczki Bar\u00e7a Inmersive Tour i zamykaj\u0105 45 minut przed jej zako\u0144czeniem.<\/li>\n<\/ul>\n\n\n\n<h2 class=\"wp-block-heading\"><strong>Jak dojecha\u0107<\/strong><\/h2>\n\n\n\n<p>Spotify Camp Nou jest obecnie zamkni\u0119te z powodu remontu. Podczas gdy stadion przechodzi transformacj\u0119, nadal mo\u017cna odwiedzi\u0107 Bar\u00e7a Immersive Tour i nowe Muzeum Bar\u00e7a, w tym punkt widokowy Construction Viewpoint.<\/p>\n\n\n\n<h3 class=\"wp-block-heading\"><strong>\ud83d\ude87 Metrem<\/strong><\/h3>\n\n\n\n<p>Metro to naj\u0142atwiejszy spos\u00f3b dotarcia do stadionu. W pobli\u017cu znajduje si\u0119 kilka stacji, z kt\u00f3rych ka\u017cda znajduje si\u0119 oko\u0142o 10 minut spacerem od Camp Nou:<\/p>\n\n\n\n<ul class=\"wp-block-list\">\n<li><strong>Linia 3 (zielona linia):<\/strong> Palau Reial, Les Corts<\/li>\n\n\n\n<li><strong>Linia 5 (niebieska linia):<\/strong> Collblanc, Badal<\/li>\n<\/ul>\n\n\n\n<p><strong>Wskaz\u00f3wki dotycz\u0105ce doj\u015bcia pieszo z ka\u017cdej stacji:<\/strong><\/p>\n\n\n\n<ul class=\"wp-block-list\">\n<li><strong>Palau Reial:<\/strong> Wyjd\u017a ze stacji, skr\u0119\u0107 w lewo i id\u017a wzd\u0142u\u017c Carrer de Mart\u00ed i Franqu\u00e8s. Stadion znajduje si\u0119 na ko\u0144cu ulicy.<\/li>\n\n\n\n<li><strong>Les Corts:<\/strong> Wyjd\u017a ze stacji, skr\u0119\u0107 w lewo i id\u017a wzd\u0142u\u017c Travessera de les Corts. Stadion b\u0119dzie po prawej stronie.<\/li>\n\n\n\n<li><strong>Collblanc:<\/strong> Wyjd\u017a ze stacji, skr\u0119\u0107 w prawo i id\u017a wzd\u0142u\u017c Carrer de Sants. Skr\u0119\u0107 w lewo w Carrer de la Riera Blanca, kt\u00f3ra przechodzi w Carrer d\u2019Ar\u00edstides Maillol.<\/li>\n\n\n\n<li><strong>Badal:<\/strong> Wyjd\u017a ze stacji, skr\u0119\u0107 w lewo i id\u017a wzd\u0142u\u017c Carrer de Portbou. Skr\u0119\u0107 w lewo w Avenida de Madrid, a nast\u0119pnie w prawo w Carrer de Benavent. Stadion znajduje si\u0119 na ko\u0144cu ulicy.<\/li>\n<\/ul>\n\n\n\n<p><strong>Najbli\u017csze stacje metra do poszczeg\u00f3lnych bram wej\u015bciowych:<\/strong><\/p>\n\n\n\n<ul class=\"wp-block-list\">\n<li><strong>Bramy 1\u201310:<\/strong> Palau Reial<\/li>\n\n\n\n<li><strong>Bramy 11\u201316:<\/strong> Collblanc<\/li>\n\n\n\n<li><strong>Bramy 17 i 19:<\/strong> Badal<\/li>\n\n\n\n<li><strong>Bramy 19\u201321:<\/strong> Les Corts<\/li>\n<\/ul>\n\n\n\n<p>W dni meczowe metro kursuje do p\u00f3\u0142nocy w dni powszednie i przez ca\u0142\u0105 noc w soboty. Podczas mecz\u00f3w nale\u017cy spodziewa\u0107 si\u0119 wi\u0119kszego nat\u0119\u017cenia ruchu.<\/p>\n\n\n\n<h3 class=\"wp-block-heading\"><strong>\ud83d\ude8c Autobusem<\/strong><\/h3>\n\n\n\n<p>W pobli\u017cu stadionu zatrzymuje si\u0119 kilka linii autobusowych:<\/p>\n\n\n\n<ul class=\"wp-block-list\">\n<li><strong>Linie 7, 15, 33, 43, 56, 63, 67, 68, 70, 72, 74, 75, 78, 113, 153, 157, 158, 167<\/strong><\/li>\n<\/ul>\n\n\n\n<p>Najbli\u017csze przystanki:<\/p>\n\n\n\n<ul class=\"wp-block-list\">\n<li><strong>Linia 75:<\/strong> wysi\u0105\u015b\u0107 na przystanku \u201eEstadi del Futbol Club Barcelona\u201d<\/li>\n\n\n\n<li><strong>Linia L12:<\/strong> wysi\u0105\u015b\u0107 na przystanku \u201eEstadi del Futbol Club Barcelona\u201d<\/li>\n\n\n\n<li><strong>Linia H8:<\/strong> wysi\u0105\u015b\u0107 na przystanku \u201eLes Corts-Arizala\u201d<\/li>\n<\/ul>\n\n\n\n<p>Wiele autobus\u00f3w turystycznych r\u00f3wnie\u017c zatrzymuje si\u0119 przy stadionie, dzi\u0119ki czemu mo\u017cna wsiada\u0107 i wysiada\u0107 przez ca\u0142y dzie\u0144.<\/p>\n\n\n\n<h3 class=\"wp-block-heading\"><strong>\ud83d\ude8b Tramwajem<\/strong><\/h3>\n\n\n\n<p>W okolicy Camp Nou znajduje si\u0119 kilka przystank\u00f3w tramwajowych, z kt\u00f3rych ka\u017cdy znajduje si\u0119 oko\u0142o 10 minut spacerem od stadionu:<\/p>\n\n\n\n<ul class=\"wp-block-list\">\n<li><strong>Linie T1, T2, T3:<\/strong> Maria Cristina, Pius XII, Palau Reial, Universitaria, Avinguda de Xile, Sant Ramon<\/li>\n<\/ul>\n\n\n\n<h3 class=\"wp-block-heading\"><strong>\ud83d\ude97 Samochodem<\/strong><\/h3>\n\n\n\n<p>Je\u015bli jedziesz z Ronda de Dalt (autostrady prowadz\u0105cej do miasta), zjed\u017a zjazdem nr 11 wzd\u0142u\u017c Avenida Diagonal. Trzymaj si\u0119 prawej strony tor\u00f3w tramwajowych, a nast\u0119pnie skr\u0119\u0107 w Calle de Sabino Arana, kt\u00f3ra jest oznaczona znakami prowadz\u0105cymi do stadionu. Jed\u017a dalej w lewo, a nast\u0119pnie skr\u0119\u0107 w prawo w Gran Via de Carles III, a potem ponownie w prawo w Travessera de les Corts. Stadion pojawi si\u0119 wkr\u00f3tce po prawej stronie.<\/p>\n\n\n\n<h2 class=\"wp-block-heading\">Parkowanie w pobli\u017cu Camp Nou<\/h2>\n\n\n\n<p>Ze wzgl\u0119du na trwaj\u0105ce prace budowlane liczba miejsc parkingowych przy stadionie jest ograniczona. W godzinach otwarcia Bar\u00e7a Immersive Tour mo\u017cna parkowa\u0107 bezp\u0142atnie, wje\u017cd\u017caj\u0105c przez wej\u015bcie nr 14 przy ulicy Carrer d\u2019Ar\u00edstides Maillol. W dni meczowe parking jest otwarty do 4 godzin przed rozpocz\u0119ciem meczu.<\/p>\n\n\n\n<p>Alternatywnie mo\u017cna zaparkowa\u0107 przy Avenida Diagonal w pobli\u017cu uniwersytetu.<\/p>\n\n\n\n<h2 class=\"wp-block-heading\"><strong>Dost\u0119pno\u015b\u0107<\/strong><\/h2>\n\n\n\n<p>Wycieczka Bar\u00e7a Immersive Tour jest w pe\u0142ni dost\u0119pna dla os\u00f3b o ograniczonej sprawno\u015bci ruchowej lub poruszaj\u0105cych si\u0119 na w\u00f3zkach inwalidzkich. Wej\u015bcie jest p\u0142askie i nie stwarza \u017cadnych trudno\u015bci.<\/p>\n\n\n\n<p>Istnieje mo\u017cliwo\u015b\u0107 bezp\u0142atnego wypo\u017cyczenia w\u00f3zka inwalidzkiego, o co mo\u017cna poprosi\u0107 w punkcie informacyjnym przy wej\u015bciu. Toalety przystosowane s\u0105 wy\u0142\u0105cznie dla os\u00f3b o ograniczonej sprawno\u015bci ruchowej.<\/p>\n","protected":false},"excerpt":{"rendered":"","protected":false},"author":2,"featured_media":0,"parent":0,"menu_order":7,"comment_status":"closed","ping_status":"closed","template":"","meta":{"_acf_changed":false,"footnotes":"","button_url":"https:\/\/www.tiqets.com\/pl\/fc-barcelona-immersive-tour-museum-tickets-l224102\/?partner=visitcampnou","ms_product_id":"","ms_product_name":"","ms_price":"","ms_currency":"","ms_rating_value":"","ms_review_count":"","rank_math_title":"Adres i Mapa Camp Nou: Jak Dosta\u0107 Si\u0119 do Camp Nou","rank_math_description":"Znajd\u017a wskaz\u00f3wki dojazdu do Camp Nou wraz z adresem i map\u0105."},"post-style":[],"producer":[],"class_list":["post-16","page","type-page","status-publish","has-post-thumbnail"],"acf":[],"product_schema":{"ms_product_id":"","ms_product_name":"","ms_price":"","ms_currency":"","ms_rating_value":"","ms_review_count":""},"_links":{"self":[{"href":"https:\/\/www.visitcampnou.com\/pl\/wp-json\/wp\/v2\/pages\/16","targetHints":{"allow":["GET"]}}],"collection":[{"href":"https:\/\/www.visitcampnou.com\/pl\/wp-json\/wp\/v2\/pages"}],"about":[{"href":"https:\/\/www.visitcampnou.com\/pl\/wp-json\/wp\/v2\/types\/page"}],"author":[{"embeddable":true,"href":"https:\/\/www.visitcampnou.com\/pl\/wp-json\/wp\/v2\/users\/2"}],"replies":[{"embeddable":true,"href":"https:\/\/www.visitcampnou.com\/pl\/wp-json\/wp\/v2\/comments?post=16"}],"version-history":[{"count":3,"href":"https:\/\/www.visitcampnou.com\/pl\/wp-json\/wp\/v2\/pages\/16\/revisions"}],"predecessor-version":[{"id":883,"href":"https:\/\/www.visitcampnou.com\/pl\/wp-json\/wp\/v2\/pages\/16\/revisions\/883"}],"wp:attachment":[{"href":"https:\/\/www.visitcampnou.com\/pl\/wp-json\/wp\/v2\/media?parent=16"}],"wp:term":[{"taxonomy":"post-style","embeddable":true,"href":"https:\/\/www.visitcampnou.com\/pl\/wp-json\/wp\/v2\/post-style?post=16"},{"taxonomy":"producer","embeddable":true,"href":"https:\/\/www.visitcampnou.com\/pl\/wp-json\/wp\/v2\/producer?post=16"}],"curies":[{"name":"wp","href":"https:\/\/api.w.org\/{rel}","templated":true}]}}