{"id":614,"date":"2016-02-25T10:39:26","date_gmt":"2016-02-25T09:39:26","guid":{"rendered":"https:\/\/www.visitcampnou.com\/?page_id=11"},"modified":"2025-10-12T21:45:55","modified_gmt":"2025-10-12T19:45:55","slug":"sklep","status":"publish","type":"page","link":"https:\/\/www.visitcampnou.com\/pl\/sklep\/","title":{"rendered":"Sklep FC Barcelona na Camp Nou"},"content":{"rendered":"\n<p><a href=\"#visit\"><u>Zaplanuj wizyt\u0119<\/u><\/a> \u2013 <a href=\"#buy\"><u>Co kupi\u0107<\/u><\/a> \u2013 <a href=\"#personalize\"><u>Spersonalizuj zakup<\/u><\/a><\/p>\n\n\n\n<hr class=\"wp-block-separator has-alpha-channel-opacity\"\/>\n\n\n\n<p class=\"lead\">FC Barcelona to jeden z najbardziej lubianych przystank\u00f3w wycieczki po Camp Nou. Umo\u017cliwia on zwiedzaj\u0105cym zdobycie swojego w\u0142asnego pasiastego zestawu i zakup paru ciekawych pami\u0105tek.<\/p>\n\n\n\n<figure><div class=\"ms-credits\">\n<img decoding=\"async\" class=\"gb-media-6b76bad8\" src=\"https:\/\/www.visitcampnou.com\/wp-content\/uploads\/fc-barcelona-shop-1744000961.jpg\" alt=\"FC Barcelona Shop at Camp Nou\" title=\"fc-barcelona-shop\"\/>\n<span class='ms-credits__info' id='media767'><svg xmlns=\"http:\/\/www.w3.org\/2000\/svg\" width=\"20\" height=\"22\" fill=\"#000000\" viewBox=\"0 0 256 256\"><path d=\"M128,24A104,104,0,1,0,232,128,104.11,104.11,0,0,0,128,24Zm0,192a88,88,0,1,1,88-88A88.1,88.1,0,0,1,128,216ZM96,128a32,32,0,0,0,57.6,19.2,8,8,0,0,1,12.8,9.61,48,48,0,1,1,0-57.62,8,8,0,0,1-12.8,9.61A32,32,0,0,0,96,128Z\"><\/path><\/svg>gerasimov\/<a href=https:\/\/depositphotos.com\/editorial\/fc-barcelona-official-megastore-in-camp-nou-studium-spain-178487898.html rel='nofollow' target='_blank'>Depositphotos<\/a><\/span><span class='ms-credits__btn' id='btn_media767' onclick='ms_credits_trigger(\"#media767\", this)'><svg xmlns=\"http:\/\/www.w3.org\/2000\/svg\" class=\"info_icon\" width=\"28\" height=\"28\" fill=\"#FFF\" viewBox=\"0 0 256 256\"><path d=\"M128,24A104,104,0,1,0,232,128,104.11,104.11,0,0,0,128,24Zm0,192a88,88,0,1,1,88-88A88.1,88.1,0,0,1,128,216Zm16-40a8,8,0,0,1-8,8,16,16,0,0,1-16-16V128a8,8,0,0,1,0-16,16,16,0,0,1,16,16v40A8,8,0,0,1,144,176ZM112,84a12,12,0,1,1,12,12A12,12,0,0,1,112,84Z\"><\/path><\/svg><svg xmlns=\"http:\/\/www.w3.org\/2000\/svg\" class=\"close_icon\" width=\"28\" height=\"28\" fill=\"#FFF\" viewBox=\"0 0 256 256\"><path d=\"M165.66,101.66,139.31,128l26.35,26.34a8,8,0,0,1-11.32,11.32L128,139.31l-26.34,26.35a8,8,0,0,1-11.32-11.32L116.69,128,90.34,101.66a8,8,0,0,1,11.32-11.32L128,116.69l26.34-26.35a8,8,0,0,1,11.32,11.32ZM232,128A104,104,0,1,1,128,24,104.11,104.11,0,0,1,232,128Zm-16,0a88,88,0,1,0-88,88A88.1,88.1,0,0,0,216,128Z\"><\/path><\/svg><\/span><\/div>\n\n\n<figcaption class=\"gb-text\">Sklep FC Barcelona w Camp Nou<\/figcaption>\n<\/figure>\n\n\n\n<p>Sklep Camp Nou, kt\u00f3ry znajduje si\u0119 w samym sercu stadionu, sk\u0142ada si\u0119 z trzech kondygnacji, z kt\u00f3rych ka\u017cda po brzegi wype\u0142niona jest kolorowymi zestawami, pami\u0105tkami i ciekawymi prezentami dla ca\u0142ej rodziny. Bez w\u0105tpienia jest to do\u015bwiadczenie, kt\u00f3re nie mo\u017ce omin\u0105\u0107 \u017cadnego gracza. Chocia\u017c w obr\u0119bie miasta rozsianych jest kilka sklep\u00f3w franczyzowych, ten na stadionie jest najwi\u0119kszy i najlepszy. Mo\u017cesz w nim skorzysta\u0107 tak\u017ce z us\u0142ug personalizacji, kt\u00f3re na pewno wzbudz\u0105 zazdro\u015b\u0107 w\u015br\u00f3d Twoich przyjaci\u00f3\u0142.<\/p>\n\n\n\n<p>Sklep na barcelo\u0144skim stadionie obejmuje trzy pi\u0119tra z \u0142atwym dost\u0119pem do muzeum. Jest marzeniem praktycznie ka\u017cdego mi\u0142o\u015bnika sportu. Znajduje si\u0119 w nim szeroki wyb\u00f3r zestaw\u00f3w, akcesori\u00f3w i prezent\u00f3w \u2013 nawi\u0105zuj\u0105cych nie tylko do barcelo\u0144skich dru\u017cyn pi\u0142karskich, lecz tak\u017ce innych lokalnych dyscyplin sportowych, jak r\u00f3wnie\u017c ogromna kolekcja po\u017c\u0105danych produkt\u00f3w Nike.<\/p>\n\n\n\n<p>Tym, co na pewno wyr\u00f3\u017cnia sklep FC Barcelona, jest jego interaktywny charakter, kt\u00f3ry zapewnia zaj\u0119cie fanom i odwiedzaj\u0105cym na wiele godzin. Innowacyjny design przejawia si\u0119 w ekscentrycznych akcentach i ekskluzywnych us\u0142ugach, dzi\u0119ki kt\u00f3rym ka\u017cda osoba mo\u017ce liczy\u0107 na jeszcze bardziej wyj\u0105tkowe i indywidualne do\u015bwiadczenie. Bez wzgl\u0119du na to, czy chcesz spersonalizowa\u0107 swoje ulubione produkty marki Nike, wydrukowa\u0107 swoje imi\u0119 na zestawie FC Barcelona, czy doda\u0107 charakteru swoim butom za pomocy zwariowanych sznurowade\u0142, ten sklep na pewno jest dla Ciebie.<\/p>\n\n\n\n<p>Nie chodzi jednak tylko o zestawy i ubrania, jakie mo\u017cesz tu kupi\u0107. Je\u017celi jeste\u015b pi\u0142karzem, mo\u017cesz p\u00f3j\u015b\u0107 o krok dalej. Sklep pe\u0142ni te\u017c rol\u0119 pi\u0142karskiego punktu treningowego w Barcelonie i skupia wok\u00f3\u0142 siebie kilku ekspert\u00f3w, kt\u00f3rzy ch\u0119tnie pomog\u0105 Ci podszkoli\u0107 umiej\u0119tno\u015bci gry w pi\u0142k\u0119 no\u017cn\u0105, niezale\u017cnie od Twojego wieku czy do\u015bwiadczenia.<\/p>\n\n\n\n<h2 class=\"wp-block-heading\" id=\"visit\"><strong>Zaplanuj swoj\u0105 wizyt\u0119<\/strong><\/h2>\n\n\n\n<h3 class=\"wp-block-heading\" id=\"times\">Godziny otwarcia<\/h3>\n\n\n<div class=\"ms-table\"><table><tr><th>Dni<\/th><th>Godziny otwarcia<\/th><\/tr><tr><td>Poniedzia\u0142ek &#8211; Niedziela<\/td><td>10:00 \u2013 19:00<\/td><\/tr><\/table><\/div>\n\n\n<h2 class=\"wp-block-heading\"><strong>Mapa i adres<\/strong><\/h2>\n\n\n\n<address class=\"wp-block-ms-blocks-staticmap ms-mapblock ms-mb-block\"><h4>Spotify Camp Nou Store<\/h4><p class=\"ms-mb-0\"><img decoding=\"async\" class=\"ms-mapblock__map ms-rounded\" src=\"https:\/\/www.visitcampnou.com\/pl\/wp-content\/uploads\/sites\/6\/maps\/staticmap_41.3811048_2.1201984_14_600x400.png\" alt=\"Map of Spotify Camp Nou Store\"\/><\/p><p class=\"ms-text-sm ms-text-muted\">Av. de Joan XXIII, s\/n, Les Corts, 08028 Barcelona, Spain \u00b7 <a rel=\"nofollow noopener\" target=\"_blank\" href=\"https:\/\/maps.google.com\/?q=41.3811048,2.1201984\">Google Maps<\/a><\/p><\/address>\n\n\n\n<h2 class=\"wp-block-heading\" id=\"buy\">Co kupi\u0107<\/h2>\n\n\n\n<p>Ka\u017cda sekcja sklepu Camp Nou przedstawi Ci szeroki wachlarz atrakcji, oferuj\u0105c jednocze\u015bnie fascynuj\u0105ce prze\u017cycia.<\/p>\n\n\n\n<p>Na parterze znajdziesz wiele r\u00f3\u017cnych stroj\u00f3w, w\u0142\u0105czaj\u0105c w to te, kt\u00f3re dru\u017cyna obecnie zak\u0142ada podczas meczy domowych i wyjezdnych. Mo\u017cesz tu te\u017c przegl\u0105da\u0107 stroje barcelo\u0144skich dru\u017cyn innych dyscyplin sportowych.<\/p>\n\n\n\n<p>W kolejnej sekcji mie\u015bci si\u0119 wiele rozmaitych pami\u0105tek \u2013 od zegark\u00f3w o tematyce pi\u0142karskiej, przez notebooki, fili\u017canki i kupki, po maskotki. Znajdziesz tu praktycznie ka\u017cdy rodzaj prezentu, kt\u00f3ry mo\u017cesz nawet spersonalizowa\u0107, dzi\u0119ki czemu na pewno b\u0119dzie ciekawym upominkiem dla przyjaci\u00f3\u0142 i rodziny.<\/p>\n\n\n\n<p>W jeszcze innej cz\u0119\u015bci sklepu sprzedawane s\u0105 buty pi\u0142karskie marki Nike. Bez w\u0105tpienia, jest to raj dla mi\u0142o\u015bnik\u00f3w sportu. Szeroki wyb\u00f3r produkt\u00f3w wyr\u00f3\u017cniaj\u0105cych si\u0119 nowoczesnym designem oraz narz\u0119dzia personalizuj\u0105ce sprawiaj\u0105, \u017ce ka\u017cdy mo\u017ce zdoby\u0107 tu co\u015b idealnego dla siebie, na przyk\u0142ad buty z kolorowymi sznur\u00f3wkami. A mo\u017ce do tego naszy\u0107 w\u0142asne imi\u0119 z boku? Za\u0142atwione!<\/p>\n\n\n\n<p>W sklepie nie mog\u0142o te\u017c oczywi\u015bcie zabrakn\u0105\u0107 sekcji drukowania, w kt\u00f3rej mo\u017cesz wydrukowa\u0107 swoje imi\u0119 i liczb\u0119 na ka\u017cdej koszulce \u2013 nie musi to by\u0107 nawet koszulka pi\u0142karska!<\/p>\n\n\n\n<p>Natrafisz te\u017c na pewno na obszar pokazowy, w kt\u00f3rym mo\u017cesz dosta\u0107 zdj\u0119cie ze swoj\u0105 u\u015bmiechni\u0119ta twarz\u0105 przy znanych pi\u0142karzach. Mo\u017cesz te\u017c po prostu pobawi\u0107 si\u0119 w obr\u0119bie tego obszaru i zobaczy\u0107, jak wygl\u0105da\u0142by\u015b, stoj\u0105c przy najbardziej znanych pi\u0142karzach naszych czas\u00f3w, a tak\u017ce zakupi\u0107 podobizny kilku z nich i zabra\u0107 je ze sob\u0105 do domu.<\/p>\n\n\n\n<p>Sklep ko\u0144czy si\u0119 sekcj\u0105 nazywan\u0105 \u201eK\u0105cikiem muzealnym\u201d, gdzie znajduj\u0105 si\u0119 repliki przedmiot\u00f3w z muzeum \u2013 w tym mi\u0119dzy innymi stare sk\u00f3rzane pi\u0142ki i wydruki litografii Miro.<\/p>\n\n\n\n<h2 class=\"wp-block-heading\" id=\"personalize\">Spersonalizuj swoje zam\u00f3wienie<\/h2>\n\n\n\n<p>Sklep FC Barcelona s\u0142ynie ze swojego interaktywnego charakteru, kt\u00f3ry umo\u017cliwia dopasowanie do\u015bwiadczenia do w\u0142asnych zainteresowa\u0144.<\/p>\n\n\n\n<h3 class=\"wp-block-heading\">Spersonalizuj sw\u00f3j zestaw<\/h3>\n\n\n\n<p>W coraz wi\u0119kszej sekcji \u201eMake it Barca\u201d, mo\u017cesz nieco zmieni\u0107 wygl\u0105d swoich produkt\u00f3w marki Nike, personalizuj\u0105c je samodzielnie wybranymi sznur\u00f3wkami i guzikami. Mo\u017cesz nawet zdecydowa\u0107 si\u0119 na herb na butach czy naszy\u0107 na nich swoje w\u0142asne imi\u0119. Gdy ju\u017c zaprojektujesz swoje buty, mo\u017cesz podzieli\u0107 si\u0119 nimi wraz z innymi na platformie spo\u0142ecznej, aby ka\u017cdy m\u00f3g\u0142 zobaczy\u0107, Twoje ma\u0142e dzie\u0142o sztuki.<\/p>\n\n\n\n<h3 class=\"wp-block-heading\">Laboratorium druku<\/h3>\n\n\n\n<p>Laboratorium Druku to miejsce, w kt\u00f3rym mo\u017cesz wydrukowa\u0107 w\u0142asne imi\u0119 i liczb\u0119 na jakiejkolwiek koszulce. Aby to zrobi\u0107, wystarczy, \u017ce wprowadzisz szczeg\u00f3\u0142y na ekranie dotykowym i przyci\u015bniesz \u201ewy\u015blij\u201d \u2013 Twoja koszulka natychmiast zostanie wys\u0142ana do dzia\u0142u zajmuj\u0105cego si\u0119 drukiem, dzi\u0119ki czemu unikniesz kolejek, a koszulk\u0119 otrzymasz tak szybko, jak tylko to mo\u017cliwe.<\/p>\n\n\n\n<h3 class=\"wp-block-heading\">Pere\u0142ki od Nike<\/h3>\n\n\n\n<p>Sklep Camp Nou po brzegi te\u017c wype\u0142niony jest setkami produkt\u00f3w marki Nike, w\u0142\u0105czaj\u0105c w to najmodniejsz\u0105 odzie\u017c, obuwie i buty, a tak\u017ce najbardziej innowacyjne i najnowsze wydania.<\/p>\n\n\n\n<h3 class=\"wp-block-heading\">Nie tylko pi\u0142ka no\u017cna<\/h3>\n\n\n\n<p>Nie tylko zestawy pi\u0142karskie przyci\u0105gaj\u0105 do sklepu tak du\u017ce t\u0142umy odwiedzaj\u0105cych. Znajduje si\u0119 w nim tak\u017ce wiele produkt\u00f3w nawi\u0105zuj\u0105cych do innych popularnych dyscyplin sportowych, w\u0142\u0105czaj\u0105c w to halow\u0105 pi\u0142k\u0119 no\u017cn\u0105, hokej, koszyk\u00f3wk\u0119 i pi\u0142k\u0119 r\u0119czn\u0105. Na wszystkich z nich r\u00f3wnie\u017c mo\u017cesz wydrukowa\u0107 swoje imi\u0119 oraz liczb\u0119.<\/p>\n\n\n\n<h3 class=\"wp-block-heading\">Nowe technologie<\/h3>\n\n\n\n<p>Na schodach przypominaj\u0105cych stadion, kt\u00f3re prowadz\u0105 do sklepu, za pomoc\u0105 nowego, 16-metrowego ekranu LED wy\u015bwietlane s\u0105 realistyczne obrazy, kt\u00f3re stwarzaj\u0105 razem niepowtarzalny klimat. Zadbano nawet o b\u0142yszcz\u0105cy \u017cyrandol.<\/p>\n","protected":false},"excerpt":{"rendered":"","protected":false},"author":2,"featured_media":767,"parent":0,"menu_order":5,"comment_status":"closed","ping_status":"closed","template":"","meta":{"_acf_changed":false,"footnotes":"","button_url":"https:\/\/www.tiqets.com\/pl\/fc-barcelona-immersive-tour-museum-tickets-l224102\/?partner=visitcampnou","ms_product_id":"","ms_product_name":"","ms_price":"","ms_currency":"","ms_rating_value":"","ms_review_count":"","rank_math_title":"Sklep FC Barcelona: Odwied\u017a Camp Nou i Kup Oficjalne Produkty","rank_math_description":"Znajd\u017a wszystkie informacje o sklepie FC Barcelona na Camp Nou: lokalizacja, godziny otwarcia i praktyczne wskaz\u00f3wki dotycz\u0105ce wizyty."},"post-style":[],"producer":[],"class_list":["post-614","page","type-page","status-publish","has-post-thumbnail"],"acf":[],"product_schema":{"ms_product_id":"","ms_product_name":"","ms_price":"","ms_currency":"","ms_rating_value":"","ms_review_count":""},"_links":{"self":[{"href":"https:\/\/www.visitcampnou.com\/pl\/wp-json\/wp\/v2\/pages\/614","targetHints":{"allow":["GET"]}}],"collection":[{"href":"https:\/\/www.visitcampnou.com\/pl\/wp-json\/wp\/v2\/pages"}],"about":[{"href":"https:\/\/www.visitcampnou.com\/pl\/wp-json\/wp\/v2\/types\/page"}],"author":[{"embeddable":true,"href":"https:\/\/www.visitcampnou.com\/pl\/wp-json\/wp\/v2\/users\/2"}],"replies":[{"embeddable":true,"href":"https:\/\/www.visitcampnou.com\/pl\/wp-json\/wp\/v2\/comments?post=614"}],"version-history":[{"count":3,"href":"https:\/\/www.visitcampnou.com\/pl\/wp-json\/wp\/v2\/pages\/614\/revisions"}],"predecessor-version":[{"id":882,"href":"https:\/\/www.visitcampnou.com\/pl\/wp-json\/wp\/v2\/pages\/614\/revisions\/882"}],"wp:featuredmedia":[{"embeddable":true,"href":"https:\/\/www.visitcampnou.com\/pl\/wp-json\/wp\/v2\/media\/767"}],"wp:attachment":[{"href":"https:\/\/www.visitcampnou.com\/pl\/wp-json\/wp\/v2\/media?parent=614"}],"wp:term":[{"taxonomy":"post-style","embeddable":true,"href":"https:\/\/www.visitcampnou.com\/pl\/wp-json\/wp\/v2\/post-style?post=614"},{"taxonomy":"producer","embeddable":true,"href":"https:\/\/www.visitcampnou.com\/pl\/wp-json\/wp\/v2\/producer?post=614"}],"curies":[{"name":"wp","href":"https:\/\/api.w.org\/{rel}","templated":true}]}}