{"id":780,"date":"2025-04-16T06:43:40","date_gmt":"2025-04-16T04:43:40","guid":{"rendered":"https:\/\/www.visitcampnou.com\/pl\/?page_id=780"},"modified":"2025-10-10T23:31:07","modified_gmt":"2025-10-10T21:31:07","slug":"renowacja-camp-nou","status":"publish","type":"page","link":"https:\/\/www.visitcampnou.com\/pl\/renowacja-camp-nou\/","title":{"rendered":"Renowacja stadionu Camp Nou"},"content":{"rendered":"\n<p>Je\u015bli wybierasz si\u0119 do Barcelony i masz nadziej\u0119 odwiedzi\u0107 legendarne Camp Nou, oto wszystko, co musisz wiedzie\u0107. Stadion jest obecnie w trakcie renowacji, ale w mi\u0119dzyczasie nadal jest wiele rzeczy, kt\u00f3re mog\u0105 cieszy\u0107 fan\u00f3w Barcelony.<\/p>\n\n\n\n<figure><div class=\"ms-credits\">\n<img decoding=\"async\" class=\"gb-media-305993c5\" src=\"https:\/\/www.visitcampnou.com\/wp-content\/uploads\/capm-nou-construction-1745997452.jpg\" alt=\"Camp Nou redevelopment works\" title=\"capm-nou-construction-1745997452\"\/>\n<span class='ms-credits__info' id='media789'><svg xmlns=\"http:\/\/www.w3.org\/2000\/svg\" width=\"20\" height=\"22\" fill=\"#000000\" viewBox=\"0 0 256 256\"><path d=\"M128,24A104,104,0,1,0,232,128,104.11,104.11,0,0,0,128,24Zm0,192a88,88,0,1,1,88-88A88.1,88.1,0,0,1,128,216ZM96,128a32,32,0,0,0,57.6,19.2,8,8,0,0,1,12.8,9.61,48,48,0,1,1,0-57.62,8,8,0,0,1-12.8,9.61A32,32,0,0,0,96,128Z\"><\/path><\/svg>footpicshd\/<a href=https:\/\/www.flickr.com\/photos\/footpicshd\/53253715474\/in\/photolist-2o8VBFg-2oULnze-2p8Rdhb-2oUNuZ4-2oUNXZp-2oUHtmG-2oUMqEP-2p8R9hY-2p8QNzF-2p8Pium-2oUMqFa-2oUMqJg-2p8PixC-2px3yA7-2px3yB4-2p8Pizg-2oi1Min-2p8R9iK-2oULnyc-2oUNXXW-2oUNv1w-2oUNXYx-2oULnzE-2oULnzQ-2oUNuZE-2oUNuYC-2oUHtoa-2oUHtkj-2oUHto5 rel='nofollow' target='_blank'>Flickr<\/a><\/span><span class='ms-credits__btn' id='btn_media789' onclick='ms_credits_trigger(\"#media789\", this)'><svg xmlns=\"http:\/\/www.w3.org\/2000\/svg\" class=\"info_icon\" width=\"28\" height=\"28\" fill=\"#FFF\" viewBox=\"0 0 256 256\"><path d=\"M128,24A104,104,0,1,0,232,128,104.11,104.11,0,0,0,128,24Zm0,192a88,88,0,1,1,88-88A88.1,88.1,0,0,1,128,216Zm16-40a8,8,0,0,1-8,8,16,16,0,0,1-16-16V128a8,8,0,0,1,0-16,16,16,0,0,1,16,16v40A8,8,0,0,1,144,176ZM112,84a12,12,0,1,1,12,12A12,12,0,0,1,112,84Z\"><\/path><\/svg><svg xmlns=\"http:\/\/www.w3.org\/2000\/svg\" class=\"close_icon\" width=\"28\" height=\"28\" fill=\"#FFF\" viewBox=\"0 0 256 256\"><path d=\"M165.66,101.66,139.31,128l26.35,26.34a8,8,0,0,1-11.32,11.32L128,139.31l-26.34,26.35a8,8,0,0,1-11.32-11.32L116.69,128,90.34,101.66a8,8,0,0,1,11.32-11.32L128,116.69l26.34-26.35a8,8,0,0,1,11.32,11.32ZM232,128A104,104,0,1,1,128,24,104.11,104.11,0,0,1,232,128Zm-16,0a88,88,0,1,0-88,88A88.1,88.1,0,0,0,216,128Z\"><\/path><\/svg><\/span><\/div>\n\n\n<figcaption class=\"gb-text\">Prace nad przebudow\u0105 Camp Nou<\/figcaption>\n<\/figure>\n\n\n\n<div class=\"ms-rounded ms-mb-last-child-0 ms-mb-block ms-tfs--contrast ms-p ms-tfs\">\n<h3 class=\"gb-text\">\ud83c\udfd7\ufe0f Camp Nou jest zamkni\u0119te, ale Barcelona pe\u0142na jest rzeczy do zrobienia<\/h3>\n\n\n\n<p>Podczas gdy Camp Nou jest w trakcie renowacji, w Barcelonie wci\u0105\u017c jest wiele do zrobienia dla fan\u00f3w FC Barcelony i turyst\u00f3w.<\/p>\n\n\n\n<p>Oto co jeszcze mo\u017cesz zrobi\u0107:<\/p>\n\n\n\n<p class=\"ms-link-unstyled\">\ud83c\udfc6<strong>Odwied\u017a <a href=\"https:\/\/www.visitcampnou.com\/pl\/muzeum\/\" target=\"_blank\" rel=\"noreferrer noopener\">Muzeum FC Barcelona<\/a>:<\/strong> poznaj histori\u0119 klubu, trofea i niezapomniane chwile.<\/p>\n\n\n\n<p class=\"ms-link-unstyled\">\ud83d\udecd\ufe0f<strong>Zr\u00f3b zakupy w <a href=\"https:\/\/www.visitcampnou.com\/pl\/sklep\/\" target=\"_blank\" rel=\"noreferrer noopener\">Oficjalnym Sklepie FC Barcelona<\/a>:<\/strong> kup oficjalne koszulki, szaliki i prezenty dla fan\u00f3w w ka\u017cdym wieku.<\/p>\n\n\n\n<p class=\"ms-link-unstyled\">\ud83d\ude8c <a href=\"https:\/\/www.tiqets.com\/pl\/barcelona-attractions-c66342\/tickets-for-hop-on-hop-off-bus-barcelona-p974325\/?partner=visitcampnou\" rel=\"nofollow noopener\"><strong>Tour Hop-On Hop-Off<\/strong><\/a>: naj\u0142atwiejszy spos\u00f3b na zobaczenie najwa\u017cniejszych atrakcji Barcelony.<\/p>\n\n\n\n<p class=\"ms-link-unstyled\">\ud83c\udf9f\ufe0f <a href=\"https:\/\/www.tiqets.com\/pl\/barcelona-attractions-c66342\/tickets-for-barcelona-card-72-Hour-96-Hour-120-Hour-p975758\/?partner=visitcampnou\" rel=\"nofollow noopener\"><strong>Barcelona Card<\/strong><\/a>: darmowy transport publiczny i zni\u017cki na popularne atrakcje.<\/p>\n\n\n\n<p class=\"ms-link-unstyled\">\ud83c\udf1f<strong>G\u0142\u00f3wne atrakcje:<\/strong> nie przegap hit\u00f3w takich jak <strong>La Sagrada Fam\u00edlia<\/strong>, <strong>Casa Batll\u00f3<\/strong> i <strong>Park G\u00fcell<\/strong>.<\/p>\n\n\n\n<div class=\"ms-cta-button-options ms-mb-block ms-cta\">\n<a class=\"gb-text ms-btn ms-btn--primary ms-shadow\" href=\"https:\/\/www.tiqets.com\/pl\/barcelona-attractions-c66342\/tickets-for-barcelona-card-72-Hour-96-Hour-120-Hour-p975758\/?partner=visitcampnou\" rel=\"nofollow noopener\">Karta Barcelona<\/a>\n\n\n\n<a class=\"gb-text ms-btn ms-btn--outline-primary ms-shadow\" href=\"https:\/\/www.tiqets.com\/pl\/city-passes-barcelona-l199949\/?partner=visitcampnou\" rel=\"nofollow noopener\">Wszystkie bilety<\/a>\n<\/div>\n<\/div>\n\n\n\n<h2 class=\"wp-block-heading\">Czy mo\u017cna teraz zwiedza\u0107 Camp Nou?<\/h2>\n\n\n\n<p>Camp Nou jest w trakcie du\u017cego projektu renowacyjnego. Celem jest przekszta\u0142cenie go w jeden z najbardziej zaawansowanych i imponuj\u0105cych stadion\u00f3w na \u015bwiecie. Modernizuj\u0105 wszystko, dodaj\u0105 dach, zwi\u0119kszaj\u0105 pojemno\u015b\u0107 do 105 000 miejsc i modernizuj\u0105 ca\u0142\u0105 struktur\u0119. Jest to cz\u0119\u015b\u0107 wi\u0119kszego planu przebudowy Espai Bar\u00e7a.<\/p>\n\n\n\n<p>To ekscytuj\u0105ce dla fan\u00f3w, ale oznacza to, \u017ce stadion jest obecnie zamkni\u0119ty dla odwiedzaj\u0105cych.<\/p>\n\n\n\n<h2 class=\"wp-block-heading\">Kiedy otwarty jest Camp Nou?<\/h2>\n\n\n\n<p>Pocz\u0105tkowo planowano ponowne otwarcie na listopad 2024 roku, ale z powodu op\u00f3\u017anie\u0144 stadion nie zostanie otwarty przed pa\u017adziernikiem 2025 roku. Nowy dach i pe\u0142na renowacja maj\u0105 zosta\u0107 uko\u0144czone do lata 2026 roku.<\/p>\n\n\n\n<p>Na razie nie b\u0119dzie mo\u017cna odwiedza\u0107 Camp Nou w dniu meczu, ale wci\u0105\u017c jest wiele rzeczy, kt\u00f3re fani Barcelony mog\u0105 cieszy\u0107 si\u0119!<\/p>\n\n\n\n<h2 class=\"wp-block-heading\">Co mo\u017cesz odwiedzi\u0107 zamiast tego?<\/h2>\n\n\n\n<p>Mimo \u017ce stadion jest zamkni\u0119ty, nadal mo\u017cesz odwiedzi\u0107 dwa wspania\u0142e miejsca w pobli\u017cu:<\/p>\n\n\n\n<ul class=\"wp-block-list\">\n<li>Muzeum FC Barcelona<\/li>\n\n\n\n<li>Oficjalny sklep FC Barcelona<\/li>\n<\/ul>\n\n\n\n<h2 class=\"wp-block-heading\">Inne rzeczy do zrobienia<\/h2>\n\n\n\n<p>Bez wzgl\u0119du na to, czy jeste\u015b fanem pi\u0142ki no\u017cnej, czy nie, Barcelona ma wiele atrakcji do zaoferowania.<\/p>\n\n\n\n<ul class=\"wp-block-list\">\n<li>Odwied\u017a <strong>Sagrada Fam\u00edlia<\/strong>, <strong>Park G\u00fcell<\/strong> i inne arcydzie\u0142a Gaudiego<\/li>\n\n\n\n<li>Jedzenie, pla\u017ce, lokalna kultura i niesamowite widoki<\/li>\n\n\n\n<li>Odwied\u017a \u015bwiatowej klasy muzea, takie jak <strong>Muzeum Picassa<\/strong> i <strong>MNAC<\/strong><\/li>\n\n\n\n<li>Podziwiaj panoramiczne widoki z <strong>wzg\u00f3rza Montju\u00efc<\/strong> i kolejki linowej<\/li>\n\n\n\n<li>Delektuj si\u0119 tapas i kuchni\u0105 katalo\u0144sk\u0105 w lokalnych restauracjach i podczas wycieczek kulinarnych<\/li>\n<\/ul>\n\n\n\n<p><a href=\"https:\/\/www.barcelonacard.org\/pl\/bilety\/\" target=\"_blank\" rel=\"noreferrer noopener\"><u>Zaplanuj swoj\u0105 wizyt\u0119 i sprawd\u017a opcje bilet\u00f3w tutaj \u00bb<\/u><\/a><\/p>\n\n\n\n<p><\/p>\n","protected":false},"excerpt":{"rendered":"","protected":false},"author":4,"featured_media":789,"parent":0,"menu_order":0,"comment_status":"closed","ping_status":"closed","template":"","meta":{"_acf_changed":false,"footnotes":"","button_url":"https:\/\/www.tiqets.com\/pl\/fc-barcelona-immersive-tour-museum-tickets-l224102\/?partner=visitcampnou","ms_product_id":"","ms_product_name":"","ms_price":"","ms_currency":"","ms_rating_value":"","ms_review_count":"","rank_math_title":"Informacje dla odwiedzaj\u0105cych dotycz\u0105ce renowacji stadionu Camp Nou","rank_math_description":"Poznaj najnowsz\u0105 dat\u0119 zako\u0144czenia renowacji stadionu Camp Nou oraz najlepsze atrakcje dla fan\u00f3w FC Barcelona w Barcelonie podczas renowacji."},"post-style":[],"producer":[],"class_list":["post-780","page","type-page","status-publish","has-post-thumbnail"],"acf":[],"product_schema":{"ms_product_id":"","ms_product_name":"","ms_price":"","ms_currency":"","ms_rating_value":"","ms_review_count":""},"_links":{"self":[{"href":"https:\/\/www.visitcampnou.com\/pl\/wp-json\/wp\/v2\/pages\/780","targetHints":{"allow":["GET"]}}],"collection":[{"href":"https:\/\/www.visitcampnou.com\/pl\/wp-json\/wp\/v2\/pages"}],"about":[{"href":"https:\/\/www.visitcampnou.com\/pl\/wp-json\/wp\/v2\/types\/page"}],"author":[{"embeddable":true,"href":"https:\/\/www.visitcampnou.com\/pl\/wp-json\/wp\/v2\/users\/4"}],"replies":[{"embeddable":true,"href":"https:\/\/www.visitcampnou.com\/pl\/wp-json\/wp\/v2\/comments?post=780"}],"version-history":[{"count":3,"href":"https:\/\/www.visitcampnou.com\/pl\/wp-json\/wp\/v2\/pages\/780\/revisions"}],"predecessor-version":[{"id":870,"href":"https:\/\/www.visitcampnou.com\/pl\/wp-json\/wp\/v2\/pages\/780\/revisions\/870"}],"wp:featuredmedia":[{"embeddable":true,"href":"https:\/\/www.visitcampnou.com\/pl\/wp-json\/wp\/v2\/media\/789"}],"wp:attachment":[{"href":"https:\/\/www.visitcampnou.com\/pl\/wp-json\/wp\/v2\/media?parent=780"}],"wp:term":[{"taxonomy":"post-style","embeddable":true,"href":"https:\/\/www.visitcampnou.com\/pl\/wp-json\/wp\/v2\/post-style?post=780"},{"taxonomy":"producer","embeddable":true,"href":"https:\/\/www.visitcampnou.com\/pl\/wp-json\/wp\/v2\/producer?post=780"}],"curies":[{"name":"wp","href":"https:\/\/api.w.org\/{rel}","templated":true}]}}