{"id":9,"date":"2016-02-25T10:19:03","date_gmt":"2016-02-25T09:19:03","guid":{"rendered":"https:\/\/www.visitcampnou.com\/?page_id=9"},"modified":"2026-04-30T18:58:05","modified_gmt":"2026-04-30T16:58:05","slug":"muzeum","status":"publish","type":"page","link":"https:\/\/www.visitcampnou.com\/pl\/muzeum\/","title":{"rendered":"Muzeum FC Barcelona na Camp Nou"},"content":{"rendered":"\n<p><a href=\"#tickets\"><u>Bilety i ceny<\/u><\/a> \u2013 <a href=\"#opening-times\"><u>Godziny otwarcia<\/u><\/a> \u2013 <a href=\"#see\"><u>Co warto zobaczy\u0107 i zrobi\u0107<\/u><\/a> \u2013 <a href=\"#history\"><u>Historia<\/u><\/a> \u2013 <a href=\"#faq\">FAQs<\/a><\/p>\n\n\n\n<hr class=\"wp-block-separator has-alpha-channel-opacity\"\/>\n\n\n\n<p class=\"lead\">Muzeum FC Barcelona na Camp Nou to drugie najcz\u0119\u015bciej odwiedzane muzeum w Barcelonie. Wygrywa z nim tylko Muzeum Picassa.<\/p>\n\n\n\n<p>To pokazuje, jak bardzo wa\u017cn\u0105 rol\u0119 w Barcelonie odgrywa pi\u0142ka no\u017cna oraz ile os\u00f3b ch\u0119tnie dowiaduje si\u0119 wi\u0119cej na temat jej legendarnej dru\u017cyny.<\/p>\n\n\n\n<p>Camp Nou Experience to kilka przystank\u00f3w na terenie ca\u0142ego stadionu, w tym mi\u0119dzy innymi miejsce z widokiem na stadion, tunel graczy oraz szatnia dla zwiedzaj\u0105cych, jednak najbardziej fascynuj\u0105c\u0105 cz\u0119\u015bci\u0105 wycieczki jest oczywi\u015bcie muzeum Camp Nou.<\/p>\n\n\n\n<p>Wewn\u0105trz tej edukacyjnej przestrzeni znajduj\u0105 si\u0119 setki interaktywnych obraz\u00f3w, kt\u00f3re przedstawiaj\u0105 histori\u0119 klubu, w tym sukcesy graczy, trofea i najwa\u017cniejsze wydarzenia z dawnych czas\u00f3w. Je\u017celi chcesz lepiej pozna\u0107 barcelo\u0144sk\u0105 dru\u017cyn\u0119 i dowiedzie\u0107 si\u0119 wi\u0119cej nie tylko o kibicach i wyprzedanych meczach, warto zapozna\u0107 si\u0119 z ni\u0105.<\/p>\n\n\n\n<p>Wycieczka do muzeum FC Barcelona idzie w parze z Camp Nou Experience i niestety nie mo\u017cna zwiedza\u0107 go na w\u0142asn\u0105 r\u0119k\u0119 \u2013 trzeba kupi\u0107 bilety na wszystkie atrakcje stadionu. Nie ma to jednak a\u017c tak du\u017cego znaczenia, poniewa\u017c naprawd\u0119 warto zobaczy\u0107 te\u017c i muzeum.<\/p>\n\n\n\n<h2 class=\"wp-block-heading\" id=\"tickets\">Bilety i Ceny<\/h2>\n\n\n\n<p>Planujesz wizyt\u0119 w Muzeum FC Barcelona w Spotify Camp Nou? Oto przyjazny przewodnik, kt\u00f3ry pomo\u017ce Ci wybra\u0107 idealne bilety do Muzeum FC Barcelona.<\/p>\n\n\n\n<ul class=\"wp-block-list\">\n<li><a href=\"https:\/\/www.tiqets.com\/pl\/barcelona-atrakcje-c66342\/muzeum-fc-barcelona-bilet-wstepu-bilety-p1058220\/?partner=visitcampnou\" data-type=\"link\" data-id=\"https:\/\/www.tiqets.com\/pl\/barcelona-atrakcje-c66342\/muzeum-fc-barcelona-bilet-wstepu-bilety-p1058220\/?partner=visitcampnou\" rel=\"nofollow noopener\"><strong>Elastyczne wej\u015bcie<\/strong>:<\/a> zwiedzaj muzeum we w\u0142asnym tempie, od sal z trofeami po wci\u0105gaj\u0105ce do\u015bwiadczenie Spotify Camp Nou Live. Idealne rozwi\u0105zanie, je\u015bli masz elastyczny harmonogram.<\/li>\n<\/ul>\n\n\n\n<ul class=\"wp-block-list\">\n<li><a href=\"https:\/\/www.tiqets.com\/pl\/barcelona-atrakcje-c66342\/muzeum-fc-barcelona-lacznie-bilety-p1084615\/?partner=visitcampnou\" data-type=\"link\" data-id=\"https:\/\/www.tiqets.com\/pl\/barcelona-atrakcje-c66342\/muzeum-fc-barcelona-lacznie-bilety-p1084615\/?partner=visitcampnou\" rel=\"nofollow noopener\"><strong>Pe\u0142ne do\u015bwiadczenie<\/strong>:<\/a> Wykorzystaj w pe\u0142ni interaktywne eksponaty, strefy wirtualnej rzeczywisto\u015bci, wyzwanie Robokeeper i spersonalizowane zdj\u0119cie na pami\u0105tk\u0119.<\/li>\n<\/ul>\n\n\n\n<ul class=\"wp-block-list\">\n<li><a href=\"https:\/\/www.getyourguide.com\/barcelona-l45\/fc-barcelona-fans-experience-guided-visit-and-brunch-t128025\/?partner_id=FENKESD&amp;utm_medium=online_publisher\" data-type=\"link\" data-id=\"https:\/\/www.getyourguide.com\/barcelona-l45\/fc-barcelona-fans-experience-guided-visit-and-brunch-t128025\/?partner_id=FENKESD&amp;utm_medium=online_publisher\" rel=\"nofollow noopener\"><strong>Wycieczka z przewodnikiem<\/strong>:<\/a> Do\u0142\u0105cz do dwuj\u0119zycznego przewodnika, aby zobaczy\u0107 najwa\u017cniejsze atrakcje, w tym pokoje immersyjne i punkty widokowe na stadion.<\/li>\n<\/ul>\n\n\n\n<ul class=\"wp-block-list\">\n<li><a href=\"https:\/\/www.tiqets.com\/pl\/barcelona-aquarium-flexi-ticket-fc-barcelona-museum-flexible-ticket-b44909\/?partner=visitcampnou\" data-type=\"link\" data-id=\"https:\/\/www.tiqets.com\/es\/barcelona-aquarium-flexi-ticket-fc-barcelona-museum-flexible-ticket-b44909\/?partner=visitcampnou\" rel=\"nofollow noopener\"><strong>Pakiety combo<\/strong>:<\/a> Po\u0142\u0105cz wizyt\u0119 w muzeum z innymi najpopularniejszymi atrakcjami Barcelony, aby sp\u0119dzi\u0107 ca\u0142y dzie\u0144 pe\u0142en wra\u017ce\u0144.<\/li>\n<\/ul>\n\n\n\n<div class=\"ms-p ms-rounded ms-mb-last-child-0 ms-mb-children-condensed ms-alert--contrast ms-mb-block\">\n<h4 class=\"gb-text-26a71c5b\"><span class=\"gb-shape\"><svg viewBox=\"0 0 256 256\" fill=\"#000000\" height=\"32\" width=\"32\" xmlns=\"http:\/\/www.w3.org\/2000\/svg\"><path d=\"M108,84a16,16,0,1,1,16,16A16,16,0,0,1,108,84Zm128,44A108,108,0,1,1,128,20,108.12,108.12,0,0,1,236,128Zm-24,0a84,84,0,1,0-84,84A84.09,84.09,0,0,0,212,128Zm-72,36.68V132a20,20,0,0,0-20-20,12,12,0,0,0-4,23.32V168a20,20,0,0,0,20,20,12,12,0,0,0,4-23.32Z\"><\/path><\/svg><\/span><span class=\"gb-text\">Book together and save up to 5%!<\/span><\/h4>\n\n\n\n<p class=\"gb-text\">Po\u0142\u0105cz bilety do muzeum FC Barcelona z dodatkowymi atrakcjami przy kasie i ciesz si\u0119 jeszcze wi\u0119ksz\u0105 liczb\u0105 atrakcji i zaj\u0119\u0107 w Barcelonie. Dost\u0119pno\u015b\u0107 ograniczona.<\/p>\n\n\n\n<p class=\"gb-text\"><a href=\"https:\/\/www.tiqets.com\/pl\/checkout\/tickets-for-fc-barcelona-museum-flexible-entry-ticket-p1085636\/booking_details\/?partner=visitcampnou\" rel=\"nofollow noopener\">Sprawd\u017a dost\u0119pno\u015b\u0107 \u00bb<\/a><\/p>\n<\/div>\n\n\n\n<h2 class=\"wp-block-heading\" id=\"opening-times\">Godziny Otwarcia<\/h2>\n\n\n\n<p>Bar\u00e7a Immersive Tour przyjmuje zwiedzaj\u0105cych codziennie.<\/p>\n\n\n<div class=\"ms-table\"><table><tr><th>Okres<\/th><th>Dni<\/th><th>Godziny otwarcia<\/th><\/tr><tr><td>2 sty \u2013 25 lut<\/td><td>Poniedzia\u0142ek \u2013 niedziela<\/td><td>10:00 \u2013 18:00<\/td><\/tr><tr><td>26 lut \u2013 27 mar<\/td><td>Poniedzia\u0142ek \u2013 niedziela<\/td><td>10:00 \u2013 19:00<\/td><\/tr><tr><td>28 mar \u2013 18 pa\u017a<\/td><td>Poniedzia\u0142ek \u2013 niedziela<\/td><td>9:30 \u2013 19:00<\/td><\/tr><tr><td>19 pa\u017a \u2013 31 gru<\/td><td>Poniedzia\u0142ek \u2013 niedziela<\/td><td>10:00 \u2013 18:00<\/td><\/tr><tr><td>25 gru i 1 sty<\/td><td><\/td><td>Zamkni\u0119te<\/td><\/tr><\/table><\/div>\n\n\n<p>Ostatnie wej\u015bcie jest mo\u017cliwe 45 minut przed zamkni\u0119ciem. Zwiedzanie trwa oko\u0142o 1 godziny.<\/p>\n\n\n\n<p><strong>Uwaga:<\/strong><\/p>\n\n\n\n<ul class=\"wp-block-list\">\n<li>W ka\u017cd\u0105 sobot\u0119 w godzinach od 15:00 do 17:00 obowi\u0105zuj\u0105 godziny ciszy, z wyj\u0105tkiem dni meczowych pierwszej dru\u017cyny m\u0119\u017cczyzn oraz okresu od 28 kwietnia do 1 wrze\u015bnia.<\/li>\n\n\n\n<li>Obecnie stadion Spotify Camp Nou jest w trakcie budowy. Wszystkie bilety (z wyj\u0105tkiem Bar\u00e7aBus) obejmuj\u0105 wst\u0119p do muzeum FC Barcelona bez wej\u015bcia na teren stadionu.<\/li>\n<\/ul>\n\n\n\n<h2 class=\"wp-block-heading\" id=\"see\"><strong>Co warto zobaczy\u0107 i zrobi\u0107<\/strong><\/h2>\n\n\n\n<h3 class=\"wp-block-heading\">Sekcja historyczna<\/h3>\n\n\n\n<p>Jest to najwi\u0119ksza cz\u0119\u015b\u0107 muzeum, kt\u00f3ra zach\u0119ca do wspominania starych dobrych czas\u00f3w w porz\u0105dku chronologicznym. Dowiesz si\u0119 tu wi\u0119cej na temat wzrostu klubu od momentu za\u0142o\u017cenia w 1899 roku, w tym mi\u0119dzy innymi na temat najbardziej znanych wygranych, najwi\u0119kszych pora\u017ckach i kolekcji najbardziej uwielbianych zawodnik\u00f3w w historii.<\/p>\n\n\n\n<h3 class=\"wp-block-heading\">Szafy z trofeami<\/h3>\n\n\n<figure>\n                    <div class=\"ms-credits\"><img decoding=\"async\" class=\"gb-image gb-image-c74537b8\" src=\"https:\/\/www.visitcampnou.com\/wp-content\/uploads\/fc-barcelona-museum-1744000506.jpg\" alt=\"Trophy collection inside the FC Barcelona museum\" title=\"fc-barcelona-museum\"><span class='ms-credits__info' id='media768'><svg xmlns=\"http:\/\/www.w3.org\/2000\/svg\" width=\"20\" height=\"22\" fill=\"#000000\" viewBox=\"0 0 256 256\"><path d=\"M128,24A104,104,0,1,0,232,128,104.11,104.11,0,0,0,128,24Zm0,192a88,88,0,1,1,88-88A88.1,88.1,0,0,1,128,216ZM96,128a32,32,0,0,0,57.6,19.2,8,8,0,0,1,12.8,9.61,48,48,0,1,1,0-57.62,8,8,0,0,1-12.8,9.61A32,32,0,0,0,96,128Z\"><\/path><\/svg>resulmuslu\/<a href=https:\/\/depositphotos.com\/editorial\/barcelona-spain-may-2016-barcelona-museum-camp-nou-studium-museum-378145918.html rel='nofollow' target='_blank'>Depositphotos<\/a><\/span><span class='ms-credits__btn' id='btn_media768' onclick='ms_credits_trigger(\"#media768\", this)'><svg xmlns=\"http:\/\/www.w3.org\/2000\/svg\" class=\"info_icon\" width=\"28\" height=\"28\" fill=\"#FFF\" viewBox=\"0 0 256 256\"><path d=\"M128,24A104,104,0,1,0,232,128,104.11,104.11,0,0,0,128,24Zm0,192a88,88,0,1,1,88-88A88.1,88.1,0,0,1,128,216Zm16-40a8,8,0,0,1-8,8,16,16,0,0,1-16-16V128a8,8,0,0,1,0-16,16,16,0,0,1,16,16v40A8,8,0,0,1,144,176ZM112,84a12,12,0,1,1,12,12A12,12,0,0,1,112,84Z\"><\/path><\/svg><svg xmlns=\"http:\/\/www.w3.org\/2000\/svg\" class=\"close_icon\" width=\"28\" height=\"28\" fill=\"#FFF\" viewBox=\"0 0 256 256\"><path d=\"M165.66,101.66,139.31,128l26.35,26.34a8,8,0,0,1-11.32,11.32L128,139.31l-26.34,26.35a8,8,0,0,1-11.32-11.32L116.69,128,90.34,101.66a8,8,0,0,1,11.32-11.32L128,116.69l26.34-26.35a8,8,0,0,1,11.32,11.32ZM232,128A104,104,0,1,1,128,24,104.11,104.11,0,0,1,232,128Zm-16,0a88,88,0,1,0-88,88A88.1,88.1,0,0,0,216,128Z\"><\/path><\/svg><\/span><\/div><figcaption class=\"gb-headline gb-headline-3c56172f gb-headline-text\"><small>Kolekcja trofe\u00f3w w muzeum FC Barcelona<\/small><\/figcaption><\/figure>\n\n\n<p>Szafy z trofeami, kt\u00f3re zas\u0142aniaj\u0105 wr\u0119cz ca\u0142e \u015bciany, wype\u0142nione s\u0105 po brzegi b\u0142yszcz\u0105cymi pucharami i medalami. To w\u0142a\u015bnie one chyba najbardziej przyci\u0105gaj\u0105 wzrok i s\u0105 te\u017c dowodem \u015bwietno\u015bci dru\u017cyny na przestrzeni ostatnich dekad.<\/p>\n\n\n\n<p>Mo\u017cesz tu na w\u0142asne oczy zobaczy\u0107 puchar Ligi Mistrz\u00f3w i nawet zrobi\u0107 sobie z nim zdj\u0119cie (je\u017celi zdecydujesz si\u0119 kupi\u0107 je, b\u0119dziesz musia\u0142 zap\u0142aci\u0107 na ko\u0144cu 13\u20ac).<\/p>\n\n\n\n<p>Nawet je\u017celi nie jeste\u015b zwolennikiem b\u0142yskotek, ogromna kolekcja trofe\u00f3w o przer\u00f3\u017cnych kszta\u0142tach i wszelkich rozmiar\u00f3w na pewno Ci\u0119 zadziwi.<\/p>\n\n\n\n<h3 class=\"wp-block-heading\">Kolekcja \u201eSztuka pi\u0142karska\u201d<\/h3>\n\n\n\n<p>Przy stadionie znajduje si\u0119 ca\u0142a sekcja po\u015bwi\u0119cona wszelkiego typu pami\u0105tkom zwi\u0105zanym z pi\u0142k\u0105 no\u017cn\u0105 i nie tylko. Na pewno zobaczysz tu stare gry typu pi\u0142karzyki, trofea innych dyscyplin sportowych, a tak\u017ce kolekcj\u0119 wydruk\u00f3w oraz prac artystycznych po\u015bwi\u0119conych muzeum i dru\u017cynie pi\u0142karskiej (koniecznie sp\u00f3jrz na dzie\u0142a takich autor\u00f3w, jak Dali, Miro i Tapies, kt\u00f3re zosta\u0142y stworzone specjalnie dla dru\u017cyny).<\/p>\n\n\n\n<p>W tej sekcji znajdziesz dok\u0142adnie te buty, w kt\u00f3rych Ronald Koeman zdoby\u0142 zwyci\u0119sk\u0105 bramk\u0119 w finale Pucharu \u015awiata w 1992 roku. Nie by\u0142a to zwyczajna bramka. By\u0142a to bramka strzelona w 111 minucie (21 minuta dogrywki), dziki kt\u00f3rej Barcelona zdoby\u0142a swoje pierwsze europejskie trofeum.<\/p>\n\n\n\n<h3 class=\"wp-block-heading\">Wystawa czasowa<\/h3>\n\n\n\n<p>Ko\u0144cowy etap zwiedzania muzeum to co jaki\u015b czas zmieniaj\u0105ca si\u0119 wystawa. Mo\u017cesz tu zapozna\u0107 si\u0119 z historiami wybitnych jednostek (takich jak Joan Gamper \u2013 za\u0142o\u017cyciel FC Barcelona) i sztuk\u0105 po\u015bwi\u0119con\u0105 pi\u0142ce no\u017cnej oraz lokalnej dru\u017cynie. Je\u017celi chodzi o wystaw\u0119 czasow\u0105, to wszystko zale\u017cy od Twojego szcz\u0119\u015bcia. Zawsze warto wi\u0119c wcze\u015bniej zajrze\u0107 na stron\u0119 internetow\u0105, aby sprawdzi\u0107, czego mo\u017cna si\u0119 spodziewa\u0107.<\/p>\n\n\n\n<h2 class=\"wp-block-heading\" id=\"history\">Historia<\/h2>\n\n\n\n<p>Dowiedz si\u0119, jak Muzeum FC Barcelona sta\u0142o si\u0119 jednym z najpopularniejszych muze\u00f3w sportowych na \u015bwiecie. Od ma\u0142ego pomys\u0142u do dzisiejszej wci\u0105gaj\u0105cej atrakcji \u2013 oto jak to wszystko si\u0119 zacz\u0119\u0142o:<\/p>\n\n\n\n<div class=\"ms-timeline-list ms-mb-block\">\n<div class=\"ms-timeline-item\">\n<p class=\"gb-text ms-timeline-item__time\">1928<\/p>\n\n\n\n<p class=\"gb-text\">Narodzi\u0142 si\u0119 pomys\u0142 stworzenia muzeum Bar\u00e7y, miejsca, w kt\u00f3rym mo\u017cna by pokaza\u0107 trofea i histori\u0119 klubu.<\/p>\n<\/div>\n\n\n\n<div class=\"ms-timeline-item\">\n<p class=\"gb-text ms-timeline-item__time\">1984<\/p>\n\n\n\n<p class=\"gb-text\">Muzeum zosta\u0142o w ko\u0144cu otwarte w Spotify Camp Nou i jest pe\u0142ne trofe\u00f3w, zdj\u0119\u0107 i wspomnie\u0144 zwi\u0105zanych z najwa\u017cniejszymi momentami w historii klubu.<\/p>\n<\/div>\n\n\n\n<div class=\"ms-timeline-item\">\n<p class=\"gb-text ms-timeline-item__time\">1990s<\/p>\n\n\n\n<p class=\"gb-text\">Przestrze\u0144 zosta\u0142a kilkakrotnie powi\u0119kszona, dodaj\u0105c nowe wystawy, dzie\u0142a sztuki i ekspozycje multimedialne.<\/p>\n<\/div>\n\n\n\n<div class=\"ms-timeline-item\">\n<p class=\"gb-text ms-timeline-item__time\">2010<\/p>\n\n\n\n<p class=\"gb-text\">Gruntowna przebudowa przekszta\u0142ci\u0142a to miejsce w Camp Nou Experience, gdzie interaktywne ekrany i filmy o\u017cywiaj\u0105 histori\u0119 klubu Bar\u00e7a.<\/p>\n<\/div>\n\n\n\n<div class=\"ms-timeline-item\">\n<p class=\"gb-text ms-timeline-item__time\">2023<\/p>\n\n\n\n<p class=\"gb-text\">W trakcie renowacji stadionu Spotify Camp Nou muzeum przenios\u0142o si\u0119 do tymczasowej siedziby obok Palau Blaugrana, znanej obecnie jako FC Barcelona Museum &amp; Immersive Tour (Bar\u00e7a Immersive Tour).<\/p>\n<\/div>\n<\/div>\n\n\n\n<h2 class=\"wp-block-heading\" id=\"faq\">Najcz\u0119\u015bciej zadawane pytania (FAQs)<\/h2>\n\n\n<div id=\"rank-math-faq\" class=\"rank-math-block ms-rankmath-accordion\">\n<div class=\"rank-math-list \">\n<div id=\"faq-question-1717062476605\" class=\"rank-math-list-item\">\n<h3 class=\"rank-math-question \">Czy cena jest inna, je\u015bli kupuj\u0119 bilet online lub w kasie biletowej?<\/h3>\n<div class=\"rank-math-answer \">\n\n<p>Tak! <a href=\"https:\/\/www.tiqets.com\/pl\/fc-barcelona-immersive-tour-museum-tickets-l224102\/?partner=visitcampnou\" rel=\"nofollow noopener\">Bilety online<\/a> s\u0105 zawsze najta\u0144sze. W kasie biletowej czekaj\u0105 na Ciebie d\u0142ugie kolejki, dodatkowe op\u0142aty i ewentualne op\u00f3\u017anienia w zale\u017cno\u015bci od dost\u0119pno\u015bci sesji.<\/p>\n\n<\/div>\n<\/div>\n<div id=\"faq-question-1717062505033\" class=\"rank-math-list-item\">\n<h3 class=\"rank-math-question \">Czy konieczna jest wcze\u015bniejsza rezerwacja?<\/h3>\n<div class=\"rank-math-answer \">\n\n<p>Najlepiej kupi\u0107 bilety online z wyprzedzeniem. Muzeum ogranicza liczb\u0119 odwiedzaj\u0105cych, aby zapewni\u0107 komfort zwiedzania, a niekt\u00f3re bilety lub sesje szybko si\u0119 wyprzedaj\u0105.<\/p>\n\n<\/div>\n<\/div>\n<div id=\"faq-question-1717062519392\" class=\"rank-math-list-item\">\n<h3 class=\"rank-math-question \">Czy mog\u0119 anulowa\u0107 bilet?<\/h3>\n<div class=\"rank-math-answer \">\n\n<p>Nie, nie mo\u017cna anulowa\u0107 biletu po zako\u0144czeniu zakupu.<\/p>\n\n<\/div>\n<\/div>\n<div id=\"faq-question-1760039492256\" class=\"rank-math-list-item\">\n<h3 class=\"rank-math-question \">Jak d\u0142ugo trwa wizyta?<\/h3>\n<div class=\"rank-math-answer \">\n\n<p>Podczas wycieczki Bar\u00e7a Immersive Tour mo\u017cesz sp\u0119dzi\u0107 tyle czasu, ile chcesz. Bezp\u0142atne zwiedzanie trwa \u015brednio 1 godzin\u0119, natomiast wycieczki z przewodnikiem i wycieczka Palau Players Tour trwaj\u0105 45 minut z przewodnikiem, po czym mo\u017cna swobodnie zwiedza\u0107 obiekt.<\/p>\n\n<\/div>\n<\/div>\n<\/div>\n<\/div>","protected":false},"excerpt":{"rendered":"","protected":false},"author":2,"featured_media":768,"parent":0,"menu_order":4,"comment_status":"closed","ping_status":"closed","template":"","meta":{"_acf_changed":false,"footnotes":"","button_url":"https:\/\/www.tiqets.com\/pl\/fc-barcelona-immersive-tour-museum-tickets-l224102\/?partner=visitcampnou","ms_product_id":"","ms_product_name":"","ms_price":"","ms_currency":"","ms_rating_value":"","ms_review_count":"","rank_math_title":"Muzeum FC Barcelona na Camp Nou (informacje + bilety)","rank_math_description":"Odwied\u017a Muzeum FC Barcelona na Camp Nou. Sprawd\u017a, co warto zobaczy\u0107, godziny otwarcia i jak kupi\u0107 bilety do Muzeum Camp Nou."},"post-style":[],"producer":[],"class_list":["post-9","page","type-page","status-publish","has-post-thumbnail"],"acf":[],"product_schema":{"ms_product_id":"","ms_product_name":"","ms_price":"","ms_currency":"","ms_rating_value":"","ms_review_count":""},"_links":{"self":[{"href":"https:\/\/www.visitcampnou.com\/pl\/wp-json\/wp\/v2\/pages\/9","targetHints":{"allow":["GET"]}}],"collection":[{"href":"https:\/\/www.visitcampnou.com\/pl\/wp-json\/wp\/v2\/pages"}],"about":[{"href":"https:\/\/www.visitcampnou.com\/pl\/wp-json\/wp\/v2\/types\/page"}],"author":[{"embeddable":true,"href":"https:\/\/www.visitcampnou.com\/pl\/wp-json\/wp\/v2\/users\/2"}],"replies":[{"embeddable":true,"href":"https:\/\/www.visitcampnou.com\/pl\/wp-json\/wp\/v2\/comments?post=9"}],"version-history":[{"count":3,"href":"https:\/\/www.visitcampnou.com\/pl\/wp-json\/wp\/v2\/pages\/9\/revisions"}],"predecessor-version":[{"id":923,"href":"https:\/\/www.visitcampnou.com\/pl\/wp-json\/wp\/v2\/pages\/9\/revisions\/923"}],"wp:featuredmedia":[{"embeddable":true,"href":"https:\/\/www.visitcampnou.com\/pl\/wp-json\/wp\/v2\/media\/768"}],"wp:attachment":[{"href":"https:\/\/www.visitcampnou.com\/pl\/wp-json\/wp\/v2\/media?parent=9"}],"wp:term":[{"taxonomy":"post-style","embeddable":true,"href":"https:\/\/www.visitcampnou.com\/pl\/wp-json\/wp\/v2\/post-style?post=9"},{"taxonomy":"producer","embeddable":true,"href":"https:\/\/www.visitcampnou.com\/pl\/wp-json\/wp\/v2\/producer?post=9"}],"curies":[{"name":"wp","href":"https:\/\/api.w.org\/{rel}","templated":true}]}}