{"id":16,"date":"2016-02-25T11:58:35","date_gmt":"2016-02-25T10:58:35","guid":{"rendered":"https:\/\/www.visitcampnou.com\/?page_id=16"},"modified":"2025-10-12T21:39:05","modified_gmt":"2025-10-12T19:39:05","slug":"mapa","status":"publish","type":"page","link":"https:\/\/www.visitcampnou.com\/pt\/mapa\/","title":{"rendered":"Endere\u00e7o, mapa e informa\u00e7\u00f5es do Spotify Camp Nou"},"content":{"rendered":"\n<h2 class=\"wp-block-heading\">Onde fica situado o Camp Nou em Barcelona?<\/h2>\n\n\n\n<p>O Camp Nou fica situado a cerca de 5 km do centro de Barcelona no caminho para fora da cidade a leste. Apesar da sua localiza\u00e7\u00e3o relativamente uni-central, \u00e9 realmente f\u00e1cil de alcan\u00e7a-lo, gra\u00e7as ao eficiente sistema de transportes da cidade. H\u00e1 uma s\u00e9rie de maneiras de chegar l\u00e1 a partir de toda a cidade, que voc\u00ea pode pular nas se\u00e7\u00f5es abaixo.<\/p>\n\n\n\n<p>O est\u00e1dio em si faz parte de um complexo desportivo com o Mini Estadi de Barcelona.<\/p>\n\n\n\n<h2 class=\"wp-block-heading\">Mapa e Endere\u00e7o<\/h2>\n\n\n\n<address class=\"wp-block-ms-blocks-staticmap ms-mapblock ms-mb-block\"><h4>Spotify Camp Nou<\/h4><p class=\"ms-mb-0\"><img decoding=\"async\" class=\"ms-mapblock__map ms-rounded\" src=\"https:\/\/www.visitcampnou.com\/pt\/wp-content\/uploads\/sites\/4\/maps\/staticmap_41.380896_2.1228198_14_600x400.png\" alt=\"Map of Spotify Camp Nou\"\/><\/p><p class=\"ms-text-sm ms-text-muted\">Les Corts, 08028 Barcelona, Spain \u00b7 <a rel=\"nofollow noopener\" target=\"_blank\" href=\"https:\/\/maps.google.com\/?q=41.380896,2.1228198\">Google Maps<\/a><\/p><\/address>\n\n\n\n<h2 class=\"wp-block-heading\">Hor\u00e1rios de abertura<\/h2>\n\n\n<div class=\"ms-table\"><table><tr><th>Per\u00edodo<\/th><th>Dias<\/th><th>Hor\u00e1rio de funcionamento<\/th><\/tr><tr><td>2 jan \u2013 25 fev<\/td><td>Segunda-feira \u2013 domingo<\/td><td>10:00 \u2013 18:00<\/td><\/tr><tr><td>26 fev \u2013 27 mar<\/td><td>Segunda-feira \u2013 domingo<\/td><td>10:00 \u2013 19:00<\/td><\/tr><tr><td>28 mar \u2013 18 out<\/td><td>Segunda-feira \u2013 domingo<\/td><td>9:30 \u2013 19:00<\/td><\/tr><tr><td>19 out \u2013 31 dez<\/td><td>Segunda-feira \u2013 domingo<\/td><td>10:00 \u2013 18:00<\/td><\/tr><tr><td>25 dez e 1 jan<\/td><td><\/td><td>Encerrado<\/td><\/tr><\/table><\/div>\n\n\n<p><strong>Observa\u00e7\u00e3o:<\/strong><\/p>\n\n\n\n<ul class=\"wp-block-list\">\n<li>\u00daltimo acesso 45 minutos antes do encerramento.<\/li>\n\n\n\n<li>As bilheteiras abrem 15 minutos antes do in\u00edcio do Bar\u00e7a Inmersive Tour e fecham 45 minutos antes do seu t\u00e9rmino.<\/li>\n<\/ul>\n\n\n\n<h2 class=\"wp-block-heading\">Como chegar<\/h2>\n\n\n\n<p>O Spotify Camp Nou est\u00e1 fechado para obras de renova\u00e7\u00e3o. Enquanto o est\u00e1dio est\u00e1 a ser transformado, ainda pode visitar o Bar\u00e7a Immersive Tour e o novo Museu do Bar\u00e7a, incluindo o Miradouro da Constru\u00e7\u00e3o.<\/p>\n\n\n\n<h3 class=\"wp-block-heading\"><strong>\ud83d\ude87 De metro<\/strong><\/h3>\n\n\n\n<p>O metro \u00e9 a forma mais f\u00e1cil de chegar ao est\u00e1dio. Existem v\u00e1rias esta\u00e7\u00f5es nas proximidades, cada uma a cerca de 10 minutos a p\u00e9 do Camp Nou:<\/p>\n\n\n\n<ul class=\"wp-block-list\">\n<li><strong>Linha 3 (Linha Verde):<\/strong> Palau Reial, Les Corts<\/li>\n\n\n\n<li><strong>Linha 5 (Linha Azul):<\/strong> Collblanc, Badal<\/li>\n<\/ul>\n\n\n\n<p><strong>Instru\u00e7\u00f5es para chegar a p\u00e9 a partir de cada esta\u00e7\u00e3o:<\/strong><\/p>\n\n\n\n<ul class=\"wp-block-list\">\n<li><strong>Palau Reial:<\/strong> Saia da esta\u00e7\u00e3o, vire \u00e0 esquerda e caminhe pela Carrer de Mart\u00ed i Franqu\u00e8s. O est\u00e1dio fica no final da rua.<\/li>\n\n\n\n<li><strong>Les Corts:<\/strong> Saia da esta\u00e7\u00e3o, vire \u00e0 esquerda e caminhe pela Travessera de les Corts. Ver\u00e1 o est\u00e1dio \u00e0 sua direita.<\/li>\n\n\n\n<li><strong>Collblanc:<\/strong> Saia da esta\u00e7\u00e3o, vire \u00e0 direita e siga pela Carrer de Sants. Vire \u00e0 esquerda na Carrer de la Riera Blanca, que se torna a Carrer d&#8217;Ar\u00edstides Maillol.<\/li>\n\n\n\n<li><strong>Badal:<\/strong> Saia da esta\u00e7\u00e3o, vire \u00e0 esquerda e siga pela Carrer de Portbou. Vire \u00e0 esquerda na Avenida de Madrid e depois \u00e0 direita na Carrer de Benavent. O est\u00e1dio fica no final da rua.<\/li>\n<\/ul>\n\n\n\n<p><strong>Esta\u00e7\u00f5es de metro mais pr\u00f3ximas de cada port\u00e3o de acesso:<\/strong><\/p>\n\n\n\n<ul class=\"wp-block-list\">\n<li><strong>Acessos 1\u201310:<\/strong> Palau Reial<\/li>\n\n\n\n<li><strong>Acessos 11\u201316:<\/strong> Collblanc<\/li>\n\n\n\n<li><strong>Acessos 17 e 19:<\/strong> Badal<\/li>\n\n\n\n<li><strong>Acessos 19\u201321:<\/strong> Les Corts<\/li>\n<\/ul>\n\n\n\n<p>Nos dias de jogo, o metro funciona at\u00e9 \u00e0 meia-noite durante a semana e durante toda a noite aos s\u00e1bados. Espere um tr\u00e1fego mais intenso durante os jogos.<\/p>\n\n\n\n<h3 class=\"wp-block-heading\"><strong>\ud83d\ude8c De autocarro<\/strong><\/h3>\n\n\n\n<p>V\u00e1rias linhas de autocarro param perto do est\u00e1dio:<\/p>\n\n\n\n<ul class=\"wp-block-list\">\n<li><strong>Linhas 7, 15, 33, 43, 56, 63, 67, 68, 70, 72, 74, 75, 78, 113, 153, 157, 158, 167<\/strong><\/li>\n<\/ul>\n\n\n\n<p>Para as paragens mais pr\u00f3ximas:<\/p>\n\n\n\n<ul class=\"wp-block-list\">\n<li><strong>Linha 75:<\/strong> Saia em \u00abEstadi del Futbol Club Barcelona\u00bb<\/li>\n\n\n\n<li><strong>Linha L12:<\/strong> Saia em \u00abEstadi del Futbol Club Barcelona\u00bb<\/li>\n\n\n\n<li><strong>Linha H8:<\/strong> Saia em \u00abLes Corts-Arizala\u00bb<\/li>\n<\/ul>\n\n\n\n<p>Muitos autocarros tur\u00edsticos tamb\u00e9m param no est\u00e1dio, permitindo que voc\u00ea entre e saia ao longo do dia.<\/p>\n\n\n\n<h3 class=\"wp-block-heading\"><strong>\ud83d\ude8b De el\u00e9trico<\/strong><\/h3>\n\n\n\n<p>Existem v\u00e1rias paragens de el\u00e9trico ao redor do Camp Nou, cada uma a cerca de 10 minutos a p\u00e9 do est\u00e1dio:<\/p>\n\n\n\n<ul class=\"wp-block-list\">\n<li><strong>Linhas T1, T2, T3:<\/strong> Maria Cristina, Pius XII, Palau Reial, Universitaria, Avinguda de Xile, Sant Ramon<\/li>\n<\/ul>\n\n\n\n<h3 class=\"wp-block-heading\"><strong>\ud83d\ude97 De carro<\/strong><\/h3>\n\n\n\n<p>Se estiver a conduzir a partir da Ronda de Dalt (a autoestrada que entra na cidade), saia na sa\u00edda 11 ao longo da Avenida Diagonal. Mantenha-se \u00e0 direita dos carris do el\u00e9trico antes de virar para a Calle de Sabino Arana, que est\u00e1 sinalizada para o est\u00e1dio. Siga a estrada \u00e0 esquerda e vire \u00e0 direita na Gran Via de Carles III antes de virar novamente \u00e0 direita na Travessera de les Corts. O est\u00e1dio aparecer\u00e1 logo \u00e0 sua direita.<\/p>\n\n\n\n<h2 class=\"wp-block-heading\">Estacionamento perto do Camp Nou<\/h2>\n\n\n\n<p>Devido \u00e0s obras em curso, o estacionamento no est\u00e1dio \u00e9 limitado. Pode estacionar gratuitamente durante o hor\u00e1rio de funcionamento do Bar\u00e7a Immersive Tour, entrando pela Acesso 14 na Carrer d&#8217;Ar\u00edstides Maillol. Nos dias de jogo, o estacionamento fica aberto at\u00e9 4 horas antes do in\u00edcio da partida.<\/p>\n\n\n\n<p>Como alternativa, pode estacionar na Avenida Diagonal, perto da Universidade.<\/p>\n\n\n\n<h2 class=\"wp-block-heading\">Acessibilidade<\/h2>\n\n\n\n<p>O Bar\u00e7a Immersive Tour \u00e9 totalmente acess\u00edvel para pessoas com mobilidade reduzida ou utilizadores de cadeiras de rodas. A entrada \u00e9 plana, sem qualquer dificuldade de acesso.<\/p>\n\n\n\n<p>Existe um servi\u00e7o gratuito de empr\u00e9stimo de cadeiras de rodas, que pode ser solicitado no balc\u00e3o de informa\u00e7\u00f5es na entrada. As casas de banho adaptadas s\u00e3o exclusivas para pessoas com mobilidade reduzida.<\/p>\n","protected":false},"excerpt":{"rendered":"","protected":false},"author":2,"featured_media":0,"parent":0,"menu_order":7,"comment_status":"closed","ping_status":"closed","template":"","meta":{"_acf_changed":false,"footnotes":"","button_url":"https:\/\/www.tiqets.com\/pt\/fc-barcelona-immersive-tour-museum-tickets-l224102\/?partner=visitcampnou","ms_product_id":"","ms_product_name":"","ms_price":"","ms_currency":"","ms_rating_value":"","ms_review_count":"","rank_math_title":"%title%","rank_math_description":"Obtenha todas as informa\u00e7\u00f5es necess\u00e1rias para chegar ao Camp Nou, incluindo dire\u00e7\u00f5es, mapa, hor\u00e1rio de funcionamento e muito mais."},"post-style":[],"producer":[],"class_list":["post-16","page","type-page","status-publish","has-post-thumbnail"],"acf":[],"product_schema":{"ms_product_id":"","ms_product_name":"","ms_price":"","ms_currency":"","ms_rating_value":"","ms_review_count":""},"_links":{"self":[{"href":"https:\/\/www.visitcampnou.com\/pt\/wp-json\/wp\/v2\/pages\/16","targetHints":{"allow":["GET"]}}],"collection":[{"href":"https:\/\/www.visitcampnou.com\/pt\/wp-json\/wp\/v2\/pages"}],"about":[{"href":"https:\/\/www.visitcampnou.com\/pt\/wp-json\/wp\/v2\/types\/page"}],"author":[{"embeddable":true,"href":"https:\/\/www.visitcampnou.com\/pt\/wp-json\/wp\/v2\/users\/2"}],"replies":[{"embeddable":true,"href":"https:\/\/www.visitcampnou.com\/pt\/wp-json\/wp\/v2\/comments?post=16"}],"version-history":[{"count":3,"href":"https:\/\/www.visitcampnou.com\/pt\/wp-json\/wp\/v2\/pages\/16\/revisions"}],"predecessor-version":[{"id":893,"href":"https:\/\/www.visitcampnou.com\/pt\/wp-json\/wp\/v2\/pages\/16\/revisions\/893"}],"wp:attachment":[{"href":"https:\/\/www.visitcampnou.com\/pt\/wp-json\/wp\/v2\/media?parent=16"}],"wp:term":[{"taxonomy":"post-style","embeddable":true,"href":"https:\/\/www.visitcampnou.com\/pt\/wp-json\/wp\/v2\/post-style?post=16"},{"taxonomy":"producer","embeddable":true,"href":"https:\/\/www.visitcampnou.com\/pt\/wp-json\/wp\/v2\/producer?post=16"}],"curies":[{"name":"wp","href":"https:\/\/api.w.org\/{rel}","templated":true}]}}