{"id":613,"date":"2016-02-22T15:31:13","date_gmt":"2016-02-22T14:31:13","guid":{"rendered":"https:\/\/www.visitcampnou.com\/?page_id=4"},"modified":"2025-10-09T23:50:17","modified_gmt":"2025-10-09T21:50:17","slug":"camp-nou-o-estadio-de-fc-barcelona","status":"publish","type":"page","link":"https:\/\/www.visitcampnou.com\/pt\/","title":{"rendered":"Spotify Camp Nou &#8211; O Est\u00e1dio de FC Barcelona"},"content":{"rendered":"<figure>\n                    <div class=\"ms-credits\"><img decoding=\"async\" class=\"gb-image gb-image-ffa5e60b\" src=\"https:\/\/www.visitcampnou.com\/wp-content\/uploads\/camp-nou-stadium-barcelona-1743999096.jpg\" alt=\"Camp Nou Stadium in Barcelona\" title=\"camp-nou-stadium-barcelona\"><span class='ms-credits__info' id='media770'><svg xmlns=\"http:\/\/www.w3.org\/2000\/svg\" width=\"20\" height=\"22\" fill=\"#000000\" viewBox=\"0 0 256 256\"><path d=\"M128,24A104,104,0,1,0,232,128,104.11,104.11,0,0,0,128,24Zm0,192a88,88,0,1,1,88-88A88.1,88.1,0,0,1,128,216ZM96,128a32,32,0,0,0,57.6,19.2,8,8,0,0,1,12.8,9.61,48,48,0,1,1,0-57.62,8,8,0,0,1-12.8,9.61A32,32,0,0,0,96,128Z\"><\/path><\/svg>RealityImages\/<a href=https:\/\/depositphotos.com\/editorial\/camp-nou-barcelona-spain-397175858.html rel='nofollow' target='_blank'>Depositphotos<\/a><\/span><span class='ms-credits__btn' id='btn_media770' onclick='ms_credits_trigger(\"#media770\", this)'><svg xmlns=\"http:\/\/www.w3.org\/2000\/svg\" class=\"info_icon\" width=\"28\" height=\"28\" fill=\"#FFF\" viewBox=\"0 0 256 256\"><path d=\"M128,24A104,104,0,1,0,232,128,104.11,104.11,0,0,0,128,24Zm0,192a88,88,0,1,1,88-88A88.1,88.1,0,0,1,128,216Zm16-40a8,8,0,0,1-8,8,16,16,0,0,1-16-16V128a8,8,0,0,1,0-16,16,16,0,0,1,16,16v40A8,8,0,0,1,144,176ZM112,84a12,12,0,1,1,12,12A12,12,0,0,1,112,84Z\"><\/path><\/svg><svg xmlns=\"http:\/\/www.w3.org\/2000\/svg\" class=\"close_icon\" width=\"28\" height=\"28\" fill=\"#FFF\" viewBox=\"0 0 256 256\"><path d=\"M165.66,101.66,139.31,128l26.35,26.34a8,8,0,0,1-11.32,11.32L128,139.31l-26.34,26.35a8,8,0,0,1-11.32-11.32L116.69,128,90.34,101.66a8,8,0,0,1,11.32-11.32L128,116.69l26.34-26.35a8,8,0,0,1,11.32,11.32ZM232,128A104,104,0,1,1,128,24,104.11,104.11,0,0,1,232,128Zm-16,0a88,88,0,1,0-88,88A88.1,88.1,0,0,0,216,128Z\"><\/path><\/svg><\/span><\/div><\/figure>\n\n\n<h1 class=\"wp-block-heading\">Spotify Camp Nou &#8211; O Est\u00e1dio de FC Barcelona<\/h1>\n\n\n\n<p><a href=\"#tour\">Visita ao Camp Nou<\/a> &#8211; <a href=\"#museum\">Museu FC Barcelona<\/a> &#8211; <a href=\"#shop\">Loja FC Barcelona<\/a> &#8211; <a href=\"#location\">Informa\u00e7\u00f5es para Visitantes<\/a><\/p>\n\n\n\n<hr class=\"wp-block-separator has-alpha-channel-opacity\"\/>\n\n\n\n<p class=\"lead\">Desde 1957, Camp Nou foi o est\u00e1dio do FC Barcelona e tem um paralelo com time de futebol da cidade, indo da for\u00e7a \u00e0 for\u00e7a.<\/p>\n\n\n\n<p>Os dias de jogo em Barcelona s\u00e3o bastante espetaculares. Moradores e turistas vestem kits listrados de roxo e vermelho, barras transbordam de apostadores e f\u00e3s torcendo, e uma alegria geral parece vibrar em torno das ruas. Esta vibra\u00e7\u00e3o jovial \u00e9 emanada no est\u00e1dio Camp Nou, o cora\u00e7\u00e3o e a alma do cen\u00e1rio do futebol do Barcelona.<\/p>\n\n\n\n<p>Aqui voc\u00ea vai encontrar tudo o que precisa de saber sobre Camp Nou Barcelona, desde suas atra\u00e7\u00f5es locais at\u00e9 a forma como voc\u00ea pode chegar ao local e muito mais..<\/p>\n\n\n\n<h2 class=\"wp-block-heading\" id=\"tour\">Visita ao Camp Nou<\/h2>\n\n\n\n<p>TA visita do Camp Nou \u00e9 a segunda raz\u00e3o mais popular que fa\u00e7am as pessoas visitarem o est\u00e1dio (a primeira \u00e9, claro, para assistir a equipe em toda a sua gl\u00f3ria). Abrangendo todo o est\u00e1dio, o passeio leva no FC Barcelona Museum, com seus arm\u00e1rios com trof\u00e9us de parede a parede, exposi\u00e7\u00f5es interativas, e lembretes hist\u00f3ricos de jogadores de anos anteriores, sala de imprensa, vesti\u00e1rios, e o pr\u00f3prio campo.<\/p>\n\n\n\n<p>Outros destaques incluem um passeio atrav\u00e9s do t\u00fanel do jogador, uma espiada nas caixas de coment\u00e1rio, e uma navega\u00e7\u00e3o do espa\u00e7o Messi &#8211; sim, isso \u00e9 um espa\u00e7o inteiro dedicado ao astro argentino.<\/p>\n\n\n\n<p>Nesta se\u00e7\u00e3o do site, voc\u00ea pode obter uma vis\u00e3o geral do passeio, descobrir quando e como voc\u00ea pode visitar o est\u00e1dio, e aprender mais sobre o que est\u00e1 em oferta neste pacote bastante impressionante.<\/p>\n\n\n\n<p><a href=\"\/pt\/visita\/\">Leia mais sobre o <strong>Tour pelo Camp Nou<\/strong> \u00bb<\/a><\/p>\n\n\n\n<h2 class=\"wp-block-heading\" id=\"museum\">Museu do FC Barcelona<\/h2>\n\n\n\n<p>O Museu \u00e9 uma das paragens da visita ao Camp Nou e permite-lhe tirar uma pirueta para tr\u00e1s no tempo para ver realmente at\u00e9 onde o FC Barcelona conseguiu chegar (dica: \u00e9 muito longe).<\/p>\n\n\n\n<p>Ao lado de arm\u00e1rios de vidro cheios at\u00e9 a borda com trof\u00e9us brilhantes, voc\u00ea pode explorar, displays interativos multim\u00eddia que destacam a hist\u00f3ria da equipe e do est\u00e1dio, os jogadores do passado e os grandes sucessos que levaram a equipe para onde eles est\u00e3o hoje.<\/p>\n\n\n\n<p>N\u00f3s vamos dizer-lhe tudo sobre as exibi\u00e7\u00f5es no museu, que trof\u00e9us que voc\u00ea pode ver, o quanto voc\u00ea pode esperar pagar para entrar no museu, e que horas voc\u00ea pode dar um passeio pela terra das mem\u00f3rias.<\/p>\n\n\n\n<p><a href=\"\/pt\/museu\/\">Leia mais sobre o <b>FC Barcelona Museum<\/b> \u00bb<\/a><\/p>\n\n\n\n<h2 class=\"wp-block-heading\" id=\"shop\">FC Barcelona Loja<\/h2>\n\n\n\n<p>Viciados em compras cuidado &#8211; o FC Barcelona Shop \u00e9 inigual\u00e1vel. Situado no terreno de Camp Nou, a loja \u00e9 uma exibi\u00e7\u00e3o celeste de todas as coisas Barca (feitas ainda melhor pelo fato de que voc\u00ea pode pegar algumas recorda\u00e7\u00f5es para si mesmo).<\/p>\n\n\n\n<p>Abrangendo tr\u00eas andares inteiros cheios de kits de futebol, produtos oficiais, j\u00e9rseis, bolas de futebol, e at\u00e9 mesmo kits de outros esportes, voc\u00ea n\u00e3o vai querer sair de m\u00e3os vazias.<\/p>\n\n\n\n<p>Voc\u00ea pode ir um passo al\u00e9m, tamb\u00e9m, e personalizar o seu pr\u00f3prio kit com o servi\u00e7o em casa Fa\u00e7a-o Bar\u00e7a e o Lab Print &#8211; Sim, \u00e9 realmente muito bom.<\/p>\n\n\n\n<p>Se voc\u00ea quiser saber mais sobre a loja, pode deixar com a gente. Vamos mostrar-lhe que tipos de coisas que voc\u00ea pode comprar, no que ficar de olho, e o hor\u00e1rio no qual voc\u00ea pode colocar as suas compras em dia.<\/p>\n\n\n\n<p><a href=\"\/pt\/loja\/\">Leia mais sobre a <b>loja FC Barcelona<\/b> \u00bb<\/a><\/p>\n\n\n\n<h2 class=\"wp-block-heading\" id=\"location\"><strong><strong>Informa\u00e7\u00f5es para Visitantes<\/strong><\/strong><\/h2>\n\n\n\n<p>N\u00e3o faz nenhum sentido n\u00f3s partilharmos este material suculento sobre Camp Nou com voc\u00ea, se voc\u00ea n\u00e3o sabe como chegar l\u00e1.<\/p>\n\n\n\n<p>N\u00f3s vamos dizer-lhe como voc\u00ea pode chegar ao est\u00e1dio a partir de diferentes partes da cidade, utilizando diferentes m\u00e9todos de transporte, para que voc\u00ea possa encontrar uma maneira de chegar l\u00e1 que combine com voc\u00ea e seu or\u00e7amento. Esta \u00e9 a parte onde vamos destacar a acessibilidade e o hor\u00e1rio de funcionamento tamb\u00e9m &#8211; basicamente tudo o que voc\u00ea precisa saber para visitar Camp Nou no momento.<\/p>\n\n\n\n<p><a href=\"\/pt\/mapa\/\">Ver as <strong>Informa\u00e7\u00f5es para Visitantes<\/strong> \u00bb<\/a><\/p>\n","protected":false},"excerpt":{"rendered":"","protected":false},"author":2,"featured_media":770,"parent":0,"menu_order":2,"comment_status":"closed","ping_status":"closed","template":"","meta":{"_acf_changed":false,"footnotes":"","button_url":"https:\/\/www.tiqets.com\/pt\/fc-barcelona-immersive-tour-museum-tickets-l224102\/?partner=visitcampnou","ms_product_id":"","ms_product_name":"","ms_price":"","ms_currency":"","ms_rating_value":"","ms_review_count":"","rank_math_title":"Spotify Camp Nou | Visite o est\u00e1dio do FC Barcelona em %currentyear%","rank_math_description":"Visite o Spotify Camp Nou, o ic\u00f4nico est\u00e1dio do FC Barcelona. Informa\u00e7\u00f5es sobre o que fazer e ver, incluindo a mundialmente famosa experi\u00eancia do Tour do Camp Nou."},"post-style":[],"producer":[],"class_list":["post-613","page","type-page","status-publish","has-post-thumbnail"],"acf":[],"product_schema":{"ms_product_id":"","ms_product_name":"","ms_price":"","ms_currency":"","ms_rating_value":"","ms_review_count":""},"_links":{"self":[{"href":"https:\/\/www.visitcampnou.com\/pt\/wp-json\/wp\/v2\/pages\/613","targetHints":{"allow":["GET"]}}],"collection":[{"href":"https:\/\/www.visitcampnou.com\/pt\/wp-json\/wp\/v2\/pages"}],"about":[{"href":"https:\/\/www.visitcampnou.com\/pt\/wp-json\/wp\/v2\/types\/page"}],"author":[{"embeddable":true,"href":"https:\/\/www.visitcampnou.com\/pt\/wp-json\/wp\/v2\/users\/2"}],"replies":[{"embeddable":true,"href":"https:\/\/www.visitcampnou.com\/pt\/wp-json\/wp\/v2\/comments?post=613"}],"version-history":[{"count":3,"href":"https:\/\/www.visitcampnou.com\/pt\/wp-json\/wp\/v2\/pages\/613\/revisions"}],"predecessor-version":[{"id":879,"href":"https:\/\/www.visitcampnou.com\/pt\/wp-json\/wp\/v2\/pages\/613\/revisions\/879"}],"wp:featuredmedia":[{"embeddable":true,"href":"https:\/\/www.visitcampnou.com\/pt\/wp-json\/wp\/v2\/media\/770"}],"wp:attachment":[{"href":"https:\/\/www.visitcampnou.com\/pt\/wp-json\/wp\/v2\/media?parent=613"}],"wp:term":[{"taxonomy":"post-style","embeddable":true,"href":"https:\/\/www.visitcampnou.com\/pt\/wp-json\/wp\/v2\/post-style?post=613"},{"taxonomy":"producer","embeddable":true,"href":"https:\/\/www.visitcampnou.com\/pt\/wp-json\/wp\/v2\/producer?post=613"}],"curies":[{"name":"wp","href":"https:\/\/api.w.org\/{rel}","templated":true}]}}