{"id":614,"date":"2016-02-25T10:39:26","date_gmt":"2016-02-25T09:39:26","guid":{"rendered":"https:\/\/www.visitcampnou.com\/?page_id=11"},"modified":"2025-10-12T21:36:58","modified_gmt":"2025-10-12T19:36:58","slug":"loja","status":"publish","type":"page","link":"https:\/\/www.visitcampnou.com\/pt\/loja\/","title":{"rendered":"Loja do FC Barcelona no Camp Nou"},"content":{"rendered":"\n<p><a href=\"#visit\"><u>Planeje a sua visita<\/u><\/a> \u2013 <a href=\"#buy\"><u>O que comprar<\/u><\/a> \u2013 <a href=\"#personalize\"><u>Personalize a sua compra<\/u><\/a><\/p>\n\n\n\n<hr class=\"wp-block-separator has-alpha-channel-opacity\"\/>\n\n\n\n<p class=\"lead\">A loja FC Barcelona \u00e9 uma das paragens mais esperadas na visita Camp Nou, porque permite aos visitantes a chance de se equiparem em suas pr\u00f3prias tiras Barca e pegar muitas lembran\u00e7as ao longo do caminho.<\/p>\n\n\n<figure>\n                    <div class=\"ms-credits\"><img decoding=\"async\" class=\"gb-image gb-image-ed0d5067\" src=\"https:\/\/www.visitcampnou.com\/wp-content\/uploads\/fc-barcelona-shop-1744000961.jpg\" alt=\"FC Barcelona Shop at Camp Nou\" title=\"fc-barcelona-shop\"><span class='ms-credits__info' id='media768'><svg xmlns=\"http:\/\/www.w3.org\/2000\/svg\" width=\"20\" height=\"22\" fill=\"#000000\" viewBox=\"0 0 256 256\"><path d=\"M128,24A104,104,0,1,0,232,128,104.11,104.11,0,0,0,128,24Zm0,192a88,88,0,1,1,88-88A88.1,88.1,0,0,1,128,216ZM96,128a32,32,0,0,0,57.6,19.2,8,8,0,0,1,12.8,9.61,48,48,0,1,1,0-57.62,8,8,0,0,1-12.8,9.61A32,32,0,0,0,96,128Z\"><\/path><\/svg>gerasimov\/<a href=https:\/\/depositphotos.com\/editorial\/fc-barcelona-official-megastore-in-camp-nou-studium-spain-178487898.html rel='nofollow' target='_blank'>Depositphotos<\/a><\/span><span class='ms-credits__btn' id='btn_media768' onclick='ms_credits_trigger(\"#media768\", this)'><svg xmlns=\"http:\/\/www.w3.org\/2000\/svg\" class=\"info_icon\" width=\"28\" height=\"28\" fill=\"#FFF\" viewBox=\"0 0 256 256\"><path d=\"M128,24A104,104,0,1,0,232,128,104.11,104.11,0,0,0,128,24Zm0,192a88,88,0,1,1,88-88A88.1,88.1,0,0,1,128,216Zm16-40a8,8,0,0,1-8,8,16,16,0,0,1-16-16V128a8,8,0,0,1,0-16,16,16,0,0,1,16,16v40A8,8,0,0,1,144,176ZM112,84a12,12,0,1,1,12,12A12,12,0,0,1,112,84Z\"><\/path><\/svg><svg xmlns=\"http:\/\/www.w3.org\/2000\/svg\" class=\"close_icon\" width=\"28\" height=\"28\" fill=\"#FFF\" viewBox=\"0 0 256 256\"><path d=\"M165.66,101.66,139.31,128l26.35,26.34a8,8,0,0,1-11.32,11.32L128,139.31l-26.34,26.35a8,8,0,0,1-11.32-11.32L116.69,128,90.34,101.66a8,8,0,0,1,11.32-11.32L128,116.69l26.34-26.35a8,8,0,0,1,11.32,11.32ZM232,128A104,104,0,1,1,128,24,104.11,104.11,0,0,1,232,128Zm-16,0a88,88,0,1,0-88,88A88.1,88.1,0,0,0,216,128Z\"><\/path><\/svg><\/span><\/div><figcaption class=\"gb-headline gb-headline-2a3d72a1 gb-headline-text\"><small>Loja do FC Barcelona em Camp Nou<\/small><\/figcaption><\/figure>\n\n\n<p>Situado no cora\u00e7\u00e3o do est\u00e1dio, a loja de Camp Nou abrange tr\u00eas camadas que est\u00e3o cheias at\u00e9 a borda com kits coloridos, recorda\u00e7\u00f5es e peculiares presentes para toda a fam\u00edlia. \u00c9 uma experi\u00eancia que nenhum f\u00e3 deve perder. Embora existam v\u00e1rias lojas franqueadas espalhadas por toda a cidade, a loja FC Barcelona no est\u00e1dio \u00e9 de longe a maior e melhor, oferecendo uma gama de servi\u00e7os personalizados que vai causar inveja em seus amigos de casa.<\/p>\n\n\n\n<p>A loja do est\u00e1dio de Barcelona abrange tr\u00eas andares inteiros com f\u00e1cil acesso ao museu no local, e \u00e9 lugar de sonho para os amantes do desporto com a sua sele\u00e7\u00e3o ecl\u00e9tica de kits, acess\u00f3rios e presentes. Bem como kits para casa e longe das equipes de Barcelona, voc\u00ea tamb\u00e9m pode navegar na sele\u00e7\u00e3o de kits de outros esportes locais, e se maravilhar com a enorme cole\u00e7\u00e3o dos muito cobi\u00e7ados produtos da Nike.<\/p>\n\n\n\n<p>Talvez a melhor parte da loja FC Barcelona seja a sua natureza interativa, que mant\u00e9m os f\u00e3s e visitantes ocupados por horas. O design inovador marcado por diversos toques extravagantes e servi\u00e7os exclusivos que tornam a experi\u00eancia especial para cada pessoa. Se voc\u00ea estiver procurando para personalizar os seus produtos amados da Nike, ter o seu nome impresso em um kit de Barcelona apropriado, ou personalizar o seu novo par de sapatos com cadar\u00e7os malucos, a super loja ir\u00e1 satisfaze-lo.<\/p>\n\n\n\n<p>Mas n\u00e3o s\u00e3o apenas kits e roupas que a loja vende. Na verdade, se voc\u00ea \u00e9 um jogador de futebol as coisas s\u00e3o levadas um passo adiante. A super loja dobra-se como o ponto de treinamento de futebol em Barcelona, \u200b\u200be \u00e9 o lar de um punhado de especialistas que est\u00e3o prontos e esperando para oferecer-lhe conselhos para aprimorar suas habilidades com a bola, independentemente da sua idade e experi\u00eancia.<\/p>\n\n\n\n<h2 class=\"wp-block-heading\" id=\"visit\"><strong>Planeje a sua visita<\/strong><\/h2>\n\n\n\n<h3 class=\"wp-block-heading\" id=\"times\">Hor\u00e1rio de funcionamento<\/h3>\n\n\n<div class=\"ms-table\"><table><tr><th>Dias<\/th><th>Hor\u00e1rio<\/th><\/tr><tr><td>Segunda-feira &#8211; Domingo<\/td><td>10:00 \u2013 19:00<\/td><\/tr><\/table><\/div>\n\n\n<h3 class=\"wp-block-heading\"><strong>Mapa e endere\u00e7o<\/strong><\/h3>\n\n\n\n<address class=\"wp-block-ms-blocks-staticmap ms-mapblock ms-mb-block\"><h4>Spotify Camp Nou Store<\/h4><p class=\"ms-mb-0\"><img decoding=\"async\" class=\"ms-mapblock__map ms-rounded\" src=\"https:\/\/www.visitcampnou.com\/pt\/wp-content\/uploads\/sites\/4\/maps\/staticmap_41.3811048_2.1201984_14_600x400.png\" alt=\"Map of Spotify Camp Nou Store\"\/><\/p><p class=\"ms-text-sm ms-text-muted\">Av. de Joan XXIII, s\/n, Les Corts, 08028 Barcelona, Spain \u00b7 <a rel=\"nofollow noopener\" target=\"_blank\" href=\"https:\/\/maps.google.com\/?q=41.3811048,2.1201984\">Google Maps<\/a><\/p><\/address>\n\n\n\n<h2 class=\"wp-block-heading\" id=\"buy\">O que comprar<\/h2>\n\n\n\n<p>Cada se\u00e7\u00e3o da loja de Camp Nou \u00e9 o lar de uma nova variedade de del\u00edcias, prometendo uma experi\u00eancia fascinante para cada tipo de visitante.<\/p>\n\n\n\n<p>No piso t\u00e9rreo, voc\u00ea encontrar\u00e1 uma enorme variedade de faixas, incluindo as fitas de casa e fora das equipes atuais. Para al\u00e9m destas, existem tiras mais antigas de Barcelona e kits de outros esportes para percorrer.<\/p>\n\n\n\n<p>Em outra se\u00e7\u00e3o, h\u00e1 um monte de lembran\u00e7as, de rel\u00f3gios e notebooks tem\u00e1tico de futebol, copos, canecas, e peluches. Aqui, voc\u00ea vai encontrar todo o tipo de presente, e voc\u00ea pode at\u00e9 obter alguns deles personalizados para amigos e familiares.<\/p>\n\n\n\n<p>Em outro lugar, uma se\u00e7\u00e3o vende chuteiras Nike que \u00e9 o para\u00edso para os amantes do esporte. A vasta selec\u00e7\u00e3o apresenta as mais recentes tend\u00eancias de design, bem como ferramentas de personaliza\u00e7\u00e3o para fazer cada pe\u00e7a \u00fanica \u2013 la\u00e7os brilhantemente coloridos? \u00c9 para j\u00e1. O seu nome bordado no lado? Considere isso feito!<\/p>\n\n\n\n<p>A loja n\u00e3o seria completa sem a sua se\u00e7\u00e3o de impress\u00e3o de estampados, onde voc\u00ea pode obter o seu nome e n\u00famero impresso em qualquer camisa de sua escolha &#8211; n\u00e3o tem que ser uma camisa de futebol!<\/p>\n\n\n\n<p>H\u00e1 tamb\u00e9m existe uma \u00e1rea divertida, a &#8216;Show Time&#8217;, onde voc\u00ea pode colocar o seu rosto sorridente sobreposto em fotografias com jogadores famosos. Voc\u00ea pode simplesmente brincar com as imagens e ver como voc\u00ea ficaria estando ao lado de alguns dos maiores jogadores de futebol dos nossos tempos, ou voc\u00ea pode comprar alguns e levar para casa com voc\u00ea.<\/p>\n\n\n\n<p>A loja \u00e9 finalizada com uma se\u00e7\u00e3o chamada &#8216;Museu Canto&#8217;, onde h\u00e1 prateleiras de r\u00e9plicas de itens do museu, incluindo bolas de couro velho e c\u00f3pias da litografia de Miro.<\/p>\n\n\n\n<h2 class=\"wp-block-heading\" id=\"personalize\">Personalizar sua compra<\/h2>\n\n\n\n<p>A loja FC Barcelona \u00e9 conhecida pela sua natureza interativa, onde voc\u00ea pode criar sua pr\u00f3pria experi\u00eancia com base em seus interesses.<\/p>\n\n\n\n<h3 class=\"wp-block-heading\">Personalize o seu kit<\/h3>\n\n\n\n<p>Na expansiva &#8220;Torna-o Barca&#8221;, voc\u00ea pode transformar seus produtos da Nike, personalizando-os com la\u00e7os e bot\u00f5es \u00fanicos. Voc\u00ea pode at\u00e9 adicionar cristas de clubes nos seus sapatos ou ter seu nome costurado neles para o toque final. Depois de ter projetado os seus sapatos, voc\u00ea pode compartilh\u00e1-los nas redes sociais ao lado de outros para ver sua obra conhecida.<\/p>\n\n\n\n<h3 class=\"wp-block-heading\">O Laborat\u00f3rio de impress\u00e3o<\/h3>\n\n\n\n<p>O Laborat\u00f3rio de impress\u00e3o \u00e9 onde voc\u00ea pode obter o seu nome e n\u00famero impresso em qualquer kit que voc\u00ea gosta. Para fazer isso, voc\u00ea simplesmente tem que introduzir os seus dados nas telas sens\u00edveis ao toque e, em seguida, clique em enviar &#8211; sua camisa ser\u00e1 imediatamente enviada para a Oficina de Impress\u00e3o de Camisas para que voc\u00ea possa evitar as filas e lev\u00e1-la para casa com voc\u00ea o mais rapidamente poss\u00edvel.<\/p>\n\n\n\n<h3 class=\"wp-block-heading\">Extras da Nike<\/h3>\n\n\n\n<p>A loja Camp Nou \u00e9 inundada com centenas de produtos da Nike, incluindo as \u00faltimas modas, cal\u00e7ados e acess\u00f3rios, bem como os novos lan\u00e7amentos mais inovadores da marca.<\/p>\n\n\n\n<h3 class=\"wp-block-heading\">N\u00e3o apenas Football<\/h3>\n\n\n\n<p>N\u00e3o s\u00e3o apenas os kits de futebol que atraem as multid\u00f5es aqui. A super loja tamb\u00e9m estoca centenas de kits de uma variedade de outros esportes populares, incluindo futebol de sal\u00e3o, h\u00f3quei, basquete e handebol. Voc\u00ea pode obter todos personalizados com seu nome e n\u00famero tamb\u00e9m.<\/p>\n\n\n\n<h3 class=\"wp-block-heading\">Novas tecnologias<\/h3>\n\n\n\n<p>Um nova tela LED de 16m projeta imagens sobre as etapas do est\u00e1dio, como que degraus que v\u00e3o crescendo atrav\u00e9s da loja, dando-lhe uma atmosfera \u00fanica como se estivesse em um jogo real. H\u00e1 tamb\u00e9m um lustre impressionante para uma boa medida.<\/p>\n","protected":false},"excerpt":{"rendered":"","protected":false},"author":2,"featured_media":768,"parent":0,"menu_order":5,"comment_status":"closed","ping_status":"closed","template":"","meta":{"_acf_changed":false,"footnotes":""},"post-style":[],"producer":[],"class_list":["post-614","page","type-page","status-publish","has-post-thumbnail"],"acf":[],"_links":{"self":[{"href":"https:\/\/www.visitcampnou.com\/pt\/wp-json\/wp\/v2\/pages\/614","targetHints":{"allow":["GET"]}}],"collection":[{"href":"https:\/\/www.visitcampnou.com\/pt\/wp-json\/wp\/v2\/pages"}],"about":[{"href":"https:\/\/www.visitcampnou.com\/pt\/wp-json\/wp\/v2\/types\/page"}],"author":[{"embeddable":true,"href":"https:\/\/www.visitcampnou.com\/pt\/wp-json\/wp\/v2\/users\/2"}],"replies":[{"embeddable":true,"href":"https:\/\/www.visitcampnou.com\/pt\/wp-json\/wp\/v2\/comments?post=614"}],"version-history":[{"count":3,"href":"https:\/\/www.visitcampnou.com\/pt\/wp-json\/wp\/v2\/pages\/614\/revisions"}],"predecessor-version":[{"id":892,"href":"https:\/\/www.visitcampnou.com\/pt\/wp-json\/wp\/v2\/pages\/614\/revisions\/892"}],"wp:featuredmedia":[{"embeddable":true,"href":"https:\/\/www.visitcampnou.com\/pt\/wp-json\/wp\/v2\/media\/768"}],"wp:attachment":[{"href":"https:\/\/www.visitcampnou.com\/pt\/wp-json\/wp\/v2\/media?parent=614"}],"wp:term":[{"taxonomy":"post-style","embeddable":true,"href":"https:\/\/www.visitcampnou.com\/pt\/wp-json\/wp\/v2\/post-style?post=614"},{"taxonomy":"producer","embeddable":true,"href":"https:\/\/www.visitcampnou.com\/pt\/wp-json\/wp\/v2\/producer?post=614"}],"curies":[{"name":"wp","href":"https:\/\/api.w.org\/{rel}","templated":true}]}}