{"id":781,"date":"2025-04-14T12:35:02","date_gmt":"2025-04-14T10:35:02","guid":{"rendered":"https:\/\/www.visitcampnou.com\/pt\/?page_id=781"},"modified":"2025-10-09T23:48:10","modified_gmt":"2025-10-09T21:48:10","slug":"renovacao-do-camp-nou","status":"publish","type":"page","link":"https:\/\/www.visitcampnou.com\/pt\/renovacao-do-camp-nou\/","title":{"rendered":"Renova\u00e7\u00e3o do Camp Nou"},"content":{"rendered":"\n<p>Se estiver a caminho de Barcelona e quiser visitar o lend\u00e1rio Camp Nou, aqui est\u00e1 tudo o que precisa de saber. O est\u00e1dio est\u00e1 atualmente em obras, mas ainda h\u00e1 muito para os f\u00e3s do Bar\u00e7a aproveitarem entretanto.<\/p>\n\n\n\n<figure><div class=\"ms-credits\">\n<img decoding=\"async\" class=\"gb-media-9a99aa52\" src=\"https:\/\/www.visitcampnou.com\/wp-content\/uploads\/capm-nou-construction-1745997452.jpg\" alt=\"Camp Nou redevelopment works\" title=\"capm-nou-construction-1745997452\"\/>\n<span class='ms-credits__info' id='media791'><svg xmlns=\"http:\/\/www.w3.org\/2000\/svg\" width=\"20\" height=\"22\" fill=\"#000000\" viewBox=\"0 0 256 256\"><path d=\"M128,24A104,104,0,1,0,232,128,104.11,104.11,0,0,0,128,24Zm0,192a88,88,0,1,1,88-88A88.1,88.1,0,0,1,128,216ZM96,128a32,32,0,0,0,57.6,19.2,8,8,0,0,1,12.8,9.61,48,48,0,1,1,0-57.62,8,8,0,0,1-12.8,9.61A32,32,0,0,0,96,128Z\"><\/path><\/svg>footpicshd\/<a href=https:\/\/www.flickr.com\/photos\/footpicshd\/53253715474\/in\/photolist-2o8VBFg-2oULnze-2p8Rdhb-2oUNuZ4-2oUNXZp-2oUHtmG-2oUMqEP-2p8R9hY-2p8QNzF-2p8Pium-2oUMqFa-2oUMqJg-2p8PixC-2px3yA7-2px3yB4-2p8Pizg-2oi1Min-2p8R9iK-2oULnyc-2oUNXXW-2oUNv1w-2oUNXYx-2oULnzE-2oULnzQ-2oUNuZE-2oUNuYC-2oUHtoa-2oUHtkj-2oUHto5 rel='nofollow' target='_blank'>Flickr<\/a><\/span><span class='ms-credits__btn' id='btn_media791' onclick='ms_credits_trigger(\"#media791\", this)'><svg xmlns=\"http:\/\/www.w3.org\/2000\/svg\" class=\"info_icon\" width=\"28\" height=\"28\" fill=\"#FFF\" viewBox=\"0 0 256 256\"><path d=\"M128,24A104,104,0,1,0,232,128,104.11,104.11,0,0,0,128,24Zm0,192a88,88,0,1,1,88-88A88.1,88.1,0,0,1,128,216Zm16-40a8,8,0,0,1-8,8,16,16,0,0,1-16-16V128a8,8,0,0,1,0-16,16,16,0,0,1,16,16v40A8,8,0,0,1,144,176ZM112,84a12,12,0,1,1,12,12A12,12,0,0,1,112,84Z\"><\/path><\/svg><svg xmlns=\"http:\/\/www.w3.org\/2000\/svg\" class=\"close_icon\" width=\"28\" height=\"28\" fill=\"#FFF\" viewBox=\"0 0 256 256\"><path d=\"M165.66,101.66,139.31,128l26.35,26.34a8,8,0,0,1-11.32,11.32L128,139.31l-26.34,26.35a8,8,0,0,1-11.32-11.32L116.69,128,90.34,101.66a8,8,0,0,1,11.32-11.32L128,116.69l26.34-26.35a8,8,0,0,1,11.32,11.32ZM232,128A104,104,0,1,1,128,24,104.11,104.11,0,0,1,232,128Zm-16,0a88,88,0,1,0-88,88A88.1,88.1,0,0,0,216,128Z\"><\/path><\/svg><\/span><\/div>\n\n\n<figcaption class=\"gb-text\">Obras de remodela\u00e7\u00e3o do Camp Nou<\/figcaption>\n<\/figure>\n\n\n\n<div class=\"ms-rounded ms-mb-last-child-0 ms-mb-block ms-tfs--contrast ms-p ms-tfs\">\n<h3 class=\"gb-text\">\ud83c\udfd7\ufe0f O Camp Nou est\u00e1 fechado, mas Barcelona est\u00e1 cheia de coisas para fazer<\/h3>\n\n\n\n<p class=\"gb-text ms-link-unstyled\">Enquanto o <strong>Camp Nou<\/strong> est\u00e1 sendo renovado, ainda h\u00e1 muito o que explorar em Barcelona para os f\u00e3s do FC Barcelona e visitantes da cidade.<br><br>Veja o que voc\u00ea ainda pode fazer:<br><br>\ud83c\udfc6<strong>Visite o <a href=\"https:\/\/www.visitcampnou.com\/pt\/museu\/\" target=\"_blank\" rel=\"noreferrer noopener\">Museu do FC Barcelona<\/a>:<\/strong> explore a hist\u00f3ria do clube, os trof\u00e9us e momentos inesquec\u00edveis.<br>\ud83d\udecd\ufe0f<strong>Compre na <a href=\"https:\/\/www.visitcampnou.com\/pt\/loja\/\" target=\"_blank\" rel=\"noreferrer noopener\">Loja Oficial do FC Barcelona<\/a>:<\/strong> adquira camisetas oficiais, cachec\u00f3is e presentes para f\u00e3s de todas as idades.<br>\ud83d\ude8c <a href=\"https:\/\/www.tiqets.com\/pt\/barcelona-attractions-c66342\/tickets-for-hop-on-hop-off-bus-barcelona-p974325\/?partner=visitcampnou\" rel=\"nofollow noopener\"><strong>Tour Hop-On Hop-Off<\/strong><\/a>: a forma mais f\u00e1cil de ver todos os principais pontos tur\u00edsticos de Barcelona.<br>\ud83c\udf9f\ufe0f <a href=\"https:\/\/www.tiqets.com\/pt\/barcelona-attractions-c66342\/tickets-for-barcelona-card-72-Hour-96-Hour-120-Hour-p975758\/?partner=visitcampnou\" rel=\"nofollow noopener\"><strong>Barcelona Card<\/strong><\/a>: transporte p\u00fablico gratuito e descontos em atra\u00e7\u00f5es populares.<br>\ud83c\udf1f<strong>Principais Atra\u00e7\u00f5es:<\/strong> n\u00e3o perca os mais vendidos como <strong>La Sagrada Fam\u00edlia<\/strong>, <strong>Casa Batll\u00f3<\/strong> e <strong>Parque G\u00fcell<\/strong>.<\/p>\n\n\n\n<div class=\"ms-cta-button-options ms-mb-block ms-cta\">\n<a class=\"gb-text ms-btn ms-btn--primary ms-shadow\" href=\"https:\/\/www.tiqets.com\/pt\/barcelona-attractions-c66342\/tickets-for-barcelona-card-72-Hour-96-Hour-120-Hour-p975758\/?partner=visitcampnou\" rel=\"nofollow noopener\">Cart\u00e3o Barcelona<\/a>\n\n\n\n<a class=\"gb-text ms-btn ms-btn--outline-primary ms-shadow\" href=\"https:\/\/www.tiqets.com\/pt\/city-passes-barcelona-l199949\/?partner=visitcampnou\" rel=\"nofollow noopener\">Bilhetes<\/a>\n<\/div>\n<\/div>\n\n\n\n<h2 class=\"wp-block-heading\">O que est\u00e1 a acontecer no Camp Nou?<\/h2>\n\n\n\n<p>O Camp Nou est\u00e1 no meio de um enorme projeto de renova\u00e7\u00e3o. O objetivo \u00e9 transform\u00e1-lo num dos est\u00e1dios mais avan\u00e7ados e impressionantes do mundo. Est\u00e3o a modernizar tudo, adicionar uma cobertura, aumentar a capacidade para 105.000 lugares e atualizar toda a estrutura. Faz parte do plano de reestrutura\u00e7\u00e3o Espai Bar\u00e7a.<\/p>\n\n\n\n<p>\u00c9 empolgante para os f\u00e3s, mas significa que o est\u00e1dio est\u00e1 fechado a visitas por agora.<\/p>\n\n\n\n<h2 class=\"wp-block-heading\">Quando reabrir\u00e1 o Camp Nou?<\/h2>\n\n\n\n<p>A reabertura estava prevista para novembro de 2024, mas devido a atrasos, o est\u00e1dio s\u00f3 dever\u00e1 reabrir em outubro de 2025, no m\u00ednimo. Espera-se que a nova cobertura e toda a renova\u00e7\u00e3o estejam conclu\u00eddas at\u00e9 ao ver\u00e3o de 2026.<\/p>\n\n\n\n<p>Por isso, nada de visitas em dias de jogo por enquanto, mas ainda h\u00e1 muito para os f\u00e3s do Bar\u00e7a desfrutarem!<\/p>\n\n\n\n<h2 class=\"wp-block-heading\">O que pode visitar em vez disso?<\/h2>\n\n\n\n<p>Apesar do est\u00e1dio estar fechado, ainda pode visitar dois locais fant\u00e1sticos nas proximidades:<\/p>\n\n\n\n<ul class=\"wp-block-list\">\n<li>Museu do FC Barcelona<\/li>\n\n\n\n<li>Loja Oficial do FC Barcelona<\/li>\n<\/ul>\n\n\n\n<h2 class=\"wp-block-heading\">Outras coisas para fazer<\/h2>\n\n\n\n<p>Quer goste de futebol ou n\u00e3o, h\u00e1 imensas coisas para fazer em Barcelona.<\/p>\n\n\n\n<ul class=\"wp-block-list\">\n<li>Visite a <strong>Sagrada Fam\u00edlia<\/strong>, o <strong>Parque G\u00fcell<\/strong> e outras obras-primas de Gaud\u00ed<\/li>\n\n\n\n<li>Gastronomia, praias, cultura local e vistas incr\u00edveis<\/li>\n\n\n\n<li>Visite museus de renome mundial, como o <strong>Museu Picasso<\/strong> e o <strong>MNAC<\/strong><\/li>\n\n\n\n<li>Aprecie as vistas panor\u00e2micas do <strong>Monte Montju\u00efc<\/strong> e do seu telef\u00e9rico<\/li>\n\n\n\n<li>Desfrute de tapas e da cozinha catal\u00e3 em restaurantes locais e passeios gastron\u00f3micos<\/li>\n<\/ul>\n\n\n\n<p><a href=\"https:\/\/www.barcelonacard.org\/pt\/bilhetes\/\" target=\"_blank\" rel=\"noreferrer noopener\">Planeie a sua visita e veja as op\u00e7\u00f5es de bilhetes aqui \u00bb<\/a><\/p>\n\n\n\n<p><\/p>\n","protected":false},"excerpt":{"rendered":"","protected":false},"author":4,"featured_media":791,"parent":0,"menu_order":0,"comment_status":"closed","ping_status":"closed","template":"","meta":{"_acf_changed":false,"footnotes":"","button_url":"https:\/\/www.tiqets.com\/pt\/fc-barcelona-immersive-tour-museum-tickets-l224102\/?partner=visitcampnou","ms_product_id":"","ms_product_name":"","ms_price":"","ms_currency":"","ms_rating_value":"","ms_review_count":"","rank_math_title":"Guia da renova\u00e7\u00e3o do Camp Nou para visitantes","rank_math_description":"Receba as \u00faltimas atualiza\u00e7\u00f5es sobre a renova\u00e7\u00e3o do Camp Nou, o calend\u00e1rio de reabertura e as principais coisas a fazer em Barcelona para os adeptos do FC Barcelona durante a renova\u00e7\u00e3o."},"post-style":[],"producer":[],"class_list":["post-781","page","type-page","status-publish","has-post-thumbnail"],"acf":[],"product_schema":{"ms_product_id":"","ms_product_name":"","ms_price":"","ms_currency":"","ms_rating_value":"","ms_review_count":""},"_links":{"self":[{"href":"https:\/\/www.visitcampnou.com\/pt\/wp-json\/wp\/v2\/pages\/781","targetHints":{"allow":["GET"]}}],"collection":[{"href":"https:\/\/www.visitcampnou.com\/pt\/wp-json\/wp\/v2\/pages"}],"about":[{"href":"https:\/\/www.visitcampnou.com\/pt\/wp-json\/wp\/v2\/types\/page"}],"author":[{"embeddable":true,"href":"https:\/\/www.visitcampnou.com\/pt\/wp-json\/wp\/v2\/users\/4"}],"replies":[{"embeddable":true,"href":"https:\/\/www.visitcampnou.com\/pt\/wp-json\/wp\/v2\/comments?post=781"}],"version-history":[{"count":3,"href":"https:\/\/www.visitcampnou.com\/pt\/wp-json\/wp\/v2\/pages\/781\/revisions"}],"predecessor-version":[{"id":878,"href":"https:\/\/www.visitcampnou.com\/pt\/wp-json\/wp\/v2\/pages\/781\/revisions\/878"}],"wp:featuredmedia":[{"embeddable":true,"href":"https:\/\/www.visitcampnou.com\/pt\/wp-json\/wp\/v2\/media\/791"}],"wp:attachment":[{"href":"https:\/\/www.visitcampnou.com\/pt\/wp-json\/wp\/v2\/media?parent=781"}],"wp:term":[{"taxonomy":"post-style","embeddable":true,"href":"https:\/\/www.visitcampnou.com\/pt\/wp-json\/wp\/v2\/post-style?post=781"},{"taxonomy":"producer","embeddable":true,"href":"https:\/\/www.visitcampnou.com\/pt\/wp-json\/wp\/v2\/producer?post=781"}],"curies":[{"name":"wp","href":"https:\/\/api.w.org\/{rel}","templated":true}]}}