{"id":9,"date":"2016-02-25T10:19:03","date_gmt":"2016-02-25T09:19:03","guid":{"rendered":"https:\/\/www.visitcampnou.com\/?page_id=9"},"modified":"2026-03-26T09:53:00","modified_gmt":"2026-03-26T08:53:00","slug":"museu","status":"publish","type":"page","link":"https:\/\/www.visitcampnou.com\/pt\/museu\/","title":{"rendered":"Museu do FC Barcelona no Camp Nou"},"content":{"rendered":"\n<p><a href=\"#tickets\">Bilhetes<\/a> \u2013 <a href=\"#opening-times\"><u>Hor\u00e1rio de funcionamento<\/u><\/a> \u2013 <a href=\"#see\"><u>O que ver e fazer<\/u><\/a> \u2013 <a href=\"#history\"><u>Hist\u00f3ria<\/u><\/a> \u2013 <a href=\"#faq\">FAQs<\/a><\/p>\n\n\n\n<hr class=\"wp-block-separator has-alpha-channel-opacity\"\/>\n\n\n\n<p class=\"lead\">O Museu FC Barcelona no Camp Nou \u00e9 o segundo museu mais visitado em Barcelona. Ele perde apenas para o Museu Picasso.<\/p>\n\n\n\n<p>Isso mostra o qu\u00e3o importante \u00e9 o futebol para a cidade, e como muitas pessoas se aventuram para o recinto para descobrirem mais sobre esta equipa lend\u00e1ria.<\/p>\n\n\n\n<p>A Experi\u00eancia Camp Nou combina uma coleta de paragens por todo o est\u00e1dio, incluindo uma vis\u00e3o do campo, t\u00fanel do jogador, e os vesti\u00e1rios dos visitantes, mas a parte mais fascinante do passeio \u00e9 o museu Camp Nou.<\/p>\n\n\n\n<p>Dentro desta embarca\u00e7\u00e3o educacional, existem centenas de exposi\u00e7\u00f5es interativas que mostram a hist\u00f3ria do clube, incluindo os sucessos dos jogadores, trof\u00e9us, e hist\u00f3rias de tempos idos. Se voc\u00ea quiser conhecer a equipa de futebol do Barcelona em um n\u00edvel que vai al\u00e9m de f\u00e3s delirantes e jogos esgotados, voc\u00ea ir\u00e1 querer dar uma olhada.<\/p>\n\n\n\n<p>Uma viagem para o museu de futebol Barcelona anda de m\u00e3os dadas com a experi\u00eancia Camp Nou e, infelizmente, voc\u00ea n\u00e3o pode visitar apenas ele &#8211; voc\u00ea tem que comprar um bilhete para todas as atra\u00e7\u00f5es do est\u00e1dio. Isso realmente n\u00e3o importa, no entanto, pois o museu vale bem a pena o investimento sozinho.<\/p>\n\n\n\n<h2 class=\"wp-block-heading\" id=\"tickets\">Bilhetes e Pre\u00e7os<\/h2>\n\n\n\n<p>A planear uma visita ao Museu do FC Barcelona no Camp Nou? Aqui est\u00e1 um guia simp\u00e1tico para o ajudar a escolher o bilhete perfeito para a sua experi\u00eancia.<\/p>\n\n\n\n<ul class=\"wp-block-list\">\n<li><a href=\"https:\/\/www.tiqets.com\/pt\/atracoes-barcelona-c66342\/bilhetes-para-museu-do-fc-barcelona-bilhete-de-entrada-p1058220\/?partner=visitcampnou\" data-type=\"link\" data-id=\"https:\/\/www.tiqets.com\/pt\/atracoes-barcelona-c66342\/bilhetes-para-museu-do-fc-barcelona-bilhete-de-entrada-p1058220\/?partner=visitcampnou\" rel=\"nofollow noopener\"><strong>Entrada flex\u00edvel<\/strong>:<\/a> Explore o museu ao seu pr\u00f3prio ritmo, desde as salas de trof\u00e9us at\u00e9 \u00e0 experi\u00eancia imersiva Spotify Camp Nou Live. Perfeito se a sua agenda for flex\u00edvel.<\/li>\n<\/ul>\n\n\n\n<ul class=\"wp-block-list\">\n<li><a href=\"https:\/\/www.tiqets.com\/pt\/atracoes-barcelona-c66342\/bilhetes-para-museu-do-fc-barcelona-experiencia-total-p1084615\/?partner=visitcampnou\" data-type=\"link\" data-id=\"https:\/\/www.tiqets.com\/pt\/atracoes-barcelona-c66342\/bilhetes-para-museu-do-fc-barcelona-experiencia-total-p1084615\/?partner=visitcampnou\" rel=\"nofollow noopener\"><strong>Experi\u00eancia total<\/strong>:<\/a> Aproveite ao m\u00e1ximo as exposi\u00e7\u00f5es interativas, as zonas de realidade virtual, o desafio Robokeeper e uma foto personalizada de lembran\u00e7a.<\/li>\n<\/ul>\n\n\n\n<ul class=\"wp-block-list\">\n<li><a href=\"https:\/\/www.getyourguide.pt\/barcelona-l45\/fas-do-fc-barcelona-vivenciam-visita-guiada-e-brunch-t128025\/?partner_id=FENKESD&amp;utm_medium=online_publisher\" data-type=\"link\" data-id=\"https:\/\/www.getyourguide.com\/barcelona-l45\/fc-barcelona-fans-experience-guided-visit-and-brunch-t128025\/?partner_id=FENKESD&amp;utm_medium=online_publisher\" rel=\"nofollow noopener\"><strong>Visita guiada<\/strong>:<\/a> Junte-se a um guia bilingue para ver os destaques, incluindo as salas imersivas e os miradouros do est\u00e1dio.<\/li>\n<\/ul>\n\n\n\n<ul class=\"wp-block-list\">\n<li><a href=\"https:\/\/www.tiqets.com\/pt\/barcelona-aquarium-flexi-ticket-fc-barcelona-museum-flexible-ticket-b44909\/?partner=visitcampnou\" data-type=\"link\" data-id=\"https:\/\/www.tiqets.com\/es\/barcelona-aquarium-flexi-ticket-fc-barcelona-museum-flexible-ticket-b44909\/?partner=visitcampnou\" rel=\"nofollow noopener\"><strong>Pacotes combinados<\/strong>:<\/a> Combine a sua visita ao museu com outras atra\u00e7\u00f5es importantes de Barcelona para um dia inteiro de divers\u00e3o.<\/li>\n<\/ul>\n\n\n\n<h2 class=\"wp-block-heading\" id=\"opening-times\">Hor\u00e1rio de funcionamento<\/h2>\n\n\n\n<p>O Bar\u00e7a Immersive Tour recebe visitantes todos os dias da semana.<\/p>\n\n\n<div class=\"ms-table\"><table><tr><th>Per\u00edodo<\/th><th>Dias<\/th><th>Hor\u00e1rio de funcionamento<\/th><\/tr><tr><td>2 jan \u2013 25 fev<\/td><td>Segunda-feira \u2013 domingo<\/td><td>10:00 \u2013 18:00<\/td><\/tr><tr><td>26 fev \u2013 27 mar<\/td><td>Segunda-feira \u2013 domingo<\/td><td>10:00 \u2013 19:00<\/td><\/tr><tr><td>28 mar \u2013 18 out<\/td><td>Segunda-feira \u2013 domingo<\/td><td>9:30 \u2013 19:00<\/td><\/tr><tr><td>19 out \u2013 31 dez<\/td><td>Segunda-feira \u2013 domingo<\/td><td>10:00 \u2013 18:00<\/td><\/tr><tr><td>25 dez e 1 jan<\/td><td><\/td><td>Encerrado<\/td><\/tr><\/table><\/div>\n\n\n<p>A \u00faltima entrada \u00e9 45 minutos antes do encerramento. A visita tem uma dura\u00e7\u00e3o aproximada de 1 hora.<\/p>\n\n\n\n<p><strong>Nota:<\/strong><\/p>\n\n\n\n<ul class=\"wp-block-list\">\n<li>O tour estar\u00e1 encerrado durante todo o dia 2 de abril devido a um evento do Clube.<\/li>\n\n\n\n<li>Os hor\u00e1rios mais tranquilos decorrem todos os s\u00e1bados das 15:00 \u00e0s 17:00, exceto nos dias de jogo da equipa principal masculina e de 28 de abril a 1 de setembro.<\/li>\n\n\n\n<li>Atualmente, o Spotify Camp Nou est\u00e1 em obras. Todos os bilhetes (exceto Bar\u00e7aBus) incluem o Museu do FC Barcelona, sem entrada no est\u00e1dio.<\/li>\n<\/ul>\n\n\n\n<h2 class=\"wp-block-heading\" id=\"see\"><strong>O que ver e fazer<\/strong><\/h2>\n\n\n\n<h3 class=\"wp-block-heading\">A parte hist\u00f3rica<\/h3>\n\n\n\n<p>Esta \u00e9 a maior parte do museu e oferece um passeio cronol\u00f3gico pela rua da mem\u00f3ria. Aqui, voc\u00ea pode aprender tudo sobre o crescimento do clube desde o seu nascimento em 1899, incluindo as suas vit\u00f3rias mais famosas, seus maiores fracassos, e a cole\u00e7\u00e3o do jogadores mais bem amados que passaram pela equipe durante o seu crescimento.<\/p>\n\n\n\n<p>O monitor possui uma mistura de informa\u00e7\u00e3o impressa, v\u00eddeos e documentos que se juntam para criar uma imagem mais completa. Ideal se voc\u00ea \u00e9 um pouco f\u00e3 de hist\u00f3ria, e perfeita se voc\u00ea est\u00e1 esperando para retocar o seu conhecimento da equipe.<\/p>\n\n\n\n<h3 class=\"wp-block-heading\">Arm\u00e1rios de Trof\u00e9u<\/h3>\n\n\n<figure>\n                    <div class=\"ms-credits\"><img decoding=\"async\" class=\"gb-image gb-image-ed0d5067\" src=\"https:\/\/www.visitcampnou.com\/wp-content\/uploads\/fc-barcelona-museum-1744000506.jpg\" alt=\"Trophy collection inside the FC Barcelona museum\" title=\"fc-barcelona-museum\"><span class='ms-credits__info' id='media769'><svg xmlns=\"http:\/\/www.w3.org\/2000\/svg\" width=\"20\" height=\"22\" fill=\"#000000\" viewBox=\"0 0 256 256\"><path d=\"M128,24A104,104,0,1,0,232,128,104.11,104.11,0,0,0,128,24Zm0,192a88,88,0,1,1,88-88A88.1,88.1,0,0,1,128,216ZM96,128a32,32,0,0,0,57.6,19.2,8,8,0,0,1,12.8,9.61,48,48,0,1,1,0-57.62,8,8,0,0,1-12.8,9.61A32,32,0,0,0,96,128Z\"><\/path><\/svg>resulmuslu\/<a href=https:\/\/depositphotos.com\/editorial\/barcelona-spain-may-2016-barcelona-museum-camp-nou-studium-museum-378145918.html rel='nofollow' target='_blank'>Depositphotos<\/a><\/span><span class='ms-credits__btn' id='btn_media769' onclick='ms_credits_trigger(\"#media769\", this)'><svg xmlns=\"http:\/\/www.w3.org\/2000\/svg\" class=\"info_icon\" width=\"28\" height=\"28\" fill=\"#FFF\" viewBox=\"0 0 256 256\"><path d=\"M128,24A104,104,0,1,0,232,128,104.11,104.11,0,0,0,128,24Zm0,192a88,88,0,1,1,88-88A88.1,88.1,0,0,1,128,216Zm16-40a8,8,0,0,1-8,8,16,16,0,0,1-16-16V128a8,8,0,0,1,0-16,16,16,0,0,1,16,16v40A8,8,0,0,1,144,176ZM112,84a12,12,0,1,1,12,12A12,12,0,0,1,112,84Z\"><\/path><\/svg><svg xmlns=\"http:\/\/www.w3.org\/2000\/svg\" class=\"close_icon\" width=\"28\" height=\"28\" fill=\"#FFF\" viewBox=\"0 0 256 256\"><path d=\"M165.66,101.66,139.31,128l26.35,26.34a8,8,0,0,1-11.32,11.32L128,139.31l-26.34,26.35a8,8,0,0,1-11.32-11.32L116.69,128,90.34,101.66a8,8,0,0,1,11.32-11.32L128,116.69l26.34-26.35a8,8,0,0,1,11.32,11.32ZM232,128A104,104,0,1,1,128,24,104.11,104.11,0,0,1,232,128Zm-16,0a88,88,0,1,0-88,88A88.1,88.1,0,0,0,216,128Z\"><\/path><\/svg><\/span><\/div><figcaption class=\"gb-headline gb-headline-2a3d72a1 gb-headline-text\"><small>Cole\u00e7\u00e3o de trof\u00e9us no interior do museu do FC Barcelona<\/small><\/figcaption><\/figure>\n\n\n<p>Talvez a coisa mais atraente sobre o museu s\u00e3o seus arm\u00e1rios de trof\u00e9us de parede a parede que s\u00e3o repletos de trof\u00e9us brilhantes e medalhas que se estendem por d\u00e9cadas.<\/p>\n\n\n\n<p>Voc\u00ea pode ter um vislumbre da Champions League Cup aqui, e at\u00e9 mesmo obter uma foto com ele (embora ser\u00e1 cobrado cerca de \u20ac 13 se voc\u00ea quiser comprar a fotografia no final).<\/p>\n\n\n\n<p>Mas mesmo se voc\u00ea n\u00e3o \u00e9 um entusiasta de objetos brilhantes, a enorme cole\u00e7\u00e3o de trof\u00e9us em todas as formas e tamanhos \u00e9 suficiente para levantar uma sobrancelha.<\/p>\n\n\n\n<h3 class=\"wp-block-heading\">Cole\u00e7\u00e3o O &#8216;Art Futbol&#8217;<\/h3>\n\n\n\n<p>H\u00e1 uma se\u00e7\u00e3o inteira dedicada a todos os tipos de recorda\u00e7\u00f5es relacionadas com o futebol e coisas ef\u00eameras. Na verdade, alguns nem sequer s\u00e3o relacionados com o futebol. Esperar para ver coisas como antigos jogos de matraquilhos, trof\u00e9us de outros esportes locais, e uma cole\u00e7\u00e3o de gravuras e obras de arte dedicada \u00e0 equipe do museu e futebol (olhar para pe\u00e7as de Dali, Miro e Tapies, que foram criadas especialmente para a equipe).<\/p>\n\n\n\n<p>Nesta se\u00e7\u00e3o voc\u00ea tamb\u00e9m vai se deparar com as botas que Ronald Koeman usou para marcar o gol da vit\u00f3ria na final Ta\u00e7a da Europa em 1992. Este n\u00e3o era apenas qualquer objetivo. Este tento foi apontado no minuto 111 (21 minutos de tempo extra) e ganhou ao Barcelona o seu primeiro trof\u00e9u europeu.<\/p>\n\n\n\n<h3 class=\"wp-block-heading\">Exposi\u00e7\u00f5es tempor\u00e1rias<\/h3>\n\n\n\n<p>A etapa final do museu \u00e9 uma exposi\u00e7\u00e3o tempor\u00e1ria em constante muta\u00e7\u00e3o. Aqui, voc\u00ea encontrar\u00e1 telas que mostram hist\u00f3rias de indiv\u00edduos (como Joan Gamper &#8211; o homem que fundou FC Barcelona), e mostras de arte dedicadas ao futebol e a equipe local. \u00c9 por sorte o que est\u00e1 nesta sala de exposi\u00e7\u00f5es, de modo a verificar o site de antem\u00e3o para ver o que voc\u00ea pode esperar.<\/p>\n\n\n\n<h2 class=\"wp-block-heading\" id=\"history\">Hist\u00f3ria<\/h2>\n\n\n\n<div class=\"ms-timeline-list ms-mb-block\">\n<div class=\"ms-timeline-item\">\n<p class=\"gb-text ms-timeline-item__time\">1928<\/p>\n\n\n\n<p class=\"gb-text\">Nasceu a ideia de um museu do Bar\u00e7a, um local para exibir os trof\u00e9us e a hist\u00f3ria do clube.<\/p>\n<\/div>\n\n\n\n<div class=\"ms-timeline-item\">\n<p class=\"gb-text ms-timeline-item__time\">1984<\/p>\n\n\n\n<p class=\"gb-text\">O museu finalmente abriu dentro do Spotify Camp Nou, repleto de trof\u00e9us, fotos e mem\u00f3rias dos melhores momentos do clube.<\/p>\n<\/div>\n\n\n\n<div class=\"ms-timeline-item\">\n<p class=\"gb-text ms-timeline-item__time\">d\u00e9cada de 1990<\/p>\n\n\n\n<p class=\"gb-text\">O espa\u00e7o foi ampliado v\u00e1rias vezes, adicionando novas exposi\u00e7\u00f5es, obras de arte e exibi\u00e7\u00f5es multim\u00e9dia.<\/p>\n<\/div>\n\n\n\n<div class=\"ms-timeline-item\">\n<p class=\"gb-text ms-timeline-item__time\">2010<\/p>\n\n\n\n<p class=\"gb-text\">Uma grande remodela\u00e7\u00e3o transformou-o na Camp Nou Experience, com ecr\u00e3s interativos e v\u00eddeos que deram vida \u00e0 hist\u00f3ria do Bar\u00e7a.<\/p>\n<\/div>\n\n\n\n<div class=\"ms-timeline-item\">\n<p class=\"gb-text ms-timeline-item__time\">2023<\/p>\n\n\n\n<p class=\"gb-text\">O museu mudou-se para uma sede tempor\u00e1ria ao lado do Palau Blaugrana durante a renova\u00e7\u00e3o do Spotify Camp Nou, agora conhecido como Museu do FC Barcelona e Tour Imersivo (Bar\u00e7a Immersive Tour).<\/p>\n<\/div>\n<\/div>\n\n\n\n<h2 class=\"wp-block-heading\" id=\"faq\">Perguntas Frequentes<\/h2>\n\n\n<div id=\"rank-math-faq\" class=\"rank-math-block ms-rankmath-accordion\">\n<div class=\"rank-math-list \">\n<div id=\"faq-question-1717062476605\" class=\"rank-math-list-item\">\n<h3 class=\"rank-math-question \">O pre\u00e7o \u00e9 diferente se eu comprar online ou na bilheteira?<\/h3>\n<div class=\"rank-math-answer \">\n\n<p>Sim! <a href=\"https:\/\/www.tiqets.com\/pt\/fc-barcelona-immersive-tour-museum-tickets-l224102\/?partner=visitcampnou\" rel=\"nofollow noopener\">Os bilhetes online<\/a> s\u00e3o sempre mais baratos. Na bilheteira, enfrenta longas filas, taxas adicionais e poss\u00edveis atrasos, dependendo da disponibilidade de sess\u00f5es.<\/p>\n\n<\/div>\n<\/div>\n<div id=\"faq-question-1717062505033\" class=\"rank-math-list-item\">\n<h3 class=\"rank-math-question \">\u00c9 necess\u00e1rio reservar com anteced\u00eancia?<\/h3>\n<div class=\"rank-math-answer \">\n\n<p>\u00c9 melhor comprar os bilhetes online com anteced\u00eancia. O museu limita o n\u00famero de visitantes para garantir o conforto, e alguns bilhetes ou sess\u00f5es esgotam rapidamente.<\/p>\n\n<\/div>\n<\/div>\n<div id=\"faq-question-1717062519392\" class=\"rank-math-list-item\">\n<h3 class=\"rank-math-question \">Posso cancelar um bilhete?<\/h3>\n<div class=\"rank-math-answer \">\n\n<p>N\u00e3o, n\u00e3o \u00e9 poss\u00edvel cancelar o bilhete depois de conclu\u00edda a compra.<\/p>\n\n<\/div>\n<\/div>\n<div id=\"faq-question-1760039492256\" class=\"rank-math-list-item\">\n<h3 class=\"rank-math-question \">Quanto tempo dura a visita?<\/h3>\n<div class=\"rank-math-answer \">\n\n<p>No Bar\u00e7a Immersive Tour, pode passar o tempo que quiser. As visitas livres duram em m\u00e9dia 1 hora, enquanto as visitas guiadas e o Palau Players Tour duram 45 minutos com um guia, seguidos de uma explora\u00e7\u00e3o livre.<\/p>\n\n<\/div>\n<\/div>\n<\/div>\n<\/div>","protected":false},"excerpt":{"rendered":"","protected":false},"author":2,"featured_media":769,"parent":0,"menu_order":4,"comment_status":"closed","ping_status":"closed","template":"","meta":{"_acf_changed":false,"footnotes":"","button_url":"https:\/\/www.tiqets.com\/pt\/fc-barcelona-immersive-tour-museum-tickets-l224102\/?partner=visitcampnou","ms_product_id":"","ms_product_name":"","ms_price":"","ms_currency":"","ms_rating_value":"","ms_review_count":"","rank_math_title":"Museu FC Barcelona no Camp Nou (Informa\u00e7\u00e3o + Ingressos)","rank_math_description":"Descubra o Museu do FC Barcelona no Camp Nou. Veja detalhes sobre o que visitar, hor\u00e1rios de funcionamento e como comprar ingressos para o Museu do Camp Nou."},"post-style":[],"producer":[],"class_list":["post-9","page","type-page","status-publish","has-post-thumbnail"],"acf":[],"product_schema":{"ms_product_id":"","ms_product_name":"","ms_price":"","ms_currency":"","ms_rating_value":"","ms_review_count":""},"_links":{"self":[{"href":"https:\/\/www.visitcampnou.com\/pt\/wp-json\/wp\/v2\/pages\/9","targetHints":{"allow":["GET"]}}],"collection":[{"href":"https:\/\/www.visitcampnou.com\/pt\/wp-json\/wp\/v2\/pages"}],"about":[{"href":"https:\/\/www.visitcampnou.com\/pt\/wp-json\/wp\/v2\/types\/page"}],"author":[{"embeddable":true,"href":"https:\/\/www.visitcampnou.com\/pt\/wp-json\/wp\/v2\/users\/2"}],"replies":[{"embeddable":true,"href":"https:\/\/www.visitcampnou.com\/pt\/wp-json\/wp\/v2\/comments?post=9"}],"version-history":[{"count":3,"href":"https:\/\/www.visitcampnou.com\/pt\/wp-json\/wp\/v2\/pages\/9\/revisions"}],"predecessor-version":[{"id":926,"href":"https:\/\/www.visitcampnou.com\/pt\/wp-json\/wp\/v2\/pages\/9\/revisions\/926"}],"wp:featuredmedia":[{"embeddable":true,"href":"https:\/\/www.visitcampnou.com\/pt\/wp-json\/wp\/v2\/media\/769"}],"wp:attachment":[{"href":"https:\/\/www.visitcampnou.com\/pt\/wp-json\/wp\/v2\/media?parent=9"}],"wp:term":[{"taxonomy":"post-style","embeddable":true,"href":"https:\/\/www.visitcampnou.com\/pt\/wp-json\/wp\/v2\/post-style?post=9"},{"taxonomy":"producer","embeddable":true,"href":"https:\/\/www.visitcampnou.com\/pt\/wp-json\/wp\/v2\/producer?post=9"}],"curies":[{"name":"wp","href":"https:\/\/api.w.org\/{rel}","templated":true}]}}